{"id":17281,"date":"2025-02-24T14:30:52","date_gmt":"2025-02-24T17:30:52","guid":{"rendered":"https:\/\/cursosonline.cbr.org.br\/?post_type=product&#038;p=17281"},"modified":"2026-03-12T10:03:54","modified_gmt":"2026-03-12T13:03:54","slug":"como-reduzir-o-abuso-das-operadoras-utilizando-o-canal-de-denuncias-do-cbr","status":"publish","type":"product","link":"https:\/\/cursosonline.cbr.org.br\/en\/curso\/como-reduzir-o-abuso-das-operadoras-utilizando-o-canal-de-denuncias-do-cbr\/","title":{"rendered":"2025 \u2013 How to Reduce Operator Abuse Using the CBR Whistleblowing Channel"},"content":{"rendered":"<div data-elementor-type=\"product-post\" data-elementor-id=\"17281\" class=\"elementor elementor-17281\" data-elementor-post-type=\"product\">\n\t\t\t\t\t\t<section class=\"elementor-section elementor-top-section elementor-element elementor-element-dadf821 elementor-section-boxed elementor-section-height-default elementor-section-height-default\" data-id=\"dadf821\" data-element_type=\"section\">\n\t\t\t\t\t\t<div class=\"elementor-container elementor-column-gap-default\">\n\t\t\t\t\t<div class=\"elementor-column elementor-col-100 elementor-top-column elementor-element elementor-element-ef975ea\" data-id=\"ef975ea\" data-element_type=\"column\">\n\t\t\t<div class=\"elementor-widget-wrap elementor-element-populated\">\n\t\t\t\t\t\t<div class=\"elementor-element elementor-element-731af36 elementor-widget elementor-widget-image\" data-id=\"731af36\" data-element_type=\"widget\" data-widget_type=\"image.default\">\n\t\t\t\t<div class=\"elementor-widget-container\">\n\t\t\t\t\t\t\t\t\t\t\t\t\t\t\t<img fetchpriority=\"high\" decoding=\"async\" width=\"1362\" height=\"444\" src=\"https:\/\/cursosonline.cbr.org.br\/wp-content\/uploads\/2025\/02\/webinar-ABCDI_Como-Reduzir-o-Abuso-das-Operadoras_1362x444-1.jpg\" class=\"attachment-full size-full wp-image-24706\" alt=\"\" srcset=\"https:\/\/cursosonline.cbr.org.br\/wp-content\/uploads\/2025\/02\/webinar-ABCDI_Como-Reduzir-o-Abuso-das-Operadoras_1362x444-1.jpg 1362w, https:\/\/cursosonline.cbr.org.br\/wp-content\/uploads\/2025\/02\/webinar-ABCDI_Como-Reduzir-o-Abuso-das-Operadoras_1362x444-1-300x98.jpg 300w, https:\/\/cursosonline.cbr.org.br\/wp-content\/uploads\/2025\/02\/webinar-ABCDI_Como-Reduzir-o-Abuso-das-Operadoras_1362x444-1-1024x334.jpg 1024w, https:\/\/cursosonline.cbr.org.br\/wp-content\/uploads\/2025\/02\/webinar-ABCDI_Como-Reduzir-o-Abuso-das-Operadoras_1362x444-1-768x250.jpg 768w, https:\/\/cursosonline.cbr.org.br\/wp-content\/uploads\/2025\/02\/webinar-ABCDI_Como-Reduzir-o-Abuso-das-Operadoras_1362x444-1-18x6.jpg 18w, https:\/\/cursosonline.cbr.org.br\/wp-content\/uploads\/2025\/02\/webinar-ABCDI_Como-Reduzir-o-Abuso-das-Operadoras_1362x444-1-600x196.jpg 600w\" sizes=\"(max-width: 1362px) 100vw, 1362px\" \/>\t\t\t\t\t\t\t\t\t\t\t\t\t\t\t<\/div>\n\t\t\t\t<\/div>\n\t\t\t\t\t<\/div>\n\t\t<\/div>\n\t\t\t\t\t<\/div>\n\t\t<\/section>\n\t\t\t\t<section class=\"elementor-section elementor-top-section elementor-element elementor-element-44716de elementor-section-boxed elementor-section-height-default elementor-section-height-default\" data-id=\"44716de\" data-element_type=\"section\">\n\t\t\t\t\t\t<div class=\"elementor-container elementor-column-gap-default\">\n\t\t\t\t\t<div class=\"elementor-column elementor-col-100 elementor-top-column elementor-element elementor-element-8c25b3c\" data-id=\"8c25b3c\" data-element_type=\"column\">\n\t\t\t<div class=\"elementor-widget-wrap elementor-element-populated\">\n\t\t\t\t\t\t<div class=\"elementor-element elementor-element-7049684 elementor-widget elementor-widget-heading\" data-id=\"7049684\" data-element_type=\"widget\" data-widget_type=\"heading.default\">\n\t\t\t\t<div class=\"elementor-widget-container\">\n\t\t\t\t\t<h3 class=\"elementor-heading-title elementor-size-default\"><b>OBJECTIVE<\/b><\/h3>\t\t\t\t<\/div>\n\t\t\t\t<\/div>\n\t\t\t\t\t<\/div>\n\t\t<\/div>\n\t\t\t\t\t<\/div>\n\t\t<\/section>\n\t\t\t\t<section class=\"elementor-section elementor-top-section elementor-element elementor-element-39be071 elementor-section-boxed elementor-section-height-default elementor-section-height-default\" data-id=\"39be071\" data-element_type=\"section\">\n\t\t\t\t\t\t<div class=\"elementor-container elementor-column-gap-default\">\n\t\t\t\t\t<div class=\"elementor-column elementor-col-100 elementor-top-column elementor-element elementor-element-eb5b594\" data-id=\"eb5b594\" data-element_type=\"column\">\n\t\t\t<div class=\"elementor-widget-wrap elementor-element-populated\">\n\t\t\t\t\t\t<div class=\"elementor-element elementor-element-e13b160 elementor-widget elementor-widget-text-editor\" data-id=\"e13b160\" data-element_type=\"widget\" data-widget_type=\"text-editor.default\">\n\t\t\t\t<div class=\"elementor-widget-container\">\n\t\t\t\t\t\t\t\t\t<p class=\"cvGsUA direction-ltr align-justify para-style-body\"><span class=\"OYPEnA font-feature-liga-off font-feature-clig-off font-feature-calt-off text-decoration-none text-strikethrough-none\">In this Webinar, we will guide managers of diagnostic imaging clinics and healthcare professionals on how to identify and report abusive practices committed by health insurance providers, using the Brazilian College of Radiology (CBR) Reporting Channel.<\/span><\/p><p class=\"cvGsUA direction-ltr align-justify para-style-body\"><span class=\"OYPEnA font-feature-liga-off font-feature-clig-off font-feature-calt-off text-decoration-none text-strikethrough-none\">In recent years, clinics and service providers have faced challenges such as undue denials, arbitrary de-accreditation, payment delays, and abusive contractual impositions. In light of this, the CBR has established a dedicated channel for formal complaints, enabling regulatory and legal action to be taken against these practices.<\/span><\/p><p class=\"cvGsUA direction-ltr align-justify para-style-body\"><span class=\"OYPEnA font-feature-liga-off font-feature-clig-off font-feature-calt-off text-decoration-none text-strikethrough-none\">During the event, the functioning of the reporting channel, the most common types of abuse, the importance of documentation, and strategies to strengthen the defense of service providers will be discussed.<\/span><\/p><p class=\"cvGsUA direction-ltr align-justify para-style-body\"><span class=\"OYPEnA font-feature-liga-off font-feature-clig-off font-feature-calt-off text-decoration-none text-strikethrough-none\">The webinar aims to empower participants to act assertively in protecting their rights, strengthen the representation of clinics, and contribute to a fairer and more balanced healthcare environment, ensuring the continuity of quality care for the population.<\/span><\/p>\t\t\t\t\t\t\t\t<\/div>\n\t\t\t\t<\/div>\n\t\t\t\t\t<\/div>\n\t\t<\/div>\n\t\t\t\t\t<\/div>\n\t\t<\/section>\n\t\t\t\t<section class=\"elementor-section elementor-top-section elementor-element elementor-element-99c689d elementor-section-boxed elementor-section-height-default elementor-section-height-default\" data-id=\"99c689d\" data-element_type=\"section\">\n\t\t\t\t\t\t<div class=\"elementor-container elementor-column-gap-default\">\n\t\t\t\t\t<div class=\"elementor-column elementor-col-100 elementor-top-column elementor-element elementor-element-f8d861b\" data-id=\"f8d861b\" data-element_type=\"column\">\n\t\t\t<div class=\"elementor-widget-wrap elementor-element-populated\">\n\t\t\t\t\t\t<div class=\"elementor-element elementor-element-b24a5b3 elementor-widget elementor-widget-heading\" data-id=\"b24a5b3\" data-element_type=\"widget\" data-widget_type=\"heading.default\">\n\t\t\t\t<div class=\"elementor-widget-container\">\n\t\t\t\t\t<h3 class=\"elementor-heading-title elementor-size-default\">MODERATOR<\/h3>\t\t\t\t<\/div>\n\t\t\t\t<\/div>\n\t\t\t\t\t<\/div>\n\t\t<\/div>\n\t\t\t\t\t<\/div>\n\t\t<\/section>\n\t\t\t\t<section class=\"elementor-section elementor-top-section elementor-element elementor-element-36cb970 elementor-section-boxed elementor-section-height-default elementor-section-height-default\" data-id=\"36cb970\" data-element_type=\"section\">\n\t\t\t\t\t\t<div class=\"elementor-container elementor-column-gap-default\">\n\t\t\t\t\t<div class=\"elementor-column elementor-col-50 elementor-top-column elementor-element elementor-element-20c1f74\" data-id=\"20c1f74\" data-element_type=\"column\">\n\t\t\t<div class=\"elementor-widget-wrap elementor-element-populated\">\n\t\t\t\t\t\t<div class=\"elementor-element elementor-element-749b781 elementor-widget elementor-widget-image\" data-id=\"749b781\" data-element_type=\"widget\" data-widget_type=\"image.default\">\n\t\t\t\t<div class=\"elementor-widget-container\">\n\t\t\t\t\t\t\t\t\t\t\t\t\t\t\t<img decoding=\"async\" width=\"150\" height=\"150\" src=\"https:\/\/cursosonline.cbr.org.br\/wp-content\/uploads\/2025\/07\/Dr.-Ricardo-e1759761567151.png\" class=\"attachment-thumbnail size-thumbnail wp-image-23966\" alt=\"\" \/>\t\t\t\t\t\t\t\t\t\t\t\t\t\t\t<\/div>\n\t\t\t\t<\/div>\n\t\t\t\t\t<\/div>\n\t\t<\/div>\n\t\t\t\t<div class=\"elementor-column elementor-col-50 elementor-top-column elementor-element elementor-element-2c96b93\" data-id=\"2c96b93\" data-element_type=\"column\">\n\t\t\t<div class=\"elementor-widget-wrap elementor-element-populated\">\n\t\t\t\t\t\t<div class=\"elementor-element elementor-element-1612699 elementor-widget elementor-widget-text-editor\" data-id=\"1612699\" data-element_type=\"widget\" data-widget_type=\"text-editor.default\">\n\t\t\t\t<div class=\"elementor-widget-container\">\n\t\t\t\t\t\t\t\t\t<h5><span class=\"OYPEnA font-feature-liga-off font-feature-clig-off font-feature-calt-off text-decoration-none text-strikethrough-none\" style=\"--ys-xuq: none\">Dr. Ricardo Rocha<\/span><\/h5>\n<p><span class=\"OYPEnA font-feature-liga-off font-feature-clig-off font-feature-calt-off text-decoration-none text-strikethrough-none\" style=\"--ys-xuq: none\">Director of ABCDI (2025\/2026), Doctor graduated from the Federal University of Cear\u00e1 in 1997, Medical residency in radiology and diagnostic imaging at the Mandaqui hospital complex - S\u00e3o Paulo SP in 1999, 2000 and 2001, Postgraduate degrees in head and neck radiology and neuroradiology from IES \/ FAMETRO, Former vice-president and director of professional defense of SOCEARA (Cear\u00e1 Society of Radiology), Director of SINDESSEC (union of health establishments in the state of Cear\u00e1) and Coordinator of the imaging department of the association of hospitals of Cear\u00e1.<\/span><\/p>\t\t\t\t\t\t\t\t<\/div>\n\t\t\t\t<\/div>\n\t\t\t\t\t<\/div>\n\t\t<\/div>\n\t\t\t\t\t<\/div>\n\t\t<\/section>\n\t\t\t\t<section class=\"elementor-section elementor-top-section elementor-element elementor-element-bd9cc7a elementor-section-boxed elementor-section-height-default elementor-section-height-default\" data-id=\"bd9cc7a\" data-element_type=\"section\">\n\t\t\t\t\t\t<div class=\"elementor-container elementor-column-gap-default\">\n\t\t\t\t\t<div class=\"elementor-column elementor-col-100 elementor-top-column elementor-element elementor-element-0225a60\" data-id=\"0225a60\" data-element_type=\"column\">\n\t\t\t<div class=\"elementor-widget-wrap elementor-element-populated\">\n\t\t\t\t\t\t<div class=\"elementor-element elementor-element-b8082d9 elementor-widget elementor-widget-heading\" data-id=\"b8082d9\" data-element_type=\"widget\" data-widget_type=\"heading.default\">\n\t\t\t\t<div class=\"elementor-widget-container\">\n\t\t\t\t\t<h3 class=\"elementor-heading-title elementor-size-default\">SPEAKERS<\/h3>\t\t\t\t<\/div>\n\t\t\t\t<\/div>\n\t\t\t\t\t<\/div>\n\t\t<\/div>\n\t\t\t\t\t<\/div>\n\t\t<\/section>\n\t\t\t\t<section class=\"elementor-section elementor-top-section elementor-element elementor-element-8821a8b elementor-section-boxed elementor-section-height-default elementor-section-height-default\" data-id=\"8821a8b\" data-element_type=\"section\">\n\t\t\t\t\t\t<div class=\"elementor-container elementor-column-gap-default\">\n\t\t\t\t\t<div class=\"elementor-column elementor-col-50 elementor-top-column elementor-element elementor-element-63eb5eb\" data-id=\"63eb5eb\" data-element_type=\"column\">\n\t\t\t<div class=\"elementor-widget-wrap elementor-element-populated\">\n\t\t\t\t\t\t<div class=\"elementor-element elementor-element-1c80382 elementor-widget elementor-widget-image\" data-id=\"1c80382\" data-element_type=\"widget\" data-widget_type=\"image.default\">\n\t\t\t\t<div class=\"elementor-widget-container\">\n\t\t\t\t\t\t\t\t\t\t\t\t\t\t\t<img decoding=\"async\" width=\"150\" height=\"150\" src=\"https:\/\/cursosonline.cbr.org.br\/wp-content\/uploads\/2025\/02\/Nova-matriz-para-os-Webinares-210-mm-\u00d7-290-mm-Canva-13-150x150.png\" class=\"attachment-thumbnail size-thumbnail wp-image-24732\" alt=\"\" srcset=\"https:\/\/cursosonline.cbr.org.br\/wp-content\/uploads\/2025\/02\/Nova-matriz-para-os-Webinares-210-mm-\u00d7-290-mm-Canva-13-150x150.png 150w, https:\/\/cursosonline.cbr.org.br\/wp-content\/uploads\/2025\/02\/Nova-matriz-para-os-Webinares-210-mm-\u00d7-290-mm-Canva-13-300x300.png 300w, https:\/\/cursosonline.cbr.org.br\/wp-content\/uploads\/2025\/02\/Nova-matriz-para-os-Webinares-210-mm-\u00d7-290-mm-Canva-13-768x768.png 768w, https:\/\/cursosonline.cbr.org.br\/wp-content\/uploads\/2025\/02\/Nova-matriz-para-os-Webinares-210-mm-\u00d7-290-mm-Canva-13-12x12.png 12w, https:\/\/cursosonline.cbr.org.br\/wp-content\/uploads\/2025\/02\/Nova-matriz-para-os-Webinares-210-mm-\u00d7-290-mm-Canva-13-600x600.png 600w, https:\/\/cursosonline.cbr.org.br\/wp-content\/uploads\/2025\/02\/Nova-matriz-para-os-Webinares-210-mm-\u00d7-290-mm-Canva-13-100x100.png 100w, https:\/\/cursosonline.cbr.org.br\/wp-content\/uploads\/2025\/02\/Nova-matriz-para-os-Webinares-210-mm-\u00d7-290-mm-Canva-13.png 1000w\" sizes=\"(max-width: 150px) 100vw, 150px\" \/>\t\t\t\t\t\t\t\t\t\t\t\t\t\t\t<\/div>\n\t\t\t\t<\/div>\n\t\t\t\t\t<\/div>\n\t\t<\/div>\n\t\t\t\t<div class=\"elementor-column elementor-col-50 elementor-top-column elementor-element elementor-element-9d48703\" data-id=\"9d48703\" data-element_type=\"column\">\n\t\t\t<div class=\"elementor-widget-wrap elementor-element-populated\">\n\t\t\t\t\t\t<div class=\"elementor-element elementor-element-86ee90d elementor-widget__width-initial elementor-widget elementor-widget-text-editor\" data-id=\"86ee90d\" data-element_type=\"widget\" data-widget_type=\"text-editor.default\">\n\t\t\t\t<div class=\"elementor-widget-container\">\n\t\t\t\t\t\t\t\t\t<h5><b>Camilla Goes<\/b><\/h5><p>Lawyer specializing in Medical-Hospital Law and Civil Liability, Master&#039;s student in Law and Conflict Management, Partner at the law firm Imaculada Gordiano Sociedade de Advogados<\/p>\t\t\t\t\t\t\t\t<\/div>\n\t\t\t\t<\/div>\n\t\t\t\t\t<\/div>\n\t\t<\/div>\n\t\t\t\t\t<\/div>\n\t\t<\/section>\n\t\t\t\t<section class=\"elementor-section elementor-top-section elementor-element elementor-element-328d02c elementor-section-boxed elementor-section-height-default elementor-section-height-default\" data-id=\"328d02c\" data-element_type=\"section\">\n\t\t\t\t\t\t<div class=\"elementor-container elementor-column-gap-default\">\n\t\t\t\t\t<div class=\"elementor-column elementor-col-50 elementor-top-column elementor-element elementor-element-e299eae\" data-id=\"e299eae\" data-element_type=\"column\">\n\t\t\t<div class=\"elementor-widget-wrap elementor-element-populated\">\n\t\t\t\t\t\t<div class=\"elementor-element elementor-element-b13de46 elementor-widget elementor-widget-image\" data-id=\"b13de46\" data-element_type=\"widget\" data-widget_type=\"image.default\">\n\t\t\t\t<div class=\"elementor-widget-container\">\n\t\t\t\t\t\t\t\t\t\t\t\t\t\t\t<img loading=\"lazy\" decoding=\"async\" width=\"800\" height=\"800\" src=\"https:\/\/cursosonline.cbr.org.br\/wp-content\/uploads\/2025\/02\/Nova-matriz-para-os-Webinares-210-mm-\u00d7-290-mm-Canva.png\" class=\"attachment-large size-large wp-image-22170\" alt=\"\" srcset=\"https:\/\/cursosonline.cbr.org.br\/wp-content\/uploads\/2025\/02\/Nova-matriz-para-os-Webinares-210-mm-\u00d7-290-mm-Canva.png 1000w, https:\/\/cursosonline.cbr.org.br\/wp-content\/uploads\/2025\/02\/Nova-matriz-para-os-Webinares-210-mm-\u00d7-290-mm-Canva-300x300.png 300w, https:\/\/cursosonline.cbr.org.br\/wp-content\/uploads\/2025\/02\/Nova-matriz-para-os-Webinares-210-mm-\u00d7-290-mm-Canva-150x150.png 150w, https:\/\/cursosonline.cbr.org.br\/wp-content\/uploads\/2025\/02\/Nova-matriz-para-os-Webinares-210-mm-\u00d7-290-mm-Canva-768x768.png 768w, https:\/\/cursosonline.cbr.org.br\/wp-content\/uploads\/2025\/02\/Nova-matriz-para-os-Webinares-210-mm-\u00d7-290-mm-Canva-12x12.png 12w, https:\/\/cursosonline.cbr.org.br\/wp-content\/uploads\/2025\/02\/Nova-matriz-para-os-Webinares-210-mm-\u00d7-290-mm-Canva-600x600.png 600w, https:\/\/cursosonline.cbr.org.br\/wp-content\/uploads\/2025\/02\/Nova-matriz-para-os-Webinares-210-mm-\u00d7-290-mm-Canva-100x100.png 100w\" sizes=\"(max-width: 800px) 100vw, 800px\" \/>\t\t\t\t\t\t\t\t\t\t\t\t\t\t\t<\/div>\n\t\t\t\t<\/div>\n\t\t\t\t\t<\/div>\n\t\t<\/div>\n\t\t\t\t<div class=\"elementor-column elementor-col-50 elementor-top-column elementor-element elementor-element-7fe8cba\" data-id=\"7fe8cba\" data-element_type=\"column\">\n\t\t\t<div class=\"elementor-widget-wrap elementor-element-populated\">\n\t\t\t\t\t\t<div class=\"elementor-element elementor-element-91aa3ee elementor-widget__width-initial elementor-widget elementor-widget-text-editor\" data-id=\"91aa3ee\" data-element_type=\"widget\" data-widget_type=\"text-editor.default\">\n\t\t\t\t<div class=\"elementor-widget-container\">\n\t\t\t\t\t\t\t\t\t<h5><span class=\"OYPEnA font-feature-liga-off font-feature-clig-off font-feature-calt-off text-decoration-none text-strikethrough-none\" style=\"font-weight: bold;--ys-xuq: none\">Carlos Moura<\/span><\/h5><p><span class=\"OYPEnA font-feature-liga-off font-feature-clig-off font-feature-calt-off text-decoration-none text-strikethrough-none\" style=\"--ys-xuq: none\">He is a Business Administrator with an MBA in IT from USP and an International Human Talent Development Course from the University of Central Florida. With extensive knowledge of the Brazilian diagnostic medicine market, he is an Economic Advisor to the Brazilian College of Radiology and Diagnostic Imaging (CBR), which he represents as a member of the Supplementary Health Information Standardization Committee (COPISS) and the Sector Quality Assessment Technical Committee (COTAQ). He is a partner in Moura Assessoria, a management consultancy in the field of diagnostic medicine. Over the last fifteen years, he has held executive positions in the administrative, commercial and financial areas in the diagnostic medicine segment, among others.<\/span><\/p>\t\t\t\t\t\t\t\t<\/div>\n\t\t\t\t<\/div>\n\t\t\t\t\t<\/div>\n\t\t<\/div>\n\t\t\t\t\t<\/div>\n\t\t<\/section>\n\t\t\t\t<\/div>","protected":false},"excerpt":{"rendered":"<h3>GENERAL INFORMATION<\/h3>\n<h5><span style=\"color: #003366;\"><strong>Free Registration for CBR or ABCDI Members<\/strong><\/span><\/h5>\n<p>&nbsp;<\/p>\n<h5><strong>Format: <\/strong>Recorded<strong><br \/>\nWorkload:<\/strong> 1h<\/h5>","protected":false},"featured_media":17284,"template":"","meta":[],"product_brand":[],"product_cat":[15,37,76],"product_tag":[51,55,60],"class_list":{"0":"post-17281","1":"product","2":"type-product","3":"status-publish","4":"has-post-thumbnail","6":"product_cat-uncategorized","7":"product_cat-abcdi","8":"product_cat-webinarsabcdi","9":"product_tag-abcdi","10":"product_tag-cbr-clinicas","11":"product_tag-gestao","13":"first","14":"instock","15":"virtual","16":"taxable","17":"purchasable","18":"product-type-simple"},"_links":{"self":[{"href":"https:\/\/cursosonline.cbr.org.br\/en\/wp-json\/wp\/v2\/product\/17281","targetHints":{"allow":["GET"]}}],"collection":[{"href":"https:\/\/cursosonline.cbr.org.br\/en\/wp-json\/wp\/v2\/product"}],"about":[{"href":"https:\/\/cursosonline.cbr.org.br\/en\/wp-json\/wp\/v2\/types\/product"}],"version-history":[{"count":73,"href":"https:\/\/cursosonline.cbr.org.br\/en\/wp-json\/wp\/v2\/product\/17281\/revisions"}],"predecessor-version":[{"id":33192,"href":"https:\/\/cursosonline.cbr.org.br\/en\/wp-json\/wp\/v2\/product\/17281\/revisions\/33192"}],"wp:featuredmedia":[{"embeddable":true,"href":"https:\/\/cursosonline.cbr.org.br\/en\/wp-json\/wp\/v2\/media\/17284"}],"wp:attachment":[{"href":"https:\/\/cursosonline.cbr.org.br\/en\/wp-json\/wp\/v2\/media?parent=17281"}],"wp:term":[{"taxonomy":"product_brand","embeddable":true,"href":"https:\/\/cursosonline.cbr.org.br\/en\/wp-json\/wp\/v2\/product_brand?post=17281"},{"taxonomy":"product_cat","embeddable":true,"href":"https:\/\/cursosonline.cbr.org.br\/en\/wp-json\/wp\/v2\/product_cat?post=17281"},{"taxonomy":"product_tag","embeddable":true,"href":"https:\/\/cursosonline.cbr.org.br\/en\/wp-json\/wp\/v2\/product_tag?post=17281"}],"curies":[{"name":"wp","href":"https:\/\/api.w.org\/{rel}","templated":true}]}}