{"id":279,"date":"2023-09-04T14:50:24","date_gmt":"2023-09-04T17:50:24","guid":{"rendered":"https:\/\/cursosonline.cbr.org.br\/?post_type=product&#038;p=279"},"modified":"2026-03-10T13:08:29","modified_gmt":"2026-03-10T16:08:29","slug":"atualizacao-da-norma-padi-versao5","status":"publish","type":"product","link":"https:\/\/cursosonline.cbr.org.br\/en\/curso\/atualizacao-da-norma-padi-versao5\/","title":{"rendered":"Atualization of the Padi Standard - Version 5"},"content":{"rendered":"<div data-elementor-type=\"product-post\" data-elementor-id=\"279\" class=\"elementor elementor-279\" data-elementor-post-type=\"product\">\n\t\t\t\t\t\t<section class=\"elementor-section elementor-top-section elementor-element elementor-element-d034f3f elementor-section-boxed elementor-section-height-default elementor-section-height-default\" data-id=\"d034f3f\" data-element_type=\"section\">\n\t\t\t\t\t\t<div class=\"elementor-container elementor-column-gap-default\">\n\t\t\t\t\t<div class=\"elementor-column elementor-col-100 elementor-top-column elementor-element elementor-element-de9544c\" data-id=\"de9544c\" data-element_type=\"column\">\n\t\t\t<div class=\"elementor-widget-wrap elementor-element-populated\">\n\t\t\t\t\t\t<div class=\"elementor-element elementor-element-2f3103c elementor-widget elementor-widget-image\" data-id=\"2f3103c\" data-element_type=\"widget\" data-widget_type=\"image.default\">\n\t\t\t\t<div class=\"elementor-widget-container\">\n\t\t\t\t\t\t\t\t\t\t\t\t\t\t\t<img fetchpriority=\"high\" decoding=\"async\" width=\"800\" height=\"227\" src=\"https:\/\/cursosonline.cbr.org.br\/wp-content\/uploads\/2023\/09\/V2-Atualizacao-padi-1-1024x291.png\" class=\"attachment-large size-large wp-image-8446\" alt=\"\" srcset=\"https:\/\/cursosonline.cbr.org.br\/wp-content\/uploads\/2023\/09\/V2-Atualizacao-padi-1-1024x291.png 1024w, https:\/\/cursosonline.cbr.org.br\/wp-content\/uploads\/2023\/09\/V2-Atualizacao-padi-1-300x85.png 300w, https:\/\/cursosonline.cbr.org.br\/wp-content\/uploads\/2023\/09\/V2-Atualizacao-padi-1-768x218.png 768w, https:\/\/cursosonline.cbr.org.br\/wp-content\/uploads\/2023\/09\/V2-Atualizacao-padi-1-600x170.png 600w, https:\/\/cursosonline.cbr.org.br\/wp-content\/uploads\/2023\/09\/V2-Atualizacao-padi-1.png 1440w\" sizes=\"(max-width: 800px) 100vw, 800px\" \/>\t\t\t\t\t\t\t\t\t\t\t\t\t\t\t<\/div>\n\t\t\t\t<\/div>\n\t\t\t\t\t<\/div>\n\t\t<\/div>\n\t\t\t\t\t<\/div>\n\t\t<\/section>\n\t\t\t\t<section class=\"elementor-section elementor-top-section elementor-element elementor-element-4dce14d4 elementor-section-boxed elementor-section-height-default elementor-section-height-default\" data-id=\"4dce14d4\" data-element_type=\"section\">\n\t\t\t\t\t\t<div class=\"elementor-container elementor-column-gap-default\">\n\t\t\t\t\t<div class=\"elementor-column elementor-col-100 elementor-top-column elementor-element elementor-element-3aefe056\" data-id=\"3aefe056\" data-element_type=\"column\">\n\t\t\t<div class=\"elementor-widget-wrap elementor-element-populated\">\n\t\t\t\t\t\t<div class=\"elementor-element elementor-element-30b5061e elementor-widget elementor-widget-text-editor\" data-id=\"30b5061e\" data-element_type=\"widget\" data-widget_type=\"text-editor.default\">\n\t\t\t\t<div class=\"elementor-widget-container\">\n\t\t\t\t\t\t\t\t\t<h2 style=\"text-align: center\"><span style=\"color: #000000\"><strong>Objective<\/strong><\/span><\/h2><ul><li><span style=\"color: #000000\">Acquire knowledge of the changes between version 4 and 5 of the Padi Standard.<\/span><\/li><\/ul><h2 style=\"text-align: center\"><strong><span style=\"color: #000000\">Teaching method<\/span><\/strong><\/h2><ul><li><span style=\"color: #000000\"><span style=\"color: #000000\">The course is made up of 2-hour recorded video lessons, covering the aspects of the subjects that will be covered. A test will be administered for each module to check learning.<\/span><\/span><p>\u00a0<\/p><\/li><\/ul><h2 style=\"text-align: center\"><span style=\"color: #000000\"><strong>Target audience<\/strong><\/span><\/h2><ul><li><span style=\"color: #000000\"><span style=\"color: #000000\">Professionals from different areas involved in the development, maintenance and improvement of quality management systems in Diagnostic Imaging Services, especially clinic managers, consultants, auditors, directors and quality professionals from radiology and diagnostic imaging clinics.<\/span><\/span><p>\u00a0<\/p><\/li><\/ul><h2 style=\"text-align: center\"><strong><span style=\"color: #000000\">Program Content<\/span><\/strong><\/h2><ul><li><span style=\"color: #000000\"><strong>Module 1 - <\/strong>CHANGES TO THE PADI STANDARD VERSION 5<\/span><\/li><li><span style=\"color: #000000\"><strong>Module 2 - <\/strong>PRINCIPLE 1 - GOVERNANCE AND ADMINISTRATIVE-FINANCIAL MANAGEMENT<\/span><\/li><li><span style=\"color: #000000\"><strong>Module 3 - <\/strong>PRINCIPLE 1 - GOVERNANCE AND ADMINISTRATIVE-FINANCIAL MANAGEMENT<\/span><\/li><li><span style=\"color: #000000\"><strong>Module 4 - <\/strong>PRINCIPLE 2 - QUALITY MANAGEMENT<\/span><\/li><li><span style=\"color: #000000\"><strong>Module 5 - <\/strong>PRINCIPLE 3 - PERFORMANCE OF THE SERVICE<\/span><\/li><li><span style=\"color: #000000\"><strong>Module 6 - <\/strong>PRINCIPLE 4 - DIAGNOSTIC SUPPORT SERVICES -<\/span><\/li><li><span style=\"color: #000000\"><span style=\"color: #000000\"><strong>Module 7 - <\/strong>PRINCIPLE 5 - MANAGEMENT OF INFRASTRUCTURE, RADIATION AND SECURITY<\/span><\/span><p>\u00a0<\/p><\/li><\/ul><h2 style=\"text-align: center\"><span style=\"color: #000000\"><strong>Teachers<\/strong><\/span><\/h2><p><span style=\"color: #000000\">\u00a0<\/span><\/p>\t\t\t\t\t\t\t\t<\/div>\n\t\t\t\t<\/div>\n\t\t\t\t\t<\/div>\n\t\t<\/div>\n\t\t\t\t\t<\/div>\n\t\t<\/section>\n\t\t\t\t<section class=\"elementor-section elementor-top-section elementor-element elementor-element-4d2aeba elementor-section-boxed elementor-section-height-default elementor-section-height-default\" data-id=\"4d2aeba\" data-element_type=\"section\">\n\t\t\t\t\t\t<div class=\"elementor-container elementor-column-gap-default\">\n\t\t\t\t\t<div class=\"elementor-column elementor-col-16 elementor-top-column elementor-element elementor-element-be0c3d5\" data-id=\"be0c3d5\" data-element_type=\"column\">\n\t\t\t<div class=\"elementor-widget-wrap\">\n\t\t\t\t\t\t\t<\/div>\n\t\t<\/div>\n\t\t\t\t<div class=\"elementor-column elementor-col-66 elementor-top-column elementor-element elementor-element-ed0ab36\" data-id=\"ed0ab36\" data-element_type=\"column\">\n\t\t\t<div class=\"elementor-widget-wrap elementor-element-populated\">\n\t\t\t\t\t\t<div class=\"elementor-element elementor-element-c0a5717 elementor-widget__width-initial elementor-widget elementor-widget-image\" data-id=\"c0a5717\" data-element_type=\"widget\" data-widget_type=\"image.default\">\n\t\t\t\t<div class=\"elementor-widget-container\">\n\t\t\t\t\t\t\t\t\t\t\t\t\t\t\t<img decoding=\"async\" width=\"800\" height=\"400\" src=\"https:\/\/cursosonline.cbr.org.br\/wp-content\/uploads\/2024\/05\/Mini-Curriculo-Cristina-Khawali-3-1024x512.png\" class=\"attachment-large size-large wp-image-8269\" alt=\"\" srcset=\"https:\/\/cursosonline.cbr.org.br\/wp-content\/uploads\/2024\/05\/Mini-Curriculo-Cristina-Khawali-3-1024x512.png 1024w, https:\/\/cursosonline.cbr.org.br\/wp-content\/uploads\/2024\/05\/Mini-Curriculo-Cristina-Khawali-3-300x150.png 300w, https:\/\/cursosonline.cbr.org.br\/wp-content\/uploads\/2024\/05\/Mini-Curriculo-Cristina-Khawali-3-768x384.png 768w, https:\/\/cursosonline.cbr.org.br\/wp-content\/uploads\/2024\/05\/Mini-Curriculo-Cristina-Khawali-3-1536x768.png 1536w, https:\/\/cursosonline.cbr.org.br\/wp-content\/uploads\/2024\/05\/Mini-Curriculo-Cristina-Khawali-3-2048x1024.png 2048w, https:\/\/cursosonline.cbr.org.br\/wp-content\/uploads\/2024\/05\/Mini-Curriculo-Cristina-Khawali-3-600x300.png 600w\" sizes=\"(max-width: 800px) 100vw, 800px\" \/>\t\t\t\t\t\t\t\t\t\t\t\t\t\t\t<\/div>\n\t\t\t\t<\/div>\n\t\t\t\t\t<\/div>\n\t\t<\/div>\n\t\t\t\t<div class=\"elementor-column elementor-col-16 elementor-top-column elementor-element elementor-element-10a4dae\" data-id=\"10a4dae\" data-element_type=\"column\">\n\t\t\t<div class=\"elementor-widget-wrap\">\n\t\t\t\t\t\t\t<\/div>\n\t\t<\/div>\n\t\t\t\t\t<\/div>\n\t\t<\/section>\n\t\t\t\t<section class=\"elementor-section elementor-top-section elementor-element elementor-element-7f4a49b5 elementor-section-boxed elementor-section-height-default elementor-section-height-default\" data-id=\"7f4a49b5\" data-element_type=\"section\">\n\t\t\t\t\t\t<div class=\"elementor-container elementor-column-gap-default\">\n\t\t\t\t\t<div class=\"elementor-column elementor-col-33 elementor-top-column elementor-element elementor-element-492c3aa7\" data-id=\"492c3aa7\" data-element_type=\"column\">\n\t\t\t<div class=\"elementor-widget-wrap\">\n\t\t\t\t\t\t\t<\/div>\n\t\t<\/div>\n\t\t\t\t<div class=\"elementor-column elementor-col-33 elementor-top-column elementor-element elementor-element-55b61a3b\" data-id=\"55b61a3b\" data-element_type=\"column\">\n\t\t\t<div class=\"elementor-widget-wrap elementor-element-populated\">\n\t\t\t\t\t\t<div class=\"elementor-element elementor-element-6c917103 elementor-widget__width-initial elementor-widget elementor-widget-image\" data-id=\"6c917103\" data-element_type=\"widget\" data-widget_type=\"image.default\">\n\t\t\t\t<div class=\"elementor-widget-container\">\n\t\t\t\t\t\t\t\t\t\t\t\t\t\t\t\t<a href=\"https:\/\/api.whatsapp.com\/send\/?phone=5511913001416&#038;text=Ol%C3%A1%2C+Estou%20com%20d\u00favidas%20sobre%20o%20%20treinamento%20Atualiza\u00e7\u00e3o%20da%20Norma%20Padi%20-%20Vers\u00e3o%205%20&#038;type=phone_number&#038;app_absent=0\" target=\"_blank\">\n\t\t\t\t\t\t\t<img decoding=\"async\" width=\"300\" height=\"213\" src=\"https:\/\/cursosonline.cbr.org.br\/wp-content\/uploads\/2024\/05\/whatsapp_PNG5-300x213.png\" class=\"attachment-medium size-medium wp-image-7548\" alt=\"\" srcset=\"https:\/\/cursosonline.cbr.org.br\/wp-content\/uploads\/2024\/05\/whatsapp_PNG5-300x213.png 300w, https:\/\/cursosonline.cbr.org.br\/wp-content\/uploads\/2024\/05\/whatsapp_PNG5-1024x727.png 1024w, https:\/\/cursosonline.cbr.org.br\/wp-content\/uploads\/2024\/05\/whatsapp_PNG5-768x545.png 768w, https:\/\/cursosonline.cbr.org.br\/wp-content\/uploads\/2024\/05\/whatsapp_PNG5-1536x1091.png 1536w, https:\/\/cursosonline.cbr.org.br\/wp-content\/uploads\/2024\/05\/whatsapp_PNG5-600x426.png 600w, https:\/\/cursosonline.cbr.org.br\/wp-content\/uploads\/2024\/05\/whatsapp_PNG5.png 1600w\" sizes=\"(max-width: 300px) 100vw, 300px\" \/>\t\t\t\t\t\t\t\t<\/a>\n\t\t\t\t\t\t\t\t\t\t\t\t\t\t\t<\/div>\n\t\t\t\t<\/div>\n\t\t\t\t\t<\/div>\n\t\t<\/div>\n\t\t\t\t<div class=\"elementor-column elementor-col-33 elementor-top-column elementor-element elementor-element-12300b73\" data-id=\"12300b73\" data-element_type=\"column\">\n\t\t\t<div class=\"elementor-widget-wrap\">\n\t\t\t\t\t\t\t<\/div>\n\t\t<\/div>\n\t\t\t\t\t<\/div>\n\t\t<\/section>\n\t\t\t\t<section class=\"elementor-section elementor-top-section elementor-element elementor-element-eb351d3 elementor-section-boxed elementor-section-height-default elementor-section-height-default\" data-id=\"eb351d3\" data-element_type=\"section\">\n\t\t\t\t\t\t<div class=\"elementor-container elementor-column-gap-default\">\n\t\t\t\t\t<div class=\"elementor-column elementor-col-25 elementor-top-column elementor-element elementor-element-28aa8636\" data-id=\"28aa8636\" data-element_type=\"column\">\n\t\t\t<div class=\"elementor-widget-wrap\">\n\t\t\t\t\t\t\t<\/div>\n\t\t<\/div>\n\t\t\t\t<div class=\"elementor-column elementor-col-50 elementor-top-column elementor-element elementor-element-467b836d\" data-id=\"467b836d\" data-element_type=\"column\">\n\t\t\t<div class=\"elementor-widget-wrap elementor-element-populated\">\n\t\t\t\t\t\t<div class=\"elementor-element elementor-element-32e8ccf8 elementor-widget elementor-widget-text-editor\" data-id=\"32e8ccf8\" data-element_type=\"widget\" data-widget_type=\"text-editor.default\">\n\t\t\t\t<div class=\"elementor-widget-container\">\n\t\t\t\t\t\t\t\t\t<p style=\"text-align: center\"><strong>Having trouble accessing the training?<\/strong><\/p>\t\t\t\t\t\t\t\t<\/div>\n\t\t\t\t<\/div>\n\t\t\t\t\t<\/div>\n\t\t<\/div>\n\t\t\t\t<div class=\"elementor-column elementor-col-25 elementor-top-column elementor-element elementor-element-64895147\" data-id=\"64895147\" data-element_type=\"column\">\n\t\t\t<div class=\"elementor-widget-wrap\">\n\t\t\t\t\t\t\t<\/div>\n\t\t<\/div>\n\t\t\t\t\t<\/div>\n\t\t<\/section>\n\t\t\t\t<\/div>","protected":false},"excerpt":{"rendered":"<h4 style=\"text-align: left;\"><strong>GENERAL INFORMATION:<\/strong><\/h4>\n<p><strong>Workload: 2 hours<br \/>\n<\/strong><strong>Format: distance learning (recorded classes)<br \/>\nTarget audience: <\/strong>Professionals from different areas involved in the development, maintenance and improvement of quality management systems in Diagnostic Imaging Services, especially clinic managers, consultants, auditors, directors and quality professionals from radiology and diagnostic imaging clinics.<\/p>","protected":false},"featured_media":8619,"template":"","meta":[],"product_brand":[],"product_cat":[30],"product_tag":[],"class_list":{"0":"post-279","1":"product","2":"type-product","3":"status-publish","4":"has-post-thumbnail","6":"product_cat-cursos","8":"first","9":"instock","10":"taxable","11":"shipping-taxable","12":"purchasable","13":"product-type-variable"},"_links":{"self":[{"href":"https:\/\/cursosonline.cbr.org.br\/en\/wp-json\/wp\/v2\/product\/279","targetHints":{"allow":["GET"]}}],"collection":[{"href":"https:\/\/cursosonline.cbr.org.br\/en\/wp-json\/wp\/v2\/product"}],"about":[{"href":"https:\/\/cursosonline.cbr.org.br\/en\/wp-json\/wp\/v2\/types\/product"}],"version-history":[{"count":62,"href":"https:\/\/cursosonline.cbr.org.br\/en\/wp-json\/wp\/v2\/product\/279\/revisions"}],"predecessor-version":[{"id":33044,"href":"https:\/\/cursosonline.cbr.org.br\/en\/wp-json\/wp\/v2\/product\/279\/revisions\/33044"}],"wp:featuredmedia":[{"embeddable":true,"href":"https:\/\/cursosonline.cbr.org.br\/en\/wp-json\/wp\/v2\/media\/8619"}],"wp:attachment":[{"href":"https:\/\/cursosonline.cbr.org.br\/en\/wp-json\/wp\/v2\/media?parent=279"}],"wp:term":[{"taxonomy":"product_brand","embeddable":true,"href":"https:\/\/cursosonline.cbr.org.br\/en\/wp-json\/wp\/v2\/product_brand?post=279"},{"taxonomy":"product_cat","embeddable":true,"href":"https:\/\/cursosonline.cbr.org.br\/en\/wp-json\/wp\/v2\/product_cat?post=279"},{"taxonomy":"product_tag","embeddable":true,"href":"https:\/\/cursosonline.cbr.org.br\/en\/wp-json\/wp\/v2\/product_tag?post=279"}],"curies":[{"name":"wp","href":"https:\/\/api.w.org\/{rel}","templated":true}]}}