{"id":28351,"date":"2025-10-13T15:35:30","date_gmt":"2025-10-13T18:35:30","guid":{"rendered":"https:\/\/cursosonline.cbr.org.br\/?post_type=product&#038;p=28351"},"modified":"2026-03-12T10:22:16","modified_gmt":"2026-03-12T13:22:16","slug":"sig-musculoesqueletico-avaliacao-das-articulacoes-sacro-iliacas-em-crianca-outubro-2025","status":"publish","type":"product","link":"https:\/\/cursosonline.cbr.org.br\/en\/curso\/sig-musculoesqueletico-avaliacao-das-articulacoes-sacro-iliacas-em-crianca-outubro-2025\/","title":{"rendered":"Musculoskeletal Sig | Assessment of Sacroiliac Joints in Children | October 2025"},"content":{"rendered":"<div data-elementor-type=\"product-post\" data-elementor-id=\"28351\" class=\"elementor elementor-28351\" data-elementor-post-type=\"product\">\n\t\t\t\t\t\t<section class=\"elementor-section elementor-top-section elementor-element elementor-element-69a2a7c elementor-section-boxed elementor-section-height-default elementor-section-height-default\" data-id=\"69a2a7c\" data-element_type=\"section\">\n\t\t\t\t\t\t<div class=\"elementor-container elementor-column-gap-default\">\n\t\t\t\t\t<div class=\"elementor-column elementor-col-16 elementor-top-column elementor-element elementor-element-1056d52\" data-id=\"1056d52\" data-element_type=\"column\">\n\t\t\t<div class=\"elementor-widget-wrap\">\n\t\t\t\t\t\t\t<\/div>\n\t\t<\/div>\n\t\t\t\t<div class=\"elementor-column elementor-col-66 elementor-top-column elementor-element elementor-element-4d2814e\" data-id=\"4d2814e\" data-element_type=\"column\">\n\t\t\t<div class=\"elementor-widget-wrap elementor-element-populated\">\n\t\t\t\t\t\t<div class=\"elementor-element elementor-element-76dfeaa elementor-widget elementor-widget-image\" data-id=\"76dfeaa\" data-element_type=\"widget\" data-widget_type=\"image.default\">\n\t\t\t\t<div class=\"elementor-widget-container\">\n\t\t\t\t\t\t\t\t\t\t\t\t\t\t\t<img fetchpriority=\"high\" decoding=\"async\" width=\"800\" height=\"800\" src=\"https:\/\/cursosonline.cbr.org.br\/wp-content\/uploads\/2025\/10\/Post-Quadrado_SigMSK_22_10.jpg\" class=\"attachment-large size-large wp-image-28354\" alt=\"\" srcset=\"https:\/\/cursosonline.cbr.org.br\/wp-content\/uploads\/2025\/10\/Post-Quadrado_SigMSK_22_10.jpg 1000w, https:\/\/cursosonline.cbr.org.br\/wp-content\/uploads\/2025\/10\/Post-Quadrado_SigMSK_22_10-300x300.jpg 300w, https:\/\/cursosonline.cbr.org.br\/wp-content\/uploads\/2025\/10\/Post-Quadrado_SigMSK_22_10-150x150.jpg 150w, https:\/\/cursosonline.cbr.org.br\/wp-content\/uploads\/2025\/10\/Post-Quadrado_SigMSK_22_10-768x768.jpg 768w, https:\/\/cursosonline.cbr.org.br\/wp-content\/uploads\/2025\/10\/Post-Quadrado_SigMSK_22_10-12x12.jpg 12w, https:\/\/cursosonline.cbr.org.br\/wp-content\/uploads\/2025\/10\/Post-Quadrado_SigMSK_22_10-600x600.jpg 600w, https:\/\/cursosonline.cbr.org.br\/wp-content\/uploads\/2025\/10\/Post-Quadrado_SigMSK_22_10-100x100.jpg 100w\" sizes=\"(max-width: 800px) 100vw, 800px\" \/>\t\t\t\t\t\t\t\t\t\t\t\t\t\t\t<\/div>\n\t\t\t\t<\/div>\n\t\t\t\t\t<\/div>\n\t\t<\/div>\n\t\t\t\t<div class=\"elementor-column elementor-col-16 elementor-top-column elementor-element elementor-element-f3f0112\" data-id=\"f3f0112\" data-element_type=\"column\">\n\t\t\t<div class=\"elementor-widget-wrap\">\n\t\t\t\t\t\t\t<\/div>\n\t\t<\/div>\n\t\t\t\t\t<\/div>\n\t\t<\/section>\n\t\t\t\t<section class=\"elementor-section elementor-top-section elementor-element elementor-element-7c207da4 elementor-section-boxed elementor-section-height-default elementor-section-height-default\" data-id=\"7c207da4\" data-element_type=\"section\">\n\t\t\t\t\t\t<div class=\"elementor-container elementor-column-gap-default\">\n\t\t\t\t\t<div class=\"elementor-column elementor-col-33 elementor-top-column elementor-element elementor-element-161e2eaf\" data-id=\"161e2eaf\" data-element_type=\"column\">\n\t\t\t<div class=\"elementor-widget-wrap\">\n\t\t\t\t\t\t\t<\/div>\n\t\t<\/div>\n\t\t\t\t<div class=\"elementor-column elementor-col-33 elementor-top-column elementor-element elementor-element-414ca1c7\" data-id=\"414ca1c7\" data-element_type=\"column\">\n\t\t\t<div class=\"elementor-widget-wrap elementor-element-populated\">\n\t\t\t\t\t\t<div class=\"elementor-element elementor-element-7d8c1d87 elementor-widget__width-initial elementor-widget elementor-widget-image\" data-id=\"7d8c1d87\" data-element_type=\"widget\" data-widget_type=\"image.default\">\n\t\t\t\t<div class=\"elementor-widget-container\">\n\t\t\t\t\t\t\t\t\t\t\t\t\t\t\t\t<a href=\"https:\/\/api.whatsapp.com\/send\/?phone=5511978559677&#038;text=Ol%C3%A1%2C+Estou%20com%20d\u00favidas%20sobre%20o%20%20treinamento%20Sig%20Musculoesquel\u00e9tico%20|%20Tudo%20que%20o%20residente%20precisa%20saber%20sobre%20les\u00e3o%20osteocondral:%20do%20diagn\u00f3stico%20ao%20tratamento%20|%20Julho\/2024%20&#038;type=phone_number&#038;app_absent=0\" target=\"_blank\">\n\t\t\t\t\t\t\t<img decoding=\"async\" width=\"300\" height=\"213\" src=\"https:\/\/cursosonline.cbr.org.br\/wp-content\/uploads\/2024\/05\/whatsapp_PNG5-300x213.png\" class=\"attachment-medium size-medium wp-image-7548\" alt=\"\" srcset=\"https:\/\/cursosonline.cbr.org.br\/wp-content\/uploads\/2024\/05\/whatsapp_PNG5-300x213.png 300w, https:\/\/cursosonline.cbr.org.br\/wp-content\/uploads\/2024\/05\/whatsapp_PNG5-1024x727.png 1024w, https:\/\/cursosonline.cbr.org.br\/wp-content\/uploads\/2024\/05\/whatsapp_PNG5-768x545.png 768w, https:\/\/cursosonline.cbr.org.br\/wp-content\/uploads\/2024\/05\/whatsapp_PNG5-1536x1091.png 1536w, https:\/\/cursosonline.cbr.org.br\/wp-content\/uploads\/2024\/05\/whatsapp_PNG5-600x426.png 600w, https:\/\/cursosonline.cbr.org.br\/wp-content\/uploads\/2024\/05\/whatsapp_PNG5.png 1600w\" sizes=\"(max-width: 300px) 100vw, 300px\" \/>\t\t\t\t\t\t\t\t<\/a>\n\t\t\t\t\t\t\t\t\t\t\t\t\t\t\t<\/div>\n\t\t\t\t<\/div>\n\t\t\t\t\t<\/div>\n\t\t<\/div>\n\t\t\t\t<div class=\"elementor-column elementor-col-33 elementor-top-column elementor-element elementor-element-e82c763\" data-id=\"e82c763\" data-element_type=\"column\">\n\t\t\t<div class=\"elementor-widget-wrap\">\n\t\t\t\t\t\t\t<\/div>\n\t\t<\/div>\n\t\t\t\t\t<\/div>\n\t\t<\/section>\n\t\t\t\t<section class=\"elementor-section elementor-top-section elementor-element elementor-element-46c4a129 elementor-section-boxed elementor-section-height-default elementor-section-height-default\" data-id=\"46c4a129\" data-element_type=\"section\">\n\t\t\t\t\t\t<div class=\"elementor-container elementor-column-gap-default\">\n\t\t\t\t\t<div class=\"elementor-column elementor-col-25 elementor-top-column elementor-element elementor-element-4df7f764\" data-id=\"4df7f764\" data-element_type=\"column\">\n\t\t\t<div class=\"elementor-widget-wrap\">\n\t\t\t\t\t\t\t<\/div>\n\t\t<\/div>\n\t\t\t\t<div class=\"elementor-column elementor-col-50 elementor-top-column elementor-element elementor-element-583e7745\" data-id=\"583e7745\" data-element_type=\"column\">\n\t\t\t<div class=\"elementor-widget-wrap elementor-element-populated\">\n\t\t\t\t\t\t<div class=\"elementor-element elementor-element-4b76f304 elementor-widget elementor-widget-text-editor\" data-id=\"4b76f304\" data-element_type=\"widget\" data-widget_type=\"text-editor.default\">\n\t\t\t\t<div class=\"elementor-widget-container\">\n\t\t\t\t\t\t\t\t\t<p style=\"text-align: center\"><strong>Having trouble accessing the training?<\/strong><\/p>\t\t\t\t\t\t\t\t<\/div>\n\t\t\t\t<\/div>\n\t\t\t\t\t<\/div>\n\t\t<\/div>\n\t\t\t\t<div class=\"elementor-column elementor-col-25 elementor-top-column elementor-element elementor-element-634e8822\" data-id=\"634e8822\" data-element_type=\"column\">\n\t\t\t<div class=\"elementor-widget-wrap\">\n\t\t\t\t\t\t\t<\/div>\n\t\t<\/div>\n\t\t\t\t\t<\/div>\n\t\t<\/section>\n\t\t\t\t<section class=\"elementor-section elementor-top-section elementor-element elementor-element-67164dc elementor-section-boxed elementor-section-height-default elementor-section-height-default\" data-id=\"67164dc\" data-element_type=\"section\">\n\t\t\t\t\t\t<div class=\"elementor-container elementor-column-gap-default\">\n\t\t\t\t\t<div class=\"elementor-column elementor-col-100 elementor-top-column elementor-element elementor-element-14e7441\" data-id=\"14e7441\" data-element_type=\"column\">\n\t\t\t<div class=\"elementor-widget-wrap\">\n\t\t\t\t\t\t\t<\/div>\n\t\t<\/div>\n\t\t\t\t\t<\/div>\n\t\t<\/section>\n\t\t\t\t<\/div>","protected":false},"excerpt":{"rendered":"<p><b>Theme:<\/b> Evaluation of the Sacroiliac Joints in Children <b><br \/>\n<strong>Date: <\/strong><\/b>October 22, 2025<b><br \/>\n<\/b><b><strong>Workload: <\/strong><\/b>1 hour<b><br \/>\n<strong>Format: <\/strong><\/b>Online - Live<\/p>\n<p><img decoding=\"async\" class=\"wp-image-8352 aligncenter\" src=\"https:\/\/cursosonline.cbr.org.br\/wp-content\/uploads\/2024\/05\/whatsapp_PNG5-300x213-1.png\" alt=\"\" width=\"124\" height=\"88\" \/><\/p>\n<p style=\"text-align: center;\">","protected":false},"featured_media":28352,"template":"","meta":[],"product_brand":[],"product_cat":[18,40,90],"product_tag":[],"class_list":{"0":"post-28351","1":"product","2":"type-product","3":"status-publish","4":"has-post-thumbnail","6":"product_cat-cbr-educa","7":"product_cat-sigs","8":"product_cat-sigmsk","10":"first","11":"instock","12":"virtual","13":"sold-individually","14":"taxable","15":"purchasable","16":"product-type-simple"},"_links":{"self":[{"href":"https:\/\/cursosonline.cbr.org.br\/en\/wp-json\/wp\/v2\/product\/28351","targetHints":{"allow":["GET"]}}],"collection":[{"href":"https:\/\/cursosonline.cbr.org.br\/en\/wp-json\/wp\/v2\/product"}],"about":[{"href":"https:\/\/cursosonline.cbr.org.br\/en\/wp-json\/wp\/v2\/types\/product"}],"version-history":[{"count":7,"href":"https:\/\/cursosonline.cbr.org.br\/en\/wp-json\/wp\/v2\/product\/28351\/revisions"}],"predecessor-version":[{"id":33300,"href":"https:\/\/cursosonline.cbr.org.br\/en\/wp-json\/wp\/v2\/product\/28351\/revisions\/33300"}],"wp:featuredmedia":[{"embeddable":true,"href":"https:\/\/cursosonline.cbr.org.br\/en\/wp-json\/wp\/v2\/media\/28352"}],"wp:attachment":[{"href":"https:\/\/cursosonline.cbr.org.br\/en\/wp-json\/wp\/v2\/media?parent=28351"}],"wp:term":[{"taxonomy":"product_brand","embeddable":true,"href":"https:\/\/cursosonline.cbr.org.br\/en\/wp-json\/wp\/v2\/product_brand?post=28351"},{"taxonomy":"product_cat","embeddable":true,"href":"https:\/\/cursosonline.cbr.org.br\/en\/wp-json\/wp\/v2\/product_cat?post=28351"},{"taxonomy":"product_tag","embeddable":true,"href":"https:\/\/cursosonline.cbr.org.br\/en\/wp-json\/wp\/v2\/product_tag?post=28351"}],"curies":[{"name":"wp","href":"https:\/\/api.w.org\/{rel}","templated":true}]}}