{"id":33504,"date":"2026-03-16T15:37:43","date_gmt":"2026-03-16T18:37:43","guid":{"rendered":"https:\/\/cursosonline.cbr.org.br\/?post_type=product&#038;p=33504"},"modified":"2026-03-16T15:47:01","modified_gmt":"2026-03-16T18:47:01","slug":"sig-abdome-apresentacao-e-discussao-de-casos-clinicos-uftm-outubro-2026","status":"publish","type":"product","link":"https:\/\/cursosonline.cbr.org.br\/en\/curso\/sig-abdome-apresentacao-e-discussao-de-casos-clinicos-uftm-outubro-2026\/","title":{"rendered":"Abdomen: Presentation and Discussion of Clinical Cases \u2013 UFTM \u2013 October 2026"},"content":{"rendered":"<div data-elementor-type=\"product-post\" data-elementor-id=\"33504\" class=\"elementor elementor-33504\" data-elementor-post-type=\"product\">\n\t\t\t\t\t\t<section class=\"elementor-section elementor-top-section elementor-element elementor-element-94fa642 elementor-section-boxed elementor-section-height-default elementor-section-height-default\" data-id=\"94fa642\" data-element_type=\"section\">\n\t\t\t\t\t\t<div class=\"elementor-container elementor-column-gap-default\">\n\t\t\t\t\t<div class=\"elementor-column elementor-col-16 elementor-top-column elementor-element elementor-element-fee6566\" data-id=\"fee6566\" data-element_type=\"column\">\n\t\t\t<div class=\"elementor-widget-wrap\">\n\t\t\t\t\t\t\t<\/div>\n\t\t<\/div>\n\t\t\t\t<div class=\"elementor-column elementor-col-66 elementor-top-column elementor-element elementor-element-867bcae\" data-id=\"867bcae\" data-element_type=\"column\">\n\t\t\t<div class=\"elementor-widget-wrap elementor-element-populated\">\n\t\t\t\t\t\t<div class=\"elementor-element elementor-element-e5ce38d elementor-widget elementor-widget-image\" data-id=\"e5ce38d\" data-element_type=\"widget\" data-widget_type=\"image.default\">\n\t\t\t\t<div class=\"elementor-widget-container\">\n\t\t\t\t\t\t\t\t\t\t\t\t\t\t\t<img fetchpriority=\"high\" decoding=\"async\" width=\"800\" height=\"800\" src=\"https:\/\/cursosonline.cbr.org.br\/wp-content\/uploads\/2026\/03\/Post-Quadrado_SIG_Abdome_07_10.png\" class=\"attachment-large size-large wp-image-33509\" alt=\"\" srcset=\"https:\/\/cursosonline.cbr.org.br\/wp-content\/uploads\/2026\/03\/Post-Quadrado_SIG_Abdome_07_10.png 1000w, https:\/\/cursosonline.cbr.org.br\/wp-content\/uploads\/2026\/03\/Post-Quadrado_SIG_Abdome_07_10-300x300.png 300w, https:\/\/cursosonline.cbr.org.br\/wp-content\/uploads\/2026\/03\/Post-Quadrado_SIG_Abdome_07_10-150x150.png 150w, https:\/\/cursosonline.cbr.org.br\/wp-content\/uploads\/2026\/03\/Post-Quadrado_SIG_Abdome_07_10-768x768.png 768w, https:\/\/cursosonline.cbr.org.br\/wp-content\/uploads\/2026\/03\/Post-Quadrado_SIG_Abdome_07_10-12x12.png 12w, https:\/\/cursosonline.cbr.org.br\/wp-content\/uploads\/2026\/03\/Post-Quadrado_SIG_Abdome_07_10-600x600.png 600w, https:\/\/cursosonline.cbr.org.br\/wp-content\/uploads\/2026\/03\/Post-Quadrado_SIG_Abdome_07_10-100x100.png 100w\" sizes=\"(max-width: 800px) 100vw, 800px\" \/>\t\t\t\t\t\t\t\t\t\t\t\t\t\t\t<\/div>\n\t\t\t\t<\/div>\n\t\t\t\t\t<\/div>\n\t\t<\/div>\n\t\t\t\t<div class=\"elementor-column elementor-col-16 elementor-top-column elementor-element elementor-element-d64477a\" data-id=\"d64477a\" data-element_type=\"column\">\n\t\t\t<div class=\"elementor-widget-wrap\">\n\t\t\t\t\t\t\t<\/div>\n\t\t<\/div>\n\t\t\t\t\t<\/div>\n\t\t<\/section>\n\t\t\t\t<section class=\"elementor-section elementor-top-section elementor-element elementor-element-43c44dd1 elementor-section-boxed elementor-section-height-default elementor-section-height-default\" data-id=\"43c44dd1\" data-element_type=\"section\">\n\t\t\t\t\t\t<div class=\"elementor-container elementor-column-gap-default\">\n\t\t\t\t\t<div class=\"elementor-column elementor-col-33 elementor-top-column elementor-element elementor-element-208b0437\" data-id=\"208b0437\" data-element_type=\"column\">\n\t\t\t<div class=\"elementor-widget-wrap\">\n\t\t\t\t\t\t\t<\/div>\n\t\t<\/div>\n\t\t\t\t<div class=\"elementor-column elementor-col-33 elementor-top-column elementor-element elementor-element-4aeab7f1\" data-id=\"4aeab7f1\" data-element_type=\"column\">\n\t\t\t<div class=\"elementor-widget-wrap elementor-element-populated\">\n\t\t\t\t\t\t<div class=\"elementor-element elementor-element-4d91c6f4 elementor-widget__width-initial elementor-widget elementor-widget-image\" data-id=\"4d91c6f4\" data-element_type=\"widget\" data-widget_type=\"image.default\">\n\t\t\t\t<div class=\"elementor-widget-container\">\n\t\t\t\t\t\t\t\t\t\t\t\t\t\t\t\t<a href=\"https:\/\/api.whatsapp.com\/send\/?phone=5511978559677&#038;text=Ol%C3%A1%2C+Estou%20com%20d\u00favidas%20sobre%20o%20%20treinamento%20Sig%20Abdome%20|%20On%20Demand%20\u2013%20Apresenta\u00e7\u00e3o%20e%20Discuss\u00e3o%20de%20Casos%20Cl\u00ednicos%20|%20Mar\u00e7o\/2024%20&#038;type=phone_number&#038;app_absent=0\" target=\"_blank\">\n\t\t\t\t\t\t\t<img decoding=\"async\" width=\"300\" height=\"213\" src=\"https:\/\/cursosonline.cbr.org.br\/wp-content\/uploads\/2024\/05\/whatsapp_PNG5-300x213.png\" class=\"attachment-medium size-medium wp-image-7548\" alt=\"\" srcset=\"https:\/\/cursosonline.cbr.org.br\/wp-content\/uploads\/2024\/05\/whatsapp_PNG5-300x213.png 300w, https:\/\/cursosonline.cbr.org.br\/wp-content\/uploads\/2024\/05\/whatsapp_PNG5-1024x727.png 1024w, https:\/\/cursosonline.cbr.org.br\/wp-content\/uploads\/2024\/05\/whatsapp_PNG5-768x545.png 768w, https:\/\/cursosonline.cbr.org.br\/wp-content\/uploads\/2024\/05\/whatsapp_PNG5-1536x1091.png 1536w, https:\/\/cursosonline.cbr.org.br\/wp-content\/uploads\/2024\/05\/whatsapp_PNG5-600x426.png 600w, https:\/\/cursosonline.cbr.org.br\/wp-content\/uploads\/2024\/05\/whatsapp_PNG5.png 1600w\" sizes=\"(max-width: 300px) 100vw, 300px\" \/>\t\t\t\t\t\t\t\t<\/a>\n\t\t\t\t\t\t\t\t\t\t\t\t\t\t\t<\/div>\n\t\t\t\t<\/div>\n\t\t\t\t\t<\/div>\n\t\t<\/div>\n\t\t\t\t<div class=\"elementor-column elementor-col-33 elementor-top-column elementor-element elementor-element-58182dc1\" data-id=\"58182dc1\" data-element_type=\"column\">\n\t\t\t<div class=\"elementor-widget-wrap\">\n\t\t\t\t\t\t\t<\/div>\n\t\t<\/div>\n\t\t\t\t\t<\/div>\n\t\t<\/section>\n\t\t\t\t<section class=\"elementor-section elementor-top-section elementor-element elementor-element-53aaffc0 elementor-section-boxed elementor-section-height-default elementor-section-height-default\" data-id=\"53aaffc0\" data-element_type=\"section\">\n\t\t\t\t\t\t<div class=\"elementor-container elementor-column-gap-default\">\n\t\t\t\t\t<div class=\"elementor-column elementor-col-25 elementor-top-column elementor-element elementor-element-543df971\" data-id=\"543df971\" data-element_type=\"column\">\n\t\t\t<div class=\"elementor-widget-wrap\">\n\t\t\t\t\t\t\t<\/div>\n\t\t<\/div>\n\t\t\t\t<div class=\"elementor-column elementor-col-50 elementor-top-column elementor-element elementor-element-67c35ab5\" data-id=\"67c35ab5\" data-element_type=\"column\">\n\t\t\t<div class=\"elementor-widget-wrap elementor-element-populated\">\n\t\t\t\t\t\t<div class=\"elementor-element elementor-element-6e061584 elementor-widget elementor-widget-text-editor\" data-id=\"6e061584\" data-element_type=\"widget\" data-widget_type=\"text-editor.default\">\n\t\t\t\t<div class=\"elementor-widget-container\">\n\t\t\t\t\t\t\t\t\t<p style=\"text-align: center\"><strong>Having trouble accessing the training?<\/strong><\/p>\t\t\t\t\t\t\t\t<\/div>\n\t\t\t\t<\/div>\n\t\t\t\t\t<\/div>\n\t\t<\/div>\n\t\t\t\t<div class=\"elementor-column elementor-col-25 elementor-top-column elementor-element elementor-element-282415e2\" data-id=\"282415e2\" data-element_type=\"column\">\n\t\t\t<div class=\"elementor-widget-wrap\">\n\t\t\t\t\t\t\t<\/div>\n\t\t<\/div>\n\t\t\t\t\t<\/div>\n\t\t<\/section>\n\t\t\t\t<section class=\"elementor-section elementor-top-section elementor-element elementor-element-c26677a elementor-section-boxed elementor-section-height-default elementor-section-height-default\" data-id=\"c26677a\" data-element_type=\"section\">\n\t\t\t\t\t\t<div class=\"elementor-container elementor-column-gap-default\">\n\t\t\t\t\t<div class=\"elementor-column elementor-col-100 elementor-top-column elementor-element elementor-element-612bc60\" data-id=\"612bc60\" data-element_type=\"column\">\n\t\t\t<div class=\"elementor-widget-wrap\">\n\t\t\t\t\t\t\t<\/div>\n\t\t<\/div>\n\t\t\t\t\t<\/div>\n\t\t<\/section>\n\t\t\t\t<\/div>","protected":false},"excerpt":{"rendered":"<p><strong>SIG Abdomen - Presentation and discussion of clinical cases<br \/>\n<\/strong><\/p>\n<p><strong>Date: <\/strong>October 7, 2026, from 12:00 PM to 1:00 PM (Brasilia Time)<br \/>\n<strong>Format:<\/strong> Online - Live<br \/>\n<strong>Presenting institution:<\/strong> Federal University of Tri\u00e2ngulo Mineiro<\/p>","protected":false},"featured_media":33507,"template":"","meta":[],"product_brand":[],"product_cat":[18,40,87],"product_tag":[],"class_list":{"0":"post-33504","1":"product","2":"type-product","3":"status-publish","4":"has-post-thumbnail","6":"product_cat-cbr-educa","7":"product_cat-sigs","8":"product_cat-sigabdome","10":"first","11":"instock","12":"virtual","13":"sold-individually","14":"taxable","15":"purchasable","16":"product-type-simple"},"_links":{"self":[{"href":"https:\/\/cursosonline.cbr.org.br\/en\/wp-json\/wp\/v2\/product\/33504","targetHints":{"allow":["GET"]}}],"collection":[{"href":"https:\/\/cursosonline.cbr.org.br\/en\/wp-json\/wp\/v2\/product"}],"about":[{"href":"https:\/\/cursosonline.cbr.org.br\/en\/wp-json\/wp\/v2\/types\/product"}],"version-history":[{"count":4,"href":"https:\/\/cursosonline.cbr.org.br\/en\/wp-json\/wp\/v2\/product\/33504\/revisions"}],"predecessor-version":[{"id":33512,"href":"https:\/\/cursosonline.cbr.org.br\/en\/wp-json\/wp\/v2\/product\/33504\/revisions\/33512"}],"wp:featuredmedia":[{"embeddable":true,"href":"https:\/\/cursosonline.cbr.org.br\/en\/wp-json\/wp\/v2\/media\/33507"}],"wp:attachment":[{"href":"https:\/\/cursosonline.cbr.org.br\/en\/wp-json\/wp\/v2\/media?parent=33504"}],"wp:term":[{"taxonomy":"product_brand","embeddable":true,"href":"https:\/\/cursosonline.cbr.org.br\/en\/wp-json\/wp\/v2\/product_brand?post=33504"},{"taxonomy":"product_cat","embeddable":true,"href":"https:\/\/cursosonline.cbr.org.br\/en\/wp-json\/wp\/v2\/product_cat?post=33504"},{"taxonomy":"product_tag","embeddable":true,"href":"https:\/\/cursosonline.cbr.org.br\/en\/wp-json\/wp\/v2\/product_tag?post=33504"}],"curies":[{"name":"wp","href":"https:\/\/api.w.org\/{rel}","templated":true}]}}