{"id":3436,"date":"2024-01-26T15:48:04","date_gmt":"2024-01-26T18:48:04","guid":{"rendered":"https:\/\/cursosonline.cbr.org.br\/?post_type=product&#038;p=3436"},"modified":"2026-03-12T10:19:49","modified_gmt":"2026-03-12T13:19:49","slug":"simposio-padi-seguranca-em-ressonancia-magnetica","status":"publish","type":"product","link":"https:\/\/cursosonline.cbr.org.br\/en\/curso\/simposio-padi-seguranca-em-ressonancia-magnetica\/","title":{"rendered":"Padi Symposium: Magnetic Resonance Safety"},"content":{"rendered":"<div data-elementor-type=\"product-post\" data-elementor-id=\"3436\" class=\"elementor elementor-3436\" data-elementor-post-type=\"product\">\n\t\t\t\t\t\t<section class=\"elementor-section elementor-top-section elementor-element elementor-element-3a043e8c elementor-section-boxed elementor-section-height-default elementor-section-height-default\" data-id=\"3a043e8c\" data-element_type=\"section\">\n\t\t\t\t\t\t<div class=\"elementor-container elementor-column-gap-default\">\n\t\t\t\t\t<div class=\"elementor-column elementor-col-100 elementor-top-column elementor-element elementor-element-523ccda\" data-id=\"523ccda\" data-element_type=\"column\">\n\t\t\t<div class=\"elementor-widget-wrap elementor-element-populated\">\n\t\t\t\t\t\t<div class=\"elementor-element elementor-element-36add7b5 elementor-widget elementor-widget-text-editor\" data-id=\"36add7b5\" data-element_type=\"widget\" data-widget_type=\"text-editor.default\">\n\t\t\t\t<div class=\"elementor-widget-container\">\n\t\t\t\t\t\t\t\t\t<h5><span style=\"color: #000000\">Safety in magnetic resonance imaging is a critical consideration to ensure effective and safe medical procedures, minimizing risks for the patients and professionals involved.<\/span><\/h5><h5><span style=\"color: #000000\">Patient safety is a priority, and precautions must be taken to ensure that patients with metal implants or other incompatible devices are not exposed to risks.<\/span><\/h5><div><span style=\"color: #000000\">\u00a0<\/span><\/div><h5><span style=\"color: #000000\">Care throughout your journey, from scheduling to delivery of the test, is crucial for an efficient and safe result.\u00a0<\/span><\/h5><div><span style=\"color: #000000\">\u00a0<\/span><\/div><h5><span style=\"color: #000000\">The serious adverse events that have occurred in Brazil and around the world have also contributed to the discussion of this topic. Padi invited experts in the field to provide content and reflections on safe and efficient practices throughout the MRI examination process.<\/span><\/h5><figure><\/figure><figure><\/figure>\t\t\t\t\t\t\t\t<\/div>\n\t\t\t\t<\/div>\n\t\t\t\t\t<\/div>\n\t\t<\/div>\n\t\t\t\t\t<\/div>\n\t\t<\/section>\n\t\t\t\t<section class=\"elementor-section elementor-top-section elementor-element elementor-element-08aa196 elementor-section-boxed elementor-section-height-default elementor-section-height-default\" data-id=\"08aa196\" data-element_type=\"section\">\n\t\t\t\t\t\t<div class=\"elementor-container elementor-column-gap-default\">\n\t\t\t\t\t<div class=\"elementor-column elementor-col-100 elementor-top-column elementor-element elementor-element-79e0a10\" data-id=\"79e0a10\" data-element_type=\"column\">\n\t\t\t<div class=\"elementor-widget-wrap\">\n\t\t\t\t\t\t\t<\/div>\n\t\t<\/div>\n\t\t\t\t\t<\/div>\n\t\t<\/section>\n\t\t\t\t<section class=\"elementor-section elementor-top-section elementor-element elementor-element-30fc301 elementor-section-boxed elementor-section-height-default elementor-section-height-default\" data-id=\"30fc301\" data-element_type=\"section\">\n\t\t\t\t\t\t<div class=\"elementor-container elementor-column-gap-default\">\n\t\t\t\t\t<div class=\"elementor-column elementor-col-16 elementor-top-column elementor-element elementor-element-7e186b2\" data-id=\"7e186b2\" data-element_type=\"column\">\n\t\t\t<div class=\"elementor-widget-wrap\">\n\t\t\t\t\t\t\t<\/div>\n\t\t<\/div>\n\t\t\t\t<div class=\"elementor-column elementor-col-66 elementor-top-column elementor-element elementor-element-6a3a1c1\" data-id=\"6a3a1c1\" data-element_type=\"column\">\n\t\t\t<div class=\"elementor-widget-wrap elementor-element-populated\">\n\t\t\t\t\t\t<div class=\"elementor-element elementor-element-e5a7725 elementor-widget elementor-widget-image\" data-id=\"e5a7725\" data-element_type=\"widget\" data-widget_type=\"image.default\">\n\t\t\t\t<div class=\"elementor-widget-container\">\n\t\t\t\t\t\t\t\t\t\t\t\t\t\t\t<img fetchpriority=\"high\" decoding=\"async\" width=\"800\" height=\"450\" src=\"https:\/\/cursosonline.cbr.org.br\/wp-content\/uploads\/2024\/01\/rochele-1-1024x576.jpg\" class=\"attachment-large size-large wp-image-8577\" alt=\"\" srcset=\"https:\/\/cursosonline.cbr.org.br\/wp-content\/uploads\/2024\/01\/rochele-1-1024x576.jpg 1024w, https:\/\/cursosonline.cbr.org.br\/wp-content\/uploads\/2024\/01\/rochele-1-300x169.jpg 300w, https:\/\/cursosonline.cbr.org.br\/wp-content\/uploads\/2024\/01\/rochele-1-768x432.jpg 768w, https:\/\/cursosonline.cbr.org.br\/wp-content\/uploads\/2024\/01\/rochele-1-600x338.jpg 600w, https:\/\/cursosonline.cbr.org.br\/wp-content\/uploads\/2024\/01\/rochele-1.jpg 1280w\" sizes=\"(max-width: 800px) 100vw, 800px\" \/>\t\t\t\t\t\t\t\t\t\t\t\t\t\t\t<\/div>\n\t\t\t\t<\/div>\n\t\t\t\t<div class=\"elementor-element elementor-element-5f9d156 elementor-widget elementor-widget-image\" data-id=\"5f9d156\" data-element_type=\"widget\" data-widget_type=\"image.default\">\n\t\t\t\t<div class=\"elementor-widget-container\">\n\t\t\t\t\t\t\t\t\t\t\t\t\t\t\t<img decoding=\"async\" width=\"800\" height=\"515\" src=\"https:\/\/cursosonline.cbr.org.br\/wp-content\/uploads\/2024\/01\/flavia.png\" class=\"attachment-large size-large wp-image-8576\" alt=\"\" srcset=\"https:\/\/cursosonline.cbr.org.br\/wp-content\/uploads\/2024\/01\/flavia.png 1024w, https:\/\/cursosonline.cbr.org.br\/wp-content\/uploads\/2024\/01\/flavia-300x193.png 300w, https:\/\/cursosonline.cbr.org.br\/wp-content\/uploads\/2024\/01\/flavia-768x494.png 768w, https:\/\/cursosonline.cbr.org.br\/wp-content\/uploads\/2024\/01\/flavia-600x386.png 600w\" sizes=\"(max-width: 800px) 100vw, 800px\" \/>\t\t\t\t\t\t\t\t\t\t\t\t\t\t\t<\/div>\n\t\t\t\t<\/div>\n\t\t\t\t<div class=\"elementor-element elementor-element-7e58876 elementor-widget elementor-widget-image\" data-id=\"7e58876\" data-element_type=\"widget\" data-widget_type=\"image.default\">\n\t\t\t\t<div class=\"elementor-widget-container\">\n\t\t\t\t\t\t\t\t\t\t\t\t\t\t\t<img decoding=\"async\" width=\"800\" height=\"502\" src=\"https:\/\/cursosonline.cbr.org.br\/wp-content\/uploads\/2024\/01\/andre.png\" class=\"attachment-large size-large wp-image-8575\" alt=\"\" srcset=\"https:\/\/cursosonline.cbr.org.br\/wp-content\/uploads\/2024\/01\/andre.png 1024w, https:\/\/cursosonline.cbr.org.br\/wp-content\/uploads\/2024\/01\/andre-300x188.png 300w, https:\/\/cursosonline.cbr.org.br\/wp-content\/uploads\/2024\/01\/andre-768x482.png 768w, https:\/\/cursosonline.cbr.org.br\/wp-content\/uploads\/2024\/01\/andre-600x376.png 600w\" sizes=\"(max-width: 800px) 100vw, 800px\" \/>\t\t\t\t\t\t\t\t\t\t\t\t\t\t\t<\/div>\n\t\t\t\t<\/div>\n\t\t\t\t<div class=\"elementor-element elementor-element-5c74631 elementor-widget elementor-widget-image\" data-id=\"5c74631\" data-element_type=\"widget\" data-widget_type=\"image.default\">\n\t\t\t\t<div class=\"elementor-widget-container\">\n\t\t\t\t\t\t\t\t\t\t\t\t\t\t\t<img loading=\"lazy\" decoding=\"async\" width=\"800\" height=\"486\" src=\"https:\/\/cursosonline.cbr.org.br\/wp-content\/uploads\/2024\/01\/almir.png\" class=\"attachment-large size-large wp-image-8574\" alt=\"\" srcset=\"https:\/\/cursosonline.cbr.org.br\/wp-content\/uploads\/2024\/01\/almir.png 1024w, https:\/\/cursosonline.cbr.org.br\/wp-content\/uploads\/2024\/01\/almir-300x182.png 300w, https:\/\/cursosonline.cbr.org.br\/wp-content\/uploads\/2024\/01\/almir-768x467.png 768w, https:\/\/cursosonline.cbr.org.br\/wp-content\/uploads\/2024\/01\/almir-600x364.png 600w\" sizes=\"(max-width: 800px) 100vw, 800px\" \/>\t\t\t\t\t\t\t\t\t\t\t\t\t\t\t<\/div>\n\t\t\t\t<\/div>\n\t\t\t\t<div class=\"elementor-element elementor-element-f8208e5 elementor-widget elementor-widget-image\" data-id=\"f8208e5\" data-element_type=\"widget\" data-widget_type=\"image.default\">\n\t\t\t\t<div class=\"elementor-widget-container\">\n\t\t\t\t\t\t\t\t\t\t\t\t\t\t\t<img loading=\"lazy\" decoding=\"async\" width=\"800\" height=\"494\" src=\"https:\/\/cursosonline.cbr.org.br\/wp-content\/uploads\/2024\/01\/helen.png\" class=\"attachment-large size-large wp-image-8573\" alt=\"\" srcset=\"https:\/\/cursosonline.cbr.org.br\/wp-content\/uploads\/2024\/01\/helen.png 1024w, https:\/\/cursosonline.cbr.org.br\/wp-content\/uploads\/2024\/01\/helen-300x185.png 300w, https:\/\/cursosonline.cbr.org.br\/wp-content\/uploads\/2024\/01\/helen-768x474.png 768w, https:\/\/cursosonline.cbr.org.br\/wp-content\/uploads\/2024\/01\/helen-600x370.png 600w\" sizes=\"(max-width: 800px) 100vw, 800px\" \/>\t\t\t\t\t\t\t\t\t\t\t\t\t\t\t<\/div>\n\t\t\t\t<\/div>\n\t\t\t\t<div class=\"elementor-element elementor-element-27cf3ed elementor-widget elementor-widget-image\" data-id=\"27cf3ed\" data-element_type=\"widget\" data-widget_type=\"image.default\">\n\t\t\t\t<div class=\"elementor-widget-container\">\n\t\t\t\t\t\t\t\t\t\t\t\t\t\t\t<img loading=\"lazy\" decoding=\"async\" width=\"800\" height=\"487\" src=\"https:\/\/cursosonline.cbr.org.br\/wp-content\/uploads\/2024\/01\/alessandor.png\" class=\"attachment-large size-large wp-image-8572\" alt=\"\" srcset=\"https:\/\/cursosonline.cbr.org.br\/wp-content\/uploads\/2024\/01\/alessandor.png 1024w, https:\/\/cursosonline.cbr.org.br\/wp-content\/uploads\/2024\/01\/alessandor-300x183.png 300w, https:\/\/cursosonline.cbr.org.br\/wp-content\/uploads\/2024\/01\/alessandor-768x467.png 768w, https:\/\/cursosonline.cbr.org.br\/wp-content\/uploads\/2024\/01\/alessandor-600x365.png 600w\" sizes=\"(max-width: 800px) 100vw, 800px\" \/>\t\t\t\t\t\t\t\t\t\t\t\t\t\t\t<\/div>\n\t\t\t\t<\/div>\n\t\t\t\t<div class=\"elementor-element elementor-element-e2ee58a elementor-widget elementor-widget-image\" data-id=\"e2ee58a\" data-element_type=\"widget\" data-widget_type=\"image.default\">\n\t\t\t\t<div class=\"elementor-widget-container\">\n\t\t\t\t\t\t\t\t\t\t\t\t\t\t\t<img loading=\"lazy\" decoding=\"async\" width=\"800\" height=\"490\" src=\"https:\/\/cursosonline.cbr.org.br\/wp-content\/uploads\/2024\/01\/luiz.png\" class=\"attachment-large size-large wp-image-8571\" alt=\"\" srcset=\"https:\/\/cursosonline.cbr.org.br\/wp-content\/uploads\/2024\/01\/luiz.png 1024w, https:\/\/cursosonline.cbr.org.br\/wp-content\/uploads\/2024\/01\/luiz-300x184.png 300w, https:\/\/cursosonline.cbr.org.br\/wp-content\/uploads\/2024\/01\/luiz-768x470.png 768w, https:\/\/cursosonline.cbr.org.br\/wp-content\/uploads\/2024\/01\/luiz-600x367.png 600w\" sizes=\"(max-width: 800px) 100vw, 800px\" \/>\t\t\t\t\t\t\t\t\t\t\t\t\t\t\t<\/div>\n\t\t\t\t<\/div>\n\t\t\t\t<div class=\"elementor-element elementor-element-52ac144 elementor-widget elementor-widget-image\" data-id=\"52ac144\" data-element_type=\"widget\" data-widget_type=\"image.default\">\n\t\t\t\t<div class=\"elementor-widget-container\">\n\t\t\t\t\t\t\t\t\t\t\t\t\t\t\t<img loading=\"lazy\" decoding=\"async\" width=\"800\" height=\"491\" src=\"https:\/\/cursosonline.cbr.org.br\/wp-content\/uploads\/2024\/01\/sonia.png\" class=\"attachment-large size-large wp-image-8570\" alt=\"\" srcset=\"https:\/\/cursosonline.cbr.org.br\/wp-content\/uploads\/2024\/01\/sonia.png 1024w, https:\/\/cursosonline.cbr.org.br\/wp-content\/uploads\/2024\/01\/sonia-300x184.png 300w, https:\/\/cursosonline.cbr.org.br\/wp-content\/uploads\/2024\/01\/sonia-768x472.png 768w, https:\/\/cursosonline.cbr.org.br\/wp-content\/uploads\/2024\/01\/sonia-600x369.png 600w\" sizes=\"(max-width: 800px) 100vw, 800px\" \/>\t\t\t\t\t\t\t\t\t\t\t\t\t\t\t<\/div>\n\t\t\t\t<\/div>\n\t\t\t\t<div class=\"elementor-element elementor-element-6505faa elementor-widget elementor-widget-image\" data-id=\"6505faa\" data-element_type=\"widget\" data-widget_type=\"image.default\">\n\t\t\t\t<div class=\"elementor-widget-container\">\n\t\t\t\t\t\t\t\t\t\t\t\t\t\t\t<img loading=\"lazy\" decoding=\"async\" width=\"800\" height=\"498\" src=\"https:\/\/cursosonline.cbr.org.br\/wp-content\/uploads\/2024\/01\/denis.png\" class=\"attachment-large size-large wp-image-8569\" alt=\"\" srcset=\"https:\/\/cursosonline.cbr.org.br\/wp-content\/uploads\/2024\/01\/denis.png 1024w, https:\/\/cursosonline.cbr.org.br\/wp-content\/uploads\/2024\/01\/denis-300x187.png 300w, https:\/\/cursosonline.cbr.org.br\/wp-content\/uploads\/2024\/01\/denis-768x478.png 768w, https:\/\/cursosonline.cbr.org.br\/wp-content\/uploads\/2024\/01\/denis-600x373.png 600w\" sizes=\"(max-width: 800px) 100vw, 800px\" \/>\t\t\t\t\t\t\t\t\t\t\t\t\t\t\t<\/div>\n\t\t\t\t<\/div>\n\t\t\t\t<div class=\"elementor-element elementor-element-a5dd2ef elementor-widget elementor-widget-image\" data-id=\"a5dd2ef\" data-element_type=\"widget\" data-widget_type=\"image.default\">\n\t\t\t\t<div class=\"elementor-widget-container\">\n\t\t\t\t\t\t\t\t\t\t\t\t\t\t\t<img loading=\"lazy\" decoding=\"async\" width=\"800\" height=\"494\" src=\"https:\/\/cursosonline.cbr.org.br\/wp-content\/uploads\/2024\/01\/gustavo.png\" class=\"attachment-large size-large wp-image-8568\" alt=\"\" srcset=\"https:\/\/cursosonline.cbr.org.br\/wp-content\/uploads\/2024\/01\/gustavo.png 1024w, https:\/\/cursosonline.cbr.org.br\/wp-content\/uploads\/2024\/01\/gustavo-300x185.png 300w, https:\/\/cursosonline.cbr.org.br\/wp-content\/uploads\/2024\/01\/gustavo-768x474.png 768w, https:\/\/cursosonline.cbr.org.br\/wp-content\/uploads\/2024\/01\/gustavo-600x370.png 600w\" sizes=\"(max-width: 800px) 100vw, 800px\" \/>\t\t\t\t\t\t\t\t\t\t\t\t\t\t\t<\/div>\n\t\t\t\t<\/div>\n\t\t\t\t<div class=\"elementor-element elementor-element-b5ac28f elementor-widget elementor-widget-image\" data-id=\"b5ac28f\" data-element_type=\"widget\" data-widget_type=\"image.default\">\n\t\t\t\t<div class=\"elementor-widget-container\">\n\t\t\t\t\t\t\t\t\t\t\t\t\t\t\t<img loading=\"lazy\" decoding=\"async\" width=\"800\" height=\"506\" src=\"https:\/\/cursosonline.cbr.org.br\/wp-content\/uploads\/2024\/01\/roberto.png\" class=\"attachment-large size-large wp-image-8567\" alt=\"\" srcset=\"https:\/\/cursosonline.cbr.org.br\/wp-content\/uploads\/2024\/01\/roberto.png 1024w, https:\/\/cursosonline.cbr.org.br\/wp-content\/uploads\/2024\/01\/roberto-300x190.png 300w, https:\/\/cursosonline.cbr.org.br\/wp-content\/uploads\/2024\/01\/roberto-768x486.png 768w, https:\/\/cursosonline.cbr.org.br\/wp-content\/uploads\/2024\/01\/roberto-600x380.png 600w\" sizes=\"(max-width: 800px) 100vw, 800px\" \/>\t\t\t\t\t\t\t\t\t\t\t\t\t\t\t<\/div>\n\t\t\t\t<\/div>\n\t\t\t\t<div class=\"elementor-element elementor-element-20543ae elementor-widget elementor-widget-image\" data-id=\"20543ae\" data-element_type=\"widget\" data-widget_type=\"image.default\">\n\t\t\t\t<div class=\"elementor-widget-container\">\n\t\t\t\t\t\t\t\t\t\t\t\t\t\t\t<img loading=\"lazy\" decoding=\"async\" width=\"800\" height=\"496\" src=\"https:\/\/cursosonline.cbr.org.br\/wp-content\/uploads\/2024\/01\/carlos.png\" class=\"attachment-large size-large wp-image-8566\" alt=\"\" srcset=\"https:\/\/cursosonline.cbr.org.br\/wp-content\/uploads\/2024\/01\/carlos.png 1024w, https:\/\/cursosonline.cbr.org.br\/wp-content\/uploads\/2024\/01\/carlos-300x186.png 300w, https:\/\/cursosonline.cbr.org.br\/wp-content\/uploads\/2024\/01\/carlos-768x476.png 768w, https:\/\/cursosonline.cbr.org.br\/wp-content\/uploads\/2024\/01\/carlos-600x372.png 600w\" sizes=\"(max-width: 800px) 100vw, 800px\" \/>\t\t\t\t\t\t\t\t\t\t\t\t\t\t\t<\/div>\n\t\t\t\t<\/div>\n\t\t\t\t<div class=\"elementor-element elementor-element-ff48579 elementor-widget elementor-widget-image\" data-id=\"ff48579\" data-element_type=\"widget\" data-widget_type=\"image.default\">\n\t\t\t\t<div class=\"elementor-widget-container\">\n\t\t\t\t\t\t\t\t\t\t\t\t\t\t\t<img loading=\"lazy\" decoding=\"async\" width=\"800\" height=\"450\" src=\"https:\/\/cursosonline.cbr.org.br\/wp-content\/uploads\/2024\/01\/cecilia-1024x576.jpg\" class=\"attachment-large size-large wp-image-8565\" alt=\"\" srcset=\"https:\/\/cursosonline.cbr.org.br\/wp-content\/uploads\/2024\/01\/cecilia-1024x576.jpg 1024w, https:\/\/cursosonline.cbr.org.br\/wp-content\/uploads\/2024\/01\/cecilia-300x169.jpg 300w, https:\/\/cursosonline.cbr.org.br\/wp-content\/uploads\/2024\/01\/cecilia-768x432.jpg 768w, https:\/\/cursosonline.cbr.org.br\/wp-content\/uploads\/2024\/01\/cecilia-600x338.jpg 600w, https:\/\/cursosonline.cbr.org.br\/wp-content\/uploads\/2024\/01\/cecilia.jpg 1280w\" sizes=\"(max-width: 800px) 100vw, 800px\" \/>\t\t\t\t\t\t\t\t\t\t\t\t\t\t\t<\/div>\n\t\t\t\t<\/div>\n\t\t\t\t<section class=\"elementor-section elementor-inner-section elementor-element elementor-element-71fb3ab elementor-section-boxed elementor-section-height-default elementor-section-height-default\" data-id=\"71fb3ab\" data-element_type=\"section\">\n\t\t\t\t\t\t<div class=\"elementor-container elementor-column-gap-default\">\n\t\t\t\t\t<div class=\"elementor-column elementor-col-50 elementor-inner-column elementor-element elementor-element-d63ce1f\" data-id=\"d63ce1f\" data-element_type=\"column\">\n\t\t\t<div class=\"elementor-widget-wrap\">\n\t\t\t\t\t\t\t<\/div>\n\t\t<\/div>\n\t\t\t\t<div class=\"elementor-column elementor-col-50 elementor-inner-column elementor-element elementor-element-0edfad8\" data-id=\"0edfad8\" data-element_type=\"column\">\n\t\t\t<div class=\"elementor-widget-wrap\">\n\t\t\t\t\t\t\t<\/div>\n\t\t<\/div>\n\t\t\t\t\t<\/div>\n\t\t<\/section>\n\t\t\t\t\t<\/div>\n\t\t<\/div>\n\t\t\t\t<div class=\"elementor-column elementor-col-16 elementor-top-column elementor-element elementor-element-46ec9fe\" data-id=\"46ec9fe\" data-element_type=\"column\">\n\t\t\t<div class=\"elementor-widget-wrap\">\n\t\t\t\t\t\t\t<\/div>\n\t\t<\/div>\n\t\t\t\t\t<\/div>\n\t\t<\/section>\n\t\t\t\t<section class=\"elementor-section elementor-top-section elementor-element elementor-element-31b14272 elementor-section-boxed elementor-section-height-default elementor-section-height-default\" data-id=\"31b14272\" data-element_type=\"section\">\n\t\t\t\t\t\t<div class=\"elementor-container elementor-column-gap-default\">\n\t\t\t\t\t<div class=\"elementor-column elementor-col-33 elementor-top-column elementor-element elementor-element-68cddd9e\" data-id=\"68cddd9e\" data-element_type=\"column\">\n\t\t\t<div class=\"elementor-widget-wrap\">\n\t\t\t\t\t\t\t<\/div>\n\t\t<\/div>\n\t\t\t\t<div class=\"elementor-column elementor-col-33 elementor-top-column elementor-element elementor-element-5f9e2fe\" data-id=\"5f9e2fe\" data-element_type=\"column\">\n\t\t\t<div class=\"elementor-widget-wrap elementor-element-populated\">\n\t\t\t\t\t\t<div class=\"elementor-element elementor-element-1621b0c9 elementor-widget__width-initial elementor-widget elementor-widget-image\" data-id=\"1621b0c9\" data-element_type=\"widget\" data-widget_type=\"image.default\">\n\t\t\t\t<div class=\"elementor-widget-container\">\n\t\t\t\t\t\t\t\t\t\t\t\t\t\t\t\t<a href=\"https:\/\/api.whatsapp.com\/send\/?phone=5511913001416&#038;text=Ol%C3%A1%2C+Estou%20com%20d\u00favidas%20sobre%20o%20%20treinamento%20Simp\u00f3sio%20Padi:%20Seguran\u00e7a%20em%20Resson\u00e2ncia%20Magn\u00e9tica%20&#038;type=phone_number&#038;app_absent=0\" target=\"_blank\">\n\t\t\t\t\t\t\t<img loading=\"lazy\" decoding=\"async\" width=\"300\" height=\"213\" src=\"https:\/\/cursosonline.cbr.org.br\/wp-content\/uploads\/2024\/05\/whatsapp_PNG5-300x213.png\" class=\"attachment-medium size-medium wp-image-7548\" alt=\"\" srcset=\"https:\/\/cursosonline.cbr.org.br\/wp-content\/uploads\/2024\/05\/whatsapp_PNG5-300x213.png 300w, https:\/\/cursosonline.cbr.org.br\/wp-content\/uploads\/2024\/05\/whatsapp_PNG5-1024x727.png 1024w, https:\/\/cursosonline.cbr.org.br\/wp-content\/uploads\/2024\/05\/whatsapp_PNG5-768x545.png 768w, https:\/\/cursosonline.cbr.org.br\/wp-content\/uploads\/2024\/05\/whatsapp_PNG5-1536x1091.png 1536w, https:\/\/cursosonline.cbr.org.br\/wp-content\/uploads\/2024\/05\/whatsapp_PNG5-600x426.png 600w, https:\/\/cursosonline.cbr.org.br\/wp-content\/uploads\/2024\/05\/whatsapp_PNG5.png 1600w\" sizes=\"(max-width: 300px) 100vw, 300px\" \/>\t\t\t\t\t\t\t\t<\/a>\n\t\t\t\t\t\t\t\t\t\t\t\t\t\t\t<\/div>\n\t\t\t\t<\/div>\n\t\t\t\t\t<\/div>\n\t\t<\/div>\n\t\t\t\t<div class=\"elementor-column elementor-col-33 elementor-top-column elementor-element elementor-element-2d8bc0b8\" data-id=\"2d8bc0b8\" data-element_type=\"column\">\n\t\t\t<div class=\"elementor-widget-wrap\">\n\t\t\t\t\t\t\t<\/div>\n\t\t<\/div>\n\t\t\t\t\t<\/div>\n\t\t<\/section>\n\t\t\t\t<section class=\"elementor-section elementor-top-section elementor-element elementor-element-3880411c elementor-section-boxed elementor-section-height-default elementor-section-height-default\" data-id=\"3880411c\" data-element_type=\"section\">\n\t\t\t\t\t\t<div class=\"elementor-container elementor-column-gap-default\">\n\t\t\t\t\t<div class=\"elementor-column elementor-col-25 elementor-top-column elementor-element elementor-element-1db03a73\" data-id=\"1db03a73\" data-element_type=\"column\">\n\t\t\t<div class=\"elementor-widget-wrap\">\n\t\t\t\t\t\t\t<\/div>\n\t\t<\/div>\n\t\t\t\t<div class=\"elementor-column elementor-col-50 elementor-top-column elementor-element elementor-element-743b718b\" data-id=\"743b718b\" data-element_type=\"column\">\n\t\t\t<div class=\"elementor-widget-wrap elementor-element-populated\">\n\t\t\t\t\t\t<div class=\"elementor-element elementor-element-4d51717a elementor-widget elementor-widget-text-editor\" data-id=\"4d51717a\" data-element_type=\"widget\" data-widget_type=\"text-editor.default\">\n\t\t\t\t<div class=\"elementor-widget-container\">\n\t\t\t\t\t\t\t\t\t<p style=\"text-align: center\"><strong>Having trouble accessing the training?<\/strong><\/p>\t\t\t\t\t\t\t\t<\/div>\n\t\t\t\t<\/div>\n\t\t\t\t\t<\/div>\n\t\t<\/div>\n\t\t\t\t<div class=\"elementor-column elementor-col-25 elementor-top-column elementor-element elementor-element-16304827\" data-id=\"16304827\" data-element_type=\"column\">\n\t\t\t<div class=\"elementor-widget-wrap\">\n\t\t\t\t\t\t\t<\/div>\n\t\t<\/div>\n\t\t\t\t\t<\/div>\n\t\t<\/section>\n\t\t\t\t<\/div>","protected":false},"excerpt":{"rendered":"<h4><strong>GENERAL INFORMATION:<\/strong><\/h4>\n<p><strong>Workload: 2 hours<br \/>\n<\/strong><strong>Format: Virtual - Live (Recorded lessons available)<\/strong><\/p>\n<p>Held on March 6 and 13, 2024, the Padi Symposium: Safety in Magnetic Resonance Imaging was created at the request of many services and professionals who work in the segment, and who have many doubts and difficulties regarding safe practices in this process. Sign up now and don't miss this opportunity to watch the recorded lectures and gain knowledge from experienced professionals in the field. We look forward to seeing you!<\/p>\n<div class=\"woocommerce-product-details__short-description\">\n<p style=\"text-align: center;\"><strong>Having trouble accessing the training?<\/strong><\/p>\n<\/div>\n<p>&nbsp;<\/p>","protected":false},"featured_media":8995,"template":"","meta":[],"product_brand":[],"product_cat":[17,93],"product_tag":[64,66,62,65,63],"class_list":{"0":"post-3436","1":"product","2":"type-product","3":"status-publish","4":"has-post-thumbnail","6":"product_cat-cbr-clinicas","7":"product_cat-eventosqualidade","8":"product_tag-clinicas","9":"product_tag-magnetica","10":"product_tag-padi","11":"product_tag-ressoancia","12":"product_tag-simposio","14":"first","15":"instock","16":"taxable","17":"shipping-taxable","18":"purchasable","19":"product-type-variable"},"_links":{"self":[{"href":"https:\/\/cursosonline.cbr.org.br\/en\/wp-json\/wp\/v2\/product\/3436","targetHints":{"allow":["GET"]}}],"collection":[{"href":"https:\/\/cursosonline.cbr.org.br\/en\/wp-json\/wp\/v2\/product"}],"about":[{"href":"https:\/\/cursosonline.cbr.org.br\/en\/wp-json\/wp\/v2\/types\/product"}],"version-history":[{"count":76,"href":"https:\/\/cursosonline.cbr.org.br\/en\/wp-json\/wp\/v2\/product\/3436\/revisions"}],"predecessor-version":[{"id":33286,"href":"https:\/\/cursosonline.cbr.org.br\/en\/wp-json\/wp\/v2\/product\/3436\/revisions\/33286"}],"wp:featuredmedia":[{"embeddable":true,"href":"https:\/\/cursosonline.cbr.org.br\/en\/wp-json\/wp\/v2\/media\/8995"}],"wp:attachment":[{"href":"https:\/\/cursosonline.cbr.org.br\/en\/wp-json\/wp\/v2\/media?parent=3436"}],"wp:term":[{"taxonomy":"product_brand","embeddable":true,"href":"https:\/\/cursosonline.cbr.org.br\/en\/wp-json\/wp\/v2\/product_brand?post=3436"},{"taxonomy":"product_cat","embeddable":true,"href":"https:\/\/cursosonline.cbr.org.br\/en\/wp-json\/wp\/v2\/product_cat?post=3436"},{"taxonomy":"product_tag","embeddable":true,"href":"https:\/\/cursosonline.cbr.org.br\/en\/wp-json\/wp\/v2\/product_tag?post=3436"}],"curies":[{"name":"wp","href":"https:\/\/api.w.org\/{rel}","templated":true}]}}