{"id":5476,"date":"2024-04-01T11:50:35","date_gmt":"2024-04-01T14:50:35","guid":{"rendered":"https:\/\/cursosonline.cbr.org.br\/?post_type=product&#038;p=5476"},"modified":"2026-03-12T10:19:45","modified_gmt":"2026-03-12T13:19:45","slug":"certificado-webinar-padi-modelo","status":"publish","type":"product","link":"https:\/\/cursosonline.cbr.org.br\/en\/curso\/certificado-webinar-padi-modelo\/","title":{"rendered":"Padi 2024 Webinar Certificates"},"content":{"rendered":"<div data-elementor-type=\"product-post\" data-elementor-id=\"5476\" class=\"elementor elementor-5476\" data-elementor-post-type=\"product\">\n\t\t\t\t\t\t<section class=\"elementor-section elementor-top-section elementor-element elementor-element-52dd2e45 elementor-section-boxed elementor-section-height-default elementor-section-height-default\" data-id=\"52dd2e45\" data-element_type=\"section\">\n\t\t\t\t\t\t<div class=\"elementor-container elementor-column-gap-default\">\n\t\t\t\t\t<div class=\"elementor-column elementor-col-100 elementor-top-column elementor-element elementor-element-3e496e72\" data-id=\"3e496e72\" data-element_type=\"column\">\n\t\t\t<div class=\"elementor-widget-wrap elementor-element-populated\">\n\t\t\t\t\t\t<div class=\"elementor-element elementor-element-99fd8b6 elementor-widget elementor-widget-text-editor\" data-id=\"99fd8b6\" data-element_type=\"widget\" data-widget_type=\"text-editor.default\">\n\t\t\t\t<div class=\"elementor-widget-container\">\n\t\t\t\t\t\t\t\t\t<p>Get your certificate of participation in the 2024 PADI Webinar here.<\/p><p>The certificate will be sent by e-mail after payment and proof of access to the Webinar in the Canvas system.<\/p><p>PLEASE NOTE: PAYMENT ALONE DOES NOT GUARANTEE THAT THE CERTIFICATE WILL BE SENT. YOU MUST REGISTER FOR THE WEBINAR, WATCH THE VIDEO AND COMPLETE THE SATISFACTION SURVEY.<\/p>\t\t\t\t\t\t\t\t<\/div>\n\t\t\t\t<\/div>\n\t\t\t\t\t<\/div>\n\t\t<\/div>\n\t\t\t\t\t<\/div>\n\t\t<\/section>\n\t\t\t\t<\/div>","protected":false},"excerpt":{"rendered":"<p>Adquira aqui o certificado de participa\u00e7\u00e3o da Webinar PADI do ano de 2024. O certificado ser\u00e1 enviado por e-mail ap\u00f3s pagamento e comprova\u00e7\u00e3o de acesso \u00e0 Webinar no sistema Canvas. ATEN\u00c7\u00c3O: SOMENTE O PAGAMENTO N\u00c3O GARANTE O ENVIO DO CERTIFICADO. \u00c9 NECESS\u00c1RIO SE CADASTRAR NA WEBINAR, ASSISTIR AO V\u00cdDEO E RESPONDER A PESQUISA DE SATISFA\u00c7\u00c3O.<\/p>","protected":false},"featured_media":5517,"template":"","meta":[],"product_brand":[],"product_cat":[17,29],"product_tag":[],"class_list":{"0":"post-5476","1":"product","2":"type-product","3":"status-publish","4":"has-post-thumbnail","6":"product_cat-cbr-clinicas","7":"product_cat-webinars","9":"first","10":"instock","11":"purchasable","12":"product-type-variable"},"_links":{"self":[{"href":"https:\/\/cursosonline.cbr.org.br\/en\/wp-json\/wp\/v2\/product\/5476","targetHints":{"allow":["GET"]}}],"collection":[{"href":"https:\/\/cursosonline.cbr.org.br\/en\/wp-json\/wp\/v2\/product"}],"about":[{"href":"https:\/\/cursosonline.cbr.org.br\/en\/wp-json\/wp\/v2\/types\/product"}],"version-history":[{"count":17,"href":"https:\/\/cursosonline.cbr.org.br\/en\/wp-json\/wp\/v2\/product\/5476\/revisions"}],"predecessor-version":[{"id":33285,"href":"https:\/\/cursosonline.cbr.org.br\/en\/wp-json\/wp\/v2\/product\/5476\/revisions\/33285"}],"wp:featuredmedia":[{"embeddable":true,"href":"https:\/\/cursosonline.cbr.org.br\/en\/wp-json\/wp\/v2\/media\/5517"}],"wp:attachment":[{"href":"https:\/\/cursosonline.cbr.org.br\/en\/wp-json\/wp\/v2\/media?parent=5476"}],"wp:term":[{"taxonomy":"product_brand","embeddable":true,"href":"https:\/\/cursosonline.cbr.org.br\/en\/wp-json\/wp\/v2\/product_brand?post=5476"},{"taxonomy":"product_cat","embeddable":true,"href":"https:\/\/cursosonline.cbr.org.br\/en\/wp-json\/wp\/v2\/product_cat?post=5476"},{"taxonomy":"product_tag","embeddable":true,"href":"https:\/\/cursosonline.cbr.org.br\/en\/wp-json\/wp\/v2\/product_tag?post=5476"}],"curies":[{"name":"wp","href":"https:\/\/api.w.org\/{rel}","templated":true}]}}