{"id":5498,"date":"2024-04-01T15:48:24","date_gmt":"2024-04-01T18:48:24","guid":{"rendered":"https:\/\/cursosonline.cbr.org.br\/?post_type=product&#038;p=5498"},"modified":"2026-03-12T10:15:09","modified_gmt":"2026-03-12T13:15:09","slug":"sig-abdome-edicao-abril-2024-ufrj","status":"publish","type":"product","link":"https:\/\/cursosonline.cbr.org.br\/en\/curso\/sig-abdome-edicao-abril-2024-ufrj\/","title":{"rendered":"Sig Abdome | On Demand - Presentation and Discussion of Clinical Cases UFRJ | April\/2024"},"content":{"rendered":"<div data-elementor-type=\"product-post\" data-elementor-id=\"5498\" class=\"elementor elementor-5498\" data-elementor-post-type=\"product\">\n\t\t\t\t\t\t<section class=\"elementor-section elementor-top-section elementor-element elementor-element-6a116d9 elementor-section-boxed elementor-section-height-default elementor-section-height-default\" data-id=\"6a116d9\" data-element_type=\"section\">\n\t\t\t\t\t\t<div class=\"elementor-container elementor-column-gap-default\">\n\t\t\t\t\t<div class=\"elementor-column elementor-col-100 elementor-top-column elementor-element elementor-element-a8e5df4\" data-id=\"a8e5df4\" data-element_type=\"column\">\n\t\t\t<div class=\"elementor-widget-wrap elementor-element-populated\">\n\t\t\t\t\t\t<div class=\"elementor-element elementor-element-ce7b513 elementor-widget elementor-widget-text-editor\" data-id=\"ce7b513\" data-element_type=\"widget\" data-widget_type=\"text-editor.default\">\n\t\t\t\t<div class=\"elementor-widget-container\">\n\t\t\t\t\t\t\t\t\t<p><span style=\"font-family: Montserrat, sans-serif;color: var( --e-global-color-text );font-weight: var( --e-global-typography-text-font-weight );font-size: var(--bs-body-font-size);text-align: var(--bs-body-text-align)\">Follow the On Demand content of this March edition of Sig Adbome with a discussion of cases from the UFRJ institution.<\/span><\/p><p><img fetchpriority=\"high\" decoding=\"async\" class=\"aligncenter wp-image-10107\" src=\"https:\/\/cursosonline.cbr.org.br\/wp-content\/uploads\/2024\/06\/Post-Quadrado_Apresentacao-e-discussao-de-casos-clinicos-1.jpg\" alt=\"\" width=\"600\" height=\"600\" srcset=\"https:\/\/cursosonline.cbr.org.br\/wp-content\/uploads\/2024\/06\/Post-Quadrado_Apresentacao-e-discussao-de-casos-clinicos-1.jpg 1000w, https:\/\/cursosonline.cbr.org.br\/wp-content\/uploads\/2024\/06\/Post-Quadrado_Apresentacao-e-discussao-de-casos-clinicos-1-300x300.jpg 300w, https:\/\/cursosonline.cbr.org.br\/wp-content\/uploads\/2024\/06\/Post-Quadrado_Apresentacao-e-discussao-de-casos-clinicos-1-150x150.jpg 150w, https:\/\/cursosonline.cbr.org.br\/wp-content\/uploads\/2024\/06\/Post-Quadrado_Apresentacao-e-discussao-de-casos-clinicos-1-768x768.jpg 768w, https:\/\/cursosonline.cbr.org.br\/wp-content\/uploads\/2024\/06\/Post-Quadrado_Apresentacao-e-discussao-de-casos-clinicos-1-600x600.jpg 600w, https:\/\/cursosonline.cbr.org.br\/wp-content\/uploads\/2024\/06\/Post-Quadrado_Apresentacao-e-discussao-de-casos-clinicos-1-100x100.jpg 100w\" sizes=\"(max-width: 600px) 100vw, 600px\" \/><\/p>\t\t\t\t\t\t\t\t<\/div>\n\t\t\t\t<\/div>\n\t\t\t\t\t<\/div>\n\t\t<\/div>\n\t\t\t\t\t<\/div>\n\t\t<\/section>\n\t\t\t\t<section class=\"elementor-section elementor-top-section elementor-element elementor-element-2897597 elementor-section-boxed elementor-section-height-default elementor-section-height-default\" data-id=\"2897597\" data-element_type=\"section\">\n\t\t\t\t\t\t<div class=\"elementor-container elementor-column-gap-default\">\n\t\t\t\t\t<div class=\"elementor-column elementor-col-33 elementor-top-column elementor-element elementor-element-6c6cf516\" data-id=\"6c6cf516\" data-element_type=\"column\">\n\t\t\t<div class=\"elementor-widget-wrap\">\n\t\t\t\t\t\t\t<\/div>\n\t\t<\/div>\n\t\t\t\t<div class=\"elementor-column elementor-col-33 elementor-top-column elementor-element elementor-element-1676b9af\" data-id=\"1676b9af\" data-element_type=\"column\">\n\t\t\t<div class=\"elementor-widget-wrap elementor-element-populated\">\n\t\t\t\t\t\t<div class=\"elementor-element elementor-element-5756d6df elementor-widget__width-initial elementor-widget elementor-widget-image\" data-id=\"5756d6df\" data-element_type=\"widget\" data-widget_type=\"image.default\">\n\t\t\t\t<div class=\"elementor-widget-container\">\n\t\t\t\t\t\t\t\t\t\t\t\t\t\t\t\t<a href=\"https:\/\/api.whatsapp.com\/send\/?phone=5511978559677&#038;text=Ol%C3%A1%2C+Estou%20com%20d\u00favidas%20sobre%20o%20%20treinamento%20Sig%20Abdome%20|%20On%20Demand%20\u2013%20Apresenta\u00e7\u00e3o%20e%20Discuss\u00e3o%20de%20Casos%20Cl\u00ednicos%20UFRJ%20|%20Abril\/2024%20&#038;type=phone_number&#038;app_absent=0\" target=\"_blank\">\n\t\t\t\t\t\t\t<img decoding=\"async\" width=\"300\" height=\"213\" src=\"https:\/\/cursosonline.cbr.org.br\/wp-content\/uploads\/2024\/05\/whatsapp_PNG5-300x213.png\" class=\"attachment-medium size-medium wp-image-7548\" alt=\"\" srcset=\"https:\/\/cursosonline.cbr.org.br\/wp-content\/uploads\/2024\/05\/whatsapp_PNG5-300x213.png 300w, https:\/\/cursosonline.cbr.org.br\/wp-content\/uploads\/2024\/05\/whatsapp_PNG5-1024x727.png 1024w, https:\/\/cursosonline.cbr.org.br\/wp-content\/uploads\/2024\/05\/whatsapp_PNG5-768x545.png 768w, https:\/\/cursosonline.cbr.org.br\/wp-content\/uploads\/2024\/05\/whatsapp_PNG5-1536x1091.png 1536w, https:\/\/cursosonline.cbr.org.br\/wp-content\/uploads\/2024\/05\/whatsapp_PNG5-600x426.png 600w, https:\/\/cursosonline.cbr.org.br\/wp-content\/uploads\/2024\/05\/whatsapp_PNG5.png 1600w\" sizes=\"(max-width: 300px) 100vw, 300px\" \/>\t\t\t\t\t\t\t\t<\/a>\n\t\t\t\t\t\t\t\t\t\t\t\t\t\t\t<\/div>\n\t\t\t\t<\/div>\n\t\t\t\t\t<\/div>\n\t\t<\/div>\n\t\t\t\t<div class=\"elementor-column elementor-col-33 elementor-top-column elementor-element elementor-element-582586f6\" data-id=\"582586f6\" data-element_type=\"column\">\n\t\t\t<div class=\"elementor-widget-wrap\">\n\t\t\t\t\t\t\t<\/div>\n\t\t<\/div>\n\t\t\t\t\t<\/div>\n\t\t<\/section>\n\t\t\t\t<section class=\"elementor-section elementor-top-section elementor-element elementor-element-1920be6f elementor-section-boxed elementor-section-height-default elementor-section-height-default\" data-id=\"1920be6f\" data-element_type=\"section\">\n\t\t\t\t\t\t<div class=\"elementor-container elementor-column-gap-default\">\n\t\t\t\t\t<div class=\"elementor-column elementor-col-25 elementor-top-column elementor-element elementor-element-20763c14\" data-id=\"20763c14\" data-element_type=\"column\">\n\t\t\t<div class=\"elementor-widget-wrap\">\n\t\t\t\t\t\t\t<\/div>\n\t\t<\/div>\n\t\t\t\t<div class=\"elementor-column elementor-col-50 elementor-top-column elementor-element elementor-element-13319f0a\" data-id=\"13319f0a\" data-element_type=\"column\">\n\t\t\t<div class=\"elementor-widget-wrap elementor-element-populated\">\n\t\t\t\t\t\t<div class=\"elementor-element elementor-element-3b456cd0 elementor-widget elementor-widget-text-editor\" data-id=\"3b456cd0\" data-element_type=\"widget\" data-widget_type=\"text-editor.default\">\n\t\t\t\t<div class=\"elementor-widget-container\">\n\t\t\t\t\t\t\t\t\t<p style=\"text-align: center\"><strong>Having trouble accessing the training?<\/strong><\/p>\t\t\t\t\t\t\t\t<\/div>\n\t\t\t\t<\/div>\n\t\t\t\t\t<\/div>\n\t\t<\/div>\n\t\t\t\t<div class=\"elementor-column elementor-col-25 elementor-top-column elementor-element elementor-element-a01686f\" data-id=\"a01686f\" data-element_type=\"column\">\n\t\t\t<div class=\"elementor-widget-wrap\">\n\t\t\t\t\t\t\t<\/div>\n\t\t<\/div>\n\t\t\t\t\t<\/div>\n\t\t<\/section>\n\t\t\t\t<\/div>","protected":false},"excerpt":{"rendered":"<p data-pm-slice=\"1 1 []\"><strong>On Demand Content \ud83d\udcf9<\/strong><\/p>\n<p>Did you miss our April Abdomen Special Interest Group (SIG), or do you want to relive the most important moments? Don't worry, you can now access all the content of the event On Demand, whenever and wherever you want.<\/p>\n<p><strong style=\"font-family: inherit;\">FREE FOR CBR MEMBERS<\/strong><\/p>","protected":false},"featured_media":10046,"template":"","meta":[],"product_brand":[],"product_cat":[18,40,87],"product_tag":[],"class_list":{"0":"post-5498","1":"product","2":"type-product","3":"status-publish","4":"has-post-thumbnail","6":"product_cat-cbr-educa","7":"product_cat-sigs","8":"product_cat-sigabdome","10":"first","11":"instock","12":"virtual","13":"sold-individually","14":"taxable","15":"purchasable","16":"product-type-simple"},"_links":{"self":[{"href":"https:\/\/cursosonline.cbr.org.br\/en\/wp-json\/wp\/v2\/product\/5498","targetHints":{"allow":["GET"]}}],"collection":[{"href":"https:\/\/cursosonline.cbr.org.br\/en\/wp-json\/wp\/v2\/product"}],"about":[{"href":"https:\/\/cursosonline.cbr.org.br\/en\/wp-json\/wp\/v2\/types\/product"}],"version-history":[{"count":30,"href":"https:\/\/cursosonline.cbr.org.br\/en\/wp-json\/wp\/v2\/product\/5498\/revisions"}],"predecessor-version":[{"id":33252,"href":"https:\/\/cursosonline.cbr.org.br\/en\/wp-json\/wp\/v2\/product\/5498\/revisions\/33252"}],"wp:featuredmedia":[{"embeddable":true,"href":"https:\/\/cursosonline.cbr.org.br\/en\/wp-json\/wp\/v2\/media\/10046"}],"wp:attachment":[{"href":"https:\/\/cursosonline.cbr.org.br\/en\/wp-json\/wp\/v2\/media?parent=5498"}],"wp:term":[{"taxonomy":"product_brand","embeddable":true,"href":"https:\/\/cursosonline.cbr.org.br\/en\/wp-json\/wp\/v2\/product_brand?post=5498"},{"taxonomy":"product_cat","embeddable":true,"href":"https:\/\/cursosonline.cbr.org.br\/en\/wp-json\/wp\/v2\/product_cat?post=5498"},{"taxonomy":"product_tag","embeddable":true,"href":"https:\/\/cursosonline.cbr.org.br\/en\/wp-json\/wp\/v2\/product_tag?post=5498"}],"curies":[{"name":"wp","href":"https:\/\/api.w.org\/{rel}","templated":true}]}}