{"id":8711,"date":"2024-05-28T17:23:40","date_gmt":"2024-05-28T20:23:40","guid":{"rendered":"https:\/\/cursosonline.cbr.org.br\/?post_type=product&#038;p=8711"},"modified":"2026-03-12T10:39:18","modified_gmt":"2026-03-12T13:39:18","slug":"webinar-humanismo-e-tecnologia-construindo-a-relacao-medico-paciente-na-era-da-inteligencia-artificial","status":"publish","type":"product","link":"https:\/\/cursosonline.cbr.org.br\/en\/curso\/webinar-humanismo-e-tecnologia-construindo-a-relacao-medico-paciente-na-era-da-inteligencia-artificial\/","title":{"rendered":"Webinar - Humanism and Technology: building the doctor-patient relationship in the age of Artificial Intelligence"},"content":{"rendered":"<div data-elementor-type=\"product-post\" data-elementor-id=\"8711\" class=\"elementor elementor-8711\" data-elementor-post-type=\"product\">\n\t\t\t\t\t\t<section class=\"elementor-section elementor-top-section elementor-element elementor-element-251d7d67 elementor-section-boxed elementor-section-height-default elementor-section-height-default\" data-id=\"251d7d67\" data-element_type=\"section\">\n\t\t\t\t\t\t<div class=\"elementor-container elementor-column-gap-default\">\n\t\t\t\t\t<div class=\"elementor-column elementor-col-100 elementor-top-column elementor-element elementor-element-2f2f8388\" data-id=\"2f2f8388\" data-element_type=\"column\">\n\t\t\t<div class=\"elementor-widget-wrap elementor-element-populated\">\n\t\t\t\t\t\t<div class=\"elementor-element elementor-element-39a55807 elementor-widget elementor-widget-text-editor\" data-id=\"39a55807\" data-element_type=\"widget\" data-settings=\"{&quot;motion_fx_motion_fx_scrolling&quot;:&quot;yes&quot;,&quot;motion_fx_devices&quot;:[&quot;desktop&quot;,&quot;tablet&quot;,&quot;mobile&quot;]}\" data-widget_type=\"text-editor.default\">\n\t\t\t\t<div class=\"elementor-widget-container\">\n\t\t\t\t\t\t\t\t\t<p><img fetchpriority=\"high\" decoding=\"async\" class=\"size-large wp-image-16246 aligncenter\" src=\"https:\/\/cursosonline.cbr.org.br\/wp-content\/uploads\/2024\/05\/banner-Webinares-Culturais-Humanismo-e-Tecnologia_1362x444-1024x334.jpg\" alt=\"\" width=\"800\" height=\"261\" srcset=\"https:\/\/cursosonline.cbr.org.br\/wp-content\/uploads\/2024\/05\/banner-Webinares-Culturais-Humanismo-e-Tecnologia_1362x444-1024x334.jpg 1024w, https:\/\/cursosonline.cbr.org.br\/wp-content\/uploads\/2024\/05\/banner-Webinares-Culturais-Humanismo-e-Tecnologia_1362x444-300x98.jpg 300w, https:\/\/cursosonline.cbr.org.br\/wp-content\/uploads\/2024\/05\/banner-Webinares-Culturais-Humanismo-e-Tecnologia_1362x444-768x250.jpg 768w, https:\/\/cursosonline.cbr.org.br\/wp-content\/uploads\/2024\/05\/banner-Webinares-Culturais-Humanismo-e-Tecnologia_1362x444-600x196.jpg 600w, https:\/\/cursosonline.cbr.org.br\/wp-content\/uploads\/2024\/05\/banner-Webinares-Culturais-Humanismo-e-Tecnologia_1362x444.jpg 1362w\" sizes=\"(max-width: 800px) 100vw, 800px\" \/><\/p><p>\u00a0<\/p><p style=\"text-align: center\">The doctor-patient relationship is one of the fundamental pillars of medical practice. In radiology, this interaction has an even greater and unique importance. It can influence both the results and the patient experience.<\/p><p style=\"text-align: center\">With the introduction of artificial intelligence (AI), humanization has become even more relevant. AI can improve the accuracy of diagnoses, but it cannot replace human empathy and communication.<\/p><p style=\"text-align: center\">Radiologists who are able to integrate these technologies in a way that complements, rather than replaces, human interaction will be better placed to provide high-quality care.<\/p><p style=\"text-align: center\">Don't miss this unique opportunity to hone your skills and prepare for the future of radiology.<\/p><hr \/><p>\u00a0<\/p><p>\u00a0<\/p><p><img decoding=\"async\" class=\"aligncenter wp-image-8739\" src=\"https:\/\/cursosonline.cbr.org.br\/wp-content\/uploads\/2024\/05\/WhatsApp-Image-2024-05-27-at-16.52.27-1-1.jpeg\" alt=\"\" width=\"600\" height=\"600\" srcset=\"https:\/\/cursosonline.cbr.org.br\/wp-content\/uploads\/2024\/05\/WhatsApp-Image-2024-05-27-at-16.52.27-1-1.jpeg 1000w, https:\/\/cursosonline.cbr.org.br\/wp-content\/uploads\/2024\/05\/WhatsApp-Image-2024-05-27-at-16.52.27-1-1-300x300.jpeg 300w, https:\/\/cursosonline.cbr.org.br\/wp-content\/uploads\/2024\/05\/WhatsApp-Image-2024-05-27-at-16.52.27-1-1-150x150.jpeg 150w, https:\/\/cursosonline.cbr.org.br\/wp-content\/uploads\/2024\/05\/WhatsApp-Image-2024-05-27-at-16.52.27-1-1-768x768.jpeg 768w, https:\/\/cursosonline.cbr.org.br\/wp-content\/uploads\/2024\/05\/WhatsApp-Image-2024-05-27-at-16.52.27-1-1-600x600.jpeg 600w, https:\/\/cursosonline.cbr.org.br\/wp-content\/uploads\/2024\/05\/WhatsApp-Image-2024-05-27-at-16.52.27-1-1-100x100.jpeg 100w\" sizes=\"(max-width: 600px) 100vw, 600px\" \/><\/p><hr \/><p><img decoding=\"async\" class=\"aligncenter wp-image-8740\" src=\"https:\/\/cursosonline.cbr.org.br\/wp-content\/uploads\/2024\/05\/WhatsApp-Image-2024-05-27-at-16.52.28.jpeg\" alt=\"\" width=\"600\" height=\"600\" srcset=\"https:\/\/cursosonline.cbr.org.br\/wp-content\/uploads\/2024\/05\/WhatsApp-Image-2024-05-27-at-16.52.28.jpeg 1000w, https:\/\/cursosonline.cbr.org.br\/wp-content\/uploads\/2024\/05\/WhatsApp-Image-2024-05-27-at-16.52.28-300x300.jpeg 300w, https:\/\/cursosonline.cbr.org.br\/wp-content\/uploads\/2024\/05\/WhatsApp-Image-2024-05-27-at-16.52.28-150x150.jpeg 150w, https:\/\/cursosonline.cbr.org.br\/wp-content\/uploads\/2024\/05\/WhatsApp-Image-2024-05-27-at-16.52.28-768x768.jpeg 768w, https:\/\/cursosonline.cbr.org.br\/wp-content\/uploads\/2024\/05\/WhatsApp-Image-2024-05-27-at-16.52.28-600x600.jpeg 600w, https:\/\/cursosonline.cbr.org.br\/wp-content\/uploads\/2024\/05\/WhatsApp-Image-2024-05-27-at-16.52.28-100x100.jpeg 100w\" sizes=\"(max-width: 600px) 100vw, 600px\" \/><\/p><hr \/><p><img loading=\"lazy\" decoding=\"async\" class=\"aligncenter wp-image-8741\" src=\"https:\/\/cursosonline.cbr.org.br\/wp-content\/uploads\/2024\/05\/WhatsApp-Image-2024-05-27-at-16.52.28-1.jpeg\" alt=\"\" width=\"600\" height=\"600\" srcset=\"https:\/\/cursosonline.cbr.org.br\/wp-content\/uploads\/2024\/05\/WhatsApp-Image-2024-05-27-at-16.52.28-1.jpeg 1000w, https:\/\/cursosonline.cbr.org.br\/wp-content\/uploads\/2024\/05\/WhatsApp-Image-2024-05-27-at-16.52.28-1-300x300.jpeg 300w, https:\/\/cursosonline.cbr.org.br\/wp-content\/uploads\/2024\/05\/WhatsApp-Image-2024-05-27-at-16.52.28-1-150x150.jpeg 150w, https:\/\/cursosonline.cbr.org.br\/wp-content\/uploads\/2024\/05\/WhatsApp-Image-2024-05-27-at-16.52.28-1-768x768.jpeg 768w, https:\/\/cursosonline.cbr.org.br\/wp-content\/uploads\/2024\/05\/WhatsApp-Image-2024-05-27-at-16.52.28-1-600x600.jpeg 600w, https:\/\/cursosonline.cbr.org.br\/wp-content\/uploads\/2024\/05\/WhatsApp-Image-2024-05-27-at-16.52.28-1-100x100.jpeg 100w\" sizes=\"(max-width: 600px) 100vw, 600px\" \/><\/p>\t\t\t\t\t\t\t\t<\/div>\n\t\t\t\t<\/div>\n\t\t\t\t\t<\/div>\n\t\t<\/div>\n\t\t\t\t\t<\/div>\n\t\t<\/section>\n\t\t\t\t<section class=\"elementor-section elementor-top-section elementor-element elementor-element-793b2ef elementor-section-boxed elementor-section-height-default elementor-section-height-default\" data-id=\"793b2ef\" data-element_type=\"section\">\n\t\t\t\t\t\t<div class=\"elementor-container elementor-column-gap-default\">\n\t\t\t\t\t<div class=\"elementor-column elementor-col-100 elementor-top-column elementor-element elementor-element-f35e560\" data-id=\"f35e560\" data-element_type=\"column\">\n\t\t\t<div class=\"elementor-widget-wrap\">\n\t\t\t\t\t\t\t<\/div>\n\t\t<\/div>\n\t\t\t\t\t<\/div>\n\t\t<\/section>\n\t\t\t\t<section class=\"elementor-section elementor-top-section elementor-element elementor-element-05c2798 elementor-section-boxed elementor-section-height-default elementor-section-height-default\" data-id=\"05c2798\" data-element_type=\"section\">\n\t\t\t\t\t\t<div class=\"elementor-container elementor-column-gap-default\">\n\t\t\t\t\t<div class=\"elementor-column elementor-col-100 elementor-top-column elementor-element elementor-element-47a6e07\" data-id=\"47a6e07\" data-element_type=\"column\">\n\t\t\t<div class=\"elementor-widget-wrap elementor-element-populated\">\n\t\t\t\t\t\t\t<\/div>\n\t\t<\/div>\n\t\t\t\t\t<\/div>\n\t\t<\/section>\n\t\t\t\t<\/div>","protected":false},"excerpt":{"rendered":"<p>A rela\u00e7\u00e3o m\u00e9dico-paciente \u00e9 um dos pilares fundamentais\u00a0 da pr\u00e1tica m\u00e9dica. Na radiologia essa intera\u00e7\u00e3o tem uma import\u00e2ncia ainda maior e singular. Pode influenciar tanto os resultados quanto a experi\u00eancia do paciente. Com a introdu\u00e7\u00e3o da intelig\u00eancia artificial (IA), a humaniza\u00e7\u00e3o tem se tornado ainda mais relevante. A IA pode melhorar a precis\u00e3o dos diagn\u00f3sticos, [&hellip;]<\/p>","protected":false},"featured_media":9072,"template":"","meta":[],"product_brand":[],"product_cat":[99],"product_tag":[],"class_list":{"0":"post-8711","1":"product","2":"type-product","3":"status-publish","4":"has-post-thumbnail","6":"product_cat-sociedade","8":"first","9":"instock","10":"virtual","11":"taxable","12":"purchasable","13":"product-type-simple"},"_links":{"self":[{"href":"https:\/\/cursosonline.cbr.org.br\/en\/wp-json\/wp\/v2\/product\/8711","targetHints":{"allow":["GET"]}}],"collection":[{"href":"https:\/\/cursosonline.cbr.org.br\/en\/wp-json\/wp\/v2\/product"}],"about":[{"href":"https:\/\/cursosonline.cbr.org.br\/en\/wp-json\/wp\/v2\/types\/product"}],"version-history":[{"count":30,"href":"https:\/\/cursosonline.cbr.org.br\/en\/wp-json\/wp\/v2\/product\/8711\/revisions"}],"predecessor-version":[{"id":33328,"href":"https:\/\/cursosonline.cbr.org.br\/en\/wp-json\/wp\/v2\/product\/8711\/revisions\/33328"}],"wp:featuredmedia":[{"embeddable":true,"href":"https:\/\/cursosonline.cbr.org.br\/en\/wp-json\/wp\/v2\/media\/9072"}],"wp:attachment":[{"href":"https:\/\/cursosonline.cbr.org.br\/en\/wp-json\/wp\/v2\/media?parent=8711"}],"wp:term":[{"taxonomy":"product_brand","embeddable":true,"href":"https:\/\/cursosonline.cbr.org.br\/en\/wp-json\/wp\/v2\/product_brand?post=8711"},{"taxonomy":"product_cat","embeddable":true,"href":"https:\/\/cursosonline.cbr.org.br\/en\/wp-json\/wp\/v2\/product_cat?post=8711"},{"taxonomy":"product_tag","embeddable":true,"href":"https:\/\/cursosonline.cbr.org.br\/en\/wp-json\/wp\/v2\/product_tag?post=8711"}],"curies":[{"name":"wp","href":"https:\/\/api.w.org\/{rel}","templated":true}]}}