{"id":9807,"date":"2024-06-14T11:05:29","date_gmt":"2024-06-14T14:05:29","guid":{"rendered":"https:\/\/cursosonline.cbr.org.br\/?post_type=product&#038;p=9807"},"modified":"2026-03-12T10:12:38","modified_gmt":"2026-03-12T13:12:38","slug":"webinar-ultrassom-hidrodisseccao-e-bloqueio-dos-nervos-perifericos-guiados-pela-ultrassonografia-novos-horizontes-junho-2024","status":"publish","type":"product","link":"https:\/\/cursosonline.cbr.org.br\/en\/curso\/webinar-ultrassom-hidrodisseccao-e-bloqueio-dos-nervos-perifericos-guiados-pela-ultrassonografia-novos-horizontes-junho-2024\/","title":{"rendered":"Ultrasound Webinar | On Demand - Ultrasound-guided hydrodissection and peripheral nerve blocks. New horizons | June\/2024"},"content":{"rendered":"<div data-elementor-type=\"product-post\" data-elementor-id=\"9807\" class=\"elementor elementor-9807\" data-elementor-post-type=\"product\">\n\t\t\t\t\t\t<section class=\"elementor-section elementor-top-section elementor-element elementor-element-fba6a3f elementor-section-boxed elementor-section-height-default elementor-section-height-default\" data-id=\"fba6a3f\" data-element_type=\"section\">\n\t\t\t\t\t\t<div class=\"elementor-container elementor-column-gap-default\">\n\t\t\t\t\t<div class=\"elementor-column elementor-col-100 elementor-top-column elementor-element elementor-element-195ae95\" data-id=\"195ae95\" data-element_type=\"column\">\n\t\t\t<div class=\"elementor-widget-wrap elementor-element-populated\">\n\t\t\t\t\t\t<div class=\"elementor-element elementor-element-4b4cbb1 elementor-widget elementor-widget-text-editor\" data-id=\"4b4cbb1\" data-element_type=\"widget\" data-widget_type=\"text-editor.default\">\n\t\t\t\t<div class=\"elementor-widget-container\">\n\t\t\t\t\t\t\t\t\t<p>Take part in the June edition of the Ultrasound Webinar, a series of videoconferences that bring renowned specialists to address topics of general interest in the field of ultrasound. Lasting one hour, these webinars will take place every four weeks, always on the last Tuesday of the month, from 8pm to 9.30pm (Bras\u00edlia time). Explore relevant cases related to the topic of the day, ask questions and enjoy meaningful interaction, providing a hands-on learning experience. The aim is to offer clear and didactic knowledge, transmitted by dedicated experts, promoting collaboration and improvement in Radiology. Join us for an educational journey, where the expertise of national and international professionals comes together for the teaching and development of Radiology in Brazil.<\/p><p>\u00a0<\/p>\t\t\t\t\t\t\t\t<\/div>\n\t\t\t\t<\/div>\n\t\t\t\t<div class=\"elementor-element elementor-element-2404d76 elementor-arrows-position-inside elementor-pagination-position-outside elementor-widget elementor-widget-image-carousel\" data-id=\"2404d76\" data-element_type=\"widget\" data-settings=\"{&quot;slides_to_show&quot;:&quot;2&quot;,&quot;navigation&quot;:&quot;both&quot;,&quot;autoplay&quot;:&quot;yes&quot;,&quot;pause_on_hover&quot;:&quot;yes&quot;,&quot;pause_on_interaction&quot;:&quot;yes&quot;,&quot;autoplay_speed&quot;:5000,&quot;infinite&quot;:&quot;yes&quot;,&quot;speed&quot;:500}\" data-widget_type=\"image-carousel.default\">\n\t\t\t\t<div class=\"elementor-widget-container\">\n\t\t\t\t\t\t\t<div class=\"elementor-image-carousel-wrapper swiper\" role=\"region\" aria-roledescription=\"carousel\" aria-label=\"Carrusel de im\u00e1genes\" dir=\"ltr\" data-no-translation-aria-label=\"\">\n\t\t\t<div class=\"elementor-image-carousel swiper-wrapper\" aria-live=\"off\">\n\t\t\t\t\t\t\t\t<div class=\"swiper-slide\" role=\"group\" aria-roledescription=\"slide\" aria-label=\"1 de 5\" data-no-translation-aria-label=\"\"><figure class=\"swiper-slide-inner\"><img decoding=\"async\" class=\"swiper-slide-image\" src=\"https:\/\/cursosonline.cbr.org.br\/wp-content\/uploads\/2024\/06\/Post1_WEBINAR-ULTRASSOM_Hidro-disseccao-e-bloqueio-dos-nervos-perifericos-guiados-pela-ultrassonograf-600x600.jpg\" alt=\"Post1_WEBINAR ULTRASSOM_Hidro dissec\u00e7\u00e3o e bloqueio dos nervos perif\u00e9ricos guiados pela ultrassonograf\" \/><\/figure><\/div><div class=\"swiper-slide\" role=\"group\" aria-roledescription=\"slide\" aria-label=\"2 de 5\" data-no-translation-aria-label=\"\"><figure class=\"swiper-slide-inner\"><img decoding=\"async\" class=\"swiper-slide-image\" src=\"https:\/\/cursosonline.cbr.org.br\/wp-content\/uploads\/2024\/06\/Post2_WEBINAR-ULTRASSOM_Hidro-disseccao-e-bloqueio-dos-nervos-perifericos-guiados-pela-ultrassonograf-600x600.jpg\" alt=\"Post2_WEBINAR ULTRASSOM_Hidro dissec\u00e7\u00e3o e bloqueio dos nervos perif\u00e9ricos guiados pela ultrassonograf\" \/><\/figure><\/div><div class=\"swiper-slide\" role=\"group\" aria-roledescription=\"slide\" aria-label=\"3 de 5\" data-no-translation-aria-label=\"\"><figure class=\"swiper-slide-inner\"><img decoding=\"async\" class=\"swiper-slide-image\" src=\"https:\/\/cursosonline.cbr.org.br\/wp-content\/uploads\/2024\/06\/Post3_WEBINAR-ULTRASSOM_Hidro-disseccao-e-bloqueio-dos-nervos-perifericos-guiados-pela-ultrassonograf-600x600.jpg\" alt=\"Post3_WEBINAR ULTRASSOM_Hidro dissec\u00e7\u00e3o e bloqueio dos nervos perif\u00e9ricos guiados pela ultrassonograf\" \/><\/figure><\/div><div class=\"swiper-slide\" role=\"group\" aria-roledescription=\"slide\" aria-label=\"4 de 5\" data-no-translation-aria-label=\"\"><figure class=\"swiper-slide-inner\"><img decoding=\"async\" class=\"swiper-slide-image\" src=\"https:\/\/cursosonline.cbr.org.br\/wp-content\/uploads\/2024\/06\/Post4_WEBINAR-ULTRASSOM_Hidro-disseccao-e-bloqueio-dos-nervos-perifericos-guiados-pela-ultrassonograf-600x600.jpg\" alt=\"Post4_WEBINAR ULTRASSOM_Hidro dissec\u00e7\u00e3o e bloqueio dos nervos perif\u00e9ricos guiados pela ultrassonograf\" \/><\/figure><\/div><div class=\"swiper-slide\" role=\"group\" aria-roledescription=\"slide\" aria-label=\"5 de 5\" data-no-translation-aria-label=\"\"><figure class=\"swiper-slide-inner\"><img decoding=\"async\" class=\"swiper-slide-image\" src=\"https:\/\/cursosonline.cbr.org.br\/wp-content\/uploads\/2024\/06\/Post6_WEBINAR-ULTRASSOM_Hidro-disseccao-e-bloqueio-dos-nervos-perifericos-guiados-pela-ultrassonograf-600x600.jpg\" alt=\"Post6_WEBINAR ULTRASSOM_Hidro dissec\u00e7\u00e3o e bloqueio dos nervos perif\u00e9ricos guiados pela ultrassonograf\" \/><\/figure><\/div>\t\t\t<\/div>\n\t\t\t\t\t\t\t\t\t\t\t\t<div class=\"elementor-swiper-button elementor-swiper-button-prev\" role=\"button\" tabindex=\"0\">\n\t\t\t\t\t\t<i aria-hidden=\"true\" class=\"eicon-chevron-left\"><\/i>\t\t\t\t\t<\/div>\n\t\t\t\t\t<div class=\"elementor-swiper-button elementor-swiper-button-next\" role=\"button\" tabindex=\"0\">\n\t\t\t\t\t\t<i aria-hidden=\"true\" class=\"eicon-chevron-right\"><\/i>\t\t\t\t\t<\/div>\n\t\t\t\t\n\t\t\t\t\t\t\t\t\t<div class=\"swiper-pagination\"><\/div>\n\t\t\t\t\t\t\t\t\t<\/div>\n\t\t\t\t\t\t<\/div>\n\t\t\t\t<\/div>\n\t\t\t\t\t<\/div>\n\t\t<\/div>\n\t\t\t\t\t<\/div>\n\t\t<\/section>\n\t\t\t\t<section class=\"elementor-section elementor-top-section elementor-element elementor-element-7fb511cc elementor-section-boxed elementor-section-height-default elementor-section-height-default\" data-id=\"7fb511cc\" data-element_type=\"section\">\n\t\t\t\t\t\t<div class=\"elementor-container elementor-column-gap-default\">\n\t\t\t\t\t<div class=\"elementor-column elementor-col-33 elementor-top-column elementor-element elementor-element-532d2243\" data-id=\"532d2243\" data-element_type=\"column\">\n\t\t\t<div class=\"elementor-widget-wrap\">\n\t\t\t\t\t\t\t<\/div>\n\t\t<\/div>\n\t\t\t\t<div class=\"elementor-column elementor-col-33 elementor-top-column elementor-element elementor-element-370f9a3e\" data-id=\"370f9a3e\" data-element_type=\"column\">\n\t\t\t<div class=\"elementor-widget-wrap elementor-element-populated\">\n\t\t\t\t\t\t<div class=\"elementor-element elementor-element-71763ea5 elementor-widget__width-initial elementor-widget elementor-widget-image\" data-id=\"71763ea5\" data-element_type=\"widget\" data-widget_type=\"image.default\">\n\t\t\t\t<div class=\"elementor-widget-container\">\n\t\t\t\t\t\t\t\t\t\t\t\t\t\t\t\t<a href=\"https:\/\/api.whatsapp.com\/send\/?phone=5511978559677&#038;text=Ol%C3%A1%2C+Estou%20com%20d\u00favidas%20sobre%20o%20treinamento%20Webinar%20Ultrassom%20|%20On%20Demand%20-%20Hidro%20dissec\u00e7\u00e3o%20e%20bloqueio%20dos%20nervos%20perif\u00e9ricos%20guiados%20pela%20ultrassonografia.%20Novos%20horizontes%20|%20Junho\/2024%20&#038;type=phone_number&#038;app_absent=0\" target=\"_blank\">\n\t\t\t\t\t\t\t<img fetchpriority=\"high\" decoding=\"async\" width=\"300\" height=\"213\" src=\"https:\/\/cursosonline.cbr.org.br\/wp-content\/uploads\/2024\/05\/whatsapp_PNG5-300x213.png\" class=\"attachment-medium size-medium wp-image-7548\" alt=\"\" srcset=\"https:\/\/cursosonline.cbr.org.br\/wp-content\/uploads\/2024\/05\/whatsapp_PNG5-300x213.png 300w, https:\/\/cursosonline.cbr.org.br\/wp-content\/uploads\/2024\/05\/whatsapp_PNG5-1024x727.png 1024w, https:\/\/cursosonline.cbr.org.br\/wp-content\/uploads\/2024\/05\/whatsapp_PNG5-768x545.png 768w, https:\/\/cursosonline.cbr.org.br\/wp-content\/uploads\/2024\/05\/whatsapp_PNG5-1536x1091.png 1536w, https:\/\/cursosonline.cbr.org.br\/wp-content\/uploads\/2024\/05\/whatsapp_PNG5-600x426.png 600w, https:\/\/cursosonline.cbr.org.br\/wp-content\/uploads\/2024\/05\/whatsapp_PNG5.png 1600w\" sizes=\"(max-width: 300px) 100vw, 300px\" \/>\t\t\t\t\t\t\t\t<\/a>\n\t\t\t\t\t\t\t\t\t\t\t\t\t\t\t<\/div>\n\t\t\t\t<\/div>\n\t\t\t\t\t<\/div>\n\t\t<\/div>\n\t\t\t\t<div class=\"elementor-column elementor-col-33 elementor-top-column elementor-element elementor-element-b4bfe2c\" data-id=\"b4bfe2c\" data-element_type=\"column\">\n\t\t\t<div class=\"elementor-widget-wrap\">\n\t\t\t\t\t\t\t<\/div>\n\t\t<\/div>\n\t\t\t\t\t<\/div>\n\t\t<\/section>\n\t\t\t\t<section class=\"elementor-section elementor-top-section elementor-element elementor-element-24178823 elementor-section-boxed elementor-section-height-default elementor-section-height-default\" data-id=\"24178823\" data-element_type=\"section\">\n\t\t\t\t\t\t<div class=\"elementor-container elementor-column-gap-default\">\n\t\t\t\t\t<div class=\"elementor-column elementor-col-25 elementor-top-column elementor-element elementor-element-55cdece5\" data-id=\"55cdece5\" data-element_type=\"column\">\n\t\t\t<div class=\"elementor-widget-wrap\">\n\t\t\t\t\t\t\t<\/div>\n\t\t<\/div>\n\t\t\t\t<div class=\"elementor-column elementor-col-50 elementor-top-column elementor-element elementor-element-1f2a31ca\" data-id=\"1f2a31ca\" data-element_type=\"column\">\n\t\t\t<div class=\"elementor-widget-wrap elementor-element-populated\">\n\t\t\t\t\t\t<div class=\"elementor-element elementor-element-7bca8bc3 elementor-widget elementor-widget-text-editor\" data-id=\"7bca8bc3\" data-element_type=\"widget\" data-widget_type=\"text-editor.default\">\n\t\t\t\t<div class=\"elementor-widget-container\">\n\t\t\t\t\t\t\t\t\t<p style=\"text-align: center\"><strong>Having trouble accessing the training?<\/strong><\/p>\t\t\t\t\t\t\t\t<\/div>\n\t\t\t\t<\/div>\n\t\t\t\t\t<\/div>\n\t\t<\/div>\n\t\t\t\t<div class=\"elementor-column elementor-col-25 elementor-top-column elementor-element elementor-element-49a206a7\" data-id=\"49a206a7\" data-element_type=\"column\">\n\t\t\t<div class=\"elementor-widget-wrap\">\n\t\t\t\t\t\t\t<\/div>\n\t\t<\/div>\n\t\t\t\t\t<\/div>\n\t\t<\/section>\n\t\t\t\t<\/div>","protected":false},"excerpt":{"rendered":"<p>On Demand Content,<\/p>\n<p>You've lost ours <em><strong>Ultrasound Webinar<\/strong><\/em> about <em><strong>Hydrodissection and ultrasound-guided peripheral nerve blocks. New horizons<\/strong><\/em> or want to relive the most important moments? Don't worry, you can now access all the content of the event On Demand, whenever and wherever you want.<\/p>\n<p><strong>FREE FOR CBR MEMBERS<\/strong><\/p>\n<section class=\"elementor-element elementor-element-edit-mode elementor-element-24178823 elementor-section elementor-top-section elementor-section-boxed elementor-section-height-default\" data-id=\"24178823\" data-element_type=\"section\" data-model-cid=\"c58\">\n<div class=\"elementor-container elementor-column-gap-default ui-sortable\">\n<div class=\"elementor-element elementor-element-edit-mode elementor-element-1f2a31ca elementor-element--toggle-edit-tools elementor-column elementor-top-column ui-resizable\" data-id=\"1f2a31ca\" data-element_type=\"column\" data-model-cid=\"c62\" data-col=\"50\">\n<div class=\"elementor-widget-wrap elementor-element-populated ui-sortable\">\n<div class=\"elementor-element elementor-element-edit-mode elementor-element-7bca8bc3 elementor-element--toggle-edit-tools elementor-widget elementor-widget-text-editor ui-resizable\" data-id=\"7bca8bc3\" data-element_type=\"widget\" data-model-cid=\"c63\" data-widget_type=\"text-editor.default\">\n<div class=\"elementor-widget-container\">\n<div class=\"elementor-text-editor elementor-clearfix elementor-inline-editing\" data-elementor-setting-key=\"editor\" data-elementor-inline-editing-toolbar=\"advanced\"><\/div>\n<\/div>\n<\/div>\n<\/div>\n<\/div>\n<\/div>\n<\/section>","protected":false},"featured_media":16130,"template":"","meta":[],"product_brand":[],"product_cat":[18,39],"product_tag":[],"class_list":{"0":"post-9807","1":"product","2":"type-product","3":"status-publish","4":"has-post-thumbnail","6":"product_cat-cbr-educa","7":"product_cat-webinar-cbr-educa","9":"first","10":"instock","11":"virtual","12":"sold-individually","13":"taxable","14":"purchasable","15":"product-type-simple"},"_links":{"self":[{"href":"https:\/\/cursosonline.cbr.org.br\/en\/wp-json\/wp\/v2\/product\/9807","targetHints":{"allow":["GET"]}}],"collection":[{"href":"https:\/\/cursosonline.cbr.org.br\/en\/wp-json\/wp\/v2\/product"}],"about":[{"href":"https:\/\/cursosonline.cbr.org.br\/en\/wp-json\/wp\/v2\/types\/product"}],"version-history":[{"count":30,"href":"https:\/\/cursosonline.cbr.org.br\/en\/wp-json\/wp\/v2\/product\/9807\/revisions"}],"predecessor-version":[{"id":33236,"href":"https:\/\/cursosonline.cbr.org.br\/en\/wp-json\/wp\/v2\/product\/9807\/revisions\/33236"}],"wp:featuredmedia":[{"embeddable":true,"href":"https:\/\/cursosonline.cbr.org.br\/en\/wp-json\/wp\/v2\/media\/16130"}],"wp:attachment":[{"href":"https:\/\/cursosonline.cbr.org.br\/en\/wp-json\/wp\/v2\/media?parent=9807"}],"wp:term":[{"taxonomy":"product_brand","embeddable":true,"href":"https:\/\/cursosonline.cbr.org.br\/en\/wp-json\/wp\/v2\/product_brand?post=9807"},{"taxonomy":"product_cat","embeddable":true,"href":"https:\/\/cursosonline.cbr.org.br\/en\/wp-json\/wp\/v2\/product_cat?post=9807"},{"taxonomy":"product_tag","embeddable":true,"href":"https:\/\/cursosonline.cbr.org.br\/en\/wp-json\/wp\/v2\/product_tag?post=9807"}],"curies":[{"name":"wp","href":"https:\/\/api.w.org\/{rel}","templated":true}]}}