{"id":10379,"date":"2024-06-26T14:25:25","date_gmt":"2024-06-26T17:25:25","guid":{"rendered":"https:\/\/cursosonline.cbr.org.br\/?post_type=product&#038;p=10379"},"modified":"2026-03-12T10:12:25","modified_gmt":"2026-03-12T13:12:25","slug":"webinares-mba-experiencia-do-paciente","status":"publish","type":"product","link":"https:\/\/cursosonline.cbr.org.br\/es\/curso\/webinares-mba-experiencia-do-paciente\/","title":{"rendered":"Webinarios MBA - Experiencia del paciente"},"content":{"rendered":"<p>&nbsp;<\/p>\n<table border=\"0\">\n<tbody>\n<tr>\n<td>\n<h2 style=\"text-align: center;\"><strong>OBJETIVOS<\/strong><\/h2>\n<\/td>\n<\/tr>\n<tr>\n<td style=\"text-align: center;\">Ofrecer una formaci\u00f3n de calidad a los profesionales interesados en comprender y aplicar conceptos, m\u00e9todos y t\u00e9cnicas relacionados con las actividades de gesti\u00f3n en las organizaciones que operan en el sector sanitario. Proporcionar elementos que permitan a los participantes desarrollar una visi\u00f3n cr\u00edtica de las alternativas de valor que posibilita una gesti\u00f3n excelente en el sector sanitario.<\/td>\n<\/tr>\n<\/tbody>\n<\/table>","protected":false},"excerpt":{"rendered":"<p><strong>INFORMACI\u00d3N GENERAL<\/strong><\/p>\n<p><strong>Curso:<\/strong> Experiencia del paciente<br \/>\n<strong>Carga de trabajo:<\/strong> 2 horas<br \/>\n<strong>Formato:<\/strong>\u00a0Curso virtual | grabado<br \/>\n<strong>Destinatarios:<\/strong>\u00a0Profesionales que trabajan en gesti\u00f3n en medicina diagn\u00f3stica.<\/p>\n<p><strong>Gratuito para miembros de CBR\/ABCDI\/clientes de PADI<\/strong><\/p>\n<p style=\"text-align: center;\"><strong style=\"text-align: center;\">\u00bfDificultades para acceder a la formaci\u00f3n?<\/strong><a href=\"https:\/\/api.whatsapp.com\/send\/?phone=5511947954525&amp;text=Ol%C3%A1%2C+%20gostaria%20de%20falar%20sobre%20Est\u00fadio%20ABCDI%202024%20&amp;type=phone_number&amp;app_absent=0\" target=\"_blank\" rel=\"noopener\"><img fetchpriority=\"high\" decoding=\"async\" class=\"aligncenter\" src=\"https:\/\/cursosonline.cbr.org.br\/wp-content\/uploads\/2024\/05\/whatsapp_PNG5-300x213.png\" alt=\"\" width=\"300\" height=\"213\" \/><\/a><\/p>","protected":false},"featured_media":12313,"template":"","meta":[],"product_brand":[],"product_cat":[37,74],"product_tag":[51,54],"class_list":{"0":"post-10379","1":"product","2":"type-product","3":"status-publish","4":"has-post-thumbnail","6":"product_cat-abcdi","7":"product_cat-mbaabcdi","8":"product_tag-abcdi","9":"product_tag-mba","11":"first","12":"instock","13":"virtual","14":"taxable","15":"purchasable","16":"product-type-simple"},"_links":{"self":[{"href":"https:\/\/cursosonline.cbr.org.br\/es\/wp-json\/wp\/v2\/product\/10379","targetHints":{"allow":["GET"]}}],"collection":[{"href":"https:\/\/cursosonline.cbr.org.br\/es\/wp-json\/wp\/v2\/product"}],"about":[{"href":"https:\/\/cursosonline.cbr.org.br\/es\/wp-json\/wp\/v2\/types\/product"}],"version-history":[{"count":6,"href":"https:\/\/cursosonline.cbr.org.br\/es\/wp-json\/wp\/v2\/product\/10379\/revisions"}],"predecessor-version":[{"id":33233,"href":"https:\/\/cursosonline.cbr.org.br\/es\/wp-json\/wp\/v2\/product\/10379\/revisions\/33233"}],"wp:featuredmedia":[{"embeddable":true,"href":"https:\/\/cursosonline.cbr.org.br\/es\/wp-json\/wp\/v2\/media\/12313"}],"wp:attachment":[{"href":"https:\/\/cursosonline.cbr.org.br\/es\/wp-json\/wp\/v2\/media?parent=10379"}],"wp:term":[{"taxonomy":"product_brand","embeddable":true,"href":"https:\/\/cursosonline.cbr.org.br\/es\/wp-json\/wp\/v2\/product_brand?post=10379"},{"taxonomy":"product_cat","embeddable":true,"href":"https:\/\/cursosonline.cbr.org.br\/es\/wp-json\/wp\/v2\/product_cat?post=10379"},{"taxonomy":"product_tag","embeddable":true,"href":"https:\/\/cursosonline.cbr.org.br\/es\/wp-json\/wp\/v2\/product_tag?post=10379"}],"curies":[{"name":"gracias","href":"https:\/\/api.w.org\/{rel}","templated":true}]}}