{"id":11013,"date":"2024-07-16T12:23:46","date_gmt":"2024-07-16T15:23:46","guid":{"rendered":"https:\/\/cursosonline.cbr.org.br\/?post_type=product&#038;p=11013"},"modified":"2026-03-12T10:09:20","modified_gmt":"2026-03-12T13:09:20","slug":"webinar-ultrassom-ultrassonografia-da-pessoa-transgenero-e-o-respeito-a-diversidade-julho-2024","status":"publish","type":"product","link":"https:\/\/cursosonline.cbr.org.br\/es\/curso\/webinar-ultrassom-ultrassonografia-da-pessoa-transgenero-e-o-respeito-a-diversidade-julho-2024\/","title":{"rendered":"Webinar sobre ecograf\u00eda | A petici\u00f3n - Ecograf\u00eda de personas transexuales y respeto a la diversidad | Julio\/2024"},"content":{"rendered":"<div data-elementor-type=\"product-post\" data-elementor-id=\"11013\" class=\"elementor elementor-11013\" data-elementor-post-type=\"product\">\n\t\t\t\t\t\t<section class=\"elementor-section elementor-top-section elementor-element elementor-element-73e37d7 elementor-section-boxed elementor-section-height-default elementor-section-height-default\" data-id=\"73e37d7\" data-element_type=\"section\">\n\t\t\t\t\t\t<div class=\"elementor-container elementor-column-gap-default\">\n\t\t\t\t\t<div class=\"elementor-column elementor-col-100 elementor-top-column elementor-element elementor-element-b9fb760\" data-id=\"b9fb760\" data-element_type=\"column\">\n\t\t\t<div class=\"elementor-widget-wrap elementor-element-populated\">\n\t\t\t\t\t\t<div class=\"elementor-element elementor-element-cf1cf44 elementor-widget elementor-widget-text-editor\" data-id=\"cf1cf44\" data-element_type=\"widget\" data-widget_type=\"text-editor.default\">\n\t\t\t\t<div class=\"elementor-widget-container\">\n\t\t\t\t\t\t\t\t\t<p>Siga la grabaci\u00f3n de la edici\u00f3n de julio de <b><i>Webinar sobre ecograf\u00eda<\/i><\/b>Estos webinars son una serie de videoconferencias que re\u00fanen a renombrados especialistas para discutir temas de inter\u00e9s general en el campo de la ecograf\u00eda. Con una duraci\u00f3n de una hora, estos webinars tendr\u00e1n lugar cada cuatro semanas, siempre el \u00faltimo martes de cada mes, de 20:00 a 21:30 (hora de Brasilia). Explore casos relevantes relacionados con el tema del d\u00eda, haga preguntas y disfrute de una interacci\u00f3n significativa, proporcionando una experiencia pr\u00e1ctica de aprendizaje. El objetivo es ofrecer un conocimiento claro y did\u00e1ctico, transmitido por expertos dedicados, promoviendo la colaboraci\u00f3n y la mejora en Radiolog\u00eda. \u00danase a nosotros en una jornada educativa, donde la experiencia de profesionales nacionales e internacionales se une en favor de la ense\u00f1anza y el desarrollo de la Radiolog\u00eda en Brasil.<\/p>\t\t\t\t\t\t\t\t<\/div>\n\t\t\t\t<\/div>\n\t\t\t\t<div class=\"elementor-element elementor-element-f8880ec elementor-arrows-position-inside elementor-pagination-position-outside elementor-widget elementor-widget-image-carousel\" data-id=\"f8880ec\" data-element_type=\"widget\" data-settings=\"{&quot;slides_to_show&quot;:&quot;2&quot;,&quot;navigation&quot;:&quot;both&quot;,&quot;autoplay&quot;:&quot;yes&quot;,&quot;pause_on_hover&quot;:&quot;yes&quot;,&quot;pause_on_interaction&quot;:&quot;yes&quot;,&quot;autoplay_speed&quot;:5000,&quot;infinite&quot;:&quot;yes&quot;,&quot;speed&quot;:500}\" data-widget_type=\"image-carousel.default\">\n\t\t\t\t<div class=\"elementor-widget-container\">\n\t\t\t\t\t\t\t<div class=\"elementor-image-carousel-wrapper swiper\" role=\"region\" aria-roledescription=\"carousel\" aria-label=\"Carrusel de im\u00e1genes\" dir=\"ltr\">\n\t\t\t<div class=\"elementor-image-carousel swiper-wrapper\" aria-live=\"off\">\n\t\t\t\t\t\t\t\t<div class=\"swiper-slide\" role=\"group\" aria-roledescription=\"slide\" aria-label=\"1 de 5\"><figure class=\"swiper-slide-inner\"><img decoding=\"async\" class=\"swiper-slide-image\" src=\"https:\/\/cursosonline.cbr.org.br\/wp-content\/uploads\/2024\/07\/Post1_WEBINAR-ULTRASSOM_Ultrassonografia-da-pessoa-transgenero-e-o-respeito-a-diversidade-768x768.jpg\" alt=\"Post1_WEBINAR ULTRASSOM_Ultrassonografia da pessoa transg\u00eanero e o respeito \u00e0 diversidade\" \/><\/figure><\/div><div class=\"swiper-slide\" role=\"group\" aria-roledescription=\"slide\" aria-label=\"2 de 5\"><figure class=\"swiper-slide-inner\"><img decoding=\"async\" class=\"swiper-slide-image\" src=\"https:\/\/cursosonline.cbr.org.br\/wp-content\/uploads\/2024\/07\/Post2_WEBINAR-ULTRASSOM_Ultrassonografia-da-pessoa-transgenero-e-o-respeito-a-diversidade-768x768.jpg\" alt=\"Post2_WEBINAR ULTRASSOM_Ultrassonografia da pessoa transg\u00eanero e o respeito \u00e0 diversidade\" \/><\/figure><\/div><div class=\"swiper-slide\" role=\"group\" aria-roledescription=\"slide\" aria-label=\"3 de 5\"><figure class=\"swiper-slide-inner\"><img decoding=\"async\" class=\"swiper-slide-image\" src=\"https:\/\/cursosonline.cbr.org.br\/wp-content\/uploads\/2024\/07\/Post3_WEBINAR-ULTRASSOM_Ultrassonografia-da-pessoa-transgenero-e-o-respeito-a-diversidade-768x768.jpg\" alt=\"Post3_WEBINAR ULTRASSOM_Ultrassonografia da pessoa transg\u00eanero e o respeito \u00e0 diversidade\" \/><\/figure><\/div><div class=\"swiper-slide\" role=\"group\" aria-roledescription=\"slide\" aria-label=\"4 de 5\"><figure class=\"swiper-slide-inner\"><img decoding=\"async\" class=\"swiper-slide-image\" src=\"https:\/\/cursosonline.cbr.org.br\/wp-content\/uploads\/2024\/07\/Post4_WEBINAR-ULTRASSOM_Ultrassonografia-da-pessoa-transgenero-e-o-respeito-a-diversidade-768x768.jpg\" alt=\"Post4_WEBINAR ULTRASSOM_Ultrassonografia da pessoa transg\u00eanero e o respeito \u00e0 diversidade\" \/><\/figure><\/div><div class=\"swiper-slide\" role=\"group\" aria-roledescription=\"slide\" aria-label=\"5 de 5\"><figure class=\"swiper-slide-inner\"><img decoding=\"async\" class=\"swiper-slide-image\" src=\"https:\/\/cursosonline.cbr.org.br\/wp-content\/uploads\/2024\/07\/Post6_WEBINAR-ULTRASSOM_Ultrassonografia-da-pessoa-transgenero-e-o-respeito-a-diversidade-768x768.jpg\" alt=\"Post6_WEBINAR ULTRASSOM_Ultrassonografia da pessoa transg\u00eanero e o respeito \u00e0 diversidade\" \/><\/figure><\/div>\t\t\t<\/div>\n\t\t\t\t\t\t\t\t\t\t\t\t<div class=\"elementor-swiper-button elementor-swiper-button-prev\" role=\"button\" tabindex=\"0\">\n\t\t\t\t\t\t<i aria-hidden=\"true\" class=\"eicon-chevron-left\"><\/i>\t\t\t\t\t<\/div>\n\t\t\t\t\t<div class=\"elementor-swiper-button elementor-swiper-button-next\" role=\"button\" tabindex=\"0\">\n\t\t\t\t\t\t<i aria-hidden=\"true\" class=\"eicon-chevron-right\"><\/i>\t\t\t\t\t<\/div>\n\t\t\t\t\n\t\t\t\t\t\t\t\t\t<div class=\"swiper-pagination\"><\/div>\n\t\t\t\t\t\t\t\t\t<\/div>\n\t\t\t\t\t\t<\/div>\n\t\t\t\t<\/div>\n\t\t\t\t\t<\/div>\n\t\t<\/div>\n\t\t\t\t\t<\/div>\n\t\t<\/section>\n\t\t\t\t<section class=\"elementor-section elementor-top-section elementor-element elementor-element-3e5c7e5c elementor-section-boxed elementor-section-height-default elementor-section-height-default\" data-id=\"3e5c7e5c\" data-element_type=\"section\">\n\t\t\t\t\t\t<div class=\"elementor-container elementor-column-gap-default\">\n\t\t\t\t\t<div class=\"elementor-column elementor-col-33 elementor-top-column elementor-element elementor-element-766b46d1\" data-id=\"766b46d1\" data-element_type=\"column\">\n\t\t\t<div class=\"elementor-widget-wrap\">\n\t\t\t\t\t\t\t<\/div>\n\t\t<\/div>\n\t\t\t\t<div class=\"elementor-column elementor-col-33 elementor-top-column elementor-element elementor-element-43a311a3\" data-id=\"43a311a3\" data-element_type=\"column\">\n\t\t\t<div class=\"elementor-widget-wrap elementor-element-populated\">\n\t\t\t\t\t\t<div class=\"elementor-element elementor-element-ea5539f elementor-widget__width-initial elementor-widget elementor-widget-image\" data-id=\"ea5539f\" data-element_type=\"widget\" data-widget_type=\"image.default\">\n\t\t\t\t<div class=\"elementor-widget-container\">\n\t\t\t\t\t\t\t\t\t\t\t\t\t\t\t\t<a href=\"https:\/\/api.whatsapp.com\/send\/?phone=5511978559677&#038;text=Ol%C3%A1%2C+Estou%20com%20d\u00favidas%20sobre%20o%20%20treinamento%20Webinar%20Ultrassom%20|%20Ao%20vivo%20-%20Ultrassonografia%20da%20pessoa%20transg\u00eanero%20e%20o%20respeito%20\u00e0%20diversidade%20|%20Julho\/2024%20&#038;type=phone_number&#038;app_absent=0\" target=\"_blank\">\n\t\t\t\t\t\t\t<img fetchpriority=\"high\" decoding=\"async\" width=\"300\" height=\"213\" src=\"https:\/\/cursosonline.cbr.org.br\/wp-content\/uploads\/2024\/05\/whatsapp_PNG5-300x213.png\" class=\"attachment-medium size-medium wp-image-7548\" alt=\"\" srcset=\"https:\/\/cursosonline.cbr.org.br\/wp-content\/uploads\/2024\/05\/whatsapp_PNG5-300x213.png 300w, https:\/\/cursosonline.cbr.org.br\/wp-content\/uploads\/2024\/05\/whatsapp_PNG5-1024x727.png 1024w, https:\/\/cursosonline.cbr.org.br\/wp-content\/uploads\/2024\/05\/whatsapp_PNG5-768x545.png 768w, https:\/\/cursosonline.cbr.org.br\/wp-content\/uploads\/2024\/05\/whatsapp_PNG5-1536x1091.png 1536w, https:\/\/cursosonline.cbr.org.br\/wp-content\/uploads\/2024\/05\/whatsapp_PNG5-600x426.png 600w, https:\/\/cursosonline.cbr.org.br\/wp-content\/uploads\/2024\/05\/whatsapp_PNG5.png 1600w\" sizes=\"(max-width: 300px) 100vw, 300px\" \/>\t\t\t\t\t\t\t\t<\/a>\n\t\t\t\t\t\t\t\t\t\t\t\t\t\t\t<\/div>\n\t\t\t\t<\/div>\n\t\t\t\t\t<\/div>\n\t\t<\/div>\n\t\t\t\t<div class=\"elementor-column elementor-col-33 elementor-top-column elementor-element elementor-element-2311f15c\" data-id=\"2311f15c\" data-element_type=\"column\">\n\t\t\t<div class=\"elementor-widget-wrap\">\n\t\t\t\t\t\t\t<\/div>\n\t\t<\/div>\n\t\t\t\t\t<\/div>\n\t\t<\/section>\n\t\t\t\t<section class=\"elementor-section elementor-top-section elementor-element elementor-element-56373d9 elementor-section-boxed elementor-section-height-default elementor-section-height-default\" data-id=\"56373d9\" data-element_type=\"section\">\n\t\t\t\t\t\t<div class=\"elementor-container elementor-column-gap-default\">\n\t\t\t\t\t<div class=\"elementor-column elementor-col-25 elementor-top-column elementor-element elementor-element-23f82af\" data-id=\"23f82af\" data-element_type=\"column\">\n\t\t\t<div class=\"elementor-widget-wrap\">\n\t\t\t\t\t\t\t<\/div>\n\t\t<\/div>\n\t\t\t\t<div class=\"elementor-column elementor-col-50 elementor-top-column elementor-element elementor-element-63014685\" data-id=\"63014685\" data-element_type=\"column\">\n\t\t\t<div class=\"elementor-widget-wrap elementor-element-populated\">\n\t\t\t\t\t\t<div class=\"elementor-element elementor-element-2823b3bf elementor-widget elementor-widget-text-editor\" data-id=\"2823b3bf\" data-element_type=\"widget\" data-widget_type=\"text-editor.default\">\n\t\t\t\t<div class=\"elementor-widget-container\">\n\t\t\t\t\t\t\t\t\t<p style=\"text-align: center\"><strong>\u00bfDificultades para acceder a la formaci\u00f3n?<\/strong><\/p>\t\t\t\t\t\t\t\t<\/div>\n\t\t\t\t<\/div>\n\t\t\t\t\t<\/div>\n\t\t<\/div>\n\t\t\t\t<div class=\"elementor-column elementor-col-25 elementor-top-column elementor-element elementor-element-45021e14\" data-id=\"45021e14\" data-element_type=\"column\">\n\t\t\t<div class=\"elementor-widget-wrap\">\n\t\t\t\t\t\t\t<\/div>\n\t\t<\/div>\n\t\t\t\t\t<\/div>\n\t\t<\/section>\n\t\t\t\t<\/div>","protected":false},"excerpt":{"rendered":"<p><strong>Contenidos a la carta \ud83d\udcf9<\/strong><\/p>\n<p>Has perdido la nuestra <em><strong>Webinar sobre ecograf\u00eda<\/strong><\/em> acerca de <strong><em>Ecograf\u00eda transexual y respeto a la diversidad <\/em><\/strong>\u00bfo quiere revivir los momentos m\u00e1s importantes? No se preocupe, ahora puede acceder a todo el contenido del evento a la carta, cuando y donde quiera.<\/p>\n<p>Descubra c\u00f3mo los ultrasonidos pueden ser una herramienta crucial en la atenci\u00f3n sanitaria a transexuales. Este seminario web explora la importancia de respetar la diversidad en la pr\u00e1ctica m\u00e9dica y c\u00f3mo los profesionales sanitarios pueden garantizar un entorno acogedor e integrador.<\/p>\n<p>No pierda la oportunidad de aprender y debatir sobre este tema tan relevante.<\/p>\n<p><strong>GRATUITO PARA LOS MIEMBROS DE CBR<\/strong><\/p>","protected":false},"featured_media":16129,"template":"","meta":[],"product_brand":[],"product_cat":[18,39],"product_tag":[],"class_list":{"0":"post-11013","1":"product","2":"type-product","3":"status-publish","4":"has-post-thumbnail","6":"product_cat-cbr-educa","7":"product_cat-webinar-cbr-educa","9":"first","10":"instock","11":"virtual","12":"sold-individually","13":"taxable","14":"purchasable","15":"product-type-simple"},"_links":{"self":[{"href":"https:\/\/cursosonline.cbr.org.br\/es\/wp-json\/wp\/v2\/product\/11013","targetHints":{"allow":["GET"]}}],"collection":[{"href":"https:\/\/cursosonline.cbr.org.br\/es\/wp-json\/wp\/v2\/product"}],"about":[{"href":"https:\/\/cursosonline.cbr.org.br\/es\/wp-json\/wp\/v2\/types\/product"}],"version-history":[{"count":27,"href":"https:\/\/cursosonline.cbr.org.br\/es\/wp-json\/wp\/v2\/product\/11013\/revisions"}],"predecessor-version":[{"id":33217,"href":"https:\/\/cursosonline.cbr.org.br\/es\/wp-json\/wp\/v2\/product\/11013\/revisions\/33217"}],"wp:featuredmedia":[{"embeddable":true,"href":"https:\/\/cursosonline.cbr.org.br\/es\/wp-json\/wp\/v2\/media\/16129"}],"wp:attachment":[{"href":"https:\/\/cursosonline.cbr.org.br\/es\/wp-json\/wp\/v2\/media?parent=11013"}],"wp:term":[{"taxonomy":"product_brand","embeddable":true,"href":"https:\/\/cursosonline.cbr.org.br\/es\/wp-json\/wp\/v2\/product_brand?post=11013"},{"taxonomy":"product_cat","embeddable":true,"href":"https:\/\/cursosonline.cbr.org.br\/es\/wp-json\/wp\/v2\/product_cat?post=11013"},{"taxonomy":"product_tag","embeddable":true,"href":"https:\/\/cursosonline.cbr.org.br\/es\/wp-json\/wp\/v2\/product_tag?post=11013"}],"curies":[{"name":"gracias","href":"https:\/\/api.w.org\/{rel}","templated":true}]}}