{"id":11550,"date":"2024-07-30T11:53:09","date_gmt":"2024-07-30T14:53:09","guid":{"rendered":"https:\/\/cursosonline.cbr.org.br\/?post_type=product&#038;p=11550"},"modified":"2026-03-12T10:09:15","modified_gmt":"2026-03-12T13:09:15","slug":"estudio-abcdi-pautas-juridicas-do-cbr","status":"publish","type":"product","link":"https:\/\/cursosonline.cbr.org.br\/es\/curso\/estudio-abcdi-pautas-juridicas-do-cbr\/","title":{"rendered":"ABCDI Studio - Directrices jur\u00eddicas de los RBC"},"content":{"rendered":"<table style=\"height: 165px;\" border=\"0\" width=\"1111\">\n<tbody>\n<tr>\n<td>\n<h2 style=\"text-align: center;\"><strong>ACERCA DE<\/strong><\/h2>\n<\/td>\n<\/tr>\n<tr>\n<td>\n<p style=\"text-align: center;\">El Estudio ABCDI presenta varias charlas con expertos en una amplia gama de temas, debatiendo temas espec\u00edficos del mercado de la Radiolog\u00eda y el Diagn\u00f3stico en todo el pa\u00eds.<\/p>\n<\/td>\n<\/tr>\n<\/tbody>\n<\/table>\n<table style=\"height: 275px;\" border=\"0\" width=\"1113\">\n<tbody>\n<tr>\n<td>\n<h2 style=\"text-align: center;\"><strong>CONTENIDO<\/strong><\/h2>\n<\/td>\n<\/tr>\n<tr>\n<td>\n<h2 class=\"page-title\" style=\"text-align: center;\">Directrices jur\u00eddicas del CBR: siga el trabajo del Colegio<\/h2>\n<h3 style=\"text-align: center;\"><strong>MODERADOR<\/strong><\/h3>\n<p style=\"text-align: center;\">Dr Marcelo Lauar - Director de ABCDI<\/p>\n<h3 style=\"text-align: center;\"><strong>INVITADO<\/strong><\/h3>\n<p style=\"text-align: center;\">Dr Val\u00e9rio Ribeiro - Asesor Jur\u00eddico del CBR<\/p>\n<\/td>\n<\/tr>\n<\/tbody>\n<\/table>\n<table style=\"height: 153px;\" border=\"0\" width=\"1111\">\n<tbody>\n<tr>\n<td><\/td>\n<\/tr>\n<\/tbody>\n<\/table>","protected":false},"excerpt":{"rendered":"<p><strong>INFORMACI\u00d3N GENERAL<\/strong><\/p>\n<p><strong>Curso:<\/strong> Directrices jur\u00eddicas del CBR<br \/>\n<strong>Carga de trabajo:<\/strong> 2 horas<br \/>\n<strong>Formato:<\/strong>\u00a0Curso virtual | grabado<br \/>\n<strong>Destinatarios:<\/strong>\u00a0Profesionales que trabajan en gesti\u00f3n en medicina diagn\u00f3stica.<\/p>\n<p><strong>Seminario web gratuito<\/strong><\/p>","protected":false},"featured_media":11613,"template":"","meta":[],"product_brand":[],"product_cat":[37,75],"product_tag":[51],"class_list":{"0":"post-11550","1":"product","2":"type-product","3":"status-publish","4":"has-post-thumbnail","6":"product_cat-abcdi","7":"product_cat-estudioabcdi","8":"product_tag-abcdi","10":"first","11":"instock","12":"taxable","13":"shipping-taxable","14":"purchasable","15":"product-type-simple"},"_links":{"self":[{"href":"https:\/\/cursosonline.cbr.org.br\/es\/wp-json\/wp\/v2\/product\/11550","targetHints":{"allow":["GET"]}}],"collection":[{"href":"https:\/\/cursosonline.cbr.org.br\/es\/wp-json\/wp\/v2\/product"}],"about":[{"href":"https:\/\/cursosonline.cbr.org.br\/es\/wp-json\/wp\/v2\/types\/product"}],"version-history":[{"count":4,"href":"https:\/\/cursosonline.cbr.org.br\/es\/wp-json\/wp\/v2\/product\/11550\/revisions"}],"predecessor-version":[{"id":33216,"href":"https:\/\/cursosonline.cbr.org.br\/es\/wp-json\/wp\/v2\/product\/11550\/revisions\/33216"}],"wp:featuredmedia":[{"embeddable":true,"href":"https:\/\/cursosonline.cbr.org.br\/es\/wp-json\/wp\/v2\/media\/11613"}],"wp:attachment":[{"href":"https:\/\/cursosonline.cbr.org.br\/es\/wp-json\/wp\/v2\/media?parent=11550"}],"wp:term":[{"taxonomy":"product_brand","embeddable":true,"href":"https:\/\/cursosonline.cbr.org.br\/es\/wp-json\/wp\/v2\/product_brand?post=11550"},{"taxonomy":"product_cat","embeddable":true,"href":"https:\/\/cursosonline.cbr.org.br\/es\/wp-json\/wp\/v2\/product_cat?post=11550"},{"taxonomy":"product_tag","embeddable":true,"href":"https:\/\/cursosonline.cbr.org.br\/es\/wp-json\/wp\/v2\/product_tag?post=11550"}],"curies":[{"name":"gracias","href":"https:\/\/api.w.org\/{rel}","templated":true}]}}