{"id":12444,"date":"2024-08-21T15:27:11","date_gmt":"2024-08-21T18:27:11","guid":{"rendered":"https:\/\/cursosonline.cbr.org.br\/?post_type=product&#038;p=12444"},"modified":"2026-03-10T13:07:00","modified_gmt":"2026-03-10T16:07:00","slug":"curso-de-seguranca-em-ressonancia-magnetica","status":"publish","type":"product","link":"https:\/\/cursosonline.cbr.org.br\/es\/curso\/curso-de-seguranca-em-ressonancia-magnetica\/","title":{"rendered":"Curso de seguridad en resonancia magn\u00e9tica"},"content":{"rendered":"<div data-elementor-type=\"product-post\" data-elementor-id=\"12444\" class=\"elementor elementor-12444\" data-elementor-post-type=\"product\">\n\t\t\t\t\t\t<section class=\"elementor-section elementor-top-section elementor-element elementor-element-ee1fb2b elementor-section-boxed elementor-section-height-default elementor-section-height-default\" data-id=\"ee1fb2b\" data-element_type=\"section\">\n\t\t\t\t\t\t<div class=\"elementor-container elementor-column-gap-default\">\n\t\t\t\t\t<div class=\"elementor-column elementor-col-16 elementor-top-column elementor-element elementor-element-17d612b\" data-id=\"17d612b\" data-element_type=\"column\">\n\t\t\t<div class=\"elementor-widget-wrap\">\n\t\t\t\t\t\t\t<\/div>\n\t\t<\/div>\n\t\t\t\t<div class=\"elementor-column elementor-col-66 elementor-top-column elementor-element elementor-element-7fad5a8\" data-id=\"7fad5a8\" data-element_type=\"column\">\n\t\t\t<div class=\"elementor-widget-wrap elementor-element-populated\">\n\t\t\t\t\t\t<div class=\"elementor-element elementor-element-8a6e046 elementor-widget elementor-widget-image\" data-id=\"8a6e046\" data-element_type=\"widget\" data-widget_type=\"image.default\">\n\t\t\t\t<div class=\"elementor-widget-container\">\n\t\t\t\t\t\t\t\t\t\t\t\t\t\t\t<img fetchpriority=\"high\" decoding=\"async\" width=\"800\" height=\"411\" src=\"https:\/\/cursosonline.cbr.org.br\/wp-content\/uploads\/2024\/08\/Email-MKT_Seguranca-em-Ressonancia-Magnetica-1024x526.jpg\" class=\"attachment-large size-large wp-image-12654\" alt=\"\" srcset=\"https:\/\/cursosonline.cbr.org.br\/wp-content\/uploads\/2024\/08\/Email-MKT_Seguranca-em-Ressonancia-Magnetica-1024x526.jpg 1024w, https:\/\/cursosonline.cbr.org.br\/wp-content\/uploads\/2024\/08\/Email-MKT_Seguranca-em-Ressonancia-Magnetica-300x154.jpg 300w, https:\/\/cursosonline.cbr.org.br\/wp-content\/uploads\/2024\/08\/Email-MKT_Seguranca-em-Ressonancia-Magnetica-768x394.jpg 768w, https:\/\/cursosonline.cbr.org.br\/wp-content\/uploads\/2024\/08\/Email-MKT_Seguranca-em-Ressonancia-Magnetica-1536x789.jpg 1536w, https:\/\/cursosonline.cbr.org.br\/wp-content\/uploads\/2024\/08\/Email-MKT_Seguranca-em-Ressonancia-Magnetica-2048x1052.jpg 2048w, https:\/\/cursosonline.cbr.org.br\/wp-content\/uploads\/2024\/08\/Email-MKT_Seguranca-em-Ressonancia-Magnetica-600x308.jpg 600w\" sizes=\"(max-width: 800px) 100vw, 800px\" \/>\t\t\t\t\t\t\t\t\t\t\t\t\t\t\t<\/div>\n\t\t\t\t<\/div>\n\t\t\t\t\t<\/div>\n\t\t<\/div>\n\t\t\t\t<div class=\"elementor-column elementor-col-16 elementor-top-column elementor-element elementor-element-358e370\" data-id=\"358e370\" data-element_type=\"column\">\n\t\t\t<div class=\"elementor-widget-wrap\">\n\t\t\t\t\t\t\t<\/div>\n\t\t<\/div>\n\t\t\t\t\t<\/div>\n\t\t<\/section>\n\t\t\t\t<section class=\"elementor-section elementor-top-section elementor-element elementor-element-46aefda8 elementor-section-boxed elementor-section-height-default elementor-section-height-default\" data-id=\"46aefda8\" data-element_type=\"section\">\n\t\t\t\t\t\t<div class=\"elementor-container elementor-column-gap-default\">\n\t\t\t\t\t<div class=\"elementor-column elementor-col-100 elementor-top-column elementor-element elementor-element-5bbf70b3\" data-id=\"5bbf70b3\" data-element_type=\"column\">\n\t\t\t<div class=\"elementor-widget-wrap elementor-element-populated\">\n\t\t\t\t\t\t<div class=\"elementor-element elementor-element-4e4fa272 elementor-widget__width-initial elementor-widget elementor-widget-text-editor\" data-id=\"4e4fa272\" data-element_type=\"widget\" data-widget_type=\"text-editor.default\">\n\t\t\t\t<div class=\"elementor-widget-container\">\n\t\t\t\t\t\t\t\t\t<p style=\"text-align: center\"><span style=\"font-family: var( --e-global-typography-primary-font-family ), Sans-serif;font-size: calc(1.325rem + 0.9vw);font-weight: var( --e-global-typography-primary-font-weight )\">\u00a1Bienvenido al Curso de Seguridad en Resonancia Magn\u00e9tica!<\/span><\/p>\n<p style=\"text-align: center\"><span style=\"font-family: var( --e-global-typography-text-font-family ), Sans-serif;font-weight: var( --e-global-typography-text-font-weight );font-size: var(--bs-body-font-size);text-align: var(--bs-body-text-align)\">Este curso est\u00e1 dise\u00f1ado para proporcionar una comprensi\u00f3n completa de las mejores pr\u00e1cticas y protocolos de seguridad necesarios para llevar a cabo ex\u00e1menes de resonancia magn\u00e9tica.<\/span><\/p>\n<p><\/p>\n<h2 style=\"font-weight: var( --e-global-typography-primary-font-weight );font-family: var( --e-global-typography-primary-font-family ), Sans-serif;text-align: center\" data-elementor-setting-key=\"title\" data-pen-placeholder=\"Digite aqui...\"><span style=\"color: #000000\">Lo que encontrar\u00e1 en este curso:<\/span><\/h2>\n<ul>\n<li><span style=\"color: #000000\"><strong>Contenido exclusivo:<\/strong> El curso incluye una serie de lecciones en v\u00eddeo grabadas a partir de cursos y eventos celebrados por el CBR (Colegio Brasile\u00f1o de Radiolog\u00eda y Diagn\u00f3stico por Imagen), con la participaci\u00f3n de expertos de renombre en el campo de la resonancia magn\u00e9tica. Estos v\u00eddeos ofrecen valiosos conocimientos y actualizaciones sobre las pr\u00e1cticas de seguridad m\u00e1s recientes y eficaces.<br><br><\/span><\/li>\n<li><span style=\"font-family: var( --e-global-typography-text-font-family ), Sans-serif;font-weight: var( --e-global-typography-text-font-weight );font-size: var(--bs-body-font-size);text-align: var(--bs-body-text-align);color: #000000\"><strong>Expertos en la materia:<\/strong> Las clases est\u00e1n dirigidas por profesionales experimentados y especialistas en resonancia magn\u00e9tica, que compartir\u00e1n sus conocimientos y experiencia sobre protocolos de seguridad, prevenci\u00f3n de accidentes y gesti\u00f3n de situaciones de emergencia.<br><br><\/span><\/li>\n<li><span style=\"font-family: var( --e-global-typography-text-font-family ), Sans-serif;font-size: var(--bs-body-font-size);font-weight: var( --e-global-typography-text-font-weight );text-align: var(--bs-body-text-align);color: #000000\"><strong>Evaluaci\u00f3n final:<\/strong> Al final del curso, participar\u00e1 en una evaluaci\u00f3n que pondr\u00e1 a prueba sus conocimientos sobre los temas tratados. Esta evaluaci\u00f3n es una oportunidad para consolidar su aprendizaje y asegurarse de que es capaz de aplicar las pr\u00e1cticas de seguridad en su entorno de trabajo.<\/span><\/li>\n<\/ul>\t\t\t\t\t\t\t\t<\/div>\n\t\t\t\t<\/div>\n\t\t\t\t\t<\/div>\n\t\t<\/div>\n\t\t\t\t\t<\/div>\n\t\t<\/section>\n\t\t\t\t<section class=\"elementor-section elementor-top-section elementor-element elementor-element-63ace1e2 elementor-section-boxed elementor-section-height-default elementor-section-height-default\" data-id=\"63ace1e2\" data-element_type=\"section\">\n\t\t\t\t\t\t<div class=\"elementor-container elementor-column-gap-default\">\n\t\t\t\t\t<div class=\"elementor-column elementor-col-33 elementor-top-column elementor-element elementor-element-60f87715\" data-id=\"60f87715\" data-element_type=\"column\">\n\t\t\t<div class=\"elementor-widget-wrap\">\n\t\t\t\t\t\t\t<\/div>\n\t\t<\/div>\n\t\t\t\t<div class=\"elementor-column elementor-col-33 elementor-top-column elementor-element elementor-element-362bc762\" data-id=\"362bc762\" data-element_type=\"column\">\n\t\t\t<div class=\"elementor-widget-wrap elementor-element-populated\">\n\t\t\t\t\t\t<div class=\"elementor-element elementor-element-7a3779c9 elementor-widget__width-initial elementor-widget elementor-widget-image\" data-id=\"7a3779c9\" data-element_type=\"widget\" data-widget_type=\"image.default\">\n\t\t\t\t<div class=\"elementor-widget-container\">\n\t\t\t\t\t\t\t\t\t\t\t\t\t\t\t\t<a href=\"https:\/\/api.whatsapp.com\/send\/?phone=5511913001416&#038;text=Ol%C3%A1%2C+Estou%20com%20d\u00favidas%20sobre%20o%20%20treinamento%20Webinar%20Padi:%20Indicadores%20em%20Diagn\u00f3stico%20por%20Imagem%20&#038;type=phone_number&#038;app_absent=0\" target=\"_blank\">\n\t\t\t\t\t\t\t<img decoding=\"async\" width=\"300\" height=\"213\" src=\"https:\/\/cursosonline.cbr.org.br\/wp-content\/uploads\/2024\/05\/whatsapp_PNG5-300x213.png\" class=\"attachment-medium size-medium wp-image-7548\" alt=\"\" srcset=\"https:\/\/cursosonline.cbr.org.br\/wp-content\/uploads\/2024\/05\/whatsapp_PNG5-300x213.png 300w, https:\/\/cursosonline.cbr.org.br\/wp-content\/uploads\/2024\/05\/whatsapp_PNG5-1024x727.png 1024w, https:\/\/cursosonline.cbr.org.br\/wp-content\/uploads\/2024\/05\/whatsapp_PNG5-768x545.png 768w, https:\/\/cursosonline.cbr.org.br\/wp-content\/uploads\/2024\/05\/whatsapp_PNG5-1536x1091.png 1536w, https:\/\/cursosonline.cbr.org.br\/wp-content\/uploads\/2024\/05\/whatsapp_PNG5-600x426.png 600w, https:\/\/cursosonline.cbr.org.br\/wp-content\/uploads\/2024\/05\/whatsapp_PNG5.png 1600w\" sizes=\"(max-width: 300px) 100vw, 300px\" \/>\t\t\t\t\t\t\t\t<\/a>\n\t\t\t\t\t\t\t\t\t\t\t\t\t\t\t<\/div>\n\t\t\t\t<\/div>\n\t\t\t\t\t<\/div>\n\t\t<\/div>\n\t\t\t\t<div class=\"elementor-column elementor-col-33 elementor-top-column elementor-element elementor-element-48e6e1fe\" data-id=\"48e6e1fe\" data-element_type=\"column\">\n\t\t\t<div class=\"elementor-widget-wrap\">\n\t\t\t\t\t\t\t<\/div>\n\t\t<\/div>\n\t\t\t\t\t<\/div>\n\t\t<\/section>\n\t\t\t\t<section class=\"elementor-section elementor-top-section elementor-element elementor-element-5770bf4c elementor-section-boxed elementor-section-height-default elementor-section-height-default\" data-id=\"5770bf4c\" data-element_type=\"section\">\n\t\t\t\t\t\t<div class=\"elementor-container elementor-column-gap-default\">\n\t\t\t\t\t<div class=\"elementor-column elementor-col-25 elementor-top-column elementor-element elementor-element-4ccfdd00\" data-id=\"4ccfdd00\" data-element_type=\"column\">\n\t\t\t<div class=\"elementor-widget-wrap\">\n\t\t\t\t\t\t\t<\/div>\n\t\t<\/div>\n\t\t\t\t<div class=\"elementor-column elementor-col-50 elementor-top-column elementor-element elementor-element-20a47362\" data-id=\"20a47362\" data-element_type=\"column\">\n\t\t\t<div class=\"elementor-widget-wrap elementor-element-populated\">\n\t\t\t\t\t\t<div class=\"elementor-element elementor-element-64243a53 elementor-widget elementor-widget-text-editor\" data-id=\"64243a53\" data-element_type=\"widget\" data-widget_type=\"text-editor.default\">\n\t\t\t\t<div class=\"elementor-widget-container\">\n\t\t\t\t\t\t\t\t\t<p style=\"text-align: center\"><strong>\u00bfDificultades para acceder a la formaci\u00f3n?<\/strong><\/p>\t\t\t\t\t\t\t\t<\/div>\n\t\t\t\t<\/div>\n\t\t\t\t\t<\/div>\n\t\t<\/div>\n\t\t\t\t<div class=\"elementor-column elementor-col-25 elementor-top-column elementor-element elementor-element-2fbe6069\" data-id=\"2fbe6069\" data-element_type=\"column\">\n\t\t\t<div class=\"elementor-widget-wrap\">\n\t\t\t\t\t\t\t<\/div>\n\t\t<\/div>\n\t\t\t\t\t<\/div>\n\t\t<\/section>\n\t\t\t\t<\/div>","protected":false},"excerpt":{"rendered":"<p style=\"text-align: center;\"><strong>INFORMACI\u00d3N GENERAL<br \/>\n<\/strong>Carga de trabajo: 4 horas<br \/>\n<strong>Curso en l\u00ednea grabado<br \/>\n<\/strong><\/p>\n<p style=\"text-align: center;\">Este curso est\u00e1 dise\u00f1ado para proporcionar una comprensi\u00f3n completa de las mejores pr\u00e1cticas y protocolos de seguridad necesarios para llevar a cabo ex\u00e1menes de resonancia magn\u00e9tica. El curso incluye una serie de lecciones en v\u00eddeo grabadas en cursos y eventos celebrados por el CBR (Colegio Brasile\u00f1o de Radiolog\u00eda e Imagen Diagn\u00f3stica), con la participaci\u00f3n de expertos de renombre en el campo de la RM. Estos v\u00eddeos ofrecen valiosos conocimientos y actualizaciones sobre las pr\u00e1cticas de seguridad m\u00e1s recientes y eficaces.<\/p>\n<p>&nbsp;<\/p>","protected":false},"featured_media":12652,"template":"","meta":[],"product_brand":[],"product_cat":[15],"product_tag":[],"class_list":{"0":"post-12444","1":"product","2":"type-product","3":"status-publish","4":"has-post-thumbnail","6":"product_cat-uncategorized","8":"first","9":"instock","10":"virtual","11":"purchasable","12":"product-type-simple"},"_links":{"self":[{"href":"https:\/\/cursosonline.cbr.org.br\/es\/wp-json\/wp\/v2\/product\/12444","targetHints":{"allow":["GET"]}}],"collection":[{"href":"https:\/\/cursosonline.cbr.org.br\/es\/wp-json\/wp\/v2\/product"}],"about":[{"href":"https:\/\/cursosonline.cbr.org.br\/es\/wp-json\/wp\/v2\/types\/product"}],"version-history":[{"count":28,"href":"https:\/\/cursosonline.cbr.org.br\/es\/wp-json\/wp\/v2\/product\/12444\/revisions"}],"predecessor-version":[{"id":33029,"href":"https:\/\/cursosonline.cbr.org.br\/es\/wp-json\/wp\/v2\/product\/12444\/revisions\/33029"}],"wp:featuredmedia":[{"embeddable":true,"href":"https:\/\/cursosonline.cbr.org.br\/es\/wp-json\/wp\/v2\/media\/12652"}],"wp:attachment":[{"href":"https:\/\/cursosonline.cbr.org.br\/es\/wp-json\/wp\/v2\/media?parent=12444"}],"wp:term":[{"taxonomy":"product_brand","embeddable":true,"href":"https:\/\/cursosonline.cbr.org.br\/es\/wp-json\/wp\/v2\/product_brand?post=12444"},{"taxonomy":"product_cat","embeddable":true,"href":"https:\/\/cursosonline.cbr.org.br\/es\/wp-json\/wp\/v2\/product_cat?post=12444"},{"taxonomy":"product_tag","embeddable":true,"href":"https:\/\/cursosonline.cbr.org.br\/es\/wp-json\/wp\/v2\/product_tag?post=12444"}],"curies":[{"name":"gracias","href":"https:\/\/api.w.org\/{rel}","templated":true}]}}