{"id":1259,"date":"2023-10-17T09:22:17","date_gmt":"2023-10-17T12:22:17","guid":{"rendered":"https:\/\/cursosonline.cbr.org.br\/?post_type=product&#038;p=1259"},"modified":"2026-03-12T10:16:03","modified_gmt":"2026-03-12T13:16:03","slug":"webinar-cbr-l-on-demand-novas-diretrizes-do-rastreamento-do-cancer-de-mama-do-cbr-sbm-e-febrasgo-e-situacao-atual-no-brasil","status":"publish","type":"product","link":"https:\/\/cursosonline.cbr.org.br\/es\/curso\/webinar-cbr-l-on-demand-novas-diretrizes-do-rastreamento-do-cancer-de-mama-do-cbr-sbm-e-febrasgo-e-situacao-atual-no-brasil\/","title":{"rendered":"Webinar de la CBR l A la carta-Nuevas directrices de cribado del c\u00e1ncer de mama de la CBR, SBM y FEBRASGO y situaci\u00f3n actual en Brasil"},"content":{"rendered":"<div data-elementor-type=\"product-post\" data-elementor-id=\"1259\" class=\"elementor elementor-1259\" data-elementor-post-type=\"product\">\n\t\t\t\t\t\t<section class=\"elementor-section elementor-top-section elementor-element elementor-element-e9dc2ed elementor-section-boxed elementor-section-height-default elementor-section-height-default\" data-id=\"e9dc2ed\" data-element_type=\"section\">\n\t\t\t\t\t\t<div class=\"elementor-container elementor-column-gap-default\">\n\t\t\t\t\t<div class=\"elementor-column elementor-col-100 elementor-top-column elementor-element elementor-element-c6e21c5\" data-id=\"c6e21c5\" data-element_type=\"column\">\n\t\t\t<div class=\"elementor-widget-wrap elementor-element-populated\">\n\t\t\t\t\t\t<div class=\"elementor-element elementor-element-f3ff925 elementor-widget elementor-widget-text-editor\" data-id=\"f3ff925\" data-element_type=\"widget\" data-widget_type=\"text-editor.default\">\n\t\t\t\t<div class=\"elementor-widget-container\">\n\t\t\t\t\t\t\t\t\t<p>O\u00a0<span style=\"font-weight: bolder\">Webinar<\/span>\u00a0su principal caracter\u00edstica es que aborda temas de inter\u00e9s general, siempre a cargo de un gran nombre de la especialidad elegida. Un webinar es un tipo de videoconferencia en la que una empresa o instituci\u00f3n utiliza una plataforma en l\u00ednea para la comunicaci\u00f3n unidireccional.<\/p><p>El t\u00e9rmino es una abreviatura de web-based seminar, que significa seminario celebrado a trav\u00e9s de Internet. Con 2 horas de actividad, 1,5 horas de conferencias seguidas de casos que ilustran el tema, y 30 minutos de debate con la posibilidad de enviar preguntas a un moderador, el Webinar del CBR tendr\u00e1 lugar cada cuatro semanas, siempre los lunes, de 19.30 a 21.30 (hora de Brasilia).\u00a0<\/p><p>Se discutir\u00e1n casos relacionados con el tema del d\u00eda y la gente podr\u00e1 hacer preguntas, lo que proporcionar\u00e1 una gran interacci\u00f3n y un aprendizaje muy pr\u00e1ctico.\" La idea es abordar temas de inter\u00e9s para los radi\u00f3logos generales, aunque sean expuestos por un especialista en la materia. \"De esta forma sumamos la experiencia de alguien que se dedica al tema para que pueda transmitir sus conocimientos y experiencia de forma clara y did\u00e1ctica a un gran n\u00famero de personas. Tenemos un equipo de especialistas en Brasil y en el exterior muy interesados y dispuestos a colaborar con el CBR y con la ense\u00f1anza de la radiolog\u00eda en Brasil.\"<\/p>\t\t\t\t\t\t\t\t<\/div>\n\t\t\t\t<\/div>\n\t\t\t\t<div class=\"elementor-element elementor-element-9465b4d elementor-pagination-type-bullets elementor-arrows-position-inside elementor-pagination-position-outside elementor-widget elementor-widget-loop-carousel\" data-id=\"9465b4d\" data-element_type=\"widget\" data-settings=\"{&quot;template_id&quot;:&quot;1271&quot;,&quot;_skin&quot;:&quot;post&quot;,&quot;slides_to_show&quot;:&quot;3&quot;,&quot;slides_to_show_tablet&quot;:&quot;2&quot;,&quot;slides_to_show_mobile&quot;:&quot;1&quot;,&quot;slides_to_scroll&quot;:&quot;1&quot;,&quot;edit_handle_selector&quot;:&quot;.elementor-loop-container&quot;,&quot;autoplay&quot;:&quot;yes&quot;,&quot;autoplay_speed&quot;:5000,&quot;pause_on_hover&quot;:&quot;yes&quot;,&quot;pause_on_interaction&quot;:&quot;yes&quot;,&quot;infinite&quot;:&quot;yes&quot;,&quot;speed&quot;:500,&quot;offset_sides&quot;:&quot;none&quot;,&quot;arrows&quot;:&quot;yes&quot;,&quot;pagination&quot;:&quot;bullets&quot;,&quot;image_spacing_custom&quot;:{&quot;unit&quot;:&quot;px&quot;,&quot;size&quot;:10,&quot;sizes&quot;:[]},&quot;image_spacing_custom_tablet&quot;:{&quot;unit&quot;:&quot;px&quot;,&quot;size&quot;:&quot;&quot;,&quot;sizes&quot;:[]},&quot;image_spacing_custom_mobile&quot;:{&quot;unit&quot;:&quot;px&quot;,&quot;size&quot;:&quot;&quot;,&quot;sizes&quot;:[]}}\" data-widget_type=\"loop-carousel.post\">\n\t\t\t\t<div class=\"elementor-widget-container\">\n\t\t\t\t\t\t\t<div class=\"e-loop-nothing-found-message\">\n\t\t<\/div>\n\t\t\t\t\t\t<\/div>\n\t\t\t\t<\/div>\n\t\t\t\t\t<\/div>\n\t\t<\/div>\n\t\t\t\t\t<\/div>\n\t\t<\/section>\n\t\t\t\t<section class=\"elementor-section elementor-top-section elementor-element elementor-element-f96da17 elementor-section-boxed elementor-section-height-default elementor-section-height-default\" data-id=\"f96da17\" data-element_type=\"section\">\n\t\t\t\t\t\t<div class=\"elementor-container elementor-column-gap-default\">\n\t\t\t\t\t<div class=\"elementor-column elementor-col-100 elementor-top-column elementor-element elementor-element-2ab0c72\" data-id=\"2ab0c72\" data-element_type=\"column\">\n\t\t\t<div class=\"elementor-widget-wrap elementor-element-populated\">\n\t\t\t\t\t\t<div class=\"elementor-element elementor-element-9bf316e elementor-arrows-position-inside elementor-pagination-position-outside elementor-widget elementor-widget-image-carousel\" data-id=\"9bf316e\" data-element_type=\"widget\" data-settings=\"{&quot;slides_to_show&quot;:&quot;2&quot;,&quot;slides_to_scroll&quot;:&quot;2&quot;,&quot;navigation&quot;:&quot;both&quot;,&quot;autoplay&quot;:&quot;yes&quot;,&quot;pause_on_hover&quot;:&quot;yes&quot;,&quot;pause_on_interaction&quot;:&quot;yes&quot;,&quot;autoplay_speed&quot;:5000,&quot;infinite&quot;:&quot;yes&quot;,&quot;speed&quot;:500}\" data-widget_type=\"image-carousel.default\">\n\t\t\t\t<div class=\"elementor-widget-container\">\n\t\t\t\t\t\t\t<div class=\"elementor-image-carousel-wrapper swiper\" role=\"region\" aria-roledescription=\"carousel\" aria-label=\"Carrusel de im\u00e1genes\" dir=\"ltr\">\n\t\t\t<div class=\"elementor-image-carousel swiper-wrapper\" aria-live=\"off\">\n\t\t\t\t\t\t\t\t<div class=\"swiper-slide\" role=\"group\" aria-roledescription=\"slide\" aria-label=\"1 de 10\"><figure class=\"swiper-slide-inner\"><img decoding=\"async\" class=\"swiper-slide-image\" src=\"https:\/\/cursosonline.cbr.org.br\/wp-content\/uploads\/2023\/10\/Post_WEBINAR-CBR_Novas-diretrizes-do-rastreamento-do-cancer-de-mama_1.jpg\" alt=\"Post_WEBINAR CBR_Novas diretrizes do rastreamento do c\u00e2ncer de mama_1\" \/><\/figure><\/div><div class=\"swiper-slide\" role=\"group\" aria-roledescription=\"slide\" aria-label=\"2 de 10\"><figure class=\"swiper-slide-inner\"><img decoding=\"async\" class=\"swiper-slide-image\" src=\"https:\/\/cursosonline.cbr.org.br\/wp-content\/uploads\/2023\/10\/Post_WEBINAR-CBR_Novas-diretrizes-do-rastreamento-do-cancer-de-mama_3.png\" alt=\"Post_WEBINAR CBR_Novas diretrizes do rastreamento do c\u00e2ncer de mama_3\" \/><\/figure><\/div><div class=\"swiper-slide\" role=\"group\" aria-roledescription=\"slide\" aria-label=\"3 de 10\"><figure class=\"swiper-slide-inner\"><img decoding=\"async\" class=\"swiper-slide-image\" src=\"https:\/\/cursosonline.cbr.org.br\/wp-content\/uploads\/2023\/10\/Post_WEBINAR-CBR_Novas-diretrizes-do-rastreamento-do-cancer-de-mama_4.png\" alt=\"Post_WEBINAR CBR_Novas diretrizes do rastreamento do c\u00e2ncer de mama_4\" \/><\/figure><\/div><div class=\"swiper-slide\" role=\"group\" aria-roledescription=\"slide\" aria-label=\"4 de 10\"><figure class=\"swiper-slide-inner\"><img decoding=\"async\" class=\"swiper-slide-image\" src=\"https:\/\/cursosonline.cbr.org.br\/wp-content\/uploads\/2023\/10\/Post_WEBINAR-CBR_Novas-diretrizes-do-rastreamento-do-cancer-de-mama_5.png\" alt=\"Post_WEBINAR CBR_Novas diretrizes do rastreamento do c\u00e2ncer de mama_5\" \/><\/figure><\/div><div class=\"swiper-slide\" role=\"group\" aria-roledescription=\"slide\" aria-label=\"5 de 10\"><figure class=\"swiper-slide-inner\"><img decoding=\"async\" class=\"swiper-slide-image\" src=\"https:\/\/cursosonline.cbr.org.br\/wp-content\/uploads\/2023\/10\/Post_WEBINAR-CBR_Novas-diretrizes-do-rastreamento-do-cancer-de-mama_6.png\" alt=\"Post_WEBINAR CBR_Novas diretrizes do rastreamento do c\u00e2ncer de mama_6\" \/><\/figure><\/div><div class=\"swiper-slide\" role=\"group\" aria-roledescription=\"slide\" aria-label=\"6 de 10\"><figure class=\"swiper-slide-inner\"><img decoding=\"async\" class=\"swiper-slide-image\" src=\"https:\/\/cursosonline.cbr.org.br\/wp-content\/uploads\/2023\/10\/Post_WEBINAR-CBR_Novas-diretrizes-do-rastreamento-do-cancer-de-mama_7.png\" alt=\"Post_WEBINAR CBR_Novas diretrizes do rastreamento do c\u00e2ncer de mama_7\" \/><\/figure><\/div><div class=\"swiper-slide\" role=\"group\" aria-roledescription=\"slide\" aria-label=\"7 de 10\"><figure class=\"swiper-slide-inner\"><img decoding=\"async\" class=\"swiper-slide-image\" src=\"https:\/\/cursosonline.cbr.org.br\/wp-content\/uploads\/2023\/10\/Post_WEBINAR-CBR_Novas-diretrizes-do-rastreamento-do-cancer-de-mama_8.png\" alt=\"Post_WEBINAR CBR_Novas diretrizes do rastreamento do c\u00e2ncer de mama_8\" \/><\/figure><\/div><div class=\"swiper-slide\" role=\"group\" aria-roledescription=\"slide\" aria-label=\"8 de 10\"><figure class=\"swiper-slide-inner\"><img decoding=\"async\" class=\"swiper-slide-image\" src=\"https:\/\/cursosonline.cbr.org.br\/wp-content\/uploads\/2023\/10\/Post_WEBINAR-CBR_Novas-diretrizes-do-rastreamento-do-cancer-de-mama_9.png\" alt=\"Post_WEBINAR CBR_Novas diretrizes do rastreamento do c\u00e2ncer de mama_9\" \/><\/figure><\/div><div class=\"swiper-slide\" role=\"group\" aria-roledescription=\"slide\" aria-label=\"9 de 10\"><figure class=\"swiper-slide-inner\"><img decoding=\"async\" class=\"swiper-slide-image\" src=\"https:\/\/cursosonline.cbr.org.br\/wp-content\/uploads\/2023\/10\/Post_WEBINAR-CBR_Novas-diretrizes-do-rastreamento-do-cancer-de-mama_10.png\" alt=\"Post_WEBINAR CBR_Novas diretrizes do rastreamento do c\u00e2ncer de mama_10\" \/><\/figure><\/div><div class=\"swiper-slide\" role=\"group\" aria-roledescription=\"slide\" aria-label=\"10 de 10\"><figure class=\"swiper-slide-inner\"><img decoding=\"async\" class=\"swiper-slide-image\" src=\"https:\/\/cursosonline.cbr.org.br\/wp-content\/uploads\/2023\/10\/Post_WEBINAR-CBR_Novas-diretrizes-do-rastreamento-do-cancer-de-mama_2.png\" alt=\"Post_WEBINAR CBR_Novas diretrizes do rastreamento do c\u00e2ncer de mama_2\" \/><\/figure><\/div>\t\t\t<\/div>\n\t\t\t\t\t\t\t\t\t\t\t\t<div class=\"elementor-swiper-button elementor-swiper-button-prev\" role=\"button\" tabindex=\"0\">\n\t\t\t\t\t\t<i aria-hidden=\"true\" class=\"eicon-chevron-left\"><\/i>\t\t\t\t\t<\/div>\n\t\t\t\t\t<div class=\"elementor-swiper-button elementor-swiper-button-next\" role=\"button\" tabindex=\"0\">\n\t\t\t\t\t\t<i aria-hidden=\"true\" class=\"eicon-chevron-right\"><\/i>\t\t\t\t\t<\/div>\n\t\t\t\t\n\t\t\t\t\t\t\t\t\t<div class=\"swiper-pagination\"><\/div>\n\t\t\t\t\t\t\t\t\t<\/div>\n\t\t\t\t\t\t<\/div>\n\t\t\t\t<\/div>\n\t\t\t\t<div class=\"elementor-element elementor-element-f71fb0a elementor-widget elementor-widget-text-editor\" data-id=\"f71fb0a\" data-element_type=\"widget\" data-widget_type=\"text-editor.default\">\n\t\t\t\t<div class=\"elementor-widget-container\">\n\t\t\t\t\t\t\t\t\t<table border=\"0\"><tbody><tr><td><p>Tiene lugar una vez al mes, los lunes de 19.30 a 21.30 (hora de Brasilia).&nbsp;<\/p><p><span style=\"font-weight: bolder\">COORDINACI\u00d3N GENERAL:<\/span><br>Ronaldo Hueb Baroni<\/p><p>Est\u00e9 atento a las redes sociales del CBR para conocer las fechas y los temas de los pr\u00f3ximos lives, y puede inscribirse en los pr\u00f3ximos Webinars utilizando el bot\u00f3n de abajo. Liberamos las inscripciones aproximadamente 10 d\u00edas antes del evento.<\/p><\/td><\/tr><\/tbody><\/table>\t\t\t\t\t\t\t\t<\/div>\n\t\t\t\t<\/div>\n\t\t\t\t\t<\/div>\n\t\t<\/div>\n\t\t\t\t\t<\/div>\n\t\t<\/section>\n\t\t\t\t<section class=\"elementor-section elementor-top-section elementor-element elementor-element-cf9d978 elementor-section-boxed elementor-section-height-default elementor-section-height-default\" data-id=\"cf9d978\" data-element_type=\"section\">\n\t\t\t\t\t\t<div class=\"elementor-container elementor-column-gap-default\">\n\t\t\t\t\t<div class=\"elementor-column elementor-col-100 elementor-top-column elementor-element elementor-element-a0d96b4\" data-id=\"a0d96b4\" data-element_type=\"column\">\n\t\t\t<div class=\"elementor-widget-wrap elementor-element-populated\">\n\t\t\t\t\t\t<div class=\"elementor-element elementor-element-f0c9118 elementor-align-center elementor-widget elementor-widget-button\" data-id=\"f0c9118\" data-element_type=\"widget\" data-widget_type=\"button.default\">\n\t\t\t\t<div class=\"elementor-widget-container\">\n\t\t\t\t\t\t\t\t\t<div class=\"elementor-button-wrapper\">\n\t\t\t\t\t<a class=\"elementor-button elementor-button-link elementor-size-lg\" href=\"https:\/\/cursosonline.cbr.org.br\/es\/curso\/webinar-cbr-ao-vivo\/\">\n\t\t\t\t\t\t<span class=\"elementor-button-content-wrapper\">\n\t\t\t\t\t\t\t\t\t<span class=\"elementor-button-text\">Pulse aqu\u00ed<\/span>\n\t\t\t\t\t<\/span>\n\t\t\t\t\t<\/a>\n\t\t\t\t<\/div>\n\t\t\t\t\t\t\t\t<\/div>\n\t\t\t\t<\/div>\n\t\t\t\t\t<\/div>\n\t\t<\/div>\n\t\t\t\t\t<\/div>\n\t\t<\/section>\n\t\t\t\t<\/div>","protected":false},"excerpt":{"rendered":"<p>Contenido a la carta, vea las ediciones anteriores del seminario web del CBR, una gran ventaja para quienes no pudieron seguirlo \"en directo\" o quieren recordar los mejores momentos del directo.<\/p>\n<p><strong>GRATUITO PARA LOS MIEMBROS DE LA CBR.<\/strong><\/p>","protected":false},"featured_media":16128,"template":"","meta":[],"product_brand":[],"product_cat":[18,39],"product_tag":[],"class_list":{"0":"post-1259","1":"product","2":"type-product","3":"status-publish","4":"has-post-thumbnail","6":"product_cat-cbr-educa","7":"product_cat-webinar-cbr-educa","9":"first","10":"instock","11":"virtual","12":"sold-individually","13":"taxable","14":"purchasable","15":"product-type-simple"},"_links":{"self":[{"href":"https:\/\/cursosonline.cbr.org.br\/es\/wp-json\/wp\/v2\/product\/1259","targetHints":{"allow":["GET"]}}],"collection":[{"href":"https:\/\/cursosonline.cbr.org.br\/es\/wp-json\/wp\/v2\/product"}],"about":[{"href":"https:\/\/cursosonline.cbr.org.br\/es\/wp-json\/wp\/v2\/types\/product"}],"version-history":[{"count":15,"href":"https:\/\/cursosonline.cbr.org.br\/es\/wp-json\/wp\/v2\/product\/1259\/revisions"}],"predecessor-version":[{"id":33354,"href":"https:\/\/cursosonline.cbr.org.br\/es\/wp-json\/wp\/v2\/product\/1259\/revisions\/33354"}],"wp:featuredmedia":[{"embeddable":true,"href":"https:\/\/cursosonline.cbr.org.br\/es\/wp-json\/wp\/v2\/media\/16128"}],"wp:attachment":[{"href":"https:\/\/cursosonline.cbr.org.br\/es\/wp-json\/wp\/v2\/media?parent=1259"}],"wp:term":[{"taxonomy":"product_brand","embeddable":true,"href":"https:\/\/cursosonline.cbr.org.br\/es\/wp-json\/wp\/v2\/product_brand?post=1259"},{"taxonomy":"product_cat","embeddable":true,"href":"https:\/\/cursosonline.cbr.org.br\/es\/wp-json\/wp\/v2\/product_cat?post=1259"},{"taxonomy":"product_tag","embeddable":true,"href":"https:\/\/cursosonline.cbr.org.br\/es\/wp-json\/wp\/v2\/product_tag?post=1259"}],"curies":[{"name":"gracias","href":"https:\/\/api.w.org\/{rel}","templated":true}]}}