{"id":13005,"date":"2024-09-03T09:27:14","date_gmt":"2024-09-03T12:27:14","guid":{"rendered":"https:\/\/cursosonline.cbr.org.br\/?post_type=product&#038;p=13005"},"modified":"2026-03-30T14:35:41","modified_gmt":"2026-03-30T17:35:41","slug":"webinar-padi-desafios-do-atendimento-ao-cliente-em-servicos-de-imagem","status":"publish","type":"product","link":"https:\/\/cursosonline.cbr.org.br\/es\/curso\/webinar-padi-desafios-do-atendimento-ao-cliente-em-servicos-de-imagem\/","title":{"rendered":"Webinar PADI: Retos del servicio de atenci\u00f3n al cliente en los servicios de im\u00e1genes"},"content":{"rendered":"<div data-elementor-type=\"product-post\" data-elementor-id=\"13005\" class=\"elementor elementor-13005\" data-elementor-post-type=\"product\">\n\t\t\t\t\t\t<section class=\"elementor-section elementor-top-section elementor-element elementor-element-772764d elementor-section-boxed elementor-section-height-default elementor-section-height-default\" data-id=\"772764d\" data-element_type=\"section\">\n\t\t\t\t\t\t<div class=\"elementor-container elementor-column-gap-default\">\n\t\t\t\t\t<div class=\"elementor-column elementor-col-16 elementor-top-column elementor-element elementor-element-93f46ea\" data-id=\"93f46ea\" data-element_type=\"column\">\n\t\t\t<div class=\"elementor-widget-wrap\">\n\t\t\t\t\t\t\t<\/div>\n\t\t<\/div>\n\t\t\t\t<div class=\"elementor-column elementor-col-66 elementor-top-column elementor-element elementor-element-c1e38a2\" data-id=\"c1e38a2\" data-element_type=\"column\">\n\t\t\t<div class=\"elementor-widget-wrap elementor-element-populated\">\n\t\t\t\t\t\t<div class=\"elementor-element elementor-element-4466852 elementor-widget elementor-widget-image\" data-id=\"4466852\" data-element_type=\"widget\" data-widget_type=\"image.default\">\n\t\t\t\t<div class=\"elementor-widget-container\">\n\t\t\t\t\t\t\t\t\t\t\t\t\t\t\t<img fetchpriority=\"high\" decoding=\"async\" width=\"800\" height=\"250\" src=\"https:\/\/cursosonline.cbr.org.br\/wp-content\/uploads\/2024\/09\/Design-sem-nome-7.png\" class=\"attachment-large size-large wp-image-13955\" alt=\"\" srcset=\"https:\/\/cursosonline.cbr.org.br\/wp-content\/uploads\/2024\/09\/Design-sem-nome-7.png 800w, https:\/\/cursosonline.cbr.org.br\/wp-content\/uploads\/2024\/09\/Design-sem-nome-7-300x94.png 300w, https:\/\/cursosonline.cbr.org.br\/wp-content\/uploads\/2024\/09\/Design-sem-nome-7-768x240.png 768w, https:\/\/cursosonline.cbr.org.br\/wp-content\/uploads\/2024\/09\/Design-sem-nome-7-600x188.png 600w\" sizes=\"(max-width: 800px) 100vw, 800px\" \/>\t\t\t\t\t\t\t\t\t\t\t\t\t\t\t<\/div>\n\t\t\t\t<\/div>\n\t\t\t\t\t<\/div>\n\t\t<\/div>\n\t\t\t\t<div class=\"elementor-column elementor-col-16 elementor-top-column elementor-element elementor-element-e2218fd\" data-id=\"e2218fd\" data-element_type=\"column\">\n\t\t\t<div class=\"elementor-widget-wrap\">\n\t\t\t\t\t\t\t<\/div>\n\t\t<\/div>\n\t\t\t\t\t<\/div>\n\t\t<\/section>\n\t\t\t\t<section class=\"elementor-section elementor-top-section elementor-element elementor-element-e93abfe elementor-section-boxed elementor-section-height-default elementor-section-height-default\" data-id=\"e93abfe\" data-element_type=\"section\">\n\t\t\t\t\t\t<div class=\"elementor-container elementor-column-gap-default\">\n\t\t\t\t\t<div class=\"elementor-column elementor-col-100 elementor-top-column elementor-element elementor-element-fbe1e4b\" data-id=\"fbe1e4b\" data-element_type=\"column\">\n\t\t\t<div class=\"elementor-widget-wrap\">\n\t\t\t\t\t\t\t<\/div>\n\t\t<\/div>\n\t\t\t\t\t<\/div>\n\t\t<\/section>\n\t\t\t\t<section class=\"elementor-section elementor-top-section elementor-element elementor-element-46aefda8 elementor-section-boxed elementor-section-height-default elementor-section-height-default\" data-id=\"46aefda8\" data-element_type=\"section\">\n\t\t\t\t\t\t<div class=\"elementor-container elementor-column-gap-default\">\n\t\t\t\t\t<div class=\"elementor-column elementor-col-100 elementor-top-column elementor-element elementor-element-5bbf70b3\" data-id=\"5bbf70b3\" data-element_type=\"column\">\n\t\t\t<div class=\"elementor-widget-wrap elementor-element-populated\">\n\t\t\t\t\t\t<div class=\"elementor-element elementor-element-4e4fa272 elementor-widget elementor-widget-text-editor\" data-id=\"4e4fa272\" data-element_type=\"widget\" data-widget_type=\"text-editor.default\">\n\t\t\t\t<div class=\"elementor-widget-container\">\n\t\t\t\t\t\t\t\t\t<p><font color=\"#000000\">\"En este seminario web se le guiar\u00e1 a trav\u00e9s de los requisitos de la norma Padi relativos al servicio al cliente y su aplicabilidad pr\u00e1ctica en los servicios de diagn\u00f3stico por imagen.\"<\/font><\/p><p><span style=\"font-family: var( --e-global-typography-text-font-family ), Sans-serif;font-weight: var( --e-global-typography-text-font-weight );font-size: var(--bs-body-font-size);text-align: var(--bs-body-text-align)\">Objetivos: Formar a los participantes en el proceso de implantaci\u00f3n y en las herramientas que pueden ayudar en la b\u00fasqueda de la acreditaci\u00f3n PADI.<\/span><br><\/p>\t\t\t\t\t\t\t\t<\/div>\n\t\t\t\t<\/div>\n\t\t\t\t\t<\/div>\n\t\t<\/div>\n\t\t\t\t\t<\/div>\n\t\t<\/section>\n\t\t\t\t<section class=\"elementor-section elementor-top-section elementor-element elementor-element-2afab86 elementor-section-boxed elementor-section-height-default elementor-section-height-default\" data-id=\"2afab86\" data-element_type=\"section\">\n\t\t\t\t\t\t<div class=\"elementor-container elementor-column-gap-default\">\n\t\t\t\t\t<div class=\"elementor-column elementor-col-100 elementor-top-column elementor-element elementor-element-d8bbc90\" data-id=\"d8bbc90\" data-element_type=\"column\">\n\t\t\t<div class=\"elementor-widget-wrap elementor-element-populated\">\n\t\t\t\t\t\t<div class=\"elementor-element elementor-element-c7a5a00 elementor-widget elementor-widget-heading\" data-id=\"c7a5a00\" data-element_type=\"widget\" data-widget_type=\"heading.default\">\n\t\t\t\t<div class=\"elementor-widget-container\">\n\t\t\t\t\t<h2 class=\"elementor-heading-title elementor-size-default\">Altavoz<\/h2>\t\t\t\t<\/div>\n\t\t\t\t<\/div>\n\t\t\t\t\t<\/div>\n\t\t<\/div>\n\t\t\t\t\t<\/div>\n\t\t<\/section>\n\t\t\t\t<section class=\"elementor-section elementor-top-section elementor-element elementor-element-fa422e1 elementor-section-boxed elementor-section-height-default elementor-section-height-default\" data-id=\"fa422e1\" data-element_type=\"section\">\n\t\t\t\t\t\t<div class=\"elementor-container elementor-column-gap-default\">\n\t\t\t\t\t<div class=\"elementor-column elementor-col-16 elementor-top-column elementor-element elementor-element-3612389\" data-id=\"3612389\" data-element_type=\"column\">\n\t\t\t<div class=\"elementor-widget-wrap\">\n\t\t\t\t\t\t\t<\/div>\n\t\t<\/div>\n\t\t\t\t<div class=\"elementor-column elementor-col-66 elementor-top-column elementor-element elementor-element-945da07\" data-id=\"945da07\" data-element_type=\"column\">\n\t\t\t<div class=\"elementor-widget-wrap elementor-element-populated\">\n\t\t\t\t\t\t<div class=\"elementor-element elementor-element-80b171a elementor-widget elementor-widget-image\" data-id=\"80b171a\" data-element_type=\"widget\" data-widget_type=\"image.default\">\n\t\t\t\t<div class=\"elementor-widget-container\">\n\t\t\t\t\t\t\t\t\t\t\t\t\t\t\t<img decoding=\"async\" width=\"800\" height=\"400\" src=\"https:\/\/cursosonline.cbr.org.br\/wp-content\/uploads\/2024\/09\/Mini-Curriculo-Andre-Silva-1024x512.png\" class=\"attachment-large size-large wp-image-13171\" alt=\"\" srcset=\"https:\/\/cursosonline.cbr.org.br\/wp-content\/uploads\/2024\/09\/Mini-Curriculo-Andre-Silva-1024x512.png 1024w, https:\/\/cursosonline.cbr.org.br\/wp-content\/uploads\/2024\/09\/Mini-Curriculo-Andre-Silva-300x150.png 300w, https:\/\/cursosonline.cbr.org.br\/wp-content\/uploads\/2024\/09\/Mini-Curriculo-Andre-Silva-768x384.png 768w, https:\/\/cursosonline.cbr.org.br\/wp-content\/uploads\/2024\/09\/Mini-Curriculo-Andre-Silva-1536x768.png 1536w, https:\/\/cursosonline.cbr.org.br\/wp-content\/uploads\/2024\/09\/Mini-Curriculo-Andre-Silva-2048x1024.png 2048w, https:\/\/cursosonline.cbr.org.br\/wp-content\/uploads\/2024\/09\/Mini-Curriculo-Andre-Silva-600x300.png 600w\" sizes=\"(max-width: 800px) 100vw, 800px\" \/>\t\t\t\t\t\t\t\t\t\t\t\t\t\t\t<\/div>\n\t\t\t\t<\/div>\n\t\t\t\t\t<\/div>\n\t\t<\/div>\n\t\t\t\t<div class=\"elementor-column elementor-col-16 elementor-top-column elementor-element elementor-element-c9ff821\" data-id=\"c9ff821\" data-element_type=\"column\">\n\t\t\t<div class=\"elementor-widget-wrap\">\n\t\t\t\t\t\t\t<\/div>\n\t\t<\/div>\n\t\t\t\t\t<\/div>\n\t\t<\/section>\n\t\t\t\t<section class=\"elementor-section elementor-top-section elementor-element elementor-element-63ace1e2 elementor-section-boxed elementor-section-height-default elementor-section-height-default\" data-id=\"63ace1e2\" data-element_type=\"section\">\n\t\t\t\t\t\t<div class=\"elementor-container elementor-column-gap-default\">\n\t\t\t\t\t<div class=\"elementor-column elementor-col-33 elementor-top-column elementor-element elementor-element-60f87715\" data-id=\"60f87715\" data-element_type=\"column\">\n\t\t\t<div class=\"elementor-widget-wrap\">\n\t\t\t\t\t\t\t<\/div>\n\t\t<\/div>\n\t\t\t\t<div class=\"elementor-column elementor-col-33 elementor-top-column elementor-element elementor-element-362bc762\" data-id=\"362bc762\" data-element_type=\"column\">\n\t\t\t<div class=\"elementor-widget-wrap elementor-element-populated\">\n\t\t\t\t\t\t<div class=\"elementor-element elementor-element-7a3779c9 elementor-widget__width-initial elementor-widget elementor-widget-image\" data-id=\"7a3779c9\" data-element_type=\"widget\" data-widget_type=\"image.default\">\n\t\t\t\t<div class=\"elementor-widget-container\">\n\t\t\t\t\t\t\t\t\t\t\t\t\t\t\t\t<a href=\"https:\/\/api.whatsapp.com\/send\/?phone=5511913001416&#038;text=Ol%C3%A1%2C+Estou%20com%20d\u00favidas%20sobre%20o%20%20treinamento%20Webinar%20Padi:%20Indicadores%20em%20Diagn\u00f3stico%20por%20Imagem%20&#038;type=phone_number&#038;app_absent=0\" target=\"_blank\">\n\t\t\t\t\t\t\t<img decoding=\"async\" width=\"300\" height=\"213\" src=\"https:\/\/cursosonline.cbr.org.br\/wp-content\/uploads\/2024\/05\/whatsapp_PNG5-300x213.png\" class=\"attachment-medium size-medium wp-image-7548\" alt=\"\" srcset=\"https:\/\/cursosonline.cbr.org.br\/wp-content\/uploads\/2024\/05\/whatsapp_PNG5-300x213.png 300w, https:\/\/cursosonline.cbr.org.br\/wp-content\/uploads\/2024\/05\/whatsapp_PNG5-1024x727.png 1024w, https:\/\/cursosonline.cbr.org.br\/wp-content\/uploads\/2024\/05\/whatsapp_PNG5-768x545.png 768w, https:\/\/cursosonline.cbr.org.br\/wp-content\/uploads\/2024\/05\/whatsapp_PNG5-1536x1091.png 1536w, https:\/\/cursosonline.cbr.org.br\/wp-content\/uploads\/2024\/05\/whatsapp_PNG5-600x426.png 600w, https:\/\/cursosonline.cbr.org.br\/wp-content\/uploads\/2024\/05\/whatsapp_PNG5.png 1600w\" sizes=\"(max-width: 300px) 100vw, 300px\" \/>\t\t\t\t\t\t\t\t<\/a>\n\t\t\t\t\t\t\t\t\t\t\t\t\t\t\t<\/div>\n\t\t\t\t<\/div>\n\t\t\t\t\t<\/div>\n\t\t<\/div>\n\t\t\t\t<div class=\"elementor-column elementor-col-33 elementor-top-column elementor-element elementor-element-48e6e1fe\" data-id=\"48e6e1fe\" data-element_type=\"column\">\n\t\t\t<div class=\"elementor-widget-wrap\">\n\t\t\t\t\t\t\t<\/div>\n\t\t<\/div>\n\t\t\t\t\t<\/div>\n\t\t<\/section>\n\t\t\t\t<section class=\"elementor-section elementor-top-section elementor-element elementor-element-5770bf4c elementor-section-boxed elementor-section-height-default elementor-section-height-default\" data-id=\"5770bf4c\" data-element_type=\"section\">\n\t\t\t\t\t\t<div class=\"elementor-container elementor-column-gap-default\">\n\t\t\t\t\t<div class=\"elementor-column elementor-col-25 elementor-top-column elementor-element elementor-element-4ccfdd00\" data-id=\"4ccfdd00\" data-element_type=\"column\">\n\t\t\t<div class=\"elementor-widget-wrap\">\n\t\t\t\t\t\t\t<\/div>\n\t\t<\/div>\n\t\t\t\t<div class=\"elementor-column elementor-col-50 elementor-top-column elementor-element elementor-element-20a47362\" data-id=\"20a47362\" data-element_type=\"column\">\n\t\t\t<div class=\"elementor-widget-wrap elementor-element-populated\">\n\t\t\t\t\t\t<div class=\"elementor-element elementor-element-64243a53 elementor-widget elementor-widget-text-editor\" data-id=\"64243a53\" data-element_type=\"widget\" data-widget_type=\"text-editor.default\">\n\t\t\t\t<div class=\"elementor-widget-container\">\n\t\t\t\t\t\t\t\t\t<p style=\"text-align: center\"><strong>\u00bfDificultades para acceder a la formaci\u00f3n?<\/strong><\/p>\t\t\t\t\t\t\t\t<\/div>\n\t\t\t\t<\/div>\n\t\t\t\t\t<\/div>\n\t\t<\/div>\n\t\t\t\t<div class=\"elementor-column elementor-col-25 elementor-top-column elementor-element elementor-element-2fbe6069\" data-id=\"2fbe6069\" data-element_type=\"column\">\n\t\t\t<div class=\"elementor-widget-wrap\">\n\t\t\t\t\t\t\t<\/div>\n\t\t<\/div>\n\t\t\t\t\t<\/div>\n\t\t<\/section>\n\t\t\t\t<section class=\"elementor-section elementor-top-section elementor-element elementor-element-7354458 elementor-section-boxed elementor-section-height-default elementor-section-height-default\" data-id=\"7354458\" data-element_type=\"section\">\n\t\t\t\t\t\t<div class=\"elementor-container elementor-column-gap-default\">\n\t\t\t\t\t<div class=\"elementor-column elementor-col-100 elementor-top-column elementor-element elementor-element-47389cc\" data-id=\"47389cc\" data-element_type=\"column\">\n\t\t\t<div class=\"elementor-widget-wrap elementor-element-populated\">\n\t\t\t\t\t\t<div class=\"elementor-element elementor-element-f38790f elementor-widget elementor-widget-text-editor\" data-id=\"f38790f\" data-element_type=\"widget\" data-widget_type=\"text-editor.default\">\n\t\t\t\t<div class=\"elementor-widget-container\">\n\t\t\t\t\t\t\t\t\t<p><span style=\"color: #808080\"><em>Certificado a cambio de una tasa administrativa.<\/em><\/span><\/p>\t\t\t\t\t\t\t\t<\/div>\n\t\t\t\t<\/div>\n\t\t\t\t\t<\/div>\n\t\t<\/div>\n\t\t\t\t\t<\/div>\n\t\t<\/section>\n\t\t\t\t<\/div>","protected":false},"excerpt":{"rendered":"<p style=\"text-align: center;\"><strong>INFORMACI\u00d3N GENERAL<br \/>\n<\/strong>Carga de trabajo: 1 hora<br \/>\n<strong>Webinar en directo | Grabado<\/strong><\/p>\n<p style=\"text-align: center;\"><strong><br \/>\n<\/strong>En este seminario web se le guiar\u00e1 a trav\u00e9s de los requisitos de la norma Padi relativos al servicio al cliente y su aplicabilidad pr\u00e1ctica en los servicios de diagn\u00f3stico por imagen.<\/p>\n<p style=\"text-align: center;\">Objetivos: Formar a los participantes en el proceso de implantaci\u00f3n y en las herramientas que pueden ayudar en la b\u00fasqueda de la acreditaci\u00f3n PADI.<\/p>\n<p style=\"text-align: center;\"><strong>\u00a0<\/strong><\/p>","protected":false},"featured_media":13949,"template":"","meta":[],"product_brand":[],"product_cat":[17,29],"product_tag":[],"class_list":{"0":"post-13005","1":"product","2":"type-product","3":"status-publish","4":"has-post-thumbnail","6":"product_cat-cbr-clinicas","7":"product_cat-webinars","9":"first","10":"instock","11":"purchasable","12":"product-type-variable"},"_links":{"self":[{"href":"https:\/\/cursosonline.cbr.org.br\/es\/wp-json\/wp\/v2\/product\/13005","targetHints":{"allow":["GET"]}}],"collection":[{"href":"https:\/\/cursosonline.cbr.org.br\/es\/wp-json\/wp\/v2\/product"}],"about":[{"href":"https:\/\/cursosonline.cbr.org.br\/es\/wp-json\/wp\/v2\/types\/product"}],"version-history":[{"count":34,"href":"https:\/\/cursosonline.cbr.org.br\/es\/wp-json\/wp\/v2\/product\/13005\/revisions"}],"predecessor-version":[{"id":33326,"href":"https:\/\/cursosonline.cbr.org.br\/es\/wp-json\/wp\/v2\/product\/13005\/revisions\/33326"}],"wp:featuredmedia":[{"embeddable":true,"href":"https:\/\/cursosonline.cbr.org.br\/es\/wp-json\/wp\/v2\/media\/13949"}],"wp:attachment":[{"href":"https:\/\/cursosonline.cbr.org.br\/es\/wp-json\/wp\/v2\/media?parent=13005"}],"wp:term":[{"taxonomy":"product_brand","embeddable":true,"href":"https:\/\/cursosonline.cbr.org.br\/es\/wp-json\/wp\/v2\/product_brand?post=13005"},{"taxonomy":"product_cat","embeddable":true,"href":"https:\/\/cursosonline.cbr.org.br\/es\/wp-json\/wp\/v2\/product_cat?post=13005"},{"taxonomy":"product_tag","embeddable":true,"href":"https:\/\/cursosonline.cbr.org.br\/es\/wp-json\/wp\/v2\/product_tag?post=13005"}],"curies":[{"name":"gracias","href":"https:\/\/api.w.org\/{rel}","templated":true}]}}