{"id":1364,"date":"2023-10-26T14:33:52","date_gmt":"2023-10-26T17:33:52","guid":{"rendered":"https:\/\/cursosonline.cbr.org.br\/?post_type=product&#038;p=1364"},"modified":"2026-03-10T13:02:08","modified_gmt":"2026-03-10T16:02:08","slug":"atualiza23-the-radiologist-as-a-clinician-the-future-of-our-specialty-l-aula-magna-dr-adrian-brady","status":"publish","type":"product","link":"https:\/\/cursosonline.cbr.org.br\/es\/curso\/atualiza23-the-radiologist-as-a-clinician-the-future-of-our-specialty-l-aula-magna-dr-adrian-brady\/","title":{"rendered":"Atualiza23- \"El radi\u00f3logo como cl\u00ednico: \u00bfel futuro de nuestra especialidad?\" l Masterclass Dr Adrian Brady"},"content":{"rendered":"<div data-elementor-type=\"product-post\" data-elementor-id=\"1364\" class=\"elementor elementor-1364\" data-elementor-post-type=\"product\">\n\t\t\t\t\t\t<section class=\"elementor-section elementor-top-section elementor-element elementor-element-9579028 elementor-section-boxed elementor-section-height-default elementor-section-height-default\" data-id=\"9579028\" data-element_type=\"section\">\n\t\t\t\t\t\t<div class=\"elementor-container elementor-column-gap-default\">\n\t\t\t\t\t<div class=\"elementor-column elementor-col-100 elementor-top-column elementor-element elementor-element-6941fac\" data-id=\"6941fac\" data-element_type=\"column\">\n\t\t\t<div class=\"elementor-widget-wrap elementor-element-populated\">\n\t\t\t\t\t\t<div class=\"elementor-element elementor-element-47d915c elementor-widget elementor-widget-text-editor\" data-id=\"47d915c\" data-element_type=\"widget\" data-widget_type=\"text-editor.default\">\n\t\t\t\t<div class=\"elementor-widget-container\">\n\t\t\t\t\t\t\t\t\t<p>\u00a0<\/p><p><img decoding=\"async\" class=\"alignnone size-full wp-image-1369 aligncenter\" src=\"https:\/\/cursosonline.cbr.org.br\/wp-content\/uploads\/2023\/10\/Screenshot_54.png\" alt=\"\" width=\"676\" height=\"52\" srcset=\"https:\/\/cursosonline.cbr.org.br\/wp-content\/uploads\/2023\/10\/Screenshot_54.png 676w, https:\/\/cursosonline.cbr.org.br\/wp-content\/uploads\/2023\/10\/Screenshot_54-300x23.png 300w, https:\/\/cursosonline.cbr.org.br\/wp-content\/uploads\/2023\/10\/Screenshot_54-600x46.png 600w\" sizes=\"(max-width: 676px) 100vw, 676px\" \/><\/p><p><img fetchpriority=\"high\" decoding=\"async\" class=\"alignnone size-full wp-image-1370 aligncenter\" src=\"https:\/\/cursosonline.cbr.org.br\/wp-content\/uploads\/2023\/10\/Screenshot_55-1.png\" alt=\"\" width=\"267\" height=\"270\" srcset=\"https:\/\/cursosonline.cbr.org.br\/wp-content\/uploads\/2023\/10\/Screenshot_55-1.png 267w, https:\/\/cursosonline.cbr.org.br\/wp-content\/uploads\/2023\/10\/Screenshot_55-1-100x100.png 100w\" sizes=\"(max-width: 267px) 100vw, 267px\" \/><\/p><p style=\"text-align: center\"><strong>\"La\u00a0<\/strong><strong>radi\u00f3logo<\/strong><strong>\u00a0el\u00a0<\/strong><strong>cl\u00ednico<\/strong><strong>:\u00a0<\/strong><strong>el<\/strong><strong>\u00a0futuro\u00a0<\/strong><strong>de<\/strong><strong>\u00a0<\/strong><strong>nuestra<\/strong><strong>\u00a0<\/strong><strong>especialidad<\/strong><strong>&#8220;?<\/strong><\/p><p style=\"text-align: center\"><strong><i>Dr. Adrian Brady<\/i><\/strong><\/p><p style=\"text-align: center\">Presidente de la Sociedad Europea de Radiolog\u00eda (ESR)<\/p><p style=\"text-align: center\">Radi\u00f3logo consultor en Cork desde 1995, tras haberse formado en Dubl\u00edn y Canad\u00e1.<\/p><p style=\"text-align: center\">Director m\u00e9dico del Centro Nacional Irland\u00e9s de Telangietasia Hemorr\u00e1gica Hereditaria (HHT) (con sede en el Hospital Universitario Mercy).\u00a0<\/p>\t\t\t\t\t\t\t\t<\/div>\n\t\t\t\t<\/div>\n\t\t\t\t\t<\/div>\n\t\t<\/div>\n\t\t\t\t\t<\/div>\n\t\t<\/section>\n\t\t\t\t<\/div>","protected":false},"excerpt":{"rendered":"<p>El Atualiza23 - Circuito Nacional de Radiolog\u00eda Brasile\u00f1a se celebr\u00f3 del 31 de marzo al 2 de abril. El evento tuvo lugar en el formato online 100% con el objetivo de promover la actualizaci\u00f3n te\u00f3rica y pr\u00e1ctica de los profesionales del sector. El Atualiza23 reuni\u00f3 sociedades estatales de todo Brasil y, sin precedentes, representantes de renombradas sociedades internacionales de radiolog\u00eda, ofreciendo numerosas actividades dirigidas a radi\u00f3logos y residentes.<\/p>\n<p>GRATIS<\/p>","protected":false},"featured_media":1380,"template":"","meta":[],"product_brand":[],"product_cat":[18,38,85],"product_tag":[],"class_list":{"0":"post-1364","1":"product","2":"type-product","3":"status-publish","4":"has-post-thumbnail","6":"product_cat-cbr-educa","7":"product_cat-atualiza","8":"product_cat-atualiza23","10":"first","11":"instock","12":"virtual","13":"sold-individually","14":"taxable","15":"purchasable","16":"product-type-simple"},"_links":{"self":[{"href":"https:\/\/cursosonline.cbr.org.br\/es\/wp-json\/wp\/v2\/product\/1364","targetHints":{"allow":["GET"]}}],"collection":[{"href":"https:\/\/cursosonline.cbr.org.br\/es\/wp-json\/wp\/v2\/product"}],"about":[{"href":"https:\/\/cursosonline.cbr.org.br\/es\/wp-json\/wp\/v2\/types\/product"}],"version-history":[{"count":19,"href":"https:\/\/cursosonline.cbr.org.br\/es\/wp-json\/wp\/v2\/product\/1364\/revisions"}],"predecessor-version":[{"id":32998,"href":"https:\/\/cursosonline.cbr.org.br\/es\/wp-json\/wp\/v2\/product\/1364\/revisions\/32998"}],"wp:featuredmedia":[{"embeddable":true,"href":"https:\/\/cursosonline.cbr.org.br\/es\/wp-json\/wp\/v2\/media\/1380"}],"wp:attachment":[{"href":"https:\/\/cursosonline.cbr.org.br\/es\/wp-json\/wp\/v2\/media?parent=1364"}],"wp:term":[{"taxonomy":"product_brand","embeddable":true,"href":"https:\/\/cursosonline.cbr.org.br\/es\/wp-json\/wp\/v2\/product_brand?post=1364"},{"taxonomy":"product_cat","embeddable":true,"href":"https:\/\/cursosonline.cbr.org.br\/es\/wp-json\/wp\/v2\/product_cat?post=1364"},{"taxonomy":"product_tag","embeddable":true,"href":"https:\/\/cursosonline.cbr.org.br\/es\/wp-json\/wp\/v2\/product_tag?post=1364"}],"curies":[{"name":"gracias","href":"https:\/\/api.w.org\/{rel}","templated":true}]}}