{"id":14628,"date":"2024-10-18T14:52:23","date_gmt":"2024-10-18T17:52:23","guid":{"rendered":"https:\/\/cursosonline.cbr.org.br\/?post_type=product&#038;p=14628"},"modified":"2026-03-12T10:30:20","modified_gmt":"2026-03-12T13:30:20","slug":"estudio-abcdi-acoes-da-abcdi-e-perspectivas-do-mercado","status":"publish","type":"product","link":"https:\/\/cursosonline.cbr.org.br\/es\/curso\/estudio-abcdi-acoes-da-abcdi-e-perspectivas-do-mercado\/","title":{"rendered":"ABCDI Studio - Acciones y perspectivas de mercado de ABCDI"},"content":{"rendered":"<table style=\"height: 165px;\" border=\"0\" width=\"1111\">\n<tbody>\n<tr>\n<td>\n<h2 style=\"text-align: center;\"><strong>ACERCA DE<\/strong><\/h2>\n<\/td>\n<\/tr>\n<tr>\n<td>\n<p style=\"text-align: center;\">El Estudio ABCDI presenta varias charlas con expertos en una amplia gama de temas, debatiendo temas espec\u00edficos del mercado de la Radiolog\u00eda y el Diagn\u00f3stico en todo el pa\u00eds.<\/p>\n<\/td>\n<\/tr>\n<\/tbody>\n<\/table>\n<table style=\"height: 275px;\" border=\"0\" width=\"1113\">\n<tbody>\n<tr>\n<td>\n<h2 style=\"text-align: center;\"><strong>CONTENIDO<\/strong><\/h2>\n<\/td>\n<\/tr>\n<tr>\n<td>\n<h2 class=\"page-title\" style=\"text-align: center;\">Acciones de ABCDI y perspectivas del mercado en 2025<\/h2>\n<h3 style=\"text-align: center;\"><strong>MODERADOR<\/strong><\/h3>\n<p style=\"text-align: center;\">Dr Marcelo Lauar - Director ABCDI 2023\/2024<\/p>\n<h3 style=\"text-align: center;\"><strong>INVITADO<\/strong><\/h3>\n<p style=\"text-align: center;\">Dr Val\u00e9rio Ribeiro - Asesor Jur\u00eddico del CBR<\/p>\n<p style=\"text-align: center;\">Carlos Moura - Consejero Econ\u00f3mico del CBR<\/p>\n<p style=\"text-align: center;\">Dr Ricardo Rocha - Director ABCDI 2025\/2026<\/p>\n<\/td>\n<\/tr>\n<\/tbody>\n<\/table>\n<table style=\"height: 153px;\" border=\"0\" width=\"1111\">\n<tbody>\n<tr>\n<td><\/td>\n<\/tr>\n<\/tbody>\n<\/table>","protected":false},"excerpt":{"rendered":"<p><strong>INFORMACI\u00d3N GENERAL<\/strong><\/p>\n<p><strong>Curso:<\/strong> Acciones 2024 y perspectivas para 2025<br \/>\n<strong>Carga de trabajo:<\/strong> 2 horas<br \/>\n<strong>Formato:<\/strong>\u00a0Curso virtual | grabado<br \/>\n<strong>Destinatarios:<\/strong>\u00a0Profesionales que trabajan en gesti\u00f3n en medicina diagn\u00f3stica.<\/p>\n<h3 style=\"text-align: center;\"><strong>Seminario web gratuito<\/strong><\/h3>\n<h3 style=\"text-align: center;\"><strong>En directo el 13 de noviembre a las 19.30 horas<\/strong><\/h3>","protected":false},"featured_media":14810,"template":"","meta":[],"product_brand":[],"product_cat":[37,75],"product_tag":[51],"class_list":{"0":"post-14628","1":"product","2":"type-product","3":"status-publish","4":"has-post-thumbnail","6":"product_cat-abcdi","7":"product_cat-estudioabcdi","8":"product_tag-abcdi","10":"first","11":"instock","12":"sale","13":"taxable","14":"shipping-taxable","15":"purchasable","16":"product-type-simple"},"_links":{"self":[{"href":"https:\/\/cursosonline.cbr.org.br\/es\/wp-json\/wp\/v2\/product\/14628","targetHints":{"allow":["GET"]}}],"collection":[{"href":"https:\/\/cursosonline.cbr.org.br\/es\/wp-json\/wp\/v2\/product"}],"about":[{"href":"https:\/\/cursosonline.cbr.org.br\/es\/wp-json\/wp\/v2\/types\/product"}],"version-history":[{"count":7,"href":"https:\/\/cursosonline.cbr.org.br\/es\/wp-json\/wp\/v2\/product\/14628\/revisions"}],"predecessor-version":[{"id":33323,"href":"https:\/\/cursosonline.cbr.org.br\/es\/wp-json\/wp\/v2\/product\/14628\/revisions\/33323"}],"wp:featuredmedia":[{"embeddable":true,"href":"https:\/\/cursosonline.cbr.org.br\/es\/wp-json\/wp\/v2\/media\/14810"}],"wp:attachment":[{"href":"https:\/\/cursosonline.cbr.org.br\/es\/wp-json\/wp\/v2\/media?parent=14628"}],"wp:term":[{"taxonomy":"product_brand","embeddable":true,"href":"https:\/\/cursosonline.cbr.org.br\/es\/wp-json\/wp\/v2\/product_brand?post=14628"},{"taxonomy":"product_cat","embeddable":true,"href":"https:\/\/cursosonline.cbr.org.br\/es\/wp-json\/wp\/v2\/product_cat?post=14628"},{"taxonomy":"product_tag","embeddable":true,"href":"https:\/\/cursosonline.cbr.org.br\/es\/wp-json\/wp\/v2\/product_tag?post=14628"}],"curies":[{"name":"gracias","href":"https:\/\/api.w.org\/{rel}","templated":true}]}}