{"id":1471,"date":"2023-11-01T16:23:46","date_gmt":"2023-11-01T19:23:46","guid":{"rendered":"https:\/\/cursosonline.cbr.org.br\/?post_type=product&#038;p=1471"},"modified":"2026-03-12T10:40:24","modified_gmt":"2026-03-12T13:40:24","slug":"webinar-padi-gestao-de-riscos-e-oportunidades-externa","status":"publish","type":"product","link":"https:\/\/cursosonline.cbr.org.br\/es\/curso\/webinar-padi-gestao-de-riscos-e-oportunidades-externa\/","title":{"rendered":"Webinar PADI - Gesti\u00f3n de riesgos y oportunidades externas"},"content":{"rendered":"<div data-elementor-type=\"product-post\" data-elementor-id=\"1471\" class=\"elementor elementor-1471\" data-elementor-post-type=\"product\">\n\t\t\t\t\t\t<section class=\"elementor-section elementor-top-section elementor-element elementor-element-58167e83 elementor-section-boxed elementor-section-height-default elementor-section-height-default\" data-id=\"58167e83\" data-element_type=\"section\">\n\t\t\t\t\t\t<div class=\"elementor-container elementor-column-gap-default\">\n\t\t\t\t\t<div class=\"elementor-column elementor-col-50 elementor-top-column elementor-element elementor-element-53754f27\" data-id=\"53754f27\" data-element_type=\"column\">\n\t\t\t<div class=\"elementor-widget-wrap\">\n\t\t\t\t\t\t\t<\/div>\n\t\t<\/div>\n\t\t\t\t<div class=\"elementor-column elementor-col-50 elementor-top-column elementor-element elementor-element-7f6b340a\" data-id=\"7f6b340a\" data-element_type=\"column\">\n\t\t\t<div class=\"elementor-widget-wrap\">\n\t\t\t\t\t\t\t<\/div>\n\t\t<\/div>\n\t\t\t\t\t<\/div>\n\t\t<\/section>\n\t\t\t\t<section class=\"elementor-section elementor-top-section elementor-element elementor-element-706aa2cc elementor-section-boxed elementor-section-height-default elementor-section-height-default\" data-id=\"706aa2cc\" data-element_type=\"section\">\n\t\t\t\t\t\t<div class=\"elementor-container elementor-column-gap-default\">\n\t\t\t\t\t<div class=\"elementor-column elementor-col-25 elementor-top-column elementor-element elementor-element-1ef7bf79\" data-id=\"1ef7bf79\" data-element_type=\"column\">\n\t\t\t<div class=\"elementor-widget-wrap\">\n\t\t\t\t\t\t\t<\/div>\n\t\t<\/div>\n\t\t\t\t<div class=\"elementor-column elementor-col-50 elementor-top-column elementor-element elementor-element-140c59b9\" data-id=\"140c59b9\" data-element_type=\"column\">\n\t\t\t<div class=\"elementor-widget-wrap\">\n\t\t\t\t\t\t\t<\/div>\n\t\t<\/div>\n\t\t\t\t<div class=\"elementor-column elementor-col-25 elementor-top-column elementor-element elementor-element-45f54a24\" data-id=\"45f54a24\" data-element_type=\"column\">\n\t\t\t<div class=\"elementor-widget-wrap\">\n\t\t\t\t\t\t\t<\/div>\n\t\t<\/div>\n\t\t\t\t\t<\/div>\n\t\t<\/section>\n\t\t\t\t<section class=\"elementor-section elementor-top-section elementor-element elementor-element-0bf2cb2 elementor-section-boxed elementor-section-height-default elementor-section-height-default\" data-id=\"0bf2cb2\" data-element_type=\"section\">\n\t\t\t\t\t\t<div class=\"elementor-container elementor-column-gap-default\">\n\t\t\t\t\t<div class=\"elementor-column elementor-col-100 elementor-top-column elementor-element elementor-element-058ba84\" data-id=\"058ba84\" data-element_type=\"column\">\n\t\t\t<div class=\"elementor-widget-wrap\">\n\t\t\t\t\t\t\t<\/div>\n\t\t<\/div>\n\t\t\t\t\t<\/div>\n\t\t<\/section>\n\t\t\t\t<section class=\"elementor-section elementor-top-section elementor-element elementor-element-7acf3502 elementor-section-boxed elementor-section-height-default elementor-section-height-default\" data-id=\"7acf3502\" data-element_type=\"section\">\n\t\t\t\t\t\t<div class=\"elementor-container elementor-column-gap-default\">\n\t\t\t\t\t<div class=\"elementor-column elementor-col-100 elementor-top-column elementor-element elementor-element-5efdc9de\" data-id=\"5efdc9de\" data-element_type=\"column\">\n\t\t\t<div class=\"elementor-widget-wrap elementor-element-populated\">\n\t\t\t\t\t\t<div class=\"elementor-element elementor-element-f8b21cc elementor-widget elementor-widget-image\" data-id=\"f8b21cc\" data-element_type=\"widget\" data-widget_type=\"image.default\">\n\t\t\t\t<div class=\"elementor-widget-container\">\n\t\t\t\t\t\t\t\t\t\t\t\t\t\t\t<img fetchpriority=\"high\" decoding=\"async\" width=\"800\" height=\"261\" src=\"https:\/\/cursosonline.cbr.org.br\/wp-content\/uploads\/2024\/05\/banner-canvas_2600x848_Gestao-de-riscos-e-oportunidades-externas-1024x334.jpg\" class=\"attachment-large size-large wp-image-7955\" alt=\"\" srcset=\"https:\/\/cursosonline.cbr.org.br\/wp-content\/uploads\/2024\/05\/banner-canvas_2600x848_Gestao-de-riscos-e-oportunidades-externas-1024x334.jpg 1024w, https:\/\/cursosonline.cbr.org.br\/wp-content\/uploads\/2024\/05\/banner-canvas_2600x848_Gestao-de-riscos-e-oportunidades-externas-300x98.jpg 300w, https:\/\/cursosonline.cbr.org.br\/wp-content\/uploads\/2024\/05\/banner-canvas_2600x848_Gestao-de-riscos-e-oportunidades-externas-768x250.jpg 768w, https:\/\/cursosonline.cbr.org.br\/wp-content\/uploads\/2024\/05\/banner-canvas_2600x848_Gestao-de-riscos-e-oportunidades-externas-1536x501.jpg 1536w, https:\/\/cursosonline.cbr.org.br\/wp-content\/uploads\/2024\/05\/banner-canvas_2600x848_Gestao-de-riscos-e-oportunidades-externas-2048x668.jpg 2048w, https:\/\/cursosonline.cbr.org.br\/wp-content\/uploads\/2024\/05\/banner-canvas_2600x848_Gestao-de-riscos-e-oportunidades-externas-600x196.jpg 600w\" sizes=\"(max-width: 800px) 100vw, 800px\" \/>\t\t\t\t\t\t\t\t\t\t\t\t\t\t\t<\/div>\n\t\t\t\t<\/div>\n\t\t\t\t<section class=\"elementor-section elementor-inner-section elementor-element elementor-element-75f9cfa elementor-section-boxed elementor-section-height-default elementor-section-height-default\" data-id=\"75f9cfa\" data-element_type=\"section\">\n\t\t\t\t\t\t<div class=\"elementor-container elementor-column-gap-default\">\n\t\t\t\t\t<div class=\"elementor-column elementor-col-50 elementor-inner-column elementor-element elementor-element-7cc609f\" data-id=\"7cc609f\" data-element_type=\"column\">\n\t\t\t<div class=\"elementor-widget-wrap\">\n\t\t\t\t\t\t\t<\/div>\n\t\t<\/div>\n\t\t\t\t<div class=\"elementor-column elementor-col-50 elementor-inner-column elementor-element elementor-element-22b5add\" data-id=\"22b5add\" data-element_type=\"column\">\n\t\t\t<div class=\"elementor-widget-wrap\">\n\t\t\t\t\t\t\t<\/div>\n\t\t<\/div>\n\t\t\t\t\t<\/div>\n\t\t<\/section>\n\t\t\t\t<div class=\"elementor-element elementor-element-6ab2af99 elementor-widget__width-initial elementor-widget elementor-widget-text-editor\" data-id=\"6ab2af99\" data-element_type=\"widget\" data-widget_type=\"text-editor.default\">\n\t\t\t\t<div class=\"elementor-widget-container\">\n\t\t\t\t\t\t\t\t\t<p><span style=\"font-family: var( --e-global-typography-text-font-family ), Sans-serif;font-weight: var( --e-global-typography-text-font-weight );font-size: var(--bs-body-font-size);text-align: var(--bs-body-text-align)\">\u00a0<\/span><\/p><p><span style=\"font-family: var( --e-global-typography-text-font-family ), Sans-serif;font-weight: var( --e-global-typography-text-font-weight );font-size: var(--bs-body-font-size);text-align: var(--bs-body-text-align)\">A<\/span><span style=\"font-family: var( --e-global-typography-text-font-family ), Sans-serif;font-weight: var( --e-global-typography-text-font-weight );font-size: var(--bs-body-font-size);text-align: var(--bs-body-text-align)\">\u00a0La gesti\u00f3n del riesgo de las oportunidades externas se refiere a la capacidad de una empresa para identificar, evaluar, mitigar y, en la medida de lo posible, capitalizar los riesgos asociados a las oportunidades externas.<\/span><\/p><p>La identificaci\u00f3n de oportunidades, la evaluaci\u00f3n de riesgos, la toma de decisiones informadas, la sostenibilidad a largo plazo, el cumplimiento de la normativa y el fortalecimiento de la reputaci\u00f3n son algunos de los factores por los que la gesti\u00f3n de riesgos es importante para las oportunidades externas.<span style=\"font-family: var( --e-global-typography-text-font-family ), Sans-serif;font-weight: var( --e-global-typography-text-font-weight );font-size: var(--bs-body-font-size);text-align: var(--bs-body-text-align)\">\u00a0<\/span><strong style=\"color: var(--bs-heading-color);font-family: var( --e-global-typography-text-font-family ), Sans-serif;font-size: calc(1.375rem + 1.5vw);text-align: center\">\u00a0 \u00a0 \u00a0 \u00a0 \u00a0 \u00a0 \u00a0 \u00a0 \u00a0 \u00a0 \u00a0 \u00a0 \u00a0 \u00a0 \u00a0 \u00a0 \u00a0 \u00a0<\/strong><\/p><div>\u00a0<\/div>\t\t\t\t\t\t\t\t<\/div>\n\t\t\t\t<\/div>\n\t\t\t\t\t<\/div>\n\t\t<\/div>\n\t\t\t\t\t<\/div>\n\t\t<\/section>\n\t\t\t\t<section class=\"elementor-section elementor-top-section elementor-element elementor-element-7176fbb elementor-section-boxed elementor-section-height-default elementor-section-height-default\" data-id=\"7176fbb\" data-element_type=\"section\">\n\t\t\t\t\t\t<div class=\"elementor-container elementor-column-gap-default\">\n\t\t\t\t\t<div class=\"elementor-column elementor-col-100 elementor-top-column elementor-element elementor-element-e19c763\" data-id=\"e19c763\" data-element_type=\"column\">\n\t\t\t<div class=\"elementor-widget-wrap elementor-element-populated\">\n\t\t\t\t\t\t<div class=\"elementor-element elementor-element-e9d28a4 elementor-widget elementor-widget-heading\" data-id=\"e9d28a4\" data-element_type=\"widget\" data-widget_type=\"heading.default\">\n\t\t\t\t<div class=\"elementor-widget-container\">\n\t\t\t\t\t<h2 class=\"elementor-heading-title elementor-size-default\">Altavoz<\/h2>\t\t\t\t<\/div>\n\t\t\t\t<\/div>\n\t\t\t\t\t<\/div>\n\t\t<\/div>\n\t\t\t\t\t<\/div>\n\t\t<\/section>\n\t\t\t\t<section class=\"elementor-section elementor-top-section elementor-element elementor-element-980ee73 elementor-section-boxed elementor-section-height-default elementor-section-height-default\" data-id=\"980ee73\" data-element_type=\"section\">\n\t\t\t\t\t\t<div class=\"elementor-container elementor-column-gap-default\">\n\t\t\t\t\t<div class=\"elementor-column elementor-col-16 elementor-top-column elementor-element elementor-element-7cb8805\" data-id=\"7cb8805\" data-element_type=\"column\">\n\t\t\t<div class=\"elementor-widget-wrap\">\n\t\t\t\t\t\t\t<\/div>\n\t\t<\/div>\n\t\t\t\t<div class=\"elementor-column elementor-col-66 elementor-top-column elementor-element elementor-element-f455f98\" data-id=\"f455f98\" data-element_type=\"column\">\n\t\t\t<div class=\"elementor-widget-wrap elementor-element-populated\">\n\t\t\t\t\t\t<div class=\"elementor-element elementor-element-2440344 elementor-widget__width-initial elementor-widget elementor-widget-image\" data-id=\"2440344\" data-element_type=\"widget\" data-widget_type=\"image.default\">\n\t\t\t\t<div class=\"elementor-widget-container\">\n\t\t\t\t\t\t\t\t\t\t\t\t\t\t\t<img decoding=\"async\" width=\"800\" height=\"400\" src=\"https:\/\/cursosonline.cbr.org.br\/wp-content\/uploads\/2023\/11\/Mini-curriculo-Ivan-Goncalves-1024x512.png\" class=\"attachment-large size-large wp-image-8689\" alt=\"\" srcset=\"https:\/\/cursosonline.cbr.org.br\/wp-content\/uploads\/2023\/11\/Mini-curriculo-Ivan-Goncalves-1024x512.png 1024w, https:\/\/cursosonline.cbr.org.br\/wp-content\/uploads\/2023\/11\/Mini-curriculo-Ivan-Goncalves-300x150.png 300w, https:\/\/cursosonline.cbr.org.br\/wp-content\/uploads\/2023\/11\/Mini-curriculo-Ivan-Goncalves-768x384.png 768w, https:\/\/cursosonline.cbr.org.br\/wp-content\/uploads\/2023\/11\/Mini-curriculo-Ivan-Goncalves-1536x768.png 1536w, https:\/\/cursosonline.cbr.org.br\/wp-content\/uploads\/2023\/11\/Mini-curriculo-Ivan-Goncalves-2048x1024.png 2048w, https:\/\/cursosonline.cbr.org.br\/wp-content\/uploads\/2023\/11\/Mini-curriculo-Ivan-Goncalves-600x300.png 600w\" sizes=\"(max-width: 800px) 100vw, 800px\" \/>\t\t\t\t\t\t\t\t\t\t\t\t\t\t\t<\/div>\n\t\t\t\t<\/div>\n\t\t\t\t\t<\/div>\n\t\t<\/div>\n\t\t\t\t<div class=\"elementor-column elementor-col-16 elementor-top-column elementor-element elementor-element-46ec286\" data-id=\"46ec286\" data-element_type=\"column\">\n\t\t\t<div class=\"elementor-widget-wrap\">\n\t\t\t\t\t\t\t<\/div>\n\t\t<\/div>\n\t\t\t\t\t<\/div>\n\t\t<\/section>\n\t\t\t\t<section class=\"elementor-section elementor-top-section elementor-element elementor-element-fe13fc7 elementor-section-boxed elementor-section-height-default elementor-section-height-default\" data-id=\"fe13fc7\" data-element_type=\"section\">\n\t\t\t\t\t\t<div class=\"elementor-container elementor-column-gap-default\">\n\t\t\t\t\t<div class=\"elementor-column elementor-col-100 elementor-top-column elementor-element elementor-element-0b7cb43\" data-id=\"0b7cb43\" data-element_type=\"column\">\n\t\t\t<div class=\"elementor-widget-wrap\">\n\t\t\t\t\t\t\t<\/div>\n\t\t<\/div>\n\t\t\t\t\t<\/div>\n\t\t<\/section>\n\t\t\t\t<section class=\"elementor-section elementor-top-section elementor-element elementor-element-6468ab39 elementor-section-boxed elementor-section-height-default elementor-section-height-default\" data-id=\"6468ab39\" data-element_type=\"section\">\n\t\t\t\t\t\t<div class=\"elementor-container elementor-column-gap-default\">\n\t\t\t\t\t<div class=\"elementor-column elementor-col-33 elementor-top-column elementor-element elementor-element-10eb6791\" data-id=\"10eb6791\" data-element_type=\"column\">\n\t\t\t<div class=\"elementor-widget-wrap\">\n\t\t\t\t\t\t\t<\/div>\n\t\t<\/div>\n\t\t\t\t<div class=\"elementor-column elementor-col-33 elementor-top-column elementor-element elementor-element-e522e4d\" data-id=\"e522e4d\" data-element_type=\"column\">\n\t\t\t<div class=\"elementor-widget-wrap elementor-element-populated\">\n\t\t\t\t\t\t<div class=\"elementor-element elementor-element-4b653997 elementor-widget__width-initial elementor-widget elementor-widget-image\" data-id=\"4b653997\" data-element_type=\"widget\" data-widget_type=\"image.default\">\n\t\t\t\t<div class=\"elementor-widget-container\">\n\t\t\t\t\t\t\t\t\t\t\t\t\t\t\t\t<a href=\"https:\/\/api.whatsapp.com\/send\/?phone=5511913001416&#038;text=Ol%C3%A1%2C+Estou%20com%20d\u00favidas%20sobre%20o%20%20treinamento%20Webinar%20Padi%20\u2013%20Gest\u00e3o%20de%20Riscos%20e%20Oportunidades%20Externas%20&#038;type=phone_number&#038;app_absent=0\" target=\"_blank\">\n\t\t\t\t\t\t\t<img decoding=\"async\" width=\"300\" height=\"213\" src=\"https:\/\/cursosonline.cbr.org.br\/wp-content\/uploads\/2024\/05\/whatsapp_PNG5-300x213.png\" class=\"attachment-medium size-medium wp-image-7548\" alt=\"\" srcset=\"https:\/\/cursosonline.cbr.org.br\/wp-content\/uploads\/2024\/05\/whatsapp_PNG5-300x213.png 300w, https:\/\/cursosonline.cbr.org.br\/wp-content\/uploads\/2024\/05\/whatsapp_PNG5-1024x727.png 1024w, https:\/\/cursosonline.cbr.org.br\/wp-content\/uploads\/2024\/05\/whatsapp_PNG5-768x545.png 768w, https:\/\/cursosonline.cbr.org.br\/wp-content\/uploads\/2024\/05\/whatsapp_PNG5-1536x1091.png 1536w, https:\/\/cursosonline.cbr.org.br\/wp-content\/uploads\/2024\/05\/whatsapp_PNG5-600x426.png 600w, https:\/\/cursosonline.cbr.org.br\/wp-content\/uploads\/2024\/05\/whatsapp_PNG5.png 1600w\" sizes=\"(max-width: 300px) 100vw, 300px\" \/>\t\t\t\t\t\t\t\t<\/a>\n\t\t\t\t\t\t\t\t\t\t\t\t\t\t\t<\/div>\n\t\t\t\t<\/div>\n\t\t\t\t\t<\/div>\n\t\t<\/div>\n\t\t\t\t<div class=\"elementor-column elementor-col-33 elementor-top-column elementor-element elementor-element-7c6d012e\" data-id=\"7c6d012e\" data-element_type=\"column\">\n\t\t\t<div class=\"elementor-widget-wrap\">\n\t\t\t\t\t\t\t<\/div>\n\t\t<\/div>\n\t\t\t\t\t<\/div>\n\t\t<\/section>\n\t\t\t\t<section class=\"elementor-section elementor-top-section elementor-element elementor-element-367d55fc elementor-section-boxed elementor-section-height-default elementor-section-height-default\" data-id=\"367d55fc\" data-element_type=\"section\">\n\t\t\t\t\t\t<div class=\"elementor-container elementor-column-gap-default\">\n\t\t\t\t\t<div class=\"elementor-column elementor-col-25 elementor-top-column elementor-element elementor-element-23f5136a\" data-id=\"23f5136a\" data-element_type=\"column\">\n\t\t\t<div class=\"elementor-widget-wrap\">\n\t\t\t\t\t\t\t<\/div>\n\t\t<\/div>\n\t\t\t\t<div class=\"elementor-column elementor-col-50 elementor-top-column elementor-element elementor-element-27dc538\" data-id=\"27dc538\" data-element_type=\"column\">\n\t\t\t<div class=\"elementor-widget-wrap elementor-element-populated\">\n\t\t\t\t\t\t<div class=\"elementor-element elementor-element-304b89dd elementor-widget elementor-widget-text-editor\" data-id=\"304b89dd\" data-element_type=\"widget\" data-widget_type=\"text-editor.default\">\n\t\t\t\t<div class=\"elementor-widget-container\">\n\t\t\t\t\t\t\t\t\t<p style=\"text-align: center\"><strong>\u00bfDificultades para acceder a la formaci\u00f3n?<\/strong><\/p>\t\t\t\t\t\t\t\t<\/div>\n\t\t\t\t<\/div>\n\t\t\t\t\t<\/div>\n\t\t<\/div>\n\t\t\t\t<div class=\"elementor-column elementor-col-25 elementor-top-column elementor-element elementor-element-4c9224ab\" data-id=\"4c9224ab\" data-element_type=\"column\">\n\t\t\t<div class=\"elementor-widget-wrap\">\n\t\t\t\t\t\t\t<\/div>\n\t\t<\/div>\n\t\t\t\t\t<\/div>\n\t\t<\/section>\n\t\t\t\t<section class=\"elementor-section elementor-top-section elementor-element elementor-element-b262132 elementor-section-boxed elementor-section-height-default elementor-section-height-default\" data-id=\"b262132\" data-element_type=\"section\">\n\t\t\t\t\t\t<div class=\"elementor-container elementor-column-gap-default\">\n\t\t\t\t\t<div class=\"elementor-column elementor-col-100 elementor-top-column elementor-element elementor-element-2f594ae\" data-id=\"2f594ae\" data-element_type=\"column\">\n\t\t\t<div class=\"elementor-widget-wrap elementor-element-populated\">\n\t\t\t\t\t\t<div class=\"elementor-element elementor-element-ccd802c elementor-widget elementor-widget-text-editor\" data-id=\"ccd802c\" data-element_type=\"widget\" data-widget_type=\"text-editor.default\">\n\t\t\t\t<div class=\"elementor-widget-container\">\n\t\t\t\t\t\t\t\t\t<p><\/p>\n<p style=\"text-align: left\"><span style=\"color: #808080\"><em><br><\/em><\/span><\/p><p style=\"text-align: left\"><span style=\"color: #808080\"><em><br><\/em><\/span><\/p><p style=\"text-align: left\"><span style=\"color: #808080\"><em>Certificado a cambio de una tasa administrativa.<\/em><\/span><\/p>\t\t\t\t\t\t\t\t<\/div>\n\t\t\t\t<\/div>\n\t\t\t\t\t<\/div>\n\t\t<\/div>\n\t\t\t\t\t<\/div>\n\t\t<\/section>\n\t\t\t\t<\/div>","protected":false},"excerpt":{"rendered":"<p style=\"text-align: center;\"><strong>INFORMACI\u00d3N GENERAL<br \/>\nCarga de trabajo:<\/strong> 1 hora<br \/>\n<strong>Webinar en directo | Grabado<br \/>\n<\/strong><br \/>\nEn este seminario web de Padi analizaremos c\u00f3mo la gesti\u00f3n de riesgos contribuye a identificar oportunidades externas, como pr\u00e1ctica fundamental para las cl\u00ednicas que desean crecer en un entorno empresarial din\u00e1mico y competitivo. Analizaremos la gesti\u00f3n de riesgos desde una perspectiva externa, identificando oportunidades de crecimiento y sostenibilidad. \u00a1Disfrute de sus estudios!<\/p>","protected":false},"featured_media":10011,"template":"","meta":[],"product_brand":[],"product_cat":[29],"product_tag":[],"class_list":{"0":"post-1471","1":"product","2":"type-product","3":"status-publish","4":"has-post-thumbnail","6":"product_cat-webinars","8":"first","9":"instock","10":"sold-individually","11":"taxable","12":"shipping-taxable","13":"purchasable","14":"product-type-variable"},"_links":{"self":[{"href":"https:\/\/cursosonline.cbr.org.br\/es\/wp-json\/wp\/v2\/product\/1471","targetHints":{"allow":["GET"]}}],"collection":[{"href":"https:\/\/cursosonline.cbr.org.br\/es\/wp-json\/wp\/v2\/product"}],"about":[{"href":"https:\/\/cursosonline.cbr.org.br\/es\/wp-json\/wp\/v2\/types\/product"}],"version-history":[{"count":74,"href":"https:\/\/cursosonline.cbr.org.br\/es\/wp-json\/wp\/v2\/product\/1471\/revisions"}],"predecessor-version":[{"id":33343,"href":"https:\/\/cursosonline.cbr.org.br\/es\/wp-json\/wp\/v2\/product\/1471\/revisions\/33343"}],"wp:featuredmedia":[{"embeddable":true,"href":"https:\/\/cursosonline.cbr.org.br\/es\/wp-json\/wp\/v2\/media\/10011"}],"wp:attachment":[{"href":"https:\/\/cursosonline.cbr.org.br\/es\/wp-json\/wp\/v2\/media?parent=1471"}],"wp:term":[{"taxonomy":"product_brand","embeddable":true,"href":"https:\/\/cursosonline.cbr.org.br\/es\/wp-json\/wp\/v2\/product_brand?post=1471"},{"taxonomy":"product_cat","embeddable":true,"href":"https:\/\/cursosonline.cbr.org.br\/es\/wp-json\/wp\/v2\/product_cat?post=1471"},{"taxonomy":"product_tag","embeddable":true,"href":"https:\/\/cursosonline.cbr.org.br\/es\/wp-json\/wp\/v2\/product_tag?post=1471"}],"curies":[{"name":"gracias","href":"https:\/\/api.w.org\/{rel}","templated":true}]}}