{"id":14754,"date":"2024-10-23T19:37:14","date_gmt":"2024-10-23T22:37:14","guid":{"rendered":"https:\/\/cursosonline.cbr.org.br\/?post_type=product&#038;p=14754"},"modified":"2026-03-12T10:05:15","modified_gmt":"2026-03-12T13:05:15","slug":"sig-abdome-apresentacao-e-discussao-de-casos-clinicos-a-c-camargo-novembro-2024","status":"publish","type":"product","link":"https:\/\/cursosonline.cbr.org.br\/es\/curso\/sig-abdome-apresentacao-e-discussao-de-casos-clinicos-a-c-camargo-novembro-2024\/","title":{"rendered":"Sig Abdome | On Demand - Presentaci\u00f3n y discusi\u00f3n de casos cl\u00ednicos A.C. Camargo | Noviembre 2024"},"content":{"rendered":"<div data-elementor-type=\"product-post\" data-elementor-id=\"14754\" class=\"elementor elementor-14754\" data-elementor-post-type=\"product\">\n\t\t\t\t\t\t<section class=\"elementor-section elementor-top-section elementor-element elementor-element-917a987 elementor-section-boxed elementor-section-height-default elementor-section-height-default\" data-id=\"917a987\" data-element_type=\"section\">\n\t\t\t\t\t\t<div class=\"elementor-container elementor-column-gap-default\">\n\t\t\t\t\t<div class=\"elementor-column elementor-col-100 elementor-top-column elementor-element elementor-element-1c838c8\" data-id=\"1c838c8\" data-element_type=\"column\">\n\t\t\t<div class=\"elementor-widget-wrap elementor-element-populated\">\n\t\t\t\t\t\t<div class=\"elementor-element elementor-element-7fb2417 elementor-widget elementor-widget-text-editor\" data-id=\"7fb2417\" data-element_type=\"widget\" data-widget_type=\"text-editor.default\">\n\t\t\t\t<div class=\"elementor-widget-container\">\n\t\t\t\t\t\t\t\t\t<p><img fetchpriority=\"high\" decoding=\"async\" class=\"alignnone wp-image-14757 size-full\" src=\"https:\/\/cursosonline.cbr.org.br\/wp-content\/uploads\/2024\/10\/banner-SIG-Abdome_Apresentacao-e-discussao-de-casos-clinicos_6_9_Banner-para-Catalog_775x585.jpg\" alt=\"\" width=\"775\" height=\"585\" srcset=\"https:\/\/cursosonline.cbr.org.br\/wp-content\/uploads\/2024\/10\/banner-SIG-Abdome_Apresentacao-e-discussao-de-casos-clinicos_6_9_Banner-para-Catalog_775x585.jpg 775w, https:\/\/cursosonline.cbr.org.br\/wp-content\/uploads\/2024\/10\/banner-SIG-Abdome_Apresentacao-e-discussao-de-casos-clinicos_6_9_Banner-para-Catalog_775x585-300x226.jpg 300w, https:\/\/cursosonline.cbr.org.br\/wp-content\/uploads\/2024\/10\/banner-SIG-Abdome_Apresentacao-e-discussao-de-casos-clinicos_6_9_Banner-para-Catalog_775x585-768x580.jpg 768w, https:\/\/cursosonline.cbr.org.br\/wp-content\/uploads\/2024\/10\/banner-SIG-Abdome_Apresentacao-e-discussao-de-casos-clinicos_6_9_Banner-para-Catalog_775x585-600x453.jpg 600w\" sizes=\"(max-width: 775px) 100vw, 775px\" \/>Participe en esta edici\u00f3n de Sig Abdome. Este evento tiene lugar todos los meses el primer mi\u00e9rcoles de cada mes de 12:00 a 13:00.<\/p>\t\t\t\t\t\t\t\t<\/div>\n\t\t\t\t<\/div>\n\t\t\t\t\t<\/div>\n\t\t<\/div>\n\t\t\t\t\t<\/div>\n\t\t<\/section>\n\t\t\t\t<section class=\"elementor-section elementor-top-section elementor-element elementor-element-58017a3b elementor-section-boxed elementor-section-height-default elementor-section-height-default\" data-id=\"58017a3b\" data-element_type=\"section\">\n\t\t\t\t\t\t<div class=\"elementor-container elementor-column-gap-default\">\n\t\t\t\t\t<div class=\"elementor-column elementor-col-33 elementor-top-column elementor-element elementor-element-113d4343\" data-id=\"113d4343\" data-element_type=\"column\">\n\t\t\t<div class=\"elementor-widget-wrap\">\n\t\t\t\t\t\t\t<\/div>\n\t\t<\/div>\n\t\t\t\t<div class=\"elementor-column elementor-col-33 elementor-top-column elementor-element elementor-element-67e73d6b\" data-id=\"67e73d6b\" data-element_type=\"column\">\n\t\t\t<div class=\"elementor-widget-wrap elementor-element-populated\">\n\t\t\t\t\t\t<div class=\"elementor-element elementor-element-28e855e1 elementor-widget__width-initial elementor-widget elementor-widget-image\" data-id=\"28e855e1\" data-element_type=\"widget\" data-widget_type=\"image.default\">\n\t\t\t\t<div class=\"elementor-widget-container\">\n\t\t\t\t\t\t\t\t\t\t\t\t\t\t\t\t<a href=\"https:\/\/api.whatsapp.com\/send\/?phone=5511978559677&#038;text=Ol%C3%A1%2C+Estou%20com%20d\u00favidas%20sobre%20o%20%20treinamento%20Sig%20Abdome%20|%20Apresenta\u00e7\u00e3o%20e%20discuss\u00e3o%20de%20casos%20cl\u00ednicos%20UERJ%20|%20Junho\/2024%20&#038;type=phone_number&#038;app_absent=0\" target=\"_blank\">\n\t\t\t\t\t\t\t<img decoding=\"async\" width=\"300\" height=\"213\" src=\"https:\/\/cursosonline.cbr.org.br\/wp-content\/uploads\/2024\/05\/whatsapp_PNG5-300x213.png\" class=\"attachment-medium size-medium wp-image-7548\" alt=\"\" srcset=\"https:\/\/cursosonline.cbr.org.br\/wp-content\/uploads\/2024\/05\/whatsapp_PNG5-300x213.png 300w, https:\/\/cursosonline.cbr.org.br\/wp-content\/uploads\/2024\/05\/whatsapp_PNG5-1024x727.png 1024w, https:\/\/cursosonline.cbr.org.br\/wp-content\/uploads\/2024\/05\/whatsapp_PNG5-768x545.png 768w, https:\/\/cursosonline.cbr.org.br\/wp-content\/uploads\/2024\/05\/whatsapp_PNG5-1536x1091.png 1536w, https:\/\/cursosonline.cbr.org.br\/wp-content\/uploads\/2024\/05\/whatsapp_PNG5-600x426.png 600w, https:\/\/cursosonline.cbr.org.br\/wp-content\/uploads\/2024\/05\/whatsapp_PNG5.png 1600w\" sizes=\"(max-width: 300px) 100vw, 300px\" \/>\t\t\t\t\t\t\t\t<\/a>\n\t\t\t\t\t\t\t\t\t\t\t\t\t\t\t<\/div>\n\t\t\t\t<\/div>\n\t\t\t\t\t<\/div>\n\t\t<\/div>\n\t\t\t\t<div class=\"elementor-column elementor-col-33 elementor-top-column elementor-element elementor-element-40b26e88\" data-id=\"40b26e88\" data-element_type=\"column\">\n\t\t\t<div class=\"elementor-widget-wrap\">\n\t\t\t\t\t\t\t<\/div>\n\t\t<\/div>\n\t\t\t\t\t<\/div>\n\t\t<\/section>\n\t\t\t\t<section class=\"elementor-section elementor-top-section elementor-element elementor-element-31c06669 elementor-section-boxed elementor-section-height-default elementor-section-height-default\" data-id=\"31c06669\" data-element_type=\"section\">\n\t\t\t\t\t\t<div class=\"elementor-container elementor-column-gap-default\">\n\t\t\t\t\t<div class=\"elementor-column elementor-col-25 elementor-top-column elementor-element elementor-element-939b84f\" data-id=\"939b84f\" data-element_type=\"column\">\n\t\t\t<div class=\"elementor-widget-wrap\">\n\t\t\t\t\t\t\t<\/div>\n\t\t<\/div>\n\t\t\t\t<div class=\"elementor-column elementor-col-50 elementor-top-column elementor-element elementor-element-12e29697\" data-id=\"12e29697\" data-element_type=\"column\">\n\t\t\t<div class=\"elementor-widget-wrap elementor-element-populated\">\n\t\t\t\t\t\t<div class=\"elementor-element elementor-element-9c9a37c elementor-widget elementor-widget-text-editor\" data-id=\"9c9a37c\" data-element_type=\"widget\" data-widget_type=\"text-editor.default\">\n\t\t\t\t<div class=\"elementor-widget-container\">\n\t\t\t\t\t\t\t\t\t<p style=\"text-align: center\"><strong>\u00bfDificultades para acceder a la formaci\u00f3n?<\/strong><\/p>\t\t\t\t\t\t\t\t<\/div>\n\t\t\t\t<\/div>\n\t\t\t\t\t<\/div>\n\t\t<\/div>\n\t\t\t\t<div class=\"elementor-column elementor-col-25 elementor-top-column elementor-element elementor-element-da8a859\" data-id=\"da8a859\" data-element_type=\"column\">\n\t\t\t<div class=\"elementor-widget-wrap\">\n\t\t\t\t\t\t\t<\/div>\n\t\t<\/div>\n\t\t\t\t\t<\/div>\n\t\t<\/section>\n\t\t\t\t<\/div>","protected":false},"excerpt":{"rendered":"<p><strong>Contenidos a la carta<\/strong> \ud83d\udcf9<\/p>\n<p>\u00bfSe perdi\u00f3 nuestro Grupo de Especial Inter\u00e9s (GIE) de noviembre o quiere revivir los momentos m\u00e1s importantes? No se preocupe, ahora puede acceder a todo el contenido del evento On Demand, cuando y donde quiera.<\/p>\n<p><strong>GRATUITO PARA LOS MIEMBROS DE CBR<\/strong><\/p>\n<p><a href=\"https:\/\/api.whatsapp.com\/send\/?phone=5511978559677&amp;amp;text=Ol%C3%A1%2C+Estou com d\u00favidas sobre o treinamento Sig Abdome | Apresenta\u00e7\u00e3o e discuss\u00e3o de casos cl\u00ednicos UERJ | Junho\/2024 &amp;amp;type=phone_number&amp;amp;app_absent=0\"><img decoding=\"async\" class=\"aligncenter wp-image-8352\" src=\"https:\/\/cursosonline.cbr.org.br\/wp-content\/uploads\/2024\/05\/whatsapp_PNG5-300x213-1.png\" alt=\"\" width=\"117\" height=\"83\" \/><\/a><\/p>","protected":false},"featured_media":14756,"template":"","meta":[],"product_brand":[],"product_cat":[18,40,87],"product_tag":[],"class_list":{"0":"post-14754","1":"product","2":"type-product","3":"status-publish","4":"has-post-thumbnail","6":"product_cat-cbr-educa","7":"product_cat-sigs","8":"product_cat-sigabdome","10":"first","11":"instock","12":"virtual","13":"sold-individually","14":"taxable","15":"purchasable","16":"product-type-simple"},"_links":{"self":[{"href":"https:\/\/cursosonline.cbr.org.br\/es\/wp-json\/wp\/v2\/product\/14754","targetHints":{"allow":["GET"]}}],"collection":[{"href":"https:\/\/cursosonline.cbr.org.br\/es\/wp-json\/wp\/v2\/product"}],"about":[{"href":"https:\/\/cursosonline.cbr.org.br\/es\/wp-json\/wp\/v2\/types\/product"}],"version-history":[{"count":12,"href":"https:\/\/cursosonline.cbr.org.br\/es\/wp-json\/wp\/v2\/product\/14754\/revisions"}],"predecessor-version":[{"id":33202,"href":"https:\/\/cursosonline.cbr.org.br\/es\/wp-json\/wp\/v2\/product\/14754\/revisions\/33202"}],"wp:featuredmedia":[{"embeddable":true,"href":"https:\/\/cursosonline.cbr.org.br\/es\/wp-json\/wp\/v2\/media\/14756"}],"wp:attachment":[{"href":"https:\/\/cursosonline.cbr.org.br\/es\/wp-json\/wp\/v2\/media?parent=14754"}],"wp:term":[{"taxonomy":"product_brand","embeddable":true,"href":"https:\/\/cursosonline.cbr.org.br\/es\/wp-json\/wp\/v2\/product_brand?post=14754"},{"taxonomy":"product_cat","embeddable":true,"href":"https:\/\/cursosonline.cbr.org.br\/es\/wp-json\/wp\/v2\/product_cat?post=14754"},{"taxonomy":"product_tag","embeddable":true,"href":"https:\/\/cursosonline.cbr.org.br\/es\/wp-json\/wp\/v2\/product_tag?post=14754"}],"curies":[{"name":"gracias","href":"https:\/\/api.w.org\/{rel}","templated":true}]}}