{"id":15367,"date":"2024-11-11T09:13:52","date_gmt":"2024-11-11T12:13:52","guid":{"rendered":"https:\/\/cursosonline.cbr.org.br\/?post_type=product&#038;p=15367"},"modified":"2026-03-12T10:05:03","modified_gmt":"2026-03-12T13:05:03","slug":"sig-mama-ao-vivo-uff-rj-novembro-2024","status":"publish","type":"product","link":"https:\/\/cursosonline.cbr.org.br\/es\/curso\/sig-mama-ao-vivo-uff-rj-novembro-2024\/","title":{"rendered":"Sig Mama | A la carta - UFF\/RJ | Noviembre 2024"},"content":{"rendered":"<div data-elementor-type=\"product-post\" data-elementor-id=\"15367\" class=\"elementor elementor-15367\" data-elementor-post-type=\"product\">\n\t\t\t\t\t\t<section class=\"elementor-section elementor-top-section elementor-element elementor-element-0c30d7a elementor-section-boxed elementor-section-height-default elementor-section-height-default\" data-id=\"0c30d7a\" data-element_type=\"section\">\n\t\t\t\t\t\t<div class=\"elementor-container elementor-column-gap-default\">\n\t\t\t\t\t<div class=\"elementor-column elementor-col-100 elementor-top-column elementor-element elementor-element-38a3880\" data-id=\"38a3880\" data-element_type=\"column\">\n\t\t\t<div class=\"elementor-widget-wrap elementor-element-populated\">\n\t\t\t\t\t\t<div class=\"elementor-element elementor-element-2982e63 elementor-widget elementor-widget-image\" data-id=\"2982e63\" data-element_type=\"widget\" data-widget_type=\"image.default\">\n\t\t\t\t<div class=\"elementor-widget-container\">\n\t\t\t\t\t\t\t\t\t\t\t\t\t\t\t<img fetchpriority=\"high\" decoding=\"async\" width=\"1920\" height=\"1080\" src=\"https:\/\/cursosonline.cbr.org.br\/wp-content\/uploads\/2024\/11\/SigMama_27_11_Abertura-Encerramento.jpg\" class=\"attachment-2048x2048 size-2048x2048 wp-image-15371\" alt=\"\" srcset=\"https:\/\/cursosonline.cbr.org.br\/wp-content\/uploads\/2024\/11\/SigMama_27_11_Abertura-Encerramento.jpg 1920w, https:\/\/cursosonline.cbr.org.br\/wp-content\/uploads\/2024\/11\/SigMama_27_11_Abertura-Encerramento-300x169.jpg 300w, https:\/\/cursosonline.cbr.org.br\/wp-content\/uploads\/2024\/11\/SigMama_27_11_Abertura-Encerramento-1024x576.jpg 1024w, https:\/\/cursosonline.cbr.org.br\/wp-content\/uploads\/2024\/11\/SigMama_27_11_Abertura-Encerramento-768x432.jpg 768w, https:\/\/cursosonline.cbr.org.br\/wp-content\/uploads\/2024\/11\/SigMama_27_11_Abertura-Encerramento-1536x864.jpg 1536w, https:\/\/cursosonline.cbr.org.br\/wp-content\/uploads\/2024\/11\/SigMama_27_11_Abertura-Encerramento-600x338.jpg 600w\" sizes=\"(max-width: 1920px) 100vw, 1920px\" \/>\t\t\t\t\t\t\t\t\t\t\t\t\t\t\t<\/div>\n\t\t\t\t<\/div>\n\t\t\t\t\t<\/div>\n\t\t<\/div>\n\t\t\t\t\t<\/div>\n\t\t<\/section>\n\t\t\t\t<\/div>","protected":false},"excerpt":{"rendered":"<p><strong>Contenidos a la carta \ud83d\udcf9<\/strong><\/p>\n<p>\u00bfSe perdi\u00f3 nuestro Grupo de Especial Inter\u00e9s (GIE) de noviembre o quiere revivir los momentos m\u00e1s importantes? No se preocupe, ahora puede acceder a todo el contenido del evento On Demand, cuando y donde quiera.<\/p>\n<p><strong>GRATUITO PARA LOS MIEMBROS DE CBR<\/strong><\/p>","protected":false},"featured_media":15377,"template":"","meta":[],"product_brand":[],"product_cat":[18,40,88],"product_tag":[],"class_list":{"0":"post-15367","1":"product","2":"type-product","3":"status-publish","4":"has-post-thumbnail","6":"product_cat-cbr-educa","7":"product_cat-sigs","8":"product_cat-sigmama","10":"first","11":"instock","12":"virtual","13":"sold-individually","14":"taxable","15":"purchasable","16":"product-type-simple"},"_links":{"self":[{"href":"https:\/\/cursosonline.cbr.org.br\/es\/wp-json\/wp\/v2\/product\/15367","targetHints":{"allow":["GET"]}}],"collection":[{"href":"https:\/\/cursosonline.cbr.org.br\/es\/wp-json\/wp\/v2\/product"}],"about":[{"href":"https:\/\/cursosonline.cbr.org.br\/es\/wp-json\/wp\/v2\/types\/product"}],"version-history":[{"count":14,"href":"https:\/\/cursosonline.cbr.org.br\/es\/wp-json\/wp\/v2\/product\/15367\/revisions"}],"predecessor-version":[{"id":33199,"href":"https:\/\/cursosonline.cbr.org.br\/es\/wp-json\/wp\/v2\/product\/15367\/revisions\/33199"}],"wp:featuredmedia":[{"embeddable":true,"href":"https:\/\/cursosonline.cbr.org.br\/es\/wp-json\/wp\/v2\/media\/15377"}],"wp:attachment":[{"href":"https:\/\/cursosonline.cbr.org.br\/es\/wp-json\/wp\/v2\/media?parent=15367"}],"wp:term":[{"taxonomy":"product_brand","embeddable":true,"href":"https:\/\/cursosonline.cbr.org.br\/es\/wp-json\/wp\/v2\/product_brand?post=15367"},{"taxonomy":"product_cat","embeddable":true,"href":"https:\/\/cursosonline.cbr.org.br\/es\/wp-json\/wp\/v2\/product_cat?post=15367"},{"taxonomy":"product_tag","embeddable":true,"href":"https:\/\/cursosonline.cbr.org.br\/es\/wp-json\/wp\/v2\/product_tag?post=15367"}],"curies":[{"name":"gracias","href":"https:\/\/api.w.org\/{rel}","templated":true}]}}