{"id":1541,"date":"2023-11-08T16:39:45","date_gmt":"2023-11-08T19:39:45","guid":{"rendered":"https:\/\/cursosonline.cbr.org.br\/?post_type=product&#038;p=1541"},"modified":"2026-03-12T10:15:59","modified_gmt":"2026-03-12T13:15:59","slug":"world-forum-trends-ultrasound23","status":"publish","type":"product","link":"https:\/\/cursosonline.cbr.org.br\/es\/curso\/world-forum-trends-ultrasound23\/","title":{"rendered":"Tendencias del Foro Mundial: Ultrasonidos 2023"},"content":{"rendered":"<p style=\"text-align: center;\">O\u00a0<strong>Tendencias del Foro Mundial<\/strong>\u00a0est\u00e1 organizado por el Colegio Brasile\u00f1o de Radiolog\u00eda y pretende analizar los pr\u00f3ximos retos de la radiolog\u00eda a trav\u00e9s de los ojos de los l\u00edderes mundiales.<\/p>\n<p style=\"text-align: center;\"><strong>Queremos identificar las oportunidades y amenazas que pueden preverse en un futuro pr\u00f3ximo, teniendo en cuenta la formaci\u00f3n, la gesti\u00f3n, la tecnolog\u00eda y la innovaci\u00f3n en el campo del diagn\u00f3stico por imagen.<\/strong><\/p>\n<p style=\"text-align: center;\">Al fin y al cabo, \u00bfqu\u00e9 esperan los pacientes de una especialidad de radiolog\u00eda m\u00e9dica y qu\u00e9 pueden hacer los profesionales para mejorar la experiencia del paciente durante el servicio?<\/p>\n<p style=\"text-align: center;\">En la edici\u00f3n de 2023, el evento reuni\u00f3 a destacados expertos nacionales e internacionales, representantes de renombradas sociedades radiol\u00f3gicas, para debatir sobre <strong>los retos del futuro de los ultrasonidos.<\/strong><\/p>","protected":false},"excerpt":{"rendered":"<p>O\u00a0World Forum Trends\u00a0\u00e9 promovido pelo Col\u00e9gio Brasileiro de Radiologia e busca a olhar para os pr\u00f3ximos desafios da Radiologia atrav\u00e9s da vis\u00e3o de l\u00edderes globais. Pretendemos identificar as oportunidades e as amea\u00e7as que se podem antever num futuro pr\u00f3ximo, considerando a forma\u00e7\u00e3o, gest\u00e3o, tecnologia e inova\u00e7\u00e3o na \u00e1rea do diagn\u00f3stico por imagem. Afinal, o que [&hellip;]<\/p>","protected":false},"featured_media":1542,"template":"","meta":[],"product_brand":[],"product_cat":[18,68],"product_tag":[53],"class_list":{"0":"post-1541","1":"product","2":"type-product","3":"status-publish","4":"has-post-thumbnail","6":"product_cat-cbr-educa","7":"product_cat-worldforumtrendscbr","8":"product_tag-internacional","10":"first","11":"instock","12":"sold-individually","13":"taxable","14":"shipping-taxable","15":"purchasable","16":"product-type-simple"},"_links":{"self":[{"href":"https:\/\/cursosonline.cbr.org.br\/es\/wp-json\/wp\/v2\/product\/1541","targetHints":{"allow":["GET"]}}],"collection":[{"href":"https:\/\/cursosonline.cbr.org.br\/es\/wp-json\/wp\/v2\/product"}],"about":[{"href":"https:\/\/cursosonline.cbr.org.br\/es\/wp-json\/wp\/v2\/types\/product"}],"version-history":[{"count":8,"href":"https:\/\/cursosonline.cbr.org.br\/es\/wp-json\/wp\/v2\/product\/1541\/revisions"}],"predecessor-version":[{"id":33264,"href":"https:\/\/cursosonline.cbr.org.br\/es\/wp-json\/wp\/v2\/product\/1541\/revisions\/33264"}],"wp:featuredmedia":[{"embeddable":true,"href":"https:\/\/cursosonline.cbr.org.br\/es\/wp-json\/wp\/v2\/media\/1542"}],"wp:attachment":[{"href":"https:\/\/cursosonline.cbr.org.br\/es\/wp-json\/wp\/v2\/media?parent=1541"}],"wp:term":[{"taxonomy":"product_brand","embeddable":true,"href":"https:\/\/cursosonline.cbr.org.br\/es\/wp-json\/wp\/v2\/product_brand?post=1541"},{"taxonomy":"product_cat","embeddable":true,"href":"https:\/\/cursosonline.cbr.org.br\/es\/wp-json\/wp\/v2\/product_cat?post=1541"},{"taxonomy":"product_tag","embeddable":true,"href":"https:\/\/cursosonline.cbr.org.br\/es\/wp-json\/wp\/v2\/product_tag?post=1541"}],"curies":[{"name":"gracias","href":"https:\/\/api.w.org\/{rel}","templated":true}]}}