{"id":16213,"date":"2024-12-16T16:48:38","date_gmt":"2024-12-16T19:48:38","guid":{"rendered":"https:\/\/cursosonline.cbr.org.br\/?post_type=product&#038;p=16213"},"modified":"2026-03-12T10:29:59","modified_gmt":"2026-03-12T13:29:59","slug":"webinar-mulher-e-lideranca","status":"publish","type":"product","link":"https:\/\/cursosonline.cbr.org.br\/es\/curso\/webinar-mulher-e-lideranca\/","title":{"rendered":"Webinar | Mujeres y liderazgo"},"content":{"rendered":"<p>&nbsp;<\/p>\n<p><img fetchpriority=\"high\" decoding=\"async\" class=\"alignnone size-large wp-image-16237\" src=\"https:\/\/cursosonline.cbr.org.br\/wp-content\/uploads\/2024\/12\/WebinarMulher_BannerPaginaInicial-1024x334.jpg\" alt=\"\" width=\"800\" height=\"261\" srcset=\"https:\/\/cursosonline.cbr.org.br\/wp-content\/uploads\/2024\/12\/WebinarMulher_BannerPaginaInicial-1024x334.jpg 1024w, https:\/\/cursosonline.cbr.org.br\/wp-content\/uploads\/2024\/12\/WebinarMulher_BannerPaginaInicial-300x98.jpg 300w, https:\/\/cursosonline.cbr.org.br\/wp-content\/uploads\/2024\/12\/WebinarMulher_BannerPaginaInicial-768x250.jpg 768w, https:\/\/cursosonline.cbr.org.br\/wp-content\/uploads\/2024\/12\/WebinarMulher_BannerPaginaInicial-600x196.jpg 600w, https:\/\/cursosonline.cbr.org.br\/wp-content\/uploads\/2024\/12\/WebinarMulher_BannerPaginaInicial.jpg 1362w\" sizes=\"(max-width: 800px) 100vw, 800px\" \/><\/p>\n<p>Para celebrar el D\u00eda Internacional de la Mujer, el CBR invita a todos a participar en el seminario web del CBR \"Mujeres y liderazgo\", que tendr\u00e1 lugar el lunes (11 de marzo).<\/p>\n<p>Con el objetivo de homenajear a las mujeres, la CBR celebrar\u00e1 el 11 de marzo (lunes), a trav\u00e9s de la Comisi\u00f3n de Cultura, el Webinar \"Mujeres y Liderazgo\". El evento comenzar\u00e1 a las 19:00 (hora de Brasilia) y contar\u00e1 con la participaci\u00f3n de varias mujeres l\u00edderes.<\/p>\n<p>El seminario web pretende abordar los retos espec\u00edficos a los que se enfrentan las mujeres en puestos de liderazgo en distintas industrias.<\/p>\n<p>Cabe destacar que la actividad es gratuita, inclusiva y pueden participar todos, no s\u00f3lo las mujeres.<\/p>\n<p>No se pierda esta actividad especial.<\/p>","protected":false},"excerpt":{"rendered":"<p>&nbsp; Em celebra\u00e7\u00e3o ao Dia Internacional da Mulheres, o CBR convida a todos para participar do Webinar CBR &#8220;Mulher e lideran\u00e7a&#8221; que acontecer\u00e1 na segunda-feira (11 de mar\u00e7o). Com objetivo de homenagear as mulheres, o CBR far\u00e1 no dia 11 de mar\u00e7o (segunda-feira), por meio da Comiss\u00e3o Cultural, o Webinar \u201cMulher e lideran\u00e7a\u201d. O evento [&hellip;]<\/p>","protected":false},"featured_media":16214,"template":"","meta":[],"product_brand":[],"product_cat":[15,99],"product_tag":[],"class_list":{"0":"post-16213","1":"product","2":"type-product","3":"status-publish","4":"has-post-thumbnail","6":"product_cat-uncategorized","7":"product_cat-sociedade","9":"first","10":"instock","11":"taxable","12":"shipping-taxable","13":"purchasable","14":"product-type-simple"},"_links":{"self":[{"href":"https:\/\/cursosonline.cbr.org.br\/es\/wp-json\/wp\/v2\/product\/16213","targetHints":{"allow":["GET"]}}],"collection":[{"href":"https:\/\/cursosonline.cbr.org.br\/es\/wp-json\/wp\/v2\/product"}],"about":[{"href":"https:\/\/cursosonline.cbr.org.br\/es\/wp-json\/wp\/v2\/types\/product"}],"version-history":[{"count":5,"href":"https:\/\/cursosonline.cbr.org.br\/es\/wp-json\/wp\/v2\/product\/16213\/revisions"}],"predecessor-version":[{"id":33319,"href":"https:\/\/cursosonline.cbr.org.br\/es\/wp-json\/wp\/v2\/product\/16213\/revisions\/33319"}],"wp:featuredmedia":[{"embeddable":true,"href":"https:\/\/cursosonline.cbr.org.br\/es\/wp-json\/wp\/v2\/media\/16214"}],"wp:attachment":[{"href":"https:\/\/cursosonline.cbr.org.br\/es\/wp-json\/wp\/v2\/media?parent=16213"}],"wp:term":[{"taxonomy":"product_brand","embeddable":true,"href":"https:\/\/cursosonline.cbr.org.br\/es\/wp-json\/wp\/v2\/product_brand?post=16213"},{"taxonomy":"product_cat","embeddable":true,"href":"https:\/\/cursosonline.cbr.org.br\/es\/wp-json\/wp\/v2\/product_cat?post=16213"},{"taxonomy":"product_tag","embeddable":true,"href":"https:\/\/cursosonline.cbr.org.br\/es\/wp-json\/wp\/v2\/product_tag?post=16213"}],"curies":[{"name":"gracias","href":"https:\/\/api.w.org\/{rel}","templated":true}]}}