{"id":16679,"date":"2025-02-04T15:58:52","date_gmt":"2025-02-04T18:58:52","guid":{"rendered":"https:\/\/cursosonline.cbr.org.br\/?post_type=product&#038;p=16679"},"modified":"2026-04-01T08:15:04","modified_gmt":"2026-04-01T11:15:04","slug":"curso-de-mamografia-programa-de-qualidade","status":"publish","type":"product","link":"https:\/\/cursosonline.cbr.org.br\/es\/curso\/curso-de-mamografia-programa-de-qualidade\/","title":{"rendered":"Curso de mamograf\u00eda - Programa de calidad"},"content":{"rendered":"<div data-elementor-type=\"product-post\" data-elementor-id=\"16679\" class=\"elementor elementor-16679\" data-elementor-post-type=\"product\">\n\t\t\t\t\t\t<section class=\"elementor-section elementor-top-section elementor-element elementor-element-f45d1e1 elementor-section-boxed elementor-section-height-default elementor-section-height-default\" data-id=\"f45d1e1\" data-element_type=\"section\">\n\t\t\t\t\t\t<div class=\"elementor-container elementor-column-gap-default\">\n\t\t\t\t\t<div class=\"elementor-column elementor-col-100 elementor-top-column elementor-element elementor-element-18908c8\" data-id=\"18908c8\" data-element_type=\"column\">\n\t\t\t<div class=\"elementor-widget-wrap elementor-element-populated\">\n\t\t\t\t\t\t<div class=\"elementor-element elementor-element-c2d5837 elementor-widget elementor-widget-text-editor\" data-id=\"c2d5837\" data-element_type=\"widget\" data-widget_type=\"text-editor.default\">\n\t\t\t\t<div class=\"elementor-widget-container\">\n\t\t\t\t\t\t\t\t\t<p><strong>EXCLUSIVAMENTE PARA CLIENTES DE LOS PROGRAMAS DE CALIDAD DE CBR<\/strong><\/p><ul><li>Este curso se divide en 9 unidades, cada una de las cuales se basa en los conocimientos adquiridos en las anteriores. La estructura es la siguiente:<\/li><\/ul><ol><li>Cubre ACR BI-RADS\u00ae 5\u00aa edici\u00f3n en el contexto de la mamograf\u00eda, incluyendo l\u00e9xico, clasificaci\u00f3n y recomendaciones.<\/li><li>Ecograf\u00eda ACR BI-RADS: l\u00e9xico, clasificaci\u00f3n y recomendaciones.<\/li><li>BI-RADS\u00ae y Tomos\u00edntesis: c\u00f3mo adaptar el l\u00e9xico, la clasificaci\u00f3n y las recomendaciones de BI-RADS\u00ae.<\/li><li>Mamograf\u00eda BI-RADS\u00ae: casos pr\u00e1cticos y preguntas frecuentes.<\/li><li>Ecograf\u00eda BI-RADS\u00ae: casos pr\u00e1cticos y preguntas frecuentes.<\/li><li>BI-RADS\u00ae e Informe: est\u00e1ndar de documentaci\u00f3n e informe para mamograf\u00eda y ecograf\u00eda.<\/li><li>BI-RADS\u00ae y auditor\u00eda: c\u00f3mo hacer una auditor\u00eda b\u00e1sica y c\u00f3mo puede ayudar en la pr\u00e1ctica cl\u00ednica.<\/li><li>Evaluaci\u00f3n integrada de la mama: \u00bfcu\u00e1ndo utilizar mamograf\u00eda, mamograf\u00eda de contraste, tomos\u00edntesis, ecograf\u00eda y resonancia magn\u00e9tica?<\/li><li>Gesti\u00f3n de la calidad en un servicio de mamograf\u00eda: \u00bfc\u00f3mo proceder?<\/li><\/ol><p>Esta estructura permite a los estudiantes progresar de forma l\u00f3gica, adquiriendo conocimientos a medida que avanzan en el curso.\u00a0<span style=\"background-color: #ffffff;color: #36444f;font-family: 'Lato Extended', Lato, 'Helvetica Neue', Helvetica, Arial, sans-serif;font-weight: var( --e-global-typography-text-font-weight );font-size: var(--bs-body-font-size);text-align: var(--bs-body-text-align)\">Ecograf\u00eda ACR BI-RADS: l\u00e9xico, clasificaci\u00f3n y recomendaciones<\/span><\/p>\t\t\t\t\t\t\t\t<\/div>\n\t\t\t\t<\/div>\n\t\t\t\t\t<\/div>\n\t\t<\/div>\n\t\t\t\t\t<\/div>\n\t\t<\/section>\n\t\t\t\t<\/div>","protected":false},"excerpt":{"rendered":"<p style=\"text-align: left;\">El Curso de Mamograf\u00eda del Programa de Calidad del Colegio Brasile\u00f1o de Radiolog\u00eda y Diagn\u00f3stico por Imagen (CBR) tiene como objetivo promover el desarrollo cient\u00edfico y la actualizaci\u00f3n continua de los m\u00e9dicos especialistas. El curso se compone de un m\u00f3dulo, que incluye 9 lecciones te\u00f3ricas en v\u00eddeo, que abarcan temas fundamentales y actualizados en la materia.<\/p>\n<p><strong>EXCLUSIVAMENTE PARA CLIENTES DE LOS PROGRAMAS DE CALIDAD DE CBR<\/strong><\/p>","protected":false},"featured_media":16877,"template":"","meta":[],"product_brand":[],"product_cat":[15],"product_tag":[],"class_list":{"0":"post-16679","1":"product","2":"type-product","3":"status-publish","4":"has-post-thumbnail","6":"product_cat-uncategorized","8":"first","9":"instock","10":"purchasable","11":"product-type-simple"},"_links":{"self":[{"href":"https:\/\/cursosonline.cbr.org.br\/es\/wp-json\/wp\/v2\/product\/16679","targetHints":{"allow":["GET"]}}],"collection":[{"href":"https:\/\/cursosonline.cbr.org.br\/es\/wp-json\/wp\/v2\/product"}],"about":[{"href":"https:\/\/cursosonline.cbr.org.br\/es\/wp-json\/wp\/v2\/types\/product"}],"version-history":[{"count":24,"href":"https:\/\/cursosonline.cbr.org.br\/es\/wp-json\/wp\/v2\/product\/16679\/revisions"}],"predecessor-version":[{"id":33317,"href":"https:\/\/cursosonline.cbr.org.br\/es\/wp-json\/wp\/v2\/product\/16679\/revisions\/33317"}],"wp:featuredmedia":[{"embeddable":true,"href":"https:\/\/cursosonline.cbr.org.br\/es\/wp-json\/wp\/v2\/media\/16877"}],"wp:attachment":[{"href":"https:\/\/cursosonline.cbr.org.br\/es\/wp-json\/wp\/v2\/media?parent=16679"}],"wp:term":[{"taxonomy":"product_brand","embeddable":true,"href":"https:\/\/cursosonline.cbr.org.br\/es\/wp-json\/wp\/v2\/product_brand?post=16679"},{"taxonomy":"product_cat","embeddable":true,"href":"https:\/\/cursosonline.cbr.org.br\/es\/wp-json\/wp\/v2\/product_cat?post=16679"},{"taxonomy":"product_tag","embeddable":true,"href":"https:\/\/cursosonline.cbr.org.br\/es\/wp-json\/wp\/v2\/product_tag?post=16679"}],"curies":[{"name":"gracias","href":"https:\/\/api.w.org\/{rel}","templated":true}]}}