{"id":17240,"date":"2025-02-21T15:54:25","date_gmt":"2025-02-21T18:54:25","guid":{"rendered":"https:\/\/cursosonline.cbr.org.br\/?post_type=product&#038;p=17240"},"modified":"2026-03-12T10:07:04","modified_gmt":"2026-03-12T13:07:04","slug":"a-importancia-dos-laudos-evolutivos-para-o-diagnostico-mais-efetivo","status":"publish","type":"product","link":"https:\/\/cursosonline.cbr.org.br\/es\/curso\/a-importancia-dos-laudos-evolutivos-para-o-diagnostico-mais-efetivo\/","title":{"rendered":"2025 \u2013 La importancia de los informes evolutivos para un diagn\u00f3stico m\u00e1s eficaz"},"content":{"rendered":"<p>&nbsp;<\/p>\n<h2 style=\"text-align: center;\"><\/h2>\n<p><img fetchpriority=\"high\" decoding=\"async\" class=\"aligncenter wp-image-17925 size-full\" src=\"https:\/\/cursosonline.cbr.org.br\/wp-content\/uploads\/2025\/02\/webinar-ABCDI_-A-Importancia-dos-Laudos-Evolutivos-para_1362x444.jpg\" alt=\"\" width=\"1362\" height=\"444\" srcset=\"https:\/\/cursosonline.cbr.org.br\/wp-content\/uploads\/2025\/02\/webinar-ABCDI_-A-Importancia-dos-Laudos-Evolutivos-para_1362x444.jpg 1362w, https:\/\/cursosonline.cbr.org.br\/wp-content\/uploads\/2025\/02\/webinar-ABCDI_-A-Importancia-dos-Laudos-Evolutivos-para_1362x444-300x98.jpg 300w, https:\/\/cursosonline.cbr.org.br\/wp-content\/uploads\/2025\/02\/webinar-ABCDI_-A-Importancia-dos-Laudos-Evolutivos-para_1362x444-1024x334.jpg 1024w, https:\/\/cursosonline.cbr.org.br\/wp-content\/uploads\/2025\/02\/webinar-ABCDI_-A-Importancia-dos-Laudos-Evolutivos-para_1362x444-768x250.jpg 768w, https:\/\/cursosonline.cbr.org.br\/wp-content\/uploads\/2025\/02\/webinar-ABCDI_-A-Importancia-dos-Laudos-Evolutivos-para_1362x444-600x196.jpg 600w\" sizes=\"(max-width: 1362px) 100vw, 1362px\" \/><\/p>\n<h3 style=\"text-align: center;\"><strong>OBJETIVO<\/strong><\/h3>\n<p data-start=\"102\" data-end=\"371\">El objetivo es destacar el papel fundamental de los informes evolutivos para mejorar la precisi\u00f3n diagn\u00f3stica y proporcionar a los pacientes un tratamiento m\u00e1s asertivo.<\/p>\n<p data-start=\"373\" data-end=\"830\">En el evento se debatir\u00e1 c\u00f3mo el an\u00e1lisis comparativo de ex\u00e1menes previos puede contribuir a la identificaci\u00f3n precoz de alteraciones, el seguimiento de la progresi\u00f3n de la enfermedad y la reducci\u00f3n de interpretaciones subjetivas. Tambi\u00e9n se discutir\u00e1n las mejores pr\u00e1cticas en la estructuraci\u00f3n y estandarizaci\u00f3n de estos informes, as\u00ed como el impacto del uso de la tecnolog\u00eda para integrar y almacenar esta informaci\u00f3n.<\/p>\n<p data-start=\"832\" data-end=\"1147\" data-is-last-node=\"\" data-is-only-node=\"\">El webinar pretende concienciar a radi\u00f3logos, gestores cl\u00ednicos y profesionales sanitarios de la importancia de implementar informes de evoluci\u00f3n para optimizar la toma de decisiones cl\u00ednicas, mejorar la comunicaci\u00f3n entre especialistas y garantizar un seguimiento m\u00e1s eficiente y personalizado de los pacientes.<\/p>\n<hr \/>\n<h3 style=\"text-align: center;\"><strong>MODERADORES<\/strong><\/h3>\n<p style=\"text-align: left;\"><img decoding=\"async\" class=\"wp-image-18921 alignleft\" src=\"https:\/\/cursosonline.cbr.org.br\/wp-content\/uploads\/2025\/02\/Foto-Dra.-Juliana.png\" alt=\"\" width=\"134\" height=\"137\" srcset=\"https:\/\/cursosonline.cbr.org.br\/wp-content\/uploads\/2025\/02\/Foto-Dra.-Juliana.png 120w, https:\/\/cursosonline.cbr.org.br\/wp-content\/uploads\/2025\/02\/Foto-Dra.-Juliana-12x12.png 12w\" sizes=\"(max-width: 134px) 100vw, 134px\" \/><span style=\"font-family: inherit;\"><br \/>\n<strong>Dra. Juliana Tapaj\u00f3s<\/strong><br \/>\n<\/span><span class=\"OYPEnA font-feature-liga-off font-feature-clig-off font-feature-calt-off text-decoration-none text-strikethrough-none\">Vicepresidente 2\u00ba de la CBR (2025\/2026), Director de Defensa Profesional de la CBR (2023\/2024 y 2021\/2022), Consejero de la CRM- AM 2023-2028, Ex Vicepresidente Regi\u00f3n Norte- CBR, Ex Presidente SORAM, Coordinador M\u00e9dico del Grupo Samel y Radiolog\u00eda del Hospital Delphina Aziz y M\u00e9dico Especialista en RDDI.<\/span><\/p>\n<p>&nbsp;<\/p>\n<p>&nbsp;<\/p>\n<p><img decoding=\"async\" class=\"wp-image-18925 alignleft\" src=\"https:\/\/cursosonline.cbr.org.br\/wp-content\/uploads\/2025\/02\/Design-sem-nome-9.png\" alt=\"\" width=\"134\" height=\"134\" srcset=\"https:\/\/cursosonline.cbr.org.br\/wp-content\/uploads\/2025\/02\/Design-sem-nome-9.png 1000w, https:\/\/cursosonline.cbr.org.br\/wp-content\/uploads\/2025\/02\/Design-sem-nome-9-300x300.png 300w, https:\/\/cursosonline.cbr.org.br\/wp-content\/uploads\/2025\/02\/Design-sem-nome-9-150x150.png 150w, https:\/\/cursosonline.cbr.org.br\/wp-content\/uploads\/2025\/02\/Design-sem-nome-9-768x768.png 768w, https:\/\/cursosonline.cbr.org.br\/wp-content\/uploads\/2025\/02\/Design-sem-nome-9-12x12.png 12w, https:\/\/cursosonline.cbr.org.br\/wp-content\/uploads\/2025\/02\/Design-sem-nome-9-600x600.png 600w, https:\/\/cursosonline.cbr.org.br\/wp-content\/uploads\/2025\/02\/Design-sem-nome-9-100x100.png 100w\" sizes=\"(max-width: 134px) 100vw, 134px\" \/><\/p>\n<p class=\"cvGsUA direction-ltr align-start para-style-body\"><span class=\"OYPEnA font-feature-liga-off font-feature-clig-off font-feature-calt-off text-decoration-none text-strikethrough-none\"><strong>Dr. Ricardo Rocha<\/strong><br \/>\n<\/span><span class=\"OYPEnA font-feature-liga-off font-feature-clig-off font-feature-calt-off text-decoration-none text-strikethrough-none\">Director de ABCDI (2025\/2026), M\u00e9dico graduado por la Universidad Federal de Cear\u00e1 en 1997, Residencia m\u00e9dica en radiolog\u00eda y diagn\u00f3stico por imagen en el complejo hospitalario de Mandaqui - S\u00e3o Paulo SP, Postgrado en radiolog\u00eda de cabeza y cuello y neurorradiolog\u00eda en IES\/FAMETRO, Ex vicepresidente y director de defensa profesional de SOCEARA, Director de SINDESSEC y Coordinador del departamento de imagen de la asociaci\u00f3n de hospitales de Cear\u00e1.<\/span><\/p>\n<p>&nbsp;<\/p>\n<p><img loading=\"lazy\" decoding=\"async\" class=\"wp-image-18926 alignleft\" src=\"https:\/\/cursosonline.cbr.org.br\/wp-content\/uploads\/2025\/02\/Carlos-Mopura.png\" alt=\"\" width=\"134\" height=\"134\" srcset=\"https:\/\/cursosonline.cbr.org.br\/wp-content\/uploads\/2025\/02\/Carlos-Mopura.png 1000w, https:\/\/cursosonline.cbr.org.br\/wp-content\/uploads\/2025\/02\/Carlos-Mopura-300x300.png 300w, https:\/\/cursosonline.cbr.org.br\/wp-content\/uploads\/2025\/02\/Carlos-Mopura-150x150.png 150w, https:\/\/cursosonline.cbr.org.br\/wp-content\/uploads\/2025\/02\/Carlos-Mopura-768x768.png 768w, https:\/\/cursosonline.cbr.org.br\/wp-content\/uploads\/2025\/02\/Carlos-Mopura-12x12.png 12w, https:\/\/cursosonline.cbr.org.br\/wp-content\/uploads\/2025\/02\/Carlos-Mopura-600x600.png 600w, https:\/\/cursosonline.cbr.org.br\/wp-content\/uploads\/2025\/02\/Carlos-Mopura-100x100.png 100w\" sizes=\"(max-width: 134px) 100vw, 134px\" \/><\/p>\n<p class=\"cvGsUA direction-ltr align-start para-style-body\"><strong><span class=\"OYPEnA font-feature-liga-off font-feature-clig-off font-feature-calt-off text-decoration-none text-strikethrough-none\">Carlos Moura<br \/>\n<\/span><\/strong><span class=\"OYPEnA font-feature-liga-off font-feature-clig-off font-feature-calt-off text-decoration-none text-strikethrough-none\">Es Administrador de Empresas con MBA en TI por la USP y Curso Internacional de Desarrollo de Talentos Humanos por la Universidad Central de Florida. Con amplio conocimiento del mercado brasile\u00f1o de medicina diagn\u00f3stica, es Asesor Econ\u00f3mico del Colegio Brasile\u00f1o de Radiolog\u00eda y Diagn\u00f3stico por Imagen (CBR), al que representa como miembro del Comit\u00e9 de Normalizaci\u00f3n de Informaci\u00f3n Sanitaria Suplementaria (COPISS) y del Comit\u00e9 T\u00e9cnico de Evaluaci\u00f3n de la Calidad del Sector (COTAQ). Es socio de Moura Assessoria, consultor\u00eda de gesti\u00f3n en el \u00e1mbito del diagn\u00f3stico m\u00e9dico. En los \u00faltimos quince a\u00f1os, ha ocupado cargos ejecutivos en las \u00e1reas administrativa, comercial y financiera en el segmento de la medicina de diagn\u00f3stico, entre otros.<br \/>\n<\/span><\/p>\n<hr \/>\n<h3 style=\"text-align: center;\"><strong>INVITADOS<\/strong><\/h3>\n<p><img loading=\"lazy\" decoding=\"async\" class=\"wp-image-18924 alignleft\" src=\"https:\/\/cursosonline.cbr.org.br\/wp-content\/uploads\/2025\/02\/Dra-Angelica.png\" alt=\"\" width=\"134\" height=\"134\" srcset=\"https:\/\/cursosonline.cbr.org.br\/wp-content\/uploads\/2025\/02\/Dra-Angelica.png 1000w, https:\/\/cursosonline.cbr.org.br\/wp-content\/uploads\/2025\/02\/Dra-Angelica-300x300.png 300w, https:\/\/cursosonline.cbr.org.br\/wp-content\/uploads\/2025\/02\/Dra-Angelica-150x150.png 150w, https:\/\/cursosonline.cbr.org.br\/wp-content\/uploads\/2025\/02\/Dra-Angelica-768x768.png 768w, https:\/\/cursosonline.cbr.org.br\/wp-content\/uploads\/2025\/02\/Dra-Angelica-12x12.png 12w, https:\/\/cursosonline.cbr.org.br\/wp-content\/uploads\/2025\/02\/Dra-Angelica-600x600.png 600w, https:\/\/cursosonline.cbr.org.br\/wp-content\/uploads\/2025\/02\/Dra-Angelica-100x100.png 100w\" sizes=\"(max-width: 134px) 100vw, 134px\" \/><\/p>\n<p class=\"cvGsUA direction-ltr align-start para-style-body\"><span class=\"OYPEnA font-feature-liga-off font-feature-clig-off font-feature-calt-off text-decoration-none text-strikethrough-none\"><strong>Dra. Ang\u00e9lica Nogueira<\/strong><br \/>\n<\/span><span class=\"OYPEnA font-feature-liga-off font-feature-clig-off font-feature-calt-off text-decoration-none text-strikethrough-none\">Presidente de la SBOC (Sociedad Brasile\u00f1a de Oncolog\u00eda Cl\u00ednica), Profesor e Investigador de la UFMG (Universidad Federal de Minas Gerais), Fundador y actual Director de Planificaci\u00f3n del Grupo Brasile\u00f1o de Tumores Ginecol\u00f3gicos, EVA, Director de Relaciones Internacionales del GBECAM (Grupo Brasile\u00f1o de Estudio del C\u00e1ncer de Mama), Presidente de Oncolog\u00eda Ginecol\u00f3gica del LACOG (Grupo Latinoamericano de Oncolog\u00eda Cooperativa), Onc\u00f3logo de DOM y OC Mulher Oncocl\u00ednicas y Postdoctoral Fellow de la Universidad de Harvard.<\/span><\/p>\n<h2><strong style=\"color: #333333; font-family: Lato, 'Helvetica Neue', Helvetica, Arial, sans-serif; font-size: 14px; background-color: #ffffff;\">*Para informaci\u00f3n sobre descuentos y otras formas de pago, p\u00f3ngase en contacto con abcdi@cbr.org.br.<\/strong><\/h2>","protected":false},"excerpt":{"rendered":"<h3>INFORMACI\u00d3N GENERAL<\/h3>\n<h5><span style=\"color: #003366;\"><strong>Inscripci\u00f3n gratuita para miembros de CBR o ABCDI<\/strong><\/span><\/h5>\n<h5><strong>Formato: <\/strong>En l\u00ednea<strong><br \/>\nCarga de trabajo:<\/strong> 1 hora<br \/>\n<strong>Date:<\/strong> 8 de abril - de 19:00 a 20:30<\/h5>","protected":false},"featured_media":17241,"template":"","meta":[],"product_brand":[],"product_cat":[15,37,76],"product_tag":[51,55,60],"class_list":{"0":"post-17240","1":"product","2":"type-product","3":"status-publish","4":"has-post-thumbnail","6":"product_cat-uncategorized","7":"product_cat-abcdi","8":"product_cat-webinarsabcdi","9":"product_tag-abcdi","10":"product_tag-cbr-clinicas","11":"product_tag-gestao","13":"first","14":"instock","15":"virtual","16":"taxable","17":"product-type-simple"},"_links":{"self":[{"href":"https:\/\/cursosonline.cbr.org.br\/es\/wp-json\/wp\/v2\/product\/17240","targetHints":{"allow":["GET"]}}],"collection":[{"href":"https:\/\/cursosonline.cbr.org.br\/es\/wp-json\/wp\/v2\/product"}],"about":[{"href":"https:\/\/cursosonline.cbr.org.br\/es\/wp-json\/wp\/v2\/types\/product"}],"version-history":[{"count":34,"href":"https:\/\/cursosonline.cbr.org.br\/es\/wp-json\/wp\/v2\/product\/17240\/revisions"}],"predecessor-version":[{"id":33210,"href":"https:\/\/cursosonline.cbr.org.br\/es\/wp-json\/wp\/v2\/product\/17240\/revisions\/33210"}],"wp:featuredmedia":[{"embeddable":true,"href":"https:\/\/cursosonline.cbr.org.br\/es\/wp-json\/wp\/v2\/media\/17241"}],"wp:attachment":[{"href":"https:\/\/cursosonline.cbr.org.br\/es\/wp-json\/wp\/v2\/media?parent=17240"}],"wp:term":[{"taxonomy":"product_brand","embeddable":true,"href":"https:\/\/cursosonline.cbr.org.br\/es\/wp-json\/wp\/v2\/product_brand?post=17240"},{"taxonomy":"product_cat","embeddable":true,"href":"https:\/\/cursosonline.cbr.org.br\/es\/wp-json\/wp\/v2\/product_cat?post=17240"},{"taxonomy":"product_tag","embeddable":true,"href":"https:\/\/cursosonline.cbr.org.br\/es\/wp-json\/wp\/v2\/product_tag?post=17240"}],"curies":[{"name":"gracias","href":"https:\/\/api.w.org\/{rel}","templated":true}]}}