{"id":18608,"date":"2025-04-01T15:09:39","date_gmt":"2025-04-01T18:09:39","guid":{"rendered":"https:\/\/cursosonline.cbr.org.br\/?post_type=product&#038;p=18608"},"modified":"2026-04-24T17:40:21","modified_gmt":"2026-04-24T20:40:21","slug":"webinar-padi-certificacao-e-controle-de-qualidade-em-diagnostico-por-imagem","status":"publish","type":"product","link":"https:\/\/cursosonline.cbr.org.br\/es\/curso\/webinar-padi-certificacao-e-controle-de-qualidade-em-diagnostico-por-imagem\/","title":{"rendered":"Seminario web Padi: Certificaci\u00f3n y control de calidad en el diagn\u00f3stico por imagen: de la regulaci\u00f3n a la excelencia"},"content":{"rendered":"<div data-elementor-type=\"product-post\" data-elementor-id=\"18608\" class=\"elementor elementor-18608\" data-elementor-post-type=\"product\">\n\t\t\t\t\t\t<section class=\"elementor-section elementor-top-section elementor-element elementor-element-74383c3 elementor-section-boxed elementor-section-height-default elementor-section-height-default\" data-id=\"74383c3\" data-element_type=\"section\">\n\t\t\t\t\t\t<div class=\"elementor-container elementor-column-gap-default\">\n\t\t\t\t\t<div class=\"elementor-column elementor-col-16 elementor-top-column elementor-element elementor-element-b6ae88f\" data-id=\"b6ae88f\" data-element_type=\"column\">\n\t\t\t<div class=\"elementor-widget-wrap\">\n\t\t\t\t\t\t\t<\/div>\n\t\t<\/div>\n\t\t\t\t<div class=\"elementor-column elementor-col-66 elementor-top-column elementor-element elementor-element-0ae19e2\" data-id=\"0ae19e2\" data-element_type=\"column\">\n\t\t\t<div class=\"elementor-widget-wrap elementor-element-populated\">\n\t\t\t\t\t\t<div class=\"elementor-element elementor-element-17e6555 elementor-widget elementor-widget-image\" data-id=\"17e6555\" data-element_type=\"widget\" data-widget_type=\"image.default\">\n\t\t\t\t<div class=\"elementor-widget-container\">\n\t\t\t\t\t\t\t\t\t\t\t\t\t\t\t<img fetchpriority=\"high\" decoding=\"async\" width=\"800\" height=\"250\" src=\"https:\/\/cursosonline.cbr.org.br\/wp-content\/uploads\/2025\/04\/banner-Padi_Certificacao-e-Controle-de-Qualidade-em-Diagnostico-por-Imagem-Da-Regulacao-a-Excelencia-1024x320.jpg\" class=\"attachment-large size-large wp-image-18619\" alt=\"\" srcset=\"https:\/\/cursosonline.cbr.org.br\/wp-content\/uploads\/2025\/04\/banner-Padi_Certificacao-e-Controle-de-Qualidade-em-Diagnostico-por-Imagem-Da-Regulacao-a-Excelencia-1024x320.jpg 1024w, https:\/\/cursosonline.cbr.org.br\/wp-content\/uploads\/2025\/04\/banner-Padi_Certificacao-e-Controle-de-Qualidade-em-Diagnostico-por-Imagem-Da-Regulacao-a-Excelencia-300x94.jpg 300w, https:\/\/cursosonline.cbr.org.br\/wp-content\/uploads\/2025\/04\/banner-Padi_Certificacao-e-Controle-de-Qualidade-em-Diagnostico-por-Imagem-Da-Regulacao-a-Excelencia-768x240.jpg 768w, https:\/\/cursosonline.cbr.org.br\/wp-content\/uploads\/2025\/04\/banner-Padi_Certificacao-e-Controle-de-Qualidade-em-Diagnostico-por-Imagem-Da-Regulacao-a-Excelencia-1536x480.jpg 1536w, https:\/\/cursosonline.cbr.org.br\/wp-content\/uploads\/2025\/04\/banner-Padi_Certificacao-e-Controle-de-Qualidade-em-Diagnostico-por-Imagem-Da-Regulacao-a-Excelencia-18x6.jpg 18w, https:\/\/cursosonline.cbr.org.br\/wp-content\/uploads\/2025\/04\/banner-Padi_Certificacao-e-Controle-de-Qualidade-em-Diagnostico-por-Imagem-Da-Regulacao-a-Excelencia-600x188.jpg 600w, https:\/\/cursosonline.cbr.org.br\/wp-content\/uploads\/2025\/04\/banner-Padi_Certificacao-e-Controle-de-Qualidade-em-Diagnostico-por-Imagem-Da-Regulacao-a-Excelencia.jpg 1920w\" sizes=\"(max-width: 800px) 100vw, 800px\" \/>\t\t\t\t\t\t\t\t\t\t\t\t\t\t\t<\/div>\n\t\t\t\t<\/div>\n\t\t\t\t\t<\/div>\n\t\t<\/div>\n\t\t\t\t<div class=\"elementor-column elementor-col-16 elementor-top-column elementor-element elementor-element-954e388\" data-id=\"954e388\" data-element_type=\"column\">\n\t\t\t<div class=\"elementor-widget-wrap\">\n\t\t\t\t\t\t\t<\/div>\n\t\t<\/div>\n\t\t\t\t\t<\/div>\n\t\t<\/section>\n\t\t\t\t<section class=\"elementor-section elementor-top-section elementor-element elementor-element-46aefda8 elementor-section-boxed elementor-section-height-default elementor-section-height-default\" data-id=\"46aefda8\" data-element_type=\"section\">\n\t\t\t\t\t\t<div class=\"elementor-container elementor-column-gap-default\">\n\t\t\t\t\t<div class=\"elementor-column elementor-col-100 elementor-top-column elementor-element elementor-element-5bbf70b3\" data-id=\"5bbf70b3\" data-element_type=\"column\">\n\t\t\t<div class=\"elementor-widget-wrap elementor-element-populated\">\n\t\t\t\t\t\t<div class=\"elementor-element elementor-element-4e4fa272 elementor-widget elementor-widget-text-editor\" data-id=\"4e4fa272\" data-element_type=\"widget\" data-widget_type=\"text-editor.default\">\n\t\t\t\t<div class=\"elementor-widget-container\">\n\t\t\t\t\t\t\t\t\t<p>El objetivo del Webinar PADI: Certificaci\u00f3n y Control de Calidad en Diagn\u00f3stico por Imagen: De la Reglamentaci\u00f3n a la Excelencia es asociar los procesos de certificaci\u00f3n de calidad de equipos de diagn\u00f3stico por imagen en funci\u00f3n de la legislaci\u00f3n sanitaria vigente. Basado en el marco regulatorio de ANVISA, se discutir\u00e1n los procesos de certificaci\u00f3n de excelencia de PADI. Ser\u00e1n presentados los principales simuladores de control de calidad, los par\u00e1metros de pruebas de control de calidad de los equipos (Tomograf\u00eda, Resonancia Magn\u00e9tica, Mamograf\u00eda Digital, Radiograf\u00eda Digital, Fluoroscopia, Modo B\/Doppler y Monitores), las posibilidades de interfaz entre los procesos reglamentarios y las ganancias de la certificaci\u00f3n de calidad. Para contextualizar las cuestiones de la calidad frente a la certificaci\u00f3n, se presentar\u00e1n breves casos pr\u00e1cticos sobre c\u00f3mo optimizar las dosis de radiaci\u00f3n a los pacientes y c\u00f3mo prepararse para una auditor\u00eda PADI. La presentaci\u00f3n virtual est\u00e1 dirigida a radi\u00f3logos, auditores de calidad, f\u00edsicos m\u00e9dicos, profesionales biom\u00e9dicos, tecn\u00f3logos, profesionales de enfermer\u00eda y funcionarios sanitarios.<\/p><p><span style=\"font-family: var( --e-global-typography-text-font-family ), Sans-serif;font-weight: var( --e-global-typography-text-font-weight );font-size: var(--bs-body-font-size);text-align: var(--bs-body-text-align)\">\u00a0<\/span><\/p>\t\t\t\t\t\t\t\t<\/div>\n\t\t\t\t<\/div>\n\t\t\t\t\t<\/div>\n\t\t<\/div>\n\t\t\t\t\t<\/div>\n\t\t<\/section>\n\t\t\t\t<section class=\"elementor-section elementor-top-section elementor-element elementor-element-2afab86 elementor-section-boxed elementor-section-height-default elementor-section-height-default\" data-id=\"2afab86\" data-element_type=\"section\">\n\t\t\t\t\t\t<div class=\"elementor-container elementor-column-gap-default\">\n\t\t\t\t\t<div class=\"elementor-column elementor-col-100 elementor-top-column elementor-element elementor-element-d8bbc90\" data-id=\"d8bbc90\" data-element_type=\"column\">\n\t\t\t<div class=\"elementor-widget-wrap elementor-element-populated\">\n\t\t\t\t\t\t<div class=\"elementor-element elementor-element-c7a5a00 elementor-widget elementor-widget-heading\" data-id=\"c7a5a00\" data-element_type=\"widget\" data-widget_type=\"heading.default\">\n\t\t\t\t<div class=\"elementor-widget-container\">\n\t\t\t\t\t<h2 class=\"elementor-heading-title elementor-size-default\">Altavoz<\/h2>\t\t\t\t<\/div>\n\t\t\t\t<\/div>\n\t\t\t\t\t<\/div>\n\t\t<\/div>\n\t\t\t\t\t<\/div>\n\t\t<\/section>\n\t\t\t\t<section class=\"elementor-section elementor-top-section elementor-element elementor-element-35ee8f2 elementor-section-boxed elementor-section-height-default elementor-section-height-default\" data-id=\"35ee8f2\" data-element_type=\"section\">\n\t\t\t\t\t\t<div class=\"elementor-container elementor-column-gap-default\">\n\t\t\t\t\t<div class=\"elementor-column elementor-col-16 elementor-top-column elementor-element elementor-element-51c5cbb\" data-id=\"51c5cbb\" data-element_type=\"column\">\n\t\t\t<div class=\"elementor-widget-wrap\">\n\t\t\t\t\t\t\t<\/div>\n\t\t<\/div>\n\t\t\t\t<div class=\"elementor-column elementor-col-66 elementor-top-column elementor-element elementor-element-29cd0cf\" data-id=\"29cd0cf\" data-element_type=\"column\">\n\t\t\t<div class=\"elementor-widget-wrap elementor-element-populated\">\n\t\t\t\t\t\t<div class=\"elementor-element elementor-element-1b3d9c9 elementor-widget elementor-widget-image\" data-id=\"1b3d9c9\" data-element_type=\"widget\" data-widget_type=\"image.default\">\n\t\t\t\t<div class=\"elementor-widget-container\">\n\t\t\t\t\t\t\t\t\t\t\t\t\t\t\t<img decoding=\"async\" width=\"800\" height=\"411\" src=\"https:\/\/cursosonline.cbr.org.br\/wp-content\/uploads\/2025\/04\/Linkedin_PresencaConfirmada_WebinarPadi_RenatoDimenstein-1024x526.jpg\" class=\"attachment-large size-large wp-image-19031\" alt=\"\" srcset=\"https:\/\/cursosonline.cbr.org.br\/wp-content\/uploads\/2025\/04\/Linkedin_PresencaConfirmada_WebinarPadi_RenatoDimenstein-1024x526.jpg 1024w, https:\/\/cursosonline.cbr.org.br\/wp-content\/uploads\/2025\/04\/Linkedin_PresencaConfirmada_WebinarPadi_RenatoDimenstein-300x154.jpg 300w, https:\/\/cursosonline.cbr.org.br\/wp-content\/uploads\/2025\/04\/Linkedin_PresencaConfirmada_WebinarPadi_RenatoDimenstein-768x395.jpg 768w, https:\/\/cursosonline.cbr.org.br\/wp-content\/uploads\/2025\/04\/Linkedin_PresencaConfirmada_WebinarPadi_RenatoDimenstein-18x9.jpg 18w, https:\/\/cursosonline.cbr.org.br\/wp-content\/uploads\/2025\/04\/Linkedin_PresencaConfirmada_WebinarPadi_RenatoDimenstein-600x308.jpg 600w, https:\/\/cursosonline.cbr.org.br\/wp-content\/uploads\/2025\/04\/Linkedin_PresencaConfirmada_WebinarPadi_RenatoDimenstein.jpg 1220w\" sizes=\"(max-width: 800px) 100vw, 800px\" \/>\t\t\t\t\t\t\t\t\t\t\t\t\t\t\t<\/div>\n\t\t\t\t<\/div>\n\t\t\t\t\t<\/div>\n\t\t<\/div>\n\t\t\t\t<div class=\"elementor-column elementor-col-16 elementor-top-column elementor-element elementor-element-4e5ea05\" data-id=\"4e5ea05\" data-element_type=\"column\">\n\t\t\t<div class=\"elementor-widget-wrap\">\n\t\t\t\t\t\t\t<\/div>\n\t\t<\/div>\n\t\t\t\t\t<\/div>\n\t\t<\/section>\n\t\t\t\t<section class=\"elementor-section elementor-top-section elementor-element elementor-element-63ace1e2 elementor-section-boxed elementor-section-height-default elementor-section-height-default\" data-id=\"63ace1e2\" data-element_type=\"section\">\n\t\t\t\t\t\t<div class=\"elementor-container elementor-column-gap-default\">\n\t\t\t\t\t<div class=\"elementor-column elementor-col-33 elementor-top-column elementor-element elementor-element-60f87715\" data-id=\"60f87715\" data-element_type=\"column\">\n\t\t\t<div class=\"elementor-widget-wrap\">\n\t\t\t\t\t\t\t<\/div>\n\t\t<\/div>\n\t\t\t\t<div class=\"elementor-column elementor-col-33 elementor-top-column elementor-element elementor-element-362bc762\" data-id=\"362bc762\" data-element_type=\"column\">\n\t\t\t<div class=\"elementor-widget-wrap elementor-element-populated\">\n\t\t\t\t\t\t<div class=\"elementor-element elementor-element-7a3779c9 elementor-widget__width-initial elementor-widget elementor-widget-image\" data-id=\"7a3779c9\" data-element_type=\"widget\" data-widget_type=\"image.default\">\n\t\t\t\t<div class=\"elementor-widget-container\">\n\t\t\t\t\t\t\t\t\t\t\t\t\t\t\t\t<a href=\"https:\/\/api.whatsapp.com\/send\/?phone=5511913001416&#038;text=Ol%C3%A1%2C+Estou%20com%20d\u00favidas%20sobre%20o%20%20treinamento%20Webinar%20Padi:%20Indicadores%20em%20Diagn\u00f3stico%20por%20Imagem%20&#038;type=phone_number&#038;app_absent=0\" target=\"_blank\">\n\t\t\t\t\t\t\t<img decoding=\"async\" width=\"300\" height=\"213\" src=\"https:\/\/cursosonline.cbr.org.br\/wp-content\/uploads\/2024\/05\/whatsapp_PNG5-300x213.png\" class=\"attachment-medium size-medium wp-image-7548\" alt=\"\" srcset=\"https:\/\/cursosonline.cbr.org.br\/wp-content\/uploads\/2024\/05\/whatsapp_PNG5-300x213.png 300w, https:\/\/cursosonline.cbr.org.br\/wp-content\/uploads\/2024\/05\/whatsapp_PNG5-1024x727.png 1024w, https:\/\/cursosonline.cbr.org.br\/wp-content\/uploads\/2024\/05\/whatsapp_PNG5-768x545.png 768w, https:\/\/cursosonline.cbr.org.br\/wp-content\/uploads\/2024\/05\/whatsapp_PNG5-1536x1091.png 1536w, https:\/\/cursosonline.cbr.org.br\/wp-content\/uploads\/2024\/05\/whatsapp_PNG5-600x426.png 600w, https:\/\/cursosonline.cbr.org.br\/wp-content\/uploads\/2024\/05\/whatsapp_PNG5.png 1600w\" sizes=\"(max-width: 300px) 100vw, 300px\" \/>\t\t\t\t\t\t\t\t<\/a>\n\t\t\t\t\t\t\t\t\t\t\t\t\t\t\t<\/div>\n\t\t\t\t<\/div>\n\t\t\t\t\t<\/div>\n\t\t<\/div>\n\t\t\t\t<div class=\"elementor-column elementor-col-33 elementor-top-column elementor-element elementor-element-48e6e1fe\" data-id=\"48e6e1fe\" data-element_type=\"column\">\n\t\t\t<div class=\"elementor-widget-wrap\">\n\t\t\t\t\t\t\t<\/div>\n\t\t<\/div>\n\t\t\t\t\t<\/div>\n\t\t<\/section>\n\t\t\t\t<section class=\"elementor-section elementor-top-section elementor-element elementor-element-5770bf4c elementor-section-boxed elementor-section-height-default elementor-section-height-default\" data-id=\"5770bf4c\" data-element_type=\"section\">\n\t\t\t\t\t\t<div class=\"elementor-container elementor-column-gap-default\">\n\t\t\t\t\t<div class=\"elementor-column elementor-col-25 elementor-top-column elementor-element elementor-element-4ccfdd00\" data-id=\"4ccfdd00\" data-element_type=\"column\">\n\t\t\t<div class=\"elementor-widget-wrap\">\n\t\t\t\t\t\t\t<\/div>\n\t\t<\/div>\n\t\t\t\t<div class=\"elementor-column elementor-col-50 elementor-top-column elementor-element elementor-element-20a47362\" data-id=\"20a47362\" data-element_type=\"column\">\n\t\t\t<div class=\"elementor-widget-wrap elementor-element-populated\">\n\t\t\t\t\t\t<div class=\"elementor-element elementor-element-64243a53 elementor-widget elementor-widget-text-editor\" data-id=\"64243a53\" data-element_type=\"widget\" data-widget_type=\"text-editor.default\">\n\t\t\t\t<div class=\"elementor-widget-container\">\n\t\t\t\t\t\t\t\t\t<p style=\"text-align: center\"><strong>\u00bfDificultades para acceder a la formaci\u00f3n?<\/strong><\/p>\t\t\t\t\t\t\t\t<\/div>\n\t\t\t\t<\/div>\n\t\t\t\t\t<\/div>\n\t\t<\/div>\n\t\t\t\t<div class=\"elementor-column elementor-col-25 elementor-top-column elementor-element elementor-element-2fbe6069\" data-id=\"2fbe6069\" data-element_type=\"column\">\n\t\t\t<div class=\"elementor-widget-wrap\">\n\t\t\t\t\t\t\t<\/div>\n\t\t<\/div>\n\t\t\t\t\t<\/div>\n\t\t<\/section>\n\t\t\t\t<section class=\"elementor-section elementor-top-section elementor-element elementor-element-7354458 elementor-section-boxed elementor-section-height-default elementor-section-height-default\" data-id=\"7354458\" data-element_type=\"section\">\n\t\t\t\t\t\t<div class=\"elementor-container elementor-column-gap-default\">\n\t\t\t\t\t<div class=\"elementor-column elementor-col-100 elementor-top-column elementor-element elementor-element-47389cc\" data-id=\"47389cc\" data-element_type=\"column\">\n\t\t\t<div class=\"elementor-widget-wrap elementor-element-populated\">\n\t\t\t\t\t\t<div class=\"elementor-element elementor-element-f38790f elementor-widget elementor-widget-text-editor\" data-id=\"f38790f\" data-element_type=\"widget\" data-widget_type=\"text-editor.default\">\n\t\t\t\t<div class=\"elementor-widget-container\">\n\t\t\t\t\t\t\t\t\t<p><span style=\"color: #808080\"><em>Certificado a cambio de una tasa administrativa.<\/em><\/span><\/p>\t\t\t\t\t\t\t\t<\/div>\n\t\t\t\t<\/div>\n\t\t\t\t\t<\/div>\n\t\t<\/div>\n\t\t\t\t\t<\/div>\n\t\t<\/section>\n\t\t\t\t<section class=\"elementor-section elementor-top-section elementor-element elementor-element-e08000f elementor-section-boxed elementor-section-height-default elementor-section-height-default\" data-id=\"e08000f\" data-element_type=\"section\">\n\t\t\t\t\t\t<div class=\"elementor-container elementor-column-gap-default\">\n\t\t\t\t\t<div class=\"elementor-column elementor-col-100 elementor-top-column elementor-element elementor-element-61dcd19\" data-id=\"61dcd19\" data-element_type=\"column\">\n\t\t\t<div class=\"elementor-widget-wrap\">\n\t\t\t\t\t\t\t<\/div>\n\t\t<\/div>\n\t\t\t\t\t<\/div>\n\t\t<\/section>\n\t\t\t\t<section class=\"elementor-section elementor-top-section elementor-element elementor-element-2b7c846 elementor-section-boxed elementor-section-height-default elementor-section-height-default\" data-id=\"2b7c846\" data-element_type=\"section\">\n\t\t\t\t\t\t<div class=\"elementor-container elementor-column-gap-default\">\n\t\t\t\t\t<div class=\"elementor-column elementor-col-100 elementor-top-column elementor-element elementor-element-35668fd\" data-id=\"35668fd\" data-element_type=\"column\">\n\t\t\t<div class=\"elementor-widget-wrap\">\n\t\t\t\t\t\t\t<\/div>\n\t\t<\/div>\n\t\t\t\t\t<\/div>\n\t\t<\/section>\n\t\t\t\t<\/div>","protected":false},"excerpt":{"rendered":"<p style=\"text-align: center;\"><strong>INFORMACI\u00d3N GENERAL<\/strong><br \/>\n<strong>Carga de trabajo: 1 hora<\/strong><br \/>\n<strong>Webinar en directo | Online<\/strong><br \/>\n<strong>30 de abril a las 19:30 (hora de Brasilia)<\/strong><\/p>\n<div class=\"flex-shrink-0 flex flex-col relative items-end\">\n<div class=\"pt-0\">\n<div class=\"gizmo-bot-avatar flex h-8 w-8 items-center justify-center overflow-hidden rounded-full\">\n<div class=\"relative p-1 rounded-sm flex items-center justify-center bg-token-main-surface-primary text-token-text-primary h-8 w-8\" style=\"text-align: center;\">El seminario web PADI <strong data-start=\"58\" data-end=\"151\">- Certificaci\u00f3n y control de calidad en el diagn\u00f3stico por imagen: de la regulaci\u00f3n a la excelencia, <\/strong>t<span style=\"font-family: inherit;\">El objetivo es asociar los procesos de certificaci\u00f3n de calidad de los equipos de diagn\u00f3stico por imagen a la legislaci\u00f3n sanitaria vigente. Basado en el marco regulatorio de ANVISA, se discutir\u00e1n los procesos de certificaci\u00f3n de excelencia de PADI. La presentaci\u00f3n virtual est\u00e1 dirigida a radi\u00f3grafos, auditores de calidad, f\u00edsicos y otros profesionales. <\/span><span style=\"font-family: inherit;\">profesionales m\u00e9dicos, biom\u00e9dicos, tecn\u00f3logos, profesionales de enfermer\u00eda y trabajadores sanitarios.<\/span><\/div>\n<\/div>\n<\/div>\n<\/div>\n<p>&nbsp;<\/p>","protected":false},"featured_media":19772,"template":"","meta":[],"product_brand":[],"product_cat":[17,29],"product_tag":[],"class_list":{"0":"post-18608","1":"product","2":"type-product","3":"status-publish","4":"has-post-thumbnail","6":"product_cat-cbr-clinicas","7":"product_cat-webinars","9":"first","10":"instock","11":"virtual","12":"purchasable","13":"product-type-simple"},"_links":{"self":[{"href":"https:\/\/cursosonline.cbr.org.br\/es\/wp-json\/wp\/v2\/product\/18608","targetHints":{"allow":["GET"]}}],"collection":[{"href":"https:\/\/cursosonline.cbr.org.br\/es\/wp-json\/wp\/v2\/product"}],"about":[{"href":"https:\/\/cursosonline.cbr.org.br\/es\/wp-json\/wp\/v2\/types\/product"}],"version-history":[{"count":19,"href":"https:\/\/cursosonline.cbr.org.br\/es\/wp-json\/wp\/v2\/product\/18608\/revisions"}],"predecessor-version":[{"id":33313,"href":"https:\/\/cursosonline.cbr.org.br\/es\/wp-json\/wp\/v2\/product\/18608\/revisions\/33313"}],"wp:featuredmedia":[{"embeddable":true,"href":"https:\/\/cursosonline.cbr.org.br\/es\/wp-json\/wp\/v2\/media\/19772"}],"wp:attachment":[{"href":"https:\/\/cursosonline.cbr.org.br\/es\/wp-json\/wp\/v2\/media?parent=18608"}],"wp:term":[{"taxonomy":"product_brand","embeddable":true,"href":"https:\/\/cursosonline.cbr.org.br\/es\/wp-json\/wp\/v2\/product_brand?post=18608"},{"taxonomy":"product_cat","embeddable":true,"href":"https:\/\/cursosonline.cbr.org.br\/es\/wp-json\/wp\/v2\/product_cat?post=18608"},{"taxonomy":"product_tag","embeddable":true,"href":"https:\/\/cursosonline.cbr.org.br\/es\/wp-json\/wp\/v2\/product_tag?post=18608"}],"curies":[{"name":"gracias","href":"https:\/\/api.w.org\/{rel}","templated":true}]}}