{"id":18813,"date":"2025-04-07T15:58:04","date_gmt":"2025-04-07T18:58:04","guid":{"rendered":"https:\/\/cursosonline.cbr.org.br\/?post_type=product&#038;p=18813"},"modified":"2026-03-10T12:58:47","modified_gmt":"2026-03-10T15:58:47","slug":"atualiza25-cabeca-e-pescoco-orbitas","status":"publish","type":"product","link":"https:\/\/cursosonline.cbr.org.br\/es\/curso\/atualiza25-cabeca-e-pescoco-orbitas\/","title":{"rendered":"Atualiza25 | Cabeza y Cuello \u2013 \u00d3rbitas"},"content":{"rendered":"<div data-elementor-type=\"product-post\" data-elementor-id=\"18813\" class=\"elementor elementor-18813\" data-elementor-post-type=\"product\">\n\t\t\t\t\t\t<section class=\"elementor-section elementor-top-section elementor-element elementor-element-53c0ebc elementor-section-boxed elementor-section-height-default elementor-section-height-default\" data-id=\"53c0ebc\" data-element_type=\"section\">\n\t\t\t\t\t\t<div class=\"elementor-container elementor-column-gap-default\">\n\t\t\t\t\t<div class=\"elementor-column elementor-col-100 elementor-top-column elementor-element elementor-element-35524ac\" data-id=\"35524ac\" data-element_type=\"column\">\n\t\t\t<div class=\"elementor-widget-wrap elementor-element-populated\">\n\t\t\t\t\t\t<div class=\"elementor-element elementor-element-98c154f elementor-widget elementor-widget-text-editor\" data-id=\"98c154f\" data-element_type=\"widget\" data-widget_type=\"text-editor.default\">\n\t\t\t\t<div class=\"elementor-widget-container\">\n\t\t\t\t\t\t\t\t\t<table border=\"0\"><tbody><tr><td><p>Bienvenido al curso<strong>\u00a0Cabeza y cuello \u2013 \u00d3rbitas<\/strong>\u00a0de\u00a0<strong>Atualiza 25!\u00a0<\/strong><\/p><\/td><\/tr><tr><td><p><strong>Objetivos de aprendizaje:<\/strong>\u00a0<\/p><p>El curso \u00d3rbitas cubrir\u00e1 temas relevantes para la pr\u00e1ctica diaria de los radi\u00f3logos, incluidos: anatom\u00eda, protocolos de examen y condiciones cong\u00e9nitas, traum\u00e1ticas, inflamatorias y tumorales, as\u00ed como cambios posteriores al tratamiento.<\/p><\/td><\/tr><tr><td><p><strong>Programa del curso:\u00a0<\/strong><\/p><p>El curso es una excelente oportunidad para repasar los temas m\u00e1s importantes relacionados con las \u00f3rbitas, con profesores experimentados de varios estados brasile\u00f1os. El curso aborda el papel de la radiolog\u00eda en la evaluaci\u00f3n de la estadificaci\u00f3n locorregional de las neoplasias de es\u00f3fago, est\u00f3mago y canal anal, con \u00e9nfasis en los m\u00e9todos seccionales. Incluye clases individuales para cada neoplasia, que describen c\u00f3mo se debe realizar la estadificaci\u00f3n y la evaluaci\u00f3n de la respuesta al tratamiento.<\/p><\/td><\/tr><\/tbody><\/table><p>\u00a0<\/p>\t\t\t\t\t\t\t\t<\/div>\n\t\t\t\t<\/div>\n\t\t\t\t<div class=\"elementor-element elementor-element-ba0827e elementor-arrows-position-inside elementor-pagination-position-outside elementor-widget elementor-widget-image-carousel\" data-id=\"ba0827e\" data-element_type=\"widget\" data-settings=\"{&quot;slides_to_show&quot;:&quot;2&quot;,&quot;navigation&quot;:&quot;both&quot;,&quot;autoplay&quot;:&quot;yes&quot;,&quot;pause_on_hover&quot;:&quot;yes&quot;,&quot;pause_on_interaction&quot;:&quot;yes&quot;,&quot;autoplay_speed&quot;:5000,&quot;infinite&quot;:&quot;yes&quot;,&quot;speed&quot;:500}\" data-widget_type=\"image-carousel.default\">\n\t\t\t\t<div class=\"elementor-widget-container\">\n\t\t\t\t\t\t\t<div class=\"elementor-image-carousel-wrapper swiper\" role=\"region\" aria-roledescription=\"carousel\" aria-label=\"Carrusel de im\u00e1genes\" dir=\"ltr\">\n\t\t\t<div class=\"elementor-image-carousel swiper-wrapper\" aria-live=\"off\">\n\t\t\t\t\t\t\t\t<div class=\"swiper-slide\" role=\"group\" aria-roledescription=\"slide\" aria-label=\"1 de 3\"><figure class=\"swiper-slide-inner\"><img decoding=\"async\" class=\"swiper-slide-image\" src=\"https:\/\/cursosonline.cbr.org.br\/wp-content\/uploads\/2025\/04\/post-Atualiza25_cursos_Cabeca-e-Pescoco_1-600x600.jpg\" alt=\"post Atualiza25_cursos_Cabe\u00e7a e Pesco\u00e7o_1\" \/><\/figure><\/div><div class=\"swiper-slide\" role=\"group\" aria-roledescription=\"slide\" aria-label=\"2 de 3\"><figure class=\"swiper-slide-inner\"><img decoding=\"async\" class=\"swiper-slide-image\" src=\"https:\/\/cursosonline.cbr.org.br\/wp-content\/uploads\/2025\/04\/post-Atualiza25_cursos_Cabeca-e-Pescoco_2-600x600.jpg\" alt=\"post Atualiza25_cursos_Cabe\u00e7a e Pesco\u00e7o_2\" \/><\/figure><\/div><div class=\"swiper-slide\" role=\"group\" aria-roledescription=\"slide\" aria-label=\"3 de 3\"><figure class=\"swiper-slide-inner\"><img decoding=\"async\" class=\"swiper-slide-image\" src=\"https:\/\/cursosonline.cbr.org.br\/wp-content\/uploads\/2025\/04\/post-Atualiza25_cursos_Cabeca-e-Pescoco_3-600x600.jpg\" alt=\"post Atualiza25_cursos_Cabe\u00e7a e Pesco\u00e7o_3\" \/><\/figure><\/div>\t\t\t<\/div>\n\t\t\t\t\t\t\t\t\t\t\t\t<div class=\"elementor-swiper-button elementor-swiper-button-prev\" role=\"button\" tabindex=\"0\">\n\t\t\t\t\t\t<i aria-hidden=\"true\" class=\"eicon-chevron-left\"><\/i>\t\t\t\t\t<\/div>\n\t\t\t\t\t<div class=\"elementor-swiper-button elementor-swiper-button-next\" role=\"button\" tabindex=\"0\">\n\t\t\t\t\t\t<i aria-hidden=\"true\" class=\"eicon-chevron-right\"><\/i>\t\t\t\t\t<\/div>\n\t\t\t\t\n\t\t\t\t\t\t\t\t\t<div class=\"swiper-pagination\"><\/div>\n\t\t\t\t\t\t\t\t\t<\/div>\n\t\t\t\t\t\t<\/div>\n\t\t\t\t<\/div>\n\t\t\t\t\t<\/div>\n\t\t<\/div>\n\t\t\t\t\t<\/div>\n\t\t<\/section>\n\t\t\t\t<section class=\"elementor-section elementor-top-section elementor-element elementor-element-7ae9d771 elementor-section-boxed elementor-section-height-default elementor-section-height-default\" data-id=\"7ae9d771\" data-element_type=\"section\">\n\t\t\t\t\t\t<div class=\"elementor-container elementor-column-gap-default\">\n\t\t\t\t\t<div class=\"elementor-column elementor-col-33 elementor-top-column elementor-element elementor-element-1f0e522e\" data-id=\"1f0e522e\" data-element_type=\"column\">\n\t\t\t<div class=\"elementor-widget-wrap\">\n\t\t\t\t\t\t\t<\/div>\n\t\t<\/div>\n\t\t\t\t<div class=\"elementor-column elementor-col-33 elementor-top-column elementor-element elementor-element-58866b90\" data-id=\"58866b90\" data-element_type=\"column\">\n\t\t\t<div class=\"elementor-widget-wrap elementor-element-populated\">\n\t\t\t\t\t\t<div class=\"elementor-element elementor-element-17d58160 elementor-widget__width-initial elementor-widget elementor-widget-image\" data-id=\"17d58160\" data-element_type=\"widget\" data-widget_type=\"image.default\">\n\t\t\t\t<div class=\"elementor-widget-container\">\n\t\t\t\t\t\t\t\t\t\t\t\t\t\t\t\t<a href=\"https:\/\/api.whatsapp.com\/send\/?phone=5511978559677&#038;text=Ol%C3%A1%2C+Estou%20com%20d\u00favidas%20sobre%20o%20%20treinamento%20Atualiza24%20|%20Musculoesquel\u00e9tico%20\u2013%20Emerg\u00eancias%20em%20MSK%20&#038;type=phone_number&#038;app_absent=0\" target=\"_blank\">\n\t\t\t\t\t\t\t<img fetchpriority=\"high\" decoding=\"async\" width=\"300\" height=\"213\" src=\"https:\/\/cursosonline.cbr.org.br\/wp-content\/uploads\/2024\/05\/whatsapp_PNG5-300x213.png\" class=\"attachment-medium size-medium wp-image-7548\" alt=\"\" srcset=\"https:\/\/cursosonline.cbr.org.br\/wp-content\/uploads\/2024\/05\/whatsapp_PNG5-300x213.png 300w, https:\/\/cursosonline.cbr.org.br\/wp-content\/uploads\/2024\/05\/whatsapp_PNG5-1024x727.png 1024w, https:\/\/cursosonline.cbr.org.br\/wp-content\/uploads\/2024\/05\/whatsapp_PNG5-768x545.png 768w, https:\/\/cursosonline.cbr.org.br\/wp-content\/uploads\/2024\/05\/whatsapp_PNG5-1536x1091.png 1536w, https:\/\/cursosonline.cbr.org.br\/wp-content\/uploads\/2024\/05\/whatsapp_PNG5-600x426.png 600w, https:\/\/cursosonline.cbr.org.br\/wp-content\/uploads\/2024\/05\/whatsapp_PNG5.png 1600w\" sizes=\"(max-width: 300px) 100vw, 300px\" \/>\t\t\t\t\t\t\t\t<\/a>\n\t\t\t\t\t\t\t\t\t\t\t\t\t\t\t<\/div>\n\t\t\t\t<\/div>\n\t\t\t\t\t<\/div>\n\t\t<\/div>\n\t\t\t\t<div class=\"elementor-column elementor-col-33 elementor-top-column elementor-element elementor-element-4740232\" data-id=\"4740232\" data-element_type=\"column\">\n\t\t\t<div class=\"elementor-widget-wrap\">\n\t\t\t\t\t\t\t<\/div>\n\t\t<\/div>\n\t\t\t\t\t<\/div>\n\t\t<\/section>\n\t\t\t\t<section class=\"elementor-section elementor-top-section elementor-element elementor-element-5e9d12ad elementor-section-boxed elementor-section-height-default elementor-section-height-default\" data-id=\"5e9d12ad\" data-element_type=\"section\">\n\t\t\t\t\t\t<div class=\"elementor-container elementor-column-gap-default\">\n\t\t\t\t\t<div class=\"elementor-column elementor-col-25 elementor-top-column elementor-element elementor-element-51592aa\" data-id=\"51592aa\" data-element_type=\"column\">\n\t\t\t<div class=\"elementor-widget-wrap\">\n\t\t\t\t\t\t\t<\/div>\n\t\t<\/div>\n\t\t\t\t<div class=\"elementor-column elementor-col-50 elementor-top-column elementor-element elementor-element-466a2d1c\" data-id=\"466a2d1c\" data-element_type=\"column\">\n\t\t\t<div class=\"elementor-widget-wrap elementor-element-populated\">\n\t\t\t\t\t\t<div class=\"elementor-element elementor-element-7998dd91 elementor-widget elementor-widget-text-editor\" data-id=\"7998dd91\" data-element_type=\"widget\" data-widget_type=\"text-editor.default\">\n\t\t\t\t<div class=\"elementor-widget-container\">\n\t\t\t\t\t\t\t\t\t<p style=\"text-align: center\"><strong>\u00bfDificultades para acceder a la formaci\u00f3n?<\/strong><\/p>\t\t\t\t\t\t\t\t<\/div>\n\t\t\t\t<\/div>\n\t\t\t\t\t<\/div>\n\t\t<\/div>\n\t\t\t\t<div class=\"elementor-column elementor-col-25 elementor-top-column elementor-element elementor-element-2b2245\" data-id=\"2b2245\" data-element_type=\"column\">\n\t\t\t<div class=\"elementor-widget-wrap\">\n\t\t\t\t\t\t\t<\/div>\n\t\t<\/div>\n\t\t\t\t\t<\/div>\n\t\t<\/section>\n\t\t\t\t<\/div>","protected":false},"excerpt":{"rendered":"<p>Del 21 al 23 de marzo se llev\u00f3 a cabo el Atualiza25 \u2013 Circuito Nacional de Radiolog\u00eda, \u00a1EL EVENTO DE ACTUALIZACI\u00d3N PROFESIONAL ONLINE PR\u00c1CTICO M\u00c1S GRANDE DEL MUNDO!<br \/>\nEl evento, realizado en l\u00ednea como 100%, tuvo como objetivo promover la formaci\u00f3n te\u00f3rica y pr\u00e1ctica para profesionales de radiolog\u00eda. Atualiza25 reuni\u00f3 a sociedades estatales de radiolog\u00eda de todo Brasil y, por primera vez, a representantes de reconocidas sociedades internacionales de radiolog\u00eda, ofreciendo numerosas actividades para radi\u00f3logos y residentes.<\/p>","protected":false},"featured_media":18814,"template":"","meta":[],"product_brand":[],"product_cat":[101,18,38],"product_tag":[],"class_list":{"0":"post-18813","1":"product","2":"type-product","3":"status-publish","4":"has-post-thumbnail","6":"product_cat-atualiza25","7":"product_cat-cbr-educa","8":"product_cat-atualiza","10":"first","11":"instock","12":"virtual","13":"sold-individually","14":"taxable","15":"purchasable","16":"product-type-simple"},"_links":{"self":[{"href":"https:\/\/cursosonline.cbr.org.br\/es\/wp-json\/wp\/v2\/product\/18813","targetHints":{"allow":["GET"]}}],"collection":[{"href":"https:\/\/cursosonline.cbr.org.br\/es\/wp-json\/wp\/v2\/product"}],"about":[{"href":"https:\/\/cursosonline.cbr.org.br\/es\/wp-json\/wp\/v2\/types\/product"}],"version-history":[{"count":6,"href":"https:\/\/cursosonline.cbr.org.br\/es\/wp-json\/wp\/v2\/product\/18813\/revisions"}],"predecessor-version":[{"id":32976,"href":"https:\/\/cursosonline.cbr.org.br\/es\/wp-json\/wp\/v2\/product\/18813\/revisions\/32976"}],"wp:featuredmedia":[{"embeddable":true,"href":"https:\/\/cursosonline.cbr.org.br\/es\/wp-json\/wp\/v2\/media\/18814"}],"wp:attachment":[{"href":"https:\/\/cursosonline.cbr.org.br\/es\/wp-json\/wp\/v2\/media?parent=18813"}],"wp:term":[{"taxonomy":"product_brand","embeddable":true,"href":"https:\/\/cursosonline.cbr.org.br\/es\/wp-json\/wp\/v2\/product_brand?post=18813"},{"taxonomy":"product_cat","embeddable":true,"href":"https:\/\/cursosonline.cbr.org.br\/es\/wp-json\/wp\/v2\/product_cat?post=18813"},{"taxonomy":"product_tag","embeddable":true,"href":"https:\/\/cursosonline.cbr.org.br\/es\/wp-json\/wp\/v2\/product_tag?post=18813"}],"curies":[{"name":"gracias","href":"https:\/\/api.w.org\/{rel}","templated":true}]}}