{"id":227,"date":"2023-08-31T11:57:29","date_gmt":"2023-08-31T14:57:29","guid":{"rendered":"https:\/\/cursosonline.cbr.org.br\/?post_type=product&#038;p=227"},"modified":"2026-03-12T10:40:32","modified_gmt":"2026-03-12T13:40:32","slug":"atualiza23-abertura-oficial-do-evento-e-maratona-de-casos","status":"publish","type":"product","link":"https:\/\/cursosonline.cbr.org.br\/es\/curso\/atualiza23-abertura-oficial-do-evento-e-maratona-de-casos\/","title":{"rendered":"Actualizaci\u00f3n23- Inauguraci\u00f3n oficial del evento y marat\u00f3n de casos"},"content":{"rendered":"<div data-elementor-type=\"product-post\" data-elementor-id=\"227\" class=\"elementor elementor-227\" data-elementor-post-type=\"product\">\n\t\t\t\t\t\t<section class=\"elementor-section elementor-top-section elementor-element elementor-element-6bd9fe9 elementor-section-boxed elementor-section-height-default elementor-section-height-default\" data-id=\"6bd9fe9\" data-element_type=\"section\">\n\t\t\t\t\t\t<div class=\"elementor-container elementor-column-gap-default\">\n\t\t\t\t\t<div class=\"elementor-column elementor-col-100 elementor-top-column elementor-element elementor-element-236d9384\" data-id=\"236d9384\" data-element_type=\"column\">\n\t\t\t<div class=\"elementor-widget-wrap elementor-element-populated\">\n\t\t\t\t\t\t<div class=\"elementor-element elementor-element-3150b260 elementor-widget elementor-widget-text-editor\" data-id=\"3150b260\" data-element_type=\"widget\" data-widget_type=\"text-editor.default\">\n\t\t\t\t<div class=\"elementor-widget-container\">\n\t\t\t\t\t\t\t\t\t<table class=\"aligncenter\" border=\"0\">\n<tbody>\n<tr>\n<td>\n<p>Entre los d\u00edas&nbsp;<strong>Del 31 de marzo al 2 de abril&nbsp;<\/strong>el&nbsp;<strong>Atualiza23 - Circuito Nacional de Radiolog\u00eda Brasile\u00f1a<\/strong>. El acto tuvo lugar en el formato&nbsp;<strong>100% en l\u00ednea<\/strong>&nbsp;con el objetivo de proporcionar una actualizaci\u00f3n te\u00f3rica y pr\u00e1ctica a los profesionales del sector. EL Atualiza23&nbsp;<strong>reuni\u00f3 a sociedades estatales de todo Brasil<\/strong>&nbsp;y, de forma in\u00e9dita, representantes de renombradas sociedades internacionales de radiolog\u00eda, ofreciendo numerosas actividades dirigidas a radi\u00f3logos y residentes. Entre ellas&nbsp;<strong>Cursos pr\u00e1cticos<\/strong>por grandes nombres de la especialidad.<\/p>\n<p><\/p>\n<\/td>\n<\/tr>\n<\/tbody>\n<\/table>\n<p><img decoding=\"async\" class=\"alignnone size-full wp-image-1383 aligncenter\" src=\"https:\/\/cursosonline.cbr.org.br\/wp-content\/uploads\/2023\/10\/Screenshot_58.png\" alt=\"\" width=\"679\" height=\"50\" srcset=\"https:\/\/cursosonline.cbr.org.br\/wp-content\/uploads\/2023\/10\/Screenshot_58.png 679w, https:\/\/cursosonline.cbr.org.br\/wp-content\/uploads\/2023\/10\/Screenshot_58-300x22.png 300w, https:\/\/cursosonline.cbr.org.br\/wp-content\/uploads\/2023\/10\/Screenshot_58-600x44.png 600w\" sizes=\"(max-width: 679px) 100vw, 679px\" \/><\/p>\n<p><img decoding=\"async\" class=\"alignnone size-large wp-image-1382 aligncenter\" src=\"https:\/\/cursosonline.cbr.org.br\/wp-content\/uploads\/2023\/10\/Screenshot_22-5.png\" alt=\"\" width=\"761\" height=\"18\" srcset=\"https:\/\/cursosonline.cbr.org.br\/wp-content\/uploads\/2023\/10\/Screenshot_22-5.png 761w, https:\/\/cursosonline.cbr.org.br\/wp-content\/uploads\/2023\/10\/Screenshot_22-5-300x7.png 300w, https:\/\/cursosonline.cbr.org.br\/wp-content\/uploads\/2023\/10\/Screenshot_22-5-600x14.png 600w\" sizes=\"(max-width: 761px) 100vw, 761px\" \/><\/p>\n<p><img decoding=\"async\" class=\"size-full wp-image-1384 aligncenter\" src=\"https:\/\/cursosonline.cbr.org.br\/wp-content\/uploads\/2023\/10\/Screenshot_75-1.png\" alt=\"\" width=\"346\" height=\"40\" srcset=\"https:\/\/cursosonline.cbr.org.br\/wp-content\/uploads\/2023\/10\/Screenshot_75-1.png 346w, https:\/\/cursosonline.cbr.org.br\/wp-content\/uploads\/2023\/10\/Screenshot_75-1-300x35.png 300w\" sizes=\"(max-width: 346px) 100vw, 346px\" \/><\/p>\n<table border=\"0\">\n<tbody>\n<tr>\n<td>\n<p>&nbsp; &nbsp; &nbsp; &nbsp; &nbsp; &nbsp; &nbsp; &nbsp; &nbsp; &nbsp; &nbsp; &nbsp; &nbsp; &nbsp; &nbsp; &nbsp; Una actividad gamificada para la resoluci\u00f3n de grandes casos radiol\u00f3gicos a nivel nacional.<\/p>\n<p>&nbsp; &nbsp; &nbsp; &nbsp; &nbsp; &nbsp; &nbsp; Un reto divertido y educativo para radi\u00f3logos y residentes con una presentaci\u00f3n de los casos m\u00e1s desafiantes.<\/p>\n<\/td>\n<\/tr>\n<\/tbody>\n<\/table>\n<p><img loading=\"lazy\" decoding=\"async\" class=\"size-full wp-image-1385 aligncenter\" src=\"https:\/\/cursosonline.cbr.org.br\/wp-content\/uploads\/2023\/10\/Screenshot_76.png\" alt=\"\" width=\"350\" height=\"41\" srcset=\"https:\/\/cursosonline.cbr.org.br\/wp-content\/uploads\/2023\/10\/Screenshot_76.png 350w, https:\/\/cursosonline.cbr.org.br\/wp-content\/uploads\/2023\/10\/Screenshot_76-300x35.png 300w\" sizes=\"(max-width: 350px) 100vw, 350px\" \/><\/p>\n<table border=\"0\">\n<tbody>\n<tr>\n<td style=\"text-align: center\">&nbsp; &nbsp; &nbsp; &nbsp; &nbsp; &nbsp; &nbsp; &nbsp; &nbsp; &nbsp; &nbsp; &nbsp; &nbsp; &nbsp; &nbsp; &nbsp;Radi\u00f3logos y residentes de radiolog\u00eda y diagn\u00f3stico por imagen de todo el pa\u00eds.<\/td>\n<\/tr>\n<\/tbody>\n<\/table><br>\n<p><img loading=\"lazy\" decoding=\"async\" class=\"alignnone size-full wp-image-1386 aligncenter\" src=\"https:\/\/cursosonline.cbr.org.br\/wp-content\/uploads\/2023\/10\/Screenshot_77.png\" alt=\"\" width=\"562\" height=\"44\" srcset=\"https:\/\/cursosonline.cbr.org.br\/wp-content\/uploads\/2023\/10\/Screenshot_77.png 562w, https:\/\/cursosonline.cbr.org.br\/wp-content\/uploads\/2023\/10\/Screenshot_77-300x23.png 300w\" sizes=\"(max-width: 562px) 100vw, 562px\" \/><\/p>\t\t\t\t\t\t\t\t<\/div>\n\t\t\t\t<\/div>\n\t\t\t\t\t<\/div>\n\t\t<\/div>\n\t\t\t\t\t<\/div>\n\t\t<\/section>\n\t\t\t\t<\/div>","protected":false},"excerpt":{"rendered":"<p>El Atualiza23 - Circuito Nacional de Radiolog\u00eda Brasile\u00f1a se celebr\u00f3 del 31 de marzo al 2 de abril. El evento tuvo lugar en el formato online 100% con el objetivo de promover la actualizaci\u00f3n te\u00f3rica y pr\u00e1ctica de los profesionales del sector. El Atualiza23 reuni\u00f3 sociedades estatales de todo Brasil y, sin precedentes, representantes de renombradas sociedades internacionales de radiolog\u00eda, ofreciendo numerosas actividades dirigidas a radi\u00f3logos y residentes.<\/p>\n<p><strong>GRATIS. <\/strong><\/p>","protected":false},"featured_media":486,"template":"","meta":[],"product_brand":[],"product_cat":[18,85],"product_tag":[],"class_list":{"0":"post-227","1":"product","2":"type-product","3":"status-publish","4":"has-post-thumbnail","6":"product_cat-cbr-educa","7":"product_cat-atualiza23","9":"first","10":"instock","11":"virtual","12":"sold-individually","13":"taxable","14":"purchasable","15":"product-type-simple"},"_links":{"self":[{"href":"https:\/\/cursosonline.cbr.org.br\/es\/wp-json\/wp\/v2\/product\/227","targetHints":{"allow":["GET"]}}],"collection":[{"href":"https:\/\/cursosonline.cbr.org.br\/es\/wp-json\/wp\/v2\/product"}],"about":[{"href":"https:\/\/cursosonline.cbr.org.br\/es\/wp-json\/wp\/v2\/types\/product"}],"version-history":[{"count":15,"href":"https:\/\/cursosonline.cbr.org.br\/es\/wp-json\/wp\/v2\/product\/227\/revisions"}],"predecessor-version":[{"id":33345,"href":"https:\/\/cursosonline.cbr.org.br\/es\/wp-json\/wp\/v2\/product\/227\/revisions\/33345"}],"wp:featuredmedia":[{"embeddable":true,"href":"https:\/\/cursosonline.cbr.org.br\/es\/wp-json\/wp\/v2\/media\/486"}],"wp:attachment":[{"href":"https:\/\/cursosonline.cbr.org.br\/es\/wp-json\/wp\/v2\/media?parent=227"}],"wp:term":[{"taxonomy":"product_brand","embeddable":true,"href":"https:\/\/cursosonline.cbr.org.br\/es\/wp-json\/wp\/v2\/product_brand?post=227"},{"taxonomy":"product_cat","embeddable":true,"href":"https:\/\/cursosonline.cbr.org.br\/es\/wp-json\/wp\/v2\/product_cat?post=227"},{"taxonomy":"product_tag","embeddable":true,"href":"https:\/\/cursosonline.cbr.org.br\/es\/wp-json\/wp\/v2\/product_tag?post=227"}],"curies":[{"name":"gracias","href":"https:\/\/api.w.org\/{rel}","templated":true}]}}