{"id":22784,"date":"2025-07-10T10:05:42","date_gmt":"2025-07-10T13:05:42","guid":{"rendered":"https:\/\/cursosonline.cbr.org.br\/?post_type=product&#038;p=22784"},"modified":"2026-03-12T09:52:43","modified_gmt":"2026-03-12T12:52:43","slug":"webinar-cbr-primovist-na-pratica-clinica-agosto-2025","status":"publish","type":"product","link":"https:\/\/cursosonline.cbr.org.br\/es\/curso\/webinar-cbr-primovist-na-pratica-clinica-agosto-2025\/","title":{"rendered":"Seminario web de CBR+Bayer | Primovist en la pr\u00e1ctica cl\u00ednica: Indicaciones, t\u00e9cnica y optimizaciones | Agosto de 2025"},"content":{"rendered":"<div data-elementor-type=\"product-post\" data-elementor-id=\"22784\" class=\"elementor elementor-22784\" data-elementor-post-type=\"product\">\n\t\t\t\t\t\t<section class=\"elementor-section elementor-top-section elementor-element elementor-element-59d082f1 elementor-section-boxed elementor-section-height-default elementor-section-height-default\" data-id=\"59d082f1\" data-element_type=\"section\">\n\t\t\t\t\t\t<div class=\"elementor-container elementor-column-gap-default\">\n\t\t\t\t\t<div class=\"elementor-column elementor-col-100 elementor-top-column elementor-element elementor-element-1f592be0\" data-id=\"1f592be0\" data-element_type=\"column\">\n\t\t\t<div class=\"elementor-widget-wrap elementor-element-populated\">\n\t\t\t\t\t\t<div class=\"elementor-element elementor-element-68429d0 elementor-widget elementor-widget-text-editor\" data-id=\"68429d0\" data-element_type=\"widget\" data-widget_type=\"text-editor.default\">\n\t\t\t\t<div class=\"elementor-widget-container\">\n\t\t\t\t\t\t\t\t\t<p style=\"text-align: center\">Participe en esta edici\u00f3n de agosto del Webinar CBR, una serie de videoconferencias con reconocidos expertos que abordan temas de inter\u00e9s general en el campo de la radiolog\u00eda. Estos webinars de dos horas se realizan cada cuatro semanas, siempre el \u00faltimo martes de cada mes, de 19:30 a 21:30 (hora de Brasilia). Explore casos relevantes relacionados con el tema del d\u00eda, haga preguntas y disfrute de una interacci\u00f3n enriquecedora, brindando una experiencia de aprendizaje pr\u00e1ctica. El objetivo es ofrecer conocimientos claros y did\u00e1cticos, impartidos por expertos dedicados, que promueven la colaboraci\u00f3n y el perfeccionamiento en radiolog\u00eda. \u00danase a nosotros en una experiencia educativa donde la experiencia de profesionales nacionales e internacionales se combina para promover la formaci\u00f3n y el desarrollo de la radiolog\u00eda en Brasil.<\/p>\t\t\t\t\t\t\t\t<\/div>\n\t\t\t\t<\/div>\n\t\t\t\t\t<\/div>\n\t\t<\/div>\n\t\t\t\t\t<\/div>\n\t\t<\/section>\n\t\t\t\t<section class=\"elementor-section elementor-top-section elementor-element elementor-element-5866f38 elementor-section-boxed elementor-section-height-default elementor-section-height-default\" data-id=\"5866f38\" data-element_type=\"section\">\n\t\t\t\t\t\t<div class=\"elementor-container elementor-column-gap-default\">\n\t\t\t\t\t<div class=\"elementor-column elementor-col-20 elementor-top-column elementor-element elementor-element-a31323a\" data-id=\"a31323a\" data-element_type=\"column\">\n\t\t\t<div class=\"elementor-widget-wrap elementor-element-populated\">\n\t\t\t\t\t\t<div class=\"elementor-element elementor-element-32276ef elementor-widget elementor-widget-image\" data-id=\"32276ef\" data-element_type=\"widget\" data-widget_type=\"image.default\">\n\t\t\t\t<div class=\"elementor-widget-container\">\n\t\t\t\t\t\t\t\t\t\t\t\t\t\t\t<img fetchpriority=\"high\" decoding=\"async\" width=\"800\" height=\"1000\" src=\"https:\/\/cursosonline.cbr.org.br\/wp-content\/uploads\/2025\/07\/Post_WEBINAR-CBR_Primovist-na-pratica-clinica-Indicacoes-Tecnica-e-Otimizacoes_1-1-819x1024.jpg\" class=\"attachment-large size-large wp-image-22882\" alt=\"\" srcset=\"https:\/\/cursosonline.cbr.org.br\/wp-content\/uploads\/2025\/07\/Post_WEBINAR-CBR_Primovist-na-pratica-clinica-Indicacoes-Tecnica-e-Otimizacoes_1-1-819x1024.jpg 819w, https:\/\/cursosonline.cbr.org.br\/wp-content\/uploads\/2025\/07\/Post_WEBINAR-CBR_Primovist-na-pratica-clinica-Indicacoes-Tecnica-e-Otimizacoes_1-1-240x300.jpg 240w, https:\/\/cursosonline.cbr.org.br\/wp-content\/uploads\/2025\/07\/Post_WEBINAR-CBR_Primovist-na-pratica-clinica-Indicacoes-Tecnica-e-Otimizacoes_1-1-768x960.jpg 768w, https:\/\/cursosonline.cbr.org.br\/wp-content\/uploads\/2025\/07\/Post_WEBINAR-CBR_Primovist-na-pratica-clinica-Indicacoes-Tecnica-e-Otimizacoes_1-1-10x12.jpg 10w, https:\/\/cursosonline.cbr.org.br\/wp-content\/uploads\/2025\/07\/Post_WEBINAR-CBR_Primovist-na-pratica-clinica-Indicacoes-Tecnica-e-Otimizacoes_1-1-600x750.jpg 600w, https:\/\/cursosonline.cbr.org.br\/wp-content\/uploads\/2025\/07\/Post_WEBINAR-CBR_Primovist-na-pratica-clinica-Indicacoes-Tecnica-e-Otimizacoes_1-1.jpg 1080w\" sizes=\"(max-width: 800px) 100vw, 800px\" \/>\t\t\t\t\t\t\t\t\t\t\t\t\t\t\t<\/div>\n\t\t\t\t<\/div>\n\t\t\t\t\t<\/div>\n\t\t<\/div>\n\t\t\t\t<div class=\"elementor-column elementor-col-20 elementor-top-column elementor-element elementor-element-fa4d988\" data-id=\"fa4d988\" data-element_type=\"column\">\n\t\t\t<div class=\"elementor-widget-wrap elementor-element-populated\">\n\t\t\t\t\t\t<div class=\"elementor-element elementor-element-c9deeb7 elementor-widget elementor-widget-image\" data-id=\"c9deeb7\" data-element_type=\"widget\" data-widget_type=\"image.default\">\n\t\t\t\t<div class=\"elementor-widget-container\">\n\t\t\t\t\t\t\t\t\t\t\t\t\t\t\t<img decoding=\"async\" width=\"800\" height=\"1000\" src=\"https:\/\/cursosonline.cbr.org.br\/wp-content\/uploads\/2025\/07\/Post_WEBINAR-CBR_Primovist-na-pratica-clinica-Indicacoes-Tecnica-e-Otimizacoes_2-819x1024.jpg\" class=\"attachment-large size-large wp-image-22883\" alt=\"\" srcset=\"https:\/\/cursosonline.cbr.org.br\/wp-content\/uploads\/2025\/07\/Post_WEBINAR-CBR_Primovist-na-pratica-clinica-Indicacoes-Tecnica-e-Otimizacoes_2-819x1024.jpg 819w, https:\/\/cursosonline.cbr.org.br\/wp-content\/uploads\/2025\/07\/Post_WEBINAR-CBR_Primovist-na-pratica-clinica-Indicacoes-Tecnica-e-Otimizacoes_2-240x300.jpg 240w, https:\/\/cursosonline.cbr.org.br\/wp-content\/uploads\/2025\/07\/Post_WEBINAR-CBR_Primovist-na-pratica-clinica-Indicacoes-Tecnica-e-Otimizacoes_2-768x960.jpg 768w, https:\/\/cursosonline.cbr.org.br\/wp-content\/uploads\/2025\/07\/Post_WEBINAR-CBR_Primovist-na-pratica-clinica-Indicacoes-Tecnica-e-Otimizacoes_2-10x12.jpg 10w, https:\/\/cursosonline.cbr.org.br\/wp-content\/uploads\/2025\/07\/Post_WEBINAR-CBR_Primovist-na-pratica-clinica-Indicacoes-Tecnica-e-Otimizacoes_2-600x750.jpg 600w, https:\/\/cursosonline.cbr.org.br\/wp-content\/uploads\/2025\/07\/Post_WEBINAR-CBR_Primovist-na-pratica-clinica-Indicacoes-Tecnica-e-Otimizacoes_2.jpg 1080w\" sizes=\"(max-width: 800px) 100vw, 800px\" \/>\t\t\t\t\t\t\t\t\t\t\t\t\t\t\t<\/div>\n\t\t\t\t<\/div>\n\t\t\t\t\t<\/div>\n\t\t<\/div>\n\t\t\t\t<div class=\"elementor-column elementor-col-20 elementor-top-column elementor-element elementor-element-dd19564\" data-id=\"dd19564\" data-element_type=\"column\">\n\t\t\t<div class=\"elementor-widget-wrap elementor-element-populated\">\n\t\t\t\t\t\t<div class=\"elementor-element elementor-element-1fb4398 elementor-widget elementor-widget-image\" data-id=\"1fb4398\" data-element_type=\"widget\" data-widget_type=\"image.default\">\n\t\t\t\t<div class=\"elementor-widget-container\">\n\t\t\t\t\t\t\t\t\t\t\t\t\t\t\t<img decoding=\"async\" width=\"800\" height=\"1000\" src=\"https:\/\/cursosonline.cbr.org.br\/wp-content\/uploads\/2025\/07\/Post_WEBINAR-CBR_Primovist-na-pratica-clinica-Indicacoes-Tecnica-e-Otimizacoes_3-819x1024.jpg\" class=\"attachment-large size-large wp-image-22884\" alt=\"\" srcset=\"https:\/\/cursosonline.cbr.org.br\/wp-content\/uploads\/2025\/07\/Post_WEBINAR-CBR_Primovist-na-pratica-clinica-Indicacoes-Tecnica-e-Otimizacoes_3-819x1024.jpg 819w, https:\/\/cursosonline.cbr.org.br\/wp-content\/uploads\/2025\/07\/Post_WEBINAR-CBR_Primovist-na-pratica-clinica-Indicacoes-Tecnica-e-Otimizacoes_3-240x300.jpg 240w, https:\/\/cursosonline.cbr.org.br\/wp-content\/uploads\/2025\/07\/Post_WEBINAR-CBR_Primovist-na-pratica-clinica-Indicacoes-Tecnica-e-Otimizacoes_3-768x960.jpg 768w, https:\/\/cursosonline.cbr.org.br\/wp-content\/uploads\/2025\/07\/Post_WEBINAR-CBR_Primovist-na-pratica-clinica-Indicacoes-Tecnica-e-Otimizacoes_3-10x12.jpg 10w, https:\/\/cursosonline.cbr.org.br\/wp-content\/uploads\/2025\/07\/Post_WEBINAR-CBR_Primovist-na-pratica-clinica-Indicacoes-Tecnica-e-Otimizacoes_3-600x750.jpg 600w, https:\/\/cursosonline.cbr.org.br\/wp-content\/uploads\/2025\/07\/Post_WEBINAR-CBR_Primovist-na-pratica-clinica-Indicacoes-Tecnica-e-Otimizacoes_3.jpg 1080w\" sizes=\"(max-width: 800px) 100vw, 800px\" \/>\t\t\t\t\t\t\t\t\t\t\t\t\t\t\t<\/div>\n\t\t\t\t<\/div>\n\t\t\t\t\t<\/div>\n\t\t<\/div>\n\t\t\t\t<div class=\"elementor-column elementor-col-20 elementor-top-column elementor-element elementor-element-7a75bac\" data-id=\"7a75bac\" data-element_type=\"column\">\n\t\t\t<div class=\"elementor-widget-wrap elementor-element-populated\">\n\t\t\t\t\t\t<div class=\"elementor-element elementor-element-6f04946 elementor-widget elementor-widget-image\" data-id=\"6f04946\" data-element_type=\"widget\" data-widget_type=\"image.default\">\n\t\t\t\t<div class=\"elementor-widget-container\">\n\t\t\t\t\t\t\t\t\t\t\t\t\t\t\t<img loading=\"lazy\" decoding=\"async\" width=\"800\" height=\"1000\" src=\"https:\/\/cursosonline.cbr.org.br\/wp-content\/uploads\/2025\/07\/Post_WEBINAR-CBR_Primovist-na-pratica-clinica-Indicacoes-Tecnica-e-Otimizacoes_4-819x1024.jpg\" class=\"attachment-large size-large wp-image-22885\" alt=\"\" srcset=\"https:\/\/cursosonline.cbr.org.br\/wp-content\/uploads\/2025\/07\/Post_WEBINAR-CBR_Primovist-na-pratica-clinica-Indicacoes-Tecnica-e-Otimizacoes_4-819x1024.jpg 819w, https:\/\/cursosonline.cbr.org.br\/wp-content\/uploads\/2025\/07\/Post_WEBINAR-CBR_Primovist-na-pratica-clinica-Indicacoes-Tecnica-e-Otimizacoes_4-240x300.jpg 240w, https:\/\/cursosonline.cbr.org.br\/wp-content\/uploads\/2025\/07\/Post_WEBINAR-CBR_Primovist-na-pratica-clinica-Indicacoes-Tecnica-e-Otimizacoes_4-768x960.jpg 768w, https:\/\/cursosonline.cbr.org.br\/wp-content\/uploads\/2025\/07\/Post_WEBINAR-CBR_Primovist-na-pratica-clinica-Indicacoes-Tecnica-e-Otimizacoes_4-10x12.jpg 10w, https:\/\/cursosonline.cbr.org.br\/wp-content\/uploads\/2025\/07\/Post_WEBINAR-CBR_Primovist-na-pratica-clinica-Indicacoes-Tecnica-e-Otimizacoes_4-600x750.jpg 600w, https:\/\/cursosonline.cbr.org.br\/wp-content\/uploads\/2025\/07\/Post_WEBINAR-CBR_Primovist-na-pratica-clinica-Indicacoes-Tecnica-e-Otimizacoes_4.jpg 1080w\" sizes=\"(max-width: 800px) 100vw, 800px\" \/>\t\t\t\t\t\t\t\t\t\t\t\t\t\t\t<\/div>\n\t\t\t\t<\/div>\n\t\t\t\t\t<\/div>\n\t\t<\/div>\n\t\t\t\t<div class=\"elementor-column elementor-col-20 elementor-top-column elementor-element elementor-element-14a9a97\" data-id=\"14a9a97\" data-element_type=\"column\">\n\t\t\t<div class=\"elementor-widget-wrap elementor-element-populated\">\n\t\t\t\t\t\t<div class=\"elementor-element elementor-element-3e5f536 elementor-widget elementor-widget-image\" data-id=\"3e5f536\" data-element_type=\"widget\" data-widget_type=\"image.default\">\n\t\t\t\t<div class=\"elementor-widget-container\">\n\t\t\t\t\t\t\t\t\t\t\t\t\t\t\t<img loading=\"lazy\" decoding=\"async\" width=\"800\" height=\"1000\" src=\"https:\/\/cursosonline.cbr.org.br\/wp-content\/uploads\/2025\/07\/Post_WEBINAR-CBR_Primovist-na-pratica-clinica-Indicacoes-Tecnica-e-Otimizacoes_5-819x1024.jpg\" class=\"attachment-large size-large wp-image-22886\" alt=\"\" srcset=\"https:\/\/cursosonline.cbr.org.br\/wp-content\/uploads\/2025\/07\/Post_WEBINAR-CBR_Primovist-na-pratica-clinica-Indicacoes-Tecnica-e-Otimizacoes_5-819x1024.jpg 819w, https:\/\/cursosonline.cbr.org.br\/wp-content\/uploads\/2025\/07\/Post_WEBINAR-CBR_Primovist-na-pratica-clinica-Indicacoes-Tecnica-e-Otimizacoes_5-240x300.jpg 240w, https:\/\/cursosonline.cbr.org.br\/wp-content\/uploads\/2025\/07\/Post_WEBINAR-CBR_Primovist-na-pratica-clinica-Indicacoes-Tecnica-e-Otimizacoes_5-768x960.jpg 768w, https:\/\/cursosonline.cbr.org.br\/wp-content\/uploads\/2025\/07\/Post_WEBINAR-CBR_Primovist-na-pratica-clinica-Indicacoes-Tecnica-e-Otimizacoes_5-10x12.jpg 10w, https:\/\/cursosonline.cbr.org.br\/wp-content\/uploads\/2025\/07\/Post_WEBINAR-CBR_Primovist-na-pratica-clinica-Indicacoes-Tecnica-e-Otimizacoes_5-600x750.jpg 600w, https:\/\/cursosonline.cbr.org.br\/wp-content\/uploads\/2025\/07\/Post_WEBINAR-CBR_Primovist-na-pratica-clinica-Indicacoes-Tecnica-e-Otimizacoes_5.jpg 1080w\" sizes=\"(max-width: 800px) 100vw, 800px\" \/>\t\t\t\t\t\t\t\t\t\t\t\t\t\t\t<\/div>\n\t\t\t\t<\/div>\n\t\t\t\t\t<\/div>\n\t\t<\/div>\n\t\t\t\t\t<\/div>\n\t\t<\/section>\n\t\t\t\t<\/div>","protected":false},"excerpt":{"rendered":"<p data-start=\"221\" data-end=\"387\"><strong>GRATUITO PARA LOS MIEMBROS DE CBR<\/strong><\/p>\n<p data-start=\"221\" data-end=\"387\"><strong>Tema<\/strong>: <span style=\"font-weight: 400;\">Primovist en la pr\u00e1ctica cl\u00ednica: indicaciones, t\u00e9cnica y optimizaciones<\/span><\/p>\n<p data-start=\"221\" data-end=\"387\"><strong>Date:<\/strong> 11 de agosto de 2025, de 19:30 a 21:30 horas.<\/p>\n<p data-start=\"221\" data-end=\"387\"><strong>En l\u00ednea - En directo<\/strong><\/p>","protected":false},"featured_media":22828,"template":"","meta":[],"product_brand":[],"product_cat":[18,39],"product_tag":[],"class_list":{"0":"post-22784","1":"product","2":"type-product","3":"status-publish","4":"has-post-thumbnail","6":"product_cat-cbr-educa","7":"product_cat-webinar-cbr-educa","9":"first","10":"instock","11":"virtual","12":"sold-individually","13":"taxable","14":"purchasable","15":"product-type-simple"},"_links":{"self":[{"href":"https:\/\/cursosonline.cbr.org.br\/es\/wp-json\/wp\/v2\/product\/22784","targetHints":{"allow":["GET"]}}],"collection":[{"href":"https:\/\/cursosonline.cbr.org.br\/es\/wp-json\/wp\/v2\/product"}],"about":[{"href":"https:\/\/cursosonline.cbr.org.br\/es\/wp-json\/wp\/v2\/types\/product"}],"version-history":[{"count":16,"href":"https:\/\/cursosonline.cbr.org.br\/es\/wp-json\/wp\/v2\/product\/22784\/revisions"}],"predecessor-version":[{"id":33160,"href":"https:\/\/cursosonline.cbr.org.br\/es\/wp-json\/wp\/v2\/product\/22784\/revisions\/33160"}],"wp:featuredmedia":[{"embeddable":true,"href":"https:\/\/cursosonline.cbr.org.br\/es\/wp-json\/wp\/v2\/media\/22828"}],"wp:attachment":[{"href":"https:\/\/cursosonline.cbr.org.br\/es\/wp-json\/wp\/v2\/media?parent=22784"}],"wp:term":[{"taxonomy":"product_brand","embeddable":true,"href":"https:\/\/cursosonline.cbr.org.br\/es\/wp-json\/wp\/v2\/product_brand?post=22784"},{"taxonomy":"product_cat","embeddable":true,"href":"https:\/\/cursosonline.cbr.org.br\/es\/wp-json\/wp\/v2\/product_cat?post=22784"},{"taxonomy":"product_tag","embeddable":true,"href":"https:\/\/cursosonline.cbr.org.br\/es\/wp-json\/wp\/v2\/product_tag?post=22784"}],"curies":[{"name":"gracias","href":"https:\/\/api.w.org\/{rel}","templated":true}]}}