{"id":229,"date":"2023-08-31T12:04:42","date_gmt":"2023-08-31T15:04:42","guid":{"rendered":"https:\/\/cursosonline.cbr.org.br\/?post_type=product&#038;p=229"},"modified":"2026-03-10T13:05:33","modified_gmt":"2026-03-10T16:05:33","slug":"atualiza23-cabeca-e-pescoco-seios-paranasais-o-que-ha-de-novo","status":"publish","type":"product","link":"https:\/\/cursosonline.cbr.org.br\/es\/curso\/atualiza23-cabeca-e-pescoco-seios-paranasais-o-que-ha-de-novo\/","title":{"rendered":"Atualiza23 l Cabeza y cuello - Senos paranasales: Novedades"},"content":{"rendered":"<div data-elementor-type=\"product-post\" data-elementor-id=\"229\" class=\"elementor elementor-229\" data-elementor-post-type=\"product\">\n\t\t\t\t\t\t<section class=\"elementor-section elementor-top-section elementor-element elementor-element-796b14d elementor-section-boxed elementor-section-height-default elementor-section-height-default\" data-id=\"796b14d\" data-element_type=\"section\">\n\t\t\t\t\t\t<div class=\"elementor-container elementor-column-gap-default\">\n\t\t\t\t\t<div class=\"elementor-column elementor-col-100 elementor-top-column elementor-element elementor-element-166ba254\" data-id=\"166ba254\" data-element_type=\"column\">\n\t\t\t<div class=\"elementor-widget-wrap elementor-element-populated\">\n\t\t\t\t\t\t<div class=\"elementor-element elementor-element-7dbc045f elementor-widget elementor-widget-text-editor\" data-id=\"7dbc045f\" data-element_type=\"widget\" data-widget_type=\"text-editor.default\">\n\t\t\t\t<div class=\"elementor-widget-container\">\n\t\t\t\t\t\t\t\t\t<p><img fetchpriority=\"high\" decoding=\"async\" src=\"https:\/\/cbr.instructure.com\/courses\/250\/files\/10041\/preview\" alt=\"Screenshot_25.png\" width=\"1007\" height=\"62\" data-api-endpoint=\"https:\/\/cbr.instructure.com\/api\/v1\/courses\/250\/files\/10041\" data-api-returntype=\"File\"><\/p>\n<table border=\"0\">\n<tbody>\n<tr>\n<td><p><strong>Regina Lucia Elia Gomes<\/strong><\/p>\n<p><strong>Eloisa Maria Mello Santiago Gebrim<\/strong><\/p><\/td>\n<\/tr>\n<\/tbody>\n<\/table><br>\n<p><img decoding=\"async\" src=\"https:\/\/cbr.instructure.com\/courses\/250\/files\/10036\/preview\" alt=\"Screenshot_14-2.png\" width=\"1078\" height=\"67\" data-api-endpoint=\"https:\/\/cbr.instructure.com\/api\/v1\/courses\/250\/files\/10036\" data-api-returntype=\"File\"><\/p>\n<p><img decoding=\"async\" src=\"https:\/\/cbr.instructure.com\/courses\/250\/files\/10105\/preview\" alt=\"Screenshot_48.png\" data-api-endpoint=\"https:\/\/cbr.instructure.com\/api\/v1\/courses\/250\/files\/10105\" data-api-returntype=\"File\">&nbsp;<img decoding=\"async\" src=\"https:\/\/cbr.instructure.com\/courses\/250\/files\/10046\/preview\" alt=\"Screenshot_26.png\" width=\"1052\" height=\"65\" data-api-endpoint=\"https:\/\/cbr.instructure.com\/api\/v1\/courses\/250\/files\/10046\" data-api-returntype=\"File\"><\/p>\n<table border=\"0\">\n<tbody>\n<tr>\n<td>1TP1Imagen de la nariz y los senos paranasales. anatom\u00eda y lesiones.<\/td>\n<\/tr>\n<\/tbody>\n<\/table>\n<p><img loading=\"lazy\" decoding=\"async\" src=\"https:\/\/cbr.instructure.com\/courses\/250\/files\/10034\/preview\" alt=\"Screenshot_27.png\" width=\"1069\" height=\"66\" data-api-endpoint=\"https:\/\/cbr.instructure.com\/api\/v1\/courses\/250\/files\/10034\" data-api-returntype=\"File\"><\/p>\n<table border=\"0\">\n<tbody>\n<tr>\n<td>Este curso de revisi\u00f3n y actualizaci\u00f3n abarcar\u00e1 la anatom\u00eda, los traumatismos, los procesos inflamatorios e infecciosos, las neoplasias y el periodo postoperatorio.<\/td>\n<\/tr>\n<\/tbody>\n<\/table>\n<p>&nbsp;<\/p><p><br><\/p>\t\t\t\t\t\t\t\t<\/div>\n\t\t\t\t<\/div>\n\t\t\t\t\t<\/div>\n\t\t<\/div>\n\t\t\t\t\t<\/div>\n\t\t<\/section>\n\t\t\t\t<\/div>","protected":false},"excerpt":{"rendered":"<p>El Atualiza23 - Circuito Nacional de Radiolog\u00eda Brasile\u00f1a se celebr\u00f3 del 31 de marzo al 2 de abril. El evento tuvo lugar en el formato online 100% con el objetivo de promover la actualizaci\u00f3n te\u00f3rica y pr\u00e1ctica de los profesionales del sector. El Atualiza23 reuni\u00f3 sociedades estatales de todo Brasil y, sin precedentes, representantes de renombradas sociedades internacionales de radiolog\u00eda, ofreciendo numerosas actividades dirigidas a radi\u00f3logos y residentes.<\/p>\n<p><strong>GRATUITO PARA LOS MIEMBROS DE LA CBR.<\/strong><\/p>","protected":false},"featured_media":230,"template":"","meta":[],"product_brand":[],"product_cat":[18,38,85],"product_tag":[],"class_list":{"0":"post-229","1":"product","2":"type-product","3":"status-publish","4":"has-post-thumbnail","6":"product_cat-cbr-educa","7":"product_cat-atualiza","8":"product_cat-atualiza23","10":"first","11":"instock","12":"virtual","13":"sold-individually","14":"taxable","15":"purchasable","16":"product-type-simple"},"_links":{"self":[{"href":"https:\/\/cursosonline.cbr.org.br\/es\/wp-json\/wp\/v2\/product\/229","targetHints":{"allow":["GET"]}}],"collection":[{"href":"https:\/\/cursosonline.cbr.org.br\/es\/wp-json\/wp\/v2\/product"}],"about":[{"href":"https:\/\/cursosonline.cbr.org.br\/es\/wp-json\/wp\/v2\/types\/product"}],"version-history":[{"count":9,"href":"https:\/\/cursosonline.cbr.org.br\/es\/wp-json\/wp\/v2\/product\/229\/revisions"}],"predecessor-version":[{"id":33025,"href":"https:\/\/cursosonline.cbr.org.br\/es\/wp-json\/wp\/v2\/product\/229\/revisions\/33025"}],"wp:featuredmedia":[{"embeddable":true,"href":"https:\/\/cursosonline.cbr.org.br\/es\/wp-json\/wp\/v2\/media\/230"}],"wp:attachment":[{"href":"https:\/\/cursosonline.cbr.org.br\/es\/wp-json\/wp\/v2\/media?parent=229"}],"wp:term":[{"taxonomy":"product_brand","embeddable":true,"href":"https:\/\/cursosonline.cbr.org.br\/es\/wp-json\/wp\/v2\/product_brand?post=229"},{"taxonomy":"product_cat","embeddable":true,"href":"https:\/\/cursosonline.cbr.org.br\/es\/wp-json\/wp\/v2\/product_cat?post=229"},{"taxonomy":"product_tag","embeddable":true,"href":"https:\/\/cursosonline.cbr.org.br\/es\/wp-json\/wp\/v2\/product_tag?post=229"}],"curies":[{"name":"gracias","href":"https:\/\/api.w.org\/{rel}","templated":true}]}}