{"id":231,"date":"2023-08-31T12:09:56","date_gmt":"2023-08-31T15:09:56","guid":{"rendered":"https:\/\/cursosonline.cbr.org.br\/?post_type=product&#038;p=231"},"modified":"2026-03-12T10:19:13","modified_gmt":"2026-03-12T13:19:13","slug":"231","status":"publish","type":"product","link":"https:\/\/cursosonline.cbr.org.br\/es\/curso\/231\/","title":{"rendered":"Webinar On Demand l Ecograf\u00eda 2022 y 2023"},"content":{"rendered":"<div data-elementor-type=\"product-post\" data-elementor-id=\"231\" class=\"elementor elementor-231\" data-elementor-post-type=\"product\">\n\t\t\t\t\t\t<section class=\"elementor-section elementor-top-section elementor-element elementor-element-b8007f4 elementor-section-boxed elementor-section-height-default elementor-section-height-default\" data-id=\"b8007f4\" data-element_type=\"section\">\n\t\t\t\t\t\t<div class=\"elementor-container elementor-column-gap-default\">\n\t\t\t\t\t<div class=\"elementor-column elementor-col-100 elementor-top-column elementor-element elementor-element-9c8ff69\" data-id=\"9c8ff69\" data-element_type=\"column\">\n\t\t\t<div class=\"elementor-widget-wrap elementor-element-populated\">\n\t\t\t\t\t\t<div class=\"elementor-element elementor-element-f5202dc elementor-widget elementor-widget-text-editor\" data-id=\"f5202dc\" data-element_type=\"widget\" data-widget_type=\"text-editor.default\">\n\t\t\t\t<div class=\"elementor-widget-container\">\n\t\t\t\t\t\t\t\t\t<p>O\u00a0<strong>Webinar<\/strong>\u00a0su principal caracter\u00edstica es que aborda temas de inter\u00e9s general, siempre a cargo de un gran nombre de la especialidad elegida. Un webinar es un tipo de videoconferencia en la que una empresa o instituci\u00f3n utiliza una plataforma en l\u00ednea para la comunicaci\u00f3n unidireccional.<\/p><p>El t\u00e9rmino es una abreviatura de la expresi\u00f3n inglesa web-based seminar, que significa seminario celebrado a trav\u00e9s de Internet. Con 1 hora de actividad, el Webinar US tendr\u00e1 lugar cada cuatro semanas, siempre el \u00faltimo martes de cada mes, de 20:00 a 21:00 (hora de Brasilia).<\/p><p>Se discutir\u00e1n casos relacionados con el tema del d\u00eda y la gente podr\u00e1 hacer preguntas, lo que proporcionar\u00e1 una gran interacci\u00f3n y un aprendizaje muy pr\u00e1ctico.\" La idea es abordar temas de inter\u00e9s para los radi\u00f3logos generales, aunque sean expuestos por un especialista en la materia. \"De esta forma sumamos la experiencia de alguien que se dedica al tema para que pueda transmitir sus conocimientos y experiencia de forma clara y did\u00e1ctica a un gran n\u00famero de personas. Tenemos un equipo de especialistas en Brasil y en el exterior muy interesados y dispuestos a colaborar con el CBR y con la ense\u00f1anza de la radiolog\u00eda en Brasil.\"<\/p>\t\t\t\t\t\t\t\t<\/div>\n\t\t\t\t<\/div>\n\t\t\t\t\t<\/div>\n\t\t<\/div>\n\t\t\t\t\t<\/div>\n\t\t<\/section>\n\t\t\t\t<section class=\"elementor-section elementor-top-section elementor-element elementor-element-df55d54 elementor-section-boxed elementor-section-height-default elementor-section-height-default\" data-id=\"df55d54\" data-element_type=\"section\">\n\t\t\t\t\t\t<div class=\"elementor-container elementor-column-gap-default\">\n\t\t\t\t\t<div class=\"elementor-column elementor-col-100 elementor-top-column elementor-element elementor-element-b5c4bff\" data-id=\"b5c4bff\" data-element_type=\"column\">\n\t\t\t<div class=\"elementor-widget-wrap elementor-element-populated\">\n\t\t\t\t\t\t<div class=\"elementor-element elementor-element-f5ed75c elementor-widget elementor-widget-text-editor\" data-id=\"f5ed75c\" data-element_type=\"widget\" data-widget_type=\"text-editor.default\">\n\t\t\t\t<div class=\"elementor-widget-container\">\n\t\t\t\t\t\t\t\t\t<p>Siempre tiene lugar el \u00faltimo martes de cada mes, de 20:00 a 21:00 (hora de Brasilia).&nbsp;<\/p>\n<p><strong style=\"color: var( --e-global-color-text );font-family: var( --e-global-typography-text-font-family ), Sans-serif;font-size: var(--bs-body-font-size);text-align: var(--bs-body-text-align)\">COORDINACI\u00d3N GENERAL<\/strong><\/p>\n<p><span style=\"color: var( --e-global-color-text );font-family: var( --e-global-typography-text-font-family ), Sans-serif;font-weight: var( --e-global-typography-text-font-weight );font-size: var(--bs-body-font-size);text-align: var(--bs-body-text-align)\">Leticia Martins Azeredo<\/span><\/p>\n<p><span style=\"color: var( --e-global-color-text );font-family: var( --e-global-typography-text-font-family ), Sans-serif;font-weight: var( --e-global-typography-text-font-weight );font-size: var(--bs-body-font-size);text-align: var(--bs-body-text-align)\">Permanezca atento a las redes sociales del CBR para conocer el tema de los pr\u00f3ximos lives, puede inscribirse a los pr\u00f3ximos Webinars utilizando el bot\u00f3n de abajo, liberamos las inscripciones aproximadamente 10 d\u00edas antes del evento.<\/span><\/p>\n<p><\/p>\t\t\t\t\t\t\t\t<\/div>\n\t\t\t\t<\/div>\n\t\t\t\t<div class=\"elementor-element elementor-element-4dc5483 elementor-align-center elementor-widget elementor-widget-button\" data-id=\"4dc5483\" data-element_type=\"widget\" data-widget_type=\"button.default\">\n\t\t\t\t<div class=\"elementor-widget-container\">\n\t\t\t\t\t\t\t\t\t<div class=\"elementor-button-wrapper\">\n\t\t\t\t\t<a class=\"elementor-button elementor-button-link elementor-size-lg\" href=\"https:\/\/cursosonline.cbr.org.br\/es\/curso\/webinar-ultrassom-ao-vivo\/%20\/\">\n\t\t\t\t\t\t<span class=\"elementor-button-content-wrapper\">\n\t\t\t\t\t\t\t\t\t<span class=\"elementor-button-text\">Pulse aqu\u00ed<\/span>\n\t\t\t\t\t<\/span>\n\t\t\t\t\t<\/a>\n\t\t\t\t<\/div>\n\t\t\t\t\t\t\t\t<\/div>\n\t\t\t\t<\/div>\n\t\t\t\t\t<\/div>\n\t\t<\/div>\n\t\t\t\t\t<\/div>\n\t\t<\/section>\n\t\t\t\t<\/div>","protected":false},"excerpt":{"rendered":"<p>Contenido a la carta, \u00a1gratis para los socios! Vea las ediciones anteriores del Webinar de Ecograf\u00eda, una gran ventaja para aquellos que no pudieron seguirlo \"en directo\" o quieren recordar los mejores momentos del directo.<\/p>\n<p><strong>GRATUITO PARA LOS MIEMBROS DE LA CBR.<\/strong><\/p>","protected":false},"featured_media":485,"template":"","meta":[],"product_brand":[],"product_cat":[18,39],"product_tag":[],"class_list":{"0":"post-231","1":"product","2":"type-product","3":"status-publish","4":"has-post-thumbnail","6":"product_cat-cbr-educa","7":"product_cat-webinar-cbr-educa","9":"first","10":"instock","11":"virtual","12":"sold-individually","13":"taxable","14":"purchasable","15":"product-type-simple"},"_links":{"self":[{"href":"https:\/\/cursosonline.cbr.org.br\/es\/wp-json\/wp\/v2\/product\/231","targetHints":{"allow":["GET"]}}],"collection":[{"href":"https:\/\/cursosonline.cbr.org.br\/es\/wp-json\/wp\/v2\/product"}],"about":[{"href":"https:\/\/cursosonline.cbr.org.br\/es\/wp-json\/wp\/v2\/types\/product"}],"version-history":[{"count":22,"href":"https:\/\/cursosonline.cbr.org.br\/es\/wp-json\/wp\/v2\/product\/231\/revisions"}],"predecessor-version":[{"id":33281,"href":"https:\/\/cursosonline.cbr.org.br\/es\/wp-json\/wp\/v2\/product\/231\/revisions\/33281"}],"wp:featuredmedia":[{"embeddable":true,"href":"https:\/\/cursosonline.cbr.org.br\/es\/wp-json\/wp\/v2\/media\/485"}],"wp:attachment":[{"href":"https:\/\/cursosonline.cbr.org.br\/es\/wp-json\/wp\/v2\/media?parent=231"}],"wp:term":[{"taxonomy":"product_brand","embeddable":true,"href":"https:\/\/cursosonline.cbr.org.br\/es\/wp-json\/wp\/v2\/product_brand?post=231"},{"taxonomy":"product_cat","embeddable":true,"href":"https:\/\/cursosonline.cbr.org.br\/es\/wp-json\/wp\/v2\/product_cat?post=231"},{"taxonomy":"product_tag","embeddable":true,"href":"https:\/\/cursosonline.cbr.org.br\/es\/wp-json\/wp\/v2\/product_tag?post=231"}],"curies":[{"name":"gracias","href":"https:\/\/api.w.org\/{rel}","templated":true}]}}