{"id":235,"date":"2023-08-31T12:40:09","date_gmt":"2023-08-31T15:40:09","guid":{"rendered":"https:\/\/cursosonline.cbr.org.br\/?post_type=product&#038;p=235"},"modified":"2026-03-12T10:19:04","modified_gmt":"2026-03-12T13:19:04","slug":"sig-on-demand-pelve-feminina","status":"publish","type":"product","link":"https:\/\/cursosonline.cbr.org.br\/es\/curso\/sig-on-demand-pelve-feminina\/","title":{"rendered":"SIG a la carta l Pelvis femenina 2022 y 2023"},"content":{"rendered":"<div data-elementor-type=\"product-post\" data-elementor-id=\"235\" class=\"elementor elementor-235\" data-elementor-post-type=\"product\">\n\t\t\t\t\t\t<section class=\"elementor-section elementor-top-section elementor-element elementor-element-f32db7a elementor-section-boxed elementor-section-height-default elementor-section-height-default\" data-id=\"f32db7a\" data-element_type=\"section\">\n\t\t\t\t\t\t<div class=\"elementor-container elementor-column-gap-default\">\n\t\t\t\t\t<div class=\"elementor-column elementor-col-100 elementor-top-column elementor-element elementor-element-196cfee\" data-id=\"196cfee\" data-element_type=\"column\">\n\t\t\t<div class=\"elementor-widget-wrap elementor-element-populated\">\n\t\t\t\t\t\t<div class=\"elementor-element elementor-element-3ee7fbc elementor-widget elementor-widget-text-editor\" data-id=\"3ee7fbc\" data-element_type=\"widget\" data-widget_type=\"text-editor.default\">\n\t\t\t\t<div class=\"elementor-widget-container\">\n\t\t\t\t\t\t\t\t\t<p>Siempre centrado en estimular la evoluci\u00f3n del aprendizaje, el Colegio Brasile\u00f1o de Radiolog\u00eda y Diagn\u00f3stico por Imagen (CBR) promueve la\u00a0<em>Grupos de inter\u00e9s especial<\/em>\u00a0(SIG). Se trata de reuniones tem\u00e1ticas para discutir casos cl\u00ednicos entre instituciones y diferentes especialidades, con el objetivo de proporcionar orientaci\u00f3n, discutir casos cl\u00ednicos intrigantes, intercambiar experiencias, estimular el debate, buscar el consenso, mejorar los protocolos cl\u00ednicos y los procedimientos diagn\u00f3sticos, adem\u00e1s de ser una gran oportunidad para ampliar su red de colegas.<\/p><p>Los SIG organizan seminarios online en directo, abordando siempre un tema espec\u00edfico de la radiolog\u00eda, con un enfoque multi y transdisciplinar. Se tratan diferentes temas, con profesionales nacionales e internacionales de primera l\u00ednea.<\/p><p>La participaci\u00f3n de residentes y estudiantes de postgrado es muy estimulada, y cada instituci\u00f3n est\u00e1 representada por sus l\u00edderes en sus respectivos campos. \"Con los constantes cambios y el surgimiento de innovaciones en el sector, el CBR sigue invirtiendo en eventos y actividades relevantes, con nuevas tecnolog\u00edas y formatos educativos modernos para estimular e impulsar el desarrollo t\u00e9cnico y cient\u00edfico de los profesionales en sus diferentes necesidades y especialidades\", afirma la direcci\u00f3n del Colegio.<\/p>\t\t\t\t\t\t\t\t<\/div>\n\t\t\t\t<\/div>\n\t\t\t\t<div class=\"elementor-element elementor-element-1df55fc elementor-widget elementor-widget-text-editor\" data-id=\"1df55fc\" data-element_type=\"widget\" data-widget_type=\"text-editor.default\">\n\t\t\t\t<div class=\"elementor-widget-container\">\n\t\t\t\t\t\t\t\t\t<p>Tiene lugar todos los segundos mi\u00e9rcoles de mes, de 12.00 a 13.00 (hora de Brasilia).\u00a0<\/p><p><strong>COORDINACI\u00d3N GENERAL:<\/strong><br \/>Alice Cristina Coelho Brand\u00e3o \/Luis Ronan Marquez Ferreira de Souza \/Patr\u00edcia Prando Cardia<\/p><p>Mantente atento a las redes sociales del CBR para conocer el tema de los pr\u00f3ximos lives, puedes inscribirte para los pr\u00f3ximos Sig's en el bot\u00f3n de abajo, liberamos la inscripci\u00f3n aproximadamente 10 d\u00edas antes del evento.<\/p>\t\t\t\t\t\t\t\t<\/div>\n\t\t\t\t<\/div>\n\t\t\t\t<div class=\"elementor-element elementor-element-90558d6 elementor-align-center elementor-widget elementor-widget-button\" data-id=\"90558d6\" data-element_type=\"widget\" data-widget_type=\"button.default\">\n\t\t\t\t<div class=\"elementor-widget-container\">\n\t\t\t\t\t\t\t\t\t<div class=\"elementor-button-wrapper\">\n\t\t\t\t\t<a class=\"elementor-button elementor-button-link elementor-size-lg\" href=\"https:\/\/cursosonline.cbr.org.br\/es\/curso\/sig-pelve-feminina-ao-vivo\/\">\n\t\t\t\t\t\t<span class=\"elementor-button-content-wrapper\">\n\t\t\t\t\t\t\t\t\t<span class=\"elementor-button-text\">Pulse aqu\u00ed<\/span>\n\t\t\t\t\t<\/span>\n\t\t\t\t\t<\/a>\n\t\t\t\t<\/div>\n\t\t\t\t\t\t\t\t<\/div>\n\t\t\t\t<\/div>\n\t\t\t\t\t<\/div>\n\t\t<\/div>\n\t\t\t\t\t<\/div>\n\t\t<\/section>\n\t\t\t\t<\/div>","protected":false},"excerpt":{"rendered":"<p>Contenido a la carta, vea las ediciones anteriores de los SIG, una gran ventaja para quienes no pudieron asistir al \"directo\" o quieren recordar los mejores momentos del directo.<\/p>\n<p><strong>GRATUITO PARA LOS MIEMBROS DE LA CBR.<\/strong><\/p>","protected":false},"featured_media":455,"template":"","meta":[],"product_brand":[],"product_cat":[18,40,92],"product_tag":[],"class_list":{"0":"post-235","1":"product","2":"type-product","3":"status-publish","4":"has-post-thumbnail","6":"product_cat-cbr-educa","7":"product_cat-sigs","8":"product_cat-sigpelvefeminina","10":"first","11":"instock","12":"sold-individually","13":"taxable","14":"shipping-taxable","15":"purchasable","16":"product-type-simple"},"_links":{"self":[{"href":"https:\/\/cursosonline.cbr.org.br\/es\/wp-json\/wp\/v2\/product\/235","targetHints":{"allow":["GET"]}}],"collection":[{"href":"https:\/\/cursosonline.cbr.org.br\/es\/wp-json\/wp\/v2\/product"}],"about":[{"href":"https:\/\/cursosonline.cbr.org.br\/es\/wp-json\/wp\/v2\/types\/product"}],"version-history":[{"count":10,"href":"https:\/\/cursosonline.cbr.org.br\/es\/wp-json\/wp\/v2\/product\/235\/revisions"}],"predecessor-version":[{"id":33279,"href":"https:\/\/cursosonline.cbr.org.br\/es\/wp-json\/wp\/v2\/product\/235\/revisions\/33279"}],"wp:featuredmedia":[{"embeddable":true,"href":"https:\/\/cursosonline.cbr.org.br\/es\/wp-json\/wp\/v2\/media\/455"}],"wp:attachment":[{"href":"https:\/\/cursosonline.cbr.org.br\/es\/wp-json\/wp\/v2\/media?parent=235"}],"wp:term":[{"taxonomy":"product_brand","embeddable":true,"href":"https:\/\/cursosonline.cbr.org.br\/es\/wp-json\/wp\/v2\/product_brand?post=235"},{"taxonomy":"product_cat","embeddable":true,"href":"https:\/\/cursosonline.cbr.org.br\/es\/wp-json\/wp\/v2\/product_cat?post=235"},{"taxonomy":"product_tag","embeddable":true,"href":"https:\/\/cursosonline.cbr.org.br\/es\/wp-json\/wp\/v2\/product_tag?post=235"}],"curies":[{"name":"gracias","href":"https:\/\/api.w.org\/{rel}","templated":true}]}}