{"id":241,"date":"2023-08-31T14:53:57","date_gmt":"2023-08-31T17:53:57","guid":{"rendered":"https:\/\/cursosonline.cbr.org.br\/?post_type=product&#038;p=241"},"modified":"2026-03-12T10:18:52","modified_gmt":"2026-03-12T13:18:52","slug":"sig-on-demand-mama","status":"publish","type":"product","link":"https:\/\/cursosonline.cbr.org.br\/es\/curso\/sig-on-demand-mama\/","title":{"rendered":"SIG a la carta l Mam\u00e1 2022 y 2023"},"content":{"rendered":"<div data-elementor-type=\"product-post\" data-elementor-id=\"241\" class=\"elementor elementor-241\" data-elementor-post-type=\"product\">\n\t\t\t\t\t\t<section class=\"elementor-section elementor-top-section elementor-element elementor-element-e1dc45d elementor-section-boxed elementor-section-height-default elementor-section-height-default\" data-id=\"e1dc45d\" data-element_type=\"section\">\n\t\t\t\t\t\t<div class=\"elementor-container elementor-column-gap-default\">\n\t\t\t\t\t<div class=\"elementor-column elementor-col-100 elementor-top-column elementor-element elementor-element-b088b60\" data-id=\"b088b60\" data-element_type=\"column\">\n\t\t\t<div class=\"elementor-widget-wrap elementor-element-populated\">\n\t\t\t\t\t\t<div class=\"elementor-element elementor-element-330d893 elementor-widget elementor-widget-text-editor\" data-id=\"330d893\" data-element_type=\"widget\" data-widget_type=\"text-editor.default\">\n\t\t\t\t<div class=\"elementor-widget-container\">\n\t\t\t\t\t\t\t\t\t<p>Siempre centrado en estimular la evoluci\u00f3n del aprendizaje, el Colegio Brasile\u00f1o de Radiolog\u00eda y Diagn\u00f3stico por Imagen (CBR) promueve la\u00a0<em>Grupos de inter\u00e9s especial<\/em>\u00a0(SIG). Se trata de reuniones tem\u00e1ticas para discutir casos cl\u00ednicos entre instituciones y diferentes especialidades, con el objetivo de proporcionar orientaci\u00f3n, discutir casos cl\u00ednicos intrigantes, intercambiar experiencias, estimular el debate, buscar el consenso, mejorar los protocolos cl\u00ednicos y los procedimientos diagn\u00f3sticos, adem\u00e1s de ser una gran oportunidad para ampliar su red de colegas.<\/p><p>Los SIG organizan seminarios online en directo, abordando siempre un tema espec\u00edfico de la radiolog\u00eda, con un enfoque multi y transdisciplinar. Se tratan diferentes temas, con profesionales nacionales e internacionales de primera l\u00ednea.<\/p><p>La participaci\u00f3n de residentes y estudiantes de postgrado es muy estimulada, y cada instituci\u00f3n est\u00e1 representada por sus l\u00edderes en sus respectivos campos. \"Con los constantes cambios y el surgimiento de innovaciones en el sector, el CBR sigue invirtiendo en eventos y actividades relevantes, con nuevas tecnolog\u00edas y formatos educativos modernos para estimular e impulsar el desarrollo t\u00e9cnico y cient\u00edfico de los profesionales en sus diferentes necesidades y especialidades\", afirma la direcci\u00f3n del Colegio.<\/p>\t\t\t\t\t\t\t\t<\/div>\n\t\t\t\t<\/div>\n\t\t\t\t<div class=\"elementor-element elementor-element-c5967fd elementor-widget elementor-widget-text-editor\" data-id=\"c5967fd\" data-element_type=\"widget\" data-widget_type=\"text-editor.default\">\n\t\t\t\t<div class=\"elementor-widget-container\">\n\t\t\t\t\t\t\t\t\t<p>Tiene lugar todos los cuartos mi\u00e9rcoles de mes, de 12.00 a 13.00 (hora de Brasilia).\u00a0<\/p><p><strong>COORDINACI\u00d3N GENERAL:<\/strong><br \/>Ivie Braga de Paula \/Flavia Aduan \/Salete Rego \/Tatiane Mendes<\/p><p>eguid atentos a las redes sociales del CBR para conocer el tema de los pr\u00f3ximos lives, y pod\u00e9is inscribiros en los pr\u00f3ximos Sig's en el siguiente enlace, liberamos las inscripciones aproximadamente 10 d\u00edas antes del evento:<\/p>\t\t\t\t\t\t\t\t<\/div>\n\t\t\t\t<\/div>\n\t\t\t\t<div class=\"elementor-element elementor-element-197d2fd elementor-align-center elementor-widget elementor-widget-button\" data-id=\"197d2fd\" data-element_type=\"widget\" data-widget_type=\"button.default\">\n\t\t\t\t<div class=\"elementor-widget-container\">\n\t\t\t\t\t\t\t\t\t<div class=\"elementor-button-wrapper\">\n\t\t\t\t\t<a class=\"elementor-button elementor-button-link elementor-size-lg\" href=\"https:\/\/cursosonline.cbr.org.br\/es\/curso\/sig-mama-ao-vivo\/\">\n\t\t\t\t\t\t<span class=\"elementor-button-content-wrapper\">\n\t\t\t\t\t\t\t\t\t<span class=\"elementor-button-text\">Pulse aqu\u00ed<\/span>\n\t\t\t\t\t<\/span>\n\t\t\t\t\t<\/a>\n\t\t\t\t<\/div>\n\t\t\t\t\t\t\t\t<\/div>\n\t\t\t\t<\/div>\n\t\t\t\t\t<\/div>\n\t\t<\/div>\n\t\t\t\t\t<\/div>\n\t\t<\/section>\n\t\t\t\t<\/div>","protected":false},"excerpt":{"rendered":"<p><strong>Contenidos a la carta \ud83d\udcf9<\/strong><\/p>\n<p>Vea las ediciones anteriores de los SIG, una gran ventaja para quienes no pudieron seguir el \"directo\" o quieren recordar los mejores momentos del directo.<\/p>\n<p><strong>GRATUITO PARA LOS MIEMBROS DE LA CBR.<\/strong><\/p>","protected":false},"featured_media":455,"template":"","meta":[],"product_brand":[],"product_cat":[18,40,88],"product_tag":[],"class_list":{"0":"post-241","1":"product","2":"type-product","3":"status-publish","4":"has-post-thumbnail","6":"product_cat-cbr-educa","7":"product_cat-sigs","8":"product_cat-sigmama","10":"first","11":"instock","12":"virtual","13":"sold-individually","14":"taxable","15":"purchasable","16":"product-type-simple"},"_links":{"self":[{"href":"https:\/\/cursosonline.cbr.org.br\/es\/wp-json\/wp\/v2\/product\/241","targetHints":{"allow":["GET"]}}],"collection":[{"href":"https:\/\/cursosonline.cbr.org.br\/es\/wp-json\/wp\/v2\/product"}],"about":[{"href":"https:\/\/cursosonline.cbr.org.br\/es\/wp-json\/wp\/v2\/types\/product"}],"version-history":[{"count":12,"href":"https:\/\/cursosonline.cbr.org.br\/es\/wp-json\/wp\/v2\/product\/241\/revisions"}],"predecessor-version":[{"id":33276,"href":"https:\/\/cursosonline.cbr.org.br\/es\/wp-json\/wp\/v2\/product\/241\/revisions\/33276"}],"wp:featuredmedia":[{"embeddable":true,"href":"https:\/\/cursosonline.cbr.org.br\/es\/wp-json\/wp\/v2\/media\/455"}],"wp:attachment":[{"href":"https:\/\/cursosonline.cbr.org.br\/es\/wp-json\/wp\/v2\/media?parent=241"}],"wp:term":[{"taxonomy":"product_brand","embeddable":true,"href":"https:\/\/cursosonline.cbr.org.br\/es\/wp-json\/wp\/v2\/product_brand?post=241"},{"taxonomy":"product_cat","embeddable":true,"href":"https:\/\/cursosonline.cbr.org.br\/es\/wp-json\/wp\/v2\/product_cat?post=241"},{"taxonomy":"product_tag","embeddable":true,"href":"https:\/\/cursosonline.cbr.org.br\/es\/wp-json\/wp\/v2\/product_tag?post=241"}],"curies":[{"name":"gracias","href":"https:\/\/api.w.org\/{rel}","templated":true}]}}