{"id":243,"date":"2023-08-31T14:56:48","date_gmt":"2023-08-31T17:56:48","guid":{"rendered":"https:\/\/cursosonline.cbr.org.br\/?post_type=product&#038;p=243"},"modified":"2026-03-12T10:18:48","modified_gmt":"2026-03-12T13:18:48","slug":"sig-on-demand-laudo-radiologico","status":"publish","type":"product","link":"https:\/\/cursosonline.cbr.org.br\/es\/curso\/sig-on-demand-laudo-radiologico\/","title":{"rendered":"SIG On Demand l Informes Radiol\u00f3gicos 2022 y 2023"},"content":{"rendered":"<div data-elementor-type=\"product-post\" data-elementor-id=\"243\" class=\"elementor elementor-243\" data-elementor-post-type=\"product\">\n\t\t\t\t\t\t<section class=\"elementor-section elementor-top-section elementor-element elementor-element-3ba3030 elementor-section-boxed elementor-section-height-default elementor-section-height-default\" data-id=\"3ba3030\" data-element_type=\"section\">\n\t\t\t\t\t\t<div class=\"elementor-container elementor-column-gap-default\">\n\t\t\t\t\t<div class=\"elementor-column elementor-col-100 elementor-top-column elementor-element elementor-element-94023ed\" data-id=\"94023ed\" data-element_type=\"column\">\n\t\t\t<div class=\"elementor-widget-wrap elementor-element-populated\">\n\t\t\t\t\t\t<div class=\"elementor-element elementor-element-d592825 elementor-widget elementor-widget-text-editor\" data-id=\"d592825\" data-element_type=\"widget\" data-widget_type=\"text-editor.default\">\n\t\t\t\t<div class=\"elementor-widget-container\">\n\t\t\t\t\t\t\t\t\t<table border=\"0\"><tbody><tr><td><p>Siempre centrado en estimular la evoluci\u00f3n del aprendizaje, el Colegio Brasile\u00f1o de Radiolog\u00eda y Diagn\u00f3stico por Imagen (CBR) promueve la\u00a0<em>Grupos de inter\u00e9s especial<\/em>\u00a0(SIG). Se trata de reuniones tem\u00e1ticas para discutir casos cl\u00ednicos entre instituciones y diferentes especialidades, con el objetivo de proporcionar orientaci\u00f3n, discutir casos cl\u00ednicos intrigantes, intercambiar experiencias, estimular el debate, buscar el consenso, mejorar los protocolos cl\u00ednicos y los procedimientos diagn\u00f3sticos, adem\u00e1s de ser una gran oportunidad para ampliar su red de colegas.<\/p><p>Los SIG organizan seminarios online en directo, abordando siempre un tema espec\u00edfico de la radiolog\u00eda, con un enfoque multi y transdisciplinar. Se tratan diferentes temas, con profesionales nacionales e internacionales de primera l\u00ednea.<\/p><p>La participaci\u00f3n de residentes y estudiantes de postgrado es muy estimulada, y cada instituci\u00f3n est\u00e1 representada por sus l\u00edderes en sus respectivos campos. \"Con los constantes cambios y el surgimiento de innovaciones en el sector, el CBR sigue invirtiendo en eventos y actividades relevantes, con nuevas tecnolog\u00edas y formatos educativos modernos para estimular e impulsar el desarrollo t\u00e9cnico y cient\u00edfico de los profesionales en sus diferentes necesidades y especialidades\", afirma la direcci\u00f3n del Colegio.<\/p><\/td><\/tr><\/tbody><\/table>\t\t\t\t\t\t\t\t<\/div>\n\t\t\t\t<\/div>\n\t\t\t\t<div class=\"elementor-element elementor-element-47e223f elementor-widget elementor-widget-text-editor\" data-id=\"47e223f\" data-element_type=\"widget\" data-widget_type=\"text-editor.default\">\n\t\t\t\t<div class=\"elementor-widget-container\">\n\t\t\t\t\t\t\t\t\t<p><span class=\"ui-provider gz b c d e f g h i j k l m n o p q r s t u v w x y z ab ac ae af ag ah ai aj ak\" dir=\"ltr\">Tiene lugar todos los martes de 20:00 a 21:00 (hora de Brasilia).\u00a0<\/span><\/p><p><strong>COORDINACI\u00d3N GENERAL:<\/strong><\/p><p>Dr. Andr\u00e9 Yui Aihara<\/p><p>Dr. Eduardo Pacheco<\/p><p>Dr. Luis Pecci Neto<\/p><p>Dr. Otto Wolf Maciel<\/p><p>Mantente atento a las redes sociales del CBR para conocer el tema de los pr\u00f3ximos lives, puedes inscribirte para los pr\u00f3ximos Sig's en el bot\u00f3n de abajo, liberamos la inscripci\u00f3n aproximadamente 10 d\u00edas antes del evento.<\/p>\t\t\t\t\t\t\t\t<\/div>\n\t\t\t\t<\/div>\n\t\t\t\t<div class=\"elementor-element elementor-element-c1e332a elementor-align-center elementor-widget elementor-widget-button\" data-id=\"c1e332a\" data-element_type=\"widget\" data-widget_type=\"button.default\">\n\t\t\t\t<div class=\"elementor-widget-container\">\n\t\t\t\t\t\t\t\t\t<div class=\"elementor-button-wrapper\">\n\t\t\t\t\t<a class=\"elementor-button elementor-button-link elementor-size-lg\" href=\"https:\/\/cursosonline.cbr.org.br\/es\/curso\/sig-laudo-radiologico-ao-vivo\/\">\n\t\t\t\t\t\t<span class=\"elementor-button-content-wrapper\">\n\t\t\t\t\t\t\t\t\t<span class=\"elementor-button-text\">Pulse aqu\u00ed<\/span>\n\t\t\t\t\t<\/span>\n\t\t\t\t\t<\/a>\n\t\t\t\t<\/div>\n\t\t\t\t\t\t\t\t<\/div>\n\t\t\t\t<\/div>\n\t\t\t\t\t<\/div>\n\t\t<\/div>\n\t\t\t\t\t<\/div>\n\t\t<\/section>\n\t\t\t\t<\/div>","protected":false},"excerpt":{"rendered":"<p>Contenido a la carta, vea las ediciones anteriores de los SIG, una gran ventaja para quienes no pudieron verlos en directo o quieren recordar los mejores momentos del directo.<\/p>\n<p>GRATUITO PARA LOS MIEMBROS DE LA CBR.<\/p>","protected":false},"featured_media":455,"template":"","meta":[],"product_brand":[],"product_cat":[18,40,89],"product_tag":[],"class_list":{"0":"post-243","1":"product","2":"type-product","3":"status-publish","4":"has-post-thumbnail","6":"product_cat-cbr-educa","7":"product_cat-sigs","8":"product_cat-siglaudo","10":"first","11":"instock","12":"virtual","13":"sold-individually","14":"taxable","15":"purchasable","16":"product-type-simple"},"_links":{"self":[{"href":"https:\/\/cursosonline.cbr.org.br\/es\/wp-json\/wp\/v2\/product\/243","targetHints":{"allow":["GET"]}}],"collection":[{"href":"https:\/\/cursosonline.cbr.org.br\/es\/wp-json\/wp\/v2\/product"}],"about":[{"href":"https:\/\/cursosonline.cbr.org.br\/es\/wp-json\/wp\/v2\/types\/product"}],"version-history":[{"count":10,"href":"https:\/\/cursosonline.cbr.org.br\/es\/wp-json\/wp\/v2\/product\/243\/revisions"}],"predecessor-version":[{"id":33275,"href":"https:\/\/cursosonline.cbr.org.br\/es\/wp-json\/wp\/v2\/product\/243\/revisions\/33275"}],"wp:featuredmedia":[{"embeddable":true,"href":"https:\/\/cursosonline.cbr.org.br\/es\/wp-json\/wp\/v2\/media\/455"}],"wp:attachment":[{"href":"https:\/\/cursosonline.cbr.org.br\/es\/wp-json\/wp\/v2\/media?parent=243"}],"wp:term":[{"taxonomy":"product_brand","embeddable":true,"href":"https:\/\/cursosonline.cbr.org.br\/es\/wp-json\/wp\/v2\/product_brand?post=243"},{"taxonomy":"product_cat","embeddable":true,"href":"https:\/\/cursosonline.cbr.org.br\/es\/wp-json\/wp\/v2\/product_cat?post=243"},{"taxonomy":"product_tag","embeddable":true,"href":"https:\/\/cursosonline.cbr.org.br\/es\/wp-json\/wp\/v2\/product_tag?post=243"}],"curies":[{"name":"gracias","href":"https:\/\/api.w.org\/{rel}","templated":true}]}}