{"id":245,"date":"2023-08-31T15:00:22","date_gmt":"2023-08-31T18:00:22","guid":{"rendered":"https:\/\/cursosonline.cbr.org.br\/?post_type=product&#038;p=245"},"modified":"2026-03-12T10:18:43","modified_gmt":"2026-03-12T13:18:43","slug":"sig-on-demand-cite","status":"publish","type":"product","link":"https:\/\/cursosonline.cbr.org.br\/es\/curso\/sig-on-demand-cite\/","title":{"rendered":"SIG a la carta l Citas 2022 y 2023"},"content":{"rendered":"<div data-elementor-type=\"product-post\" data-elementor-id=\"245\" class=\"elementor elementor-245\" data-elementor-post-type=\"product\">\n\t\t\t\t\t\t<section class=\"elementor-section elementor-top-section elementor-element elementor-element-b3b7fc6 elementor-section-boxed elementor-section-height-default elementor-section-height-default\" data-id=\"b3b7fc6\" data-element_type=\"section\">\n\t\t\t\t\t\t<div class=\"elementor-container elementor-column-gap-default\">\n\t\t\t\t\t<div class=\"elementor-column elementor-col-100 elementor-top-column elementor-element elementor-element-7692b03\" data-id=\"7692b03\" data-element_type=\"column\">\n\t\t\t<div class=\"elementor-widget-wrap elementor-element-populated\">\n\t\t\t\t\t\t<div class=\"elementor-element elementor-element-ee07362 elementor-widget elementor-widget-text-editor\" data-id=\"ee07362\" data-element_type=\"widget\" data-widget_type=\"text-editor.default\">\n\t\t\t\t<div class=\"elementor-widget-container\">\n\t\t\t\t\t\t\t\t\t<table border=\"0\"><tbody><tr><td><p>Siempre centrado en estimular la evoluci\u00f3n del aprendizaje, el Colegio Brasile\u00f1o de Radiolog\u00eda y Diagn\u00f3stico por Imagen (CBR) promueve la\u00a0<em>Grupos de inter\u00e9s especial<\/em>\u00a0(SIG). Se trata de reuniones tem\u00e1ticas para discutir casos cl\u00ednicos entre instituciones y diferentes especialidades, con el objetivo de proporcionar orientaci\u00f3n, discutir casos cl\u00ednicos intrigantes, intercambiar experiencias, estimular el debate, buscar el consenso, mejorar los protocolos cl\u00ednicos y los procedimientos diagn\u00f3sticos, adem\u00e1s de ser una gran oportunidad para ampliar su red de colegas.<\/p><p>Los SIG organizan seminarios online en directo, abordando siempre un tema espec\u00edfico de la radiolog\u00eda, con un enfoque multi y transdisciplinar. Se tratan diferentes temas, con profesionales nacionales e internacionales de primera l\u00ednea.<\/p><p>La participaci\u00f3n de residentes y estudiantes de postgrado es muy estimulada, y cada instituci\u00f3n est\u00e1 representada por sus l\u00edderes en sus respectivos campos. \"Con los constantes cambios y el surgimiento de innovaciones en el sector, el CBR sigue invirtiendo en eventos y actividades relevantes, con nuevas tecnolog\u00edas y formatos educativos modernos para estimular e impulsar el desarrollo t\u00e9cnico y cient\u00edfico de los profesionales en sus diferentes necesidades y especialidades\", afirma la direcci\u00f3n del Colegio.<\/p><\/td><\/tr><\/tbody><\/table>\t\t\t\t\t\t\t\t<\/div>\n\t\t\t\t<\/div>\n\t\t\t\t<div class=\"elementor-element elementor-element-1060fee elementor-widget elementor-widget-text-editor\" data-id=\"1060fee\" data-element_type=\"widget\" data-widget_type=\"text-editor.default\">\n\t\t\t\t<div class=\"elementor-widget-container\">\n\t\t\t\t\t\t\t\t\t<p>De momento no tenemos ediciones en directo de SIG CITE, \u00a1m\u00e1s informaci\u00f3n pronto!<\/p>\t\t\t\t\t\t\t\t<\/div>\n\t\t\t\t<\/div>\n\t\t\t\t\t<\/div>\n\t\t<\/div>\n\t\t\t\t\t<\/div>\n\t\t<\/section>\n\t\t\t\t<\/div>","protected":false},"excerpt":{"rendered":"<p>Contenido a la carta, vea las ediciones anteriores de los SIG, una gran ventaja para quienes no pudieron asistir al \"directo\" o quieren recordar los mejores momentos del directo.<\/p>\n<p><strong>GRATUITO PARA LOS MIEMBROS DE LA CBR.<\/strong><\/p>","protected":false},"featured_media":19593,"template":"","meta":[],"product_brand":[],"product_cat":[18,40,106],"product_tag":[],"class_list":{"0":"post-245","1":"product","2":"type-product","3":"status-publish","4":"has-post-thumbnail","6":"product_cat-cbr-educa","7":"product_cat-sigs","8":"product_cat-sig-cite","10":"first","11":"instock","12":"virtual","13":"sold-individually","14":"taxable","15":"purchasable","16":"product-type-simple"},"_links":{"self":[{"href":"https:\/\/cursosonline.cbr.org.br\/es\/wp-json\/wp\/v2\/product\/245","targetHints":{"allow":["GET"]}}],"collection":[{"href":"https:\/\/cursosonline.cbr.org.br\/es\/wp-json\/wp\/v2\/product"}],"about":[{"href":"https:\/\/cursosonline.cbr.org.br\/es\/wp-json\/wp\/v2\/types\/product"}],"version-history":[{"count":11,"href":"https:\/\/cursosonline.cbr.org.br\/es\/wp-json\/wp\/v2\/product\/245\/revisions"}],"predecessor-version":[{"id":33274,"href":"https:\/\/cursosonline.cbr.org.br\/es\/wp-json\/wp\/v2\/product\/245\/revisions\/33274"}],"wp:featuredmedia":[{"embeddable":true,"href":"https:\/\/cursosonline.cbr.org.br\/es\/wp-json\/wp\/v2\/media\/19593"}],"wp:attachment":[{"href":"https:\/\/cursosonline.cbr.org.br\/es\/wp-json\/wp\/v2\/media?parent=245"}],"wp:term":[{"taxonomy":"product_brand","embeddable":true,"href":"https:\/\/cursosonline.cbr.org.br\/es\/wp-json\/wp\/v2\/product_brand?post=245"},{"taxonomy":"product_cat","embeddable":true,"href":"https:\/\/cursosonline.cbr.org.br\/es\/wp-json\/wp\/v2\/product_cat?post=245"},{"taxonomy":"product_tag","embeddable":true,"href":"https:\/\/cursosonline.cbr.org.br\/es\/wp-json\/wp\/v2\/product_tag?post=245"}],"curies":[{"name":"gracias","href":"https:\/\/api.w.org\/{rel}","templated":true}]}}