{"id":249,"date":"2023-08-31T17:57:40","date_gmt":"2023-08-31T20:57:40","guid":{"rendered":"https:\/\/cursosonline.cbr.org.br\/?post_type=product&#038;p=249"},"modified":"2026-03-10T13:08:19","modified_gmt":"2026-03-10T16:08:19","slug":"pec-online-bi-rads","status":"publish","type":"product","link":"https:\/\/cursosonline.cbr.org.br\/es\/curso\/pec-online-bi-rads\/","title":{"rendered":"Pec Online l BI-RADS"},"content":{"rendered":"<div data-elementor-type=\"product-post\" data-elementor-id=\"249\" class=\"elementor elementor-249\" data-elementor-post-type=\"product\">\n\t\t\t\t\t\t<section class=\"elementor-section elementor-top-section elementor-element elementor-element-f45d1e1 elementor-section-boxed elementor-section-height-default elementor-section-height-default\" data-id=\"f45d1e1\" data-element_type=\"section\">\n\t\t\t\t\t\t<div class=\"elementor-container elementor-column-gap-default\">\n\t\t\t\t\t<div class=\"elementor-column elementor-col-100 elementor-top-column elementor-element elementor-element-18908c8\" data-id=\"18908c8\" data-element_type=\"column\">\n\t\t\t<div class=\"elementor-widget-wrap elementor-element-populated\">\n\t\t\t\t\t\t<div class=\"elementor-element elementor-element-c2d5837 elementor-widget elementor-widget-text-editor\" data-id=\"c2d5837\" data-element_type=\"widget\" data-widget_type=\"text-editor.default\">\n\t\t\t\t<div class=\"elementor-widget-container\">\n\t\t\t\t\t\t\t\t\t<p>Este curso se divide en 12 unidades, cada una de las cuales se basa en los conocimientos adquiridos en las anteriores. La estructura es la siguiente:<\/p><ol><li><p>Cubre ACR BI-RADS\u00ae 5\u00aa edici\u00f3n en el contexto de la mamograf\u00eda, incluyendo l\u00e9xico, clasificaci\u00f3n y recomendaciones.<\/p><\/li><li><p><strong>\u00a0<\/strong>Contin\u00faa la exploraci\u00f3n del ACR BI-RADS\u00ae, pero ahora aplicado a la ecograf\u00eda, con especial atenci\u00f3n al l\u00e9xico, la clasificaci\u00f3n y las recomendaciones. Esta unidad es un prerrequisito para la Unidad 01.<\/p><\/li><li><p>Se centra en BI-RADS\u00ae aplicado a la resonancia magn\u00e9tica, abarcando el l\u00e9xico, la clasificaci\u00f3n y las recomendaciones. Los alumnos deben completar la Unidad 02 antes de acceder a esta unidad.<\/p><\/li><li><p>\u00a0Ofrece casos pr\u00e1cticos y aclara preguntas frecuentes relacionadas con BI-RADS\u00ae aplicado a la mamograf\u00eda. Para acceder a esta unidad, debe haber completado la Unidad 03.<\/p><\/li><li><p>\u00a0Presenta estudios de casos y responde a preguntas comunes relacionadas con BI-RADS\u00ae en ecograf\u00eda. Los alumnos deben haber completado la Unidad 04 como prerrequisito.<\/p><\/li><li><p>\u00a0Contin\u00faa con casos pr\u00e1cticos, pero ahora en el contexto de BI-RADS\u00ae aplicado a la resonancia magn\u00e9tica. Es necesario completar la Unidad 05 antes de continuar.<\/p><\/li><li><p>Cubre el est\u00e1ndar de documentaci\u00f3n e informe para mamograf\u00eda y ecograf\u00eda basado en BI-RADS\u00ae. Debe haber completado la Unidad 06 para acceder a esta unidad.<\/p><\/li><li><p>\u00a0Explora la tomos\u00edntesis mamaria y c\u00f3mo utilizar el l\u00e9xico, la clasificaci\u00f3n y la recomendaci\u00f3n adaptando BI-RADS. La unidad 07 debe completarse primero.<\/p><\/li><li><p>Presenta la auditor\u00eda BI-RADS\u00ae y c\u00f3mo puede beneficiar a la pr\u00e1ctica cl\u00ednica. Para acceder a esta unidad es necesario haber completado la Unidad 08.<\/p><\/li><li><p>\u00a0Abarca la evaluaci\u00f3n integrada de la mama, incluido el uso de la mamograf\u00eda, la mamograf\u00eda de contraste, la tomos\u00edntesis, la ecograf\u00eda y la resonancia magn\u00e9tica. Los alumnos deben haber completado la Unidad 09 antes de acceder a esta unidad.<\/p><\/li><li><p>\u00a0Explora la evaluaci\u00f3n intervencionista de la mama, incluidos los procedimientos, la documentaci\u00f3n y la correlaci\u00f3n anatomopatol\u00f3gica de las biopsias de mama. La finalizaci\u00f3n de la Unidad 10 es un requisito previo.<\/p><\/li><li><p>\u00a0Por \u00faltimo, la \u00faltima unidad aborda la gesti\u00f3n de la calidad en un servicio de mamograf\u00eda. Es necesario haber completado la Unidad 11 antes de acceder a esta unidad.<\/p><\/li><\/ol><p>Esta estructura permite a los estudiantes progresar de forma l\u00f3gica, adquiriendo conocimientos a medida que avanzan en el curso.<\/p>\t\t\t\t\t\t\t\t<\/div>\n\t\t\t\t<\/div>\n\t\t\t\t\t<\/div>\n\t\t<\/div>\n\t\t\t\t\t<\/div>\n\t\t<\/section>\n\t\t\t\t<\/div>","protected":false},"excerpt":{"rendered":"<p>PEC online BI-RADS\u00ae presenta las actualizaciones de la 5\u00aa edici\u00f3n del libro.<br \/>\nEl curso contiene 1 m\u00f3dulo con 12 lecciones en v\u00eddeo y una evaluaci\u00f3n final para terminar el ciclo de aprendizaje.<\/p>\n<p><strong>GRATUITO PARA LOS MIEMBROS DE LA CBR.<\/strong><\/p>","protected":false},"featured_media":472,"template":"","meta":[],"product_brand":[],"product_cat":[18],"product_tag":[],"class_list":{"0":"post-249","1":"product","2":"type-product","3":"status-publish","4":"has-post-thumbnail","6":"product_cat-cbr-educa","8":"first","9":"instock","10":"virtual","11":"sold-individually","12":"taxable","13":"purchasable","14":"product-type-simple"},"_links":{"self":[{"href":"https:\/\/cursosonline.cbr.org.br\/es\/wp-json\/wp\/v2\/product\/249","targetHints":{"allow":["GET"]}}],"collection":[{"href":"https:\/\/cursosonline.cbr.org.br\/es\/wp-json\/wp\/v2\/product"}],"about":[{"href":"https:\/\/cursosonline.cbr.org.br\/es\/wp-json\/wp\/v2\/types\/product"}],"version-history":[{"count":9,"href":"https:\/\/cursosonline.cbr.org.br\/es\/wp-json\/wp\/v2\/product\/249\/revisions"}],"predecessor-version":[{"id":33042,"href":"https:\/\/cursosonline.cbr.org.br\/es\/wp-json\/wp\/v2\/product\/249\/revisions\/33042"}],"wp:featuredmedia":[{"embeddable":true,"href":"https:\/\/cursosonline.cbr.org.br\/es\/wp-json\/wp\/v2\/media\/472"}],"wp:attachment":[{"href":"https:\/\/cursosonline.cbr.org.br\/es\/wp-json\/wp\/v2\/media?parent=249"}],"wp:term":[{"taxonomy":"product_brand","embeddable":true,"href":"https:\/\/cursosonline.cbr.org.br\/es\/wp-json\/wp\/v2\/product_brand?post=249"},{"taxonomy":"product_cat","embeddable":true,"href":"https:\/\/cursosonline.cbr.org.br\/es\/wp-json\/wp\/v2\/product_cat?post=249"},{"taxonomy":"product_tag","embeddable":true,"href":"https:\/\/cursosonline.cbr.org.br\/es\/wp-json\/wp\/v2\/product_tag?post=249"}],"curies":[{"name":"gracias","href":"https:\/\/api.w.org\/{rel}","templated":true}]}}