{"id":255,"date":"2023-08-31T19:05:58","date_gmt":"2023-08-31T22:05:58","guid":{"rendered":"https:\/\/cursosonline.cbr.org.br\/?post_type=product&#038;p=255"},"modified":"2026-03-10T13:08:07","modified_gmt":"2026-03-10T16:08:07","slug":"curso-cbron-radiologia-na-graduacao-medica","status":"publish","type":"product","link":"https:\/\/cursosonline.cbr.org.br\/es\/curso\/curso-cbron-radiologia-na-graduacao-medica\/","title":{"rendered":"CbrOn Curso de Radiolog\u00eda en Medicina de Pregrado"},"content":{"rendered":"<div data-elementor-type=\"product-post\" data-elementor-id=\"255\" class=\"elementor elementor-255\" data-elementor-post-type=\"product\">\n\t\t\t\t\t\t<section class=\"elementor-section elementor-top-section elementor-element elementor-element-65cc9cce elementor-section-boxed elementor-section-height-default elementor-section-height-default\" data-id=\"65cc9cce\" data-element_type=\"section\">\n\t\t\t\t\t\t<div class=\"elementor-container elementor-column-gap-default\">\n\t\t\t\t\t<div class=\"elementor-column elementor-col-100 elementor-top-column elementor-element elementor-element-a5fc2b7\" data-id=\"a5fc2b7\" data-element_type=\"column\">\n\t\t\t<div class=\"elementor-widget-wrap elementor-element-populated\">\n\t\t\t\t\t\t<div class=\"elementor-element elementor-element-4952acbd elementor-widget elementor-widget-text-editor\" data-id=\"4952acbd\" data-element_type=\"widget\" data-widget_type=\"text-editor.default\">\n\t\t\t\t<div class=\"elementor-widget-container\">\n\t\t\t\t\t\t\t\t\t<h4><\/h4>\r\n<h6 style=\"text-align: center\"><\/h6>\t\t\t\t\t\t\t\t<\/div>\n\t\t\t\t<\/div>\n\t\t\t\t\t<\/div>\n\t\t<\/div>\n\t\t\t\t\t<\/div>\n\t\t<\/section>\n\t\t\t\t<section class=\"elementor-section elementor-top-section elementor-element elementor-element-680954e elementor-section-boxed elementor-section-height-default elementor-section-height-default\" data-id=\"680954e\" data-element_type=\"section\">\n\t\t\t\t\t\t<div class=\"elementor-container elementor-column-gap-default\">\n\t\t\t\t\t<div class=\"elementor-column elementor-col-100 elementor-top-column elementor-element elementor-element-b18213b\" data-id=\"b18213b\" data-element_type=\"column\">\n\t\t\t<div class=\"elementor-widget-wrap elementor-element-populated\">\n\t\t\t\t\t\t<div class=\"elementor-element elementor-element-8f6d55d elementor-widget elementor-widget-text-editor\" data-id=\"8f6d55d\" data-element_type=\"widget\" data-widget_type=\"text-editor.default\">\n\t\t\t\t<div class=\"elementor-widget-container\">\n\t\t\t\t\t\t\t\t\t<p>Este espacio ha sido preparado para que usted, radi\u00f3logo, pueda estar al d\u00eda de los diversos temas y debates de inter\u00e9s para su especialidad. Aqu\u00ed podr\u00e1 reforzar su formaci\u00f3n continuada de forma pr\u00e1ctica y eficaz. El curso est\u00e1 coordinado por Luis Ronan Marquez Ferreira de Souza y Manoel de Souza Rocha, ambos especialistas en Radiolog\u00eda. A continuaci\u00f3n se presenta la estructura del curso, dividido en m\u00f3dulos:<\/p><p><strong><span style=\"color: #6628f7\">M\u00f3dulo 1:<\/span><\/strong> Introducci\u00f3n a los principios de la formaci\u00f3n de im\u00e1genes radiol\u00f3gicas, incluidas la radiograf\u00eda simple y la ecograf\u00eda, la tomograf\u00eda computarizada y la resonancia magn\u00e9tica.<\/p><p><strong><span style=\"color: #6628f7\">M\u00f3dulo 2:<\/span><\/strong> Aborda las afecciones neurol\u00f3gicas de urgencia, con definiciones cl\u00ednicas de ictus y TCE (traumatismo craneoencef\u00e1lico).<\/p><p><strong><span style=\"color: #6628f7\">M\u00f3dulo 3:<\/span><\/strong> Explora temas relacionados con la disnea s\u00fabita y el dolor tor\u00e1cico agudo, adem\u00e1s de discutir la elecci\u00f3n de los m\u00e9todos de diagn\u00f3stico por imagen.<\/p><p><strong><span style=\"color: #6628f7\">M\u00f3dulo 4:<\/span><\/strong> Trata el tema del \"Abdomen agudo\", abarcando los aspectos obstructivos, inflamatorios y vasculares\/isqu\u00e9micos.<\/p><p><strong><span style=\"color: #6628f7\">M\u00f3dulo 5:<\/span><\/strong> Se centra en los traumatismos de alto impacto y los protocolos ecogr\u00e1ficos, incluidos los traumatismos tor\u00e1cicos y las lesiones traum\u00e1ticas abdominales.<\/p><p><strong><span style=\"color: #6628f7\">M\u00f3dulo 6:<\/span> <\/strong>Trata de la ictericia, su diagn\u00f3stico y los m\u00e9todos de diagn\u00f3stico por imagen.<\/p><p><strong><span style=\"color: #6628f7\">M\u00f3dulo 7:<\/span> <\/strong>Explora situaciones ortop\u00e9dicas, clasificando fracturas \u00f3seas, fracturas de columna e identificando tumores e infecciones \u00f3seas.<\/p><p><strong><span style=\"color: #6628f7\">M\u00f3dulo 8:<\/span><\/strong> Se centra en el uso de pruebas de imagen en oncolog\u00eda, incluido el cribado mamario, el cribado del c\u00e1ncer de pulm\u00f3n y la estadificaci\u00f3n de neoplasias malignas.<\/p><p><strong><span style=\"color: #6628f7\">M\u00f3dulo 9:<\/span> <\/strong>Trata la radiolog\u00eda como especialidad m\u00e9dica, el papel del radi\u00f3logo y la radiolog\u00eda intervencionista.<\/p><p><strong><span style=\"color: #6628f7\">M\u00f3dulo 10:<\/span><\/strong> Explora la ordenaci\u00f3n racional de los ex\u00e1menes ecogr\u00e1ficos.<\/p><p><strong><span style=\"color: #6628f7\">M\u00f3dulo 11:<\/span> <\/strong>Se centra en el diagn\u00f3stico por imagen en Obstetricia y Ginecolog\u00eda, y abarca aspectos relacionados con la obstetricia y la ginecolog\u00eda.<\/p><p><strong><span style=\"color: #6628f7\">M\u00f3dulo 12:<\/span><\/strong> Abarca la ecograf\u00eda tiroidea y el sistema de clasificaci\u00f3n TIRADS.<\/p><p>Cada m\u00f3dulo incluye publicaciones de contenidos relacionados con el tema, as\u00ed como evaluaciones para los estudiantes.\u00a0<\/p>\t\t\t\t\t\t\t\t<\/div>\n\t\t\t\t<\/div>\n\t\t\t\t\t<\/div>\n\t\t<\/div>\n\t\t\t\t\t<\/div>\n\t\t<\/section>\n\t\t\t\t<\/div>","protected":false},"excerpt":{"rendered":"<p>Este espacio ha sido preparado para que usted, como residente y radi\u00f3logo asociado al CBR, pueda mantenerse actualizado con los diversos temas y debates de inter\u00e9s para su especialidad. Aqu\u00ed podr\u00e1s reforzar tu formaci\u00f3n continuada de forma pr\u00e1ctica y eficaz, abordando algunos posibles diagn\u00f3sticos relacionados con el tema de la Radiolog\u00eda en la Graduaci\u00f3n M\u00e9dica.<\/p>\n<p><strong>GRATUITO PARA LOS MIEMBROS DE LA CBR.<\/strong><\/p>","protected":false},"featured_media":467,"template":"","meta":[],"product_brand":[],"product_cat":[18,43],"product_tag":[],"class_list":{"0":"post-255","1":"product","2":"type-product","3":"status-publish","4":"has-post-thumbnail","6":"product_cat-cbr-educa","7":"product_cat-cbr-on","9":"first","10":"instock","11":"virtual","12":"sold-individually","13":"taxable","14":"purchasable","15":"product-type-simple"},"_links":{"self":[{"href":"https:\/\/cursosonline.cbr.org.br\/es\/wp-json\/wp\/v2\/product\/255","targetHints":{"allow":["GET"]}}],"collection":[{"href":"https:\/\/cursosonline.cbr.org.br\/es\/wp-json\/wp\/v2\/product"}],"about":[{"href":"https:\/\/cursosonline.cbr.org.br\/es\/wp-json\/wp\/v2\/types\/product"}],"version-history":[{"count":10,"href":"https:\/\/cursosonline.cbr.org.br\/es\/wp-json\/wp\/v2\/product\/255\/revisions"}],"predecessor-version":[{"id":33040,"href":"https:\/\/cursosonline.cbr.org.br\/es\/wp-json\/wp\/v2\/product\/255\/revisions\/33040"}],"wp:featuredmedia":[{"embeddable":true,"href":"https:\/\/cursosonline.cbr.org.br\/es\/wp-json\/wp\/v2\/media\/467"}],"wp:attachment":[{"href":"https:\/\/cursosonline.cbr.org.br\/es\/wp-json\/wp\/v2\/media?parent=255"}],"wp:term":[{"taxonomy":"product_brand","embeddable":true,"href":"https:\/\/cursosonline.cbr.org.br\/es\/wp-json\/wp\/v2\/product_brand?post=255"},{"taxonomy":"product_cat","embeddable":true,"href":"https:\/\/cursosonline.cbr.org.br\/es\/wp-json\/wp\/v2\/product_cat?post=255"},{"taxonomy":"product_tag","embeddable":true,"href":"https:\/\/cursosonline.cbr.org.br\/es\/wp-json\/wp\/v2\/product_tag?post=255"}],"curies":[{"name":"gracias","href":"https:\/\/api.w.org\/{rel}","templated":true}]}}