{"id":257,"date":"2023-08-31T19:13:46","date_gmt":"2023-08-31T22:13:46","guid":{"rendered":"https:\/\/cursosonline.cbr.org.br\/?post_type=product&#038;p=257"},"modified":"2026-03-10T13:08:01","modified_gmt":"2026-03-10T16:08:01","slug":"curso-cbron-musculoesqueletico","status":"publish","type":"product","link":"https:\/\/cursosonline.cbr.org.br\/es\/curso\/curso-cbron-musculoesqueletico\/","title":{"rendered":"Curso CbrOn Musculoesquel\u00e9tico"},"content":{"rendered":"<div data-elementor-type=\"product-post\" data-elementor-id=\"257\" class=\"elementor elementor-257\" data-elementor-post-type=\"product\">\n\t\t\t\t\t\t<section class=\"elementor-section elementor-top-section elementor-element elementor-element-fa3a527 elementor-section-boxed elementor-section-height-default elementor-section-height-default\" data-id=\"fa3a527\" data-element_type=\"section\">\n\t\t\t\t\t\t<div class=\"elementor-container elementor-column-gap-default\">\n\t\t\t\t\t<div class=\"elementor-column elementor-col-100 elementor-top-column elementor-element elementor-element-33a7ace\" data-id=\"33a7ace\" data-element_type=\"column\">\n\t\t\t<div class=\"elementor-widget-wrap elementor-element-populated\">\n\t\t\t\t\t\t<div class=\"elementor-element elementor-element-3ca804e elementor-widget elementor-widget-text-editor\" data-id=\"3ca804e\" data-element_type=\"widget\" data-widget_type=\"text-editor.default\">\n\t\t\t\t<div class=\"elementor-widget-container\">\n\t\t\t\t\t\t\t\t\t<p>Este espacio fue creado para que los radi\u00f3logos actualicen sus conocimientos sobre temas relacionados con la radiolog\u00eda musculoesquel\u00e9tica. El curso est\u00e1 coordinado por Aline Serfaty y Luciene Mota de Andrade, ambas especialistas en la materia. El curso se divide en cuatro m\u00f3dulos:<\/p><p><span style=\"color: #6628f7\"><strong>M\u00f3dulo 1 - Hombro<\/strong><\/span><\/p><ul><li>Presentaci\u00f3n y requisitos previos<\/li><li>Radiograf\u00eda de hombro: consejos para una evaluaci\u00f3n completa y eficaz<\/li><li>Manguito rotador: informaci\u00f3n relevante para cirujanos ortop\u00e9dicos<\/li><li>Inestabilidad glenohumeral anterior no complicada<\/li><li>Inestabilidad glenohumeral parte 2: inestabilidad posterior<\/li><li>Patrones de microinestabilidad y otras lesiones del labrum<\/li><\/ul><p><span style=\"color: #6628f7\"><strong>M\u00f3dulo 2 - Cadera<\/strong><\/span><\/p><ul><li>Requisitos previos del m\u00f3dulo 1<\/li><li>Radiograf\u00eda de la pelvis: consejos para una evaluaci\u00f3n completa y eficaz<\/li><li>Pinzamiento femoroacetabular<\/li><li>Tendinopat\u00edas<\/li><li>Cambios en la cabeza femoral en adultos<\/li><li>Dolor gl\u00fateo profundo<\/li><\/ul><p><span style=\"color: #6628f7\"><strong>M\u00f3dulo 3 - Rodilla<\/strong><\/span><\/p><ul><li>Requisitos previos del m\u00f3dulo 2<\/li><li>Radiograf\u00eda de rodilla: consejos para una evaluaci\u00f3n completa y eficaz<\/li><li>Lesi\u00f3n de menisco, parte 1 (b\u00e1sica)<\/li><li>Lesi\u00f3n de menisco parte 1 (avanzada)<\/li><li>Lesi\u00f3n del ligamento cruzado (a\u00fan no publicado)<\/li><li>Lesiones del \u00e1ngulo posteromedial<\/li><li>Lesiones del \u00e1ngulo posterolateral<\/li><\/ul><p><span style=\"color: #6628f7\"><strong>M\u00f3dulo 4 - Tobillo y pie<\/strong><\/span><\/p><ul><li>Requisitos previos del m\u00f3dulo 3<\/li><li>Radiograf\u00eda del tobillo: consejos para una evaluaci\u00f3n completa y eficaz<\/li><li>Lesiones de ligamentos<\/li><li>Tendinopat\u00edas<\/li><li>Placa plantar Parte I<\/li><li>Placa plantar Parte II<\/li><li>Placa plantar Parte III<\/li><li>Lesi\u00f3n osteocondral del astr\u00e1galo: de lo b\u00e1sico a lo avanzado<\/li><\/ul><p>Cada m\u00f3dulo incluye conferencias y pruebas de evaluaci\u00f3n. El curso tiene como objetivo mejorar la formaci\u00f3n continua de los radi\u00f3logos en el \u00e1rea musculoesquel\u00e9tica, proporcionando informaci\u00f3n pr\u00e1ctica y eficaz sobre los diagn\u00f3sticos relacionados con estas regiones del cuerpo.<\/p>\t\t\t\t\t\t\t\t<\/div>\n\t\t\t\t<\/div>\n\t\t\t\t\t<\/div>\n\t\t<\/div>\n\t\t\t\t\t<\/div>\n\t\t<\/section>\n\t\t\t\t<\/div>","protected":false},"excerpt":{"rendered":"<p>Este espacio ha sido preparado para que usted, radi\u00f3logo, pueda mantenerse actualizado con los diversos temas y debates de inter\u00e9s para su especialidad. Aqu\u00ed podr\u00e1s reforzar tu formaci\u00f3n continuada de forma pr\u00e1ctica y eficaz, abordando algunos posibles diagn\u00f3sticos relacionados con la tem\u00e1tica Musculoesquel\u00e9tica.<\/p>\n<p><strong>GRATUITO PARA LOS MIEMBROS DE LA CBR.<\/strong><\/p>","protected":false},"featured_media":449,"template":"","meta":[],"product_brand":[],"product_cat":[18,43],"product_tag":[],"class_list":{"0":"post-257","1":"product","2":"type-product","3":"status-publish","4":"has-post-thumbnail","6":"product_cat-cbr-educa","7":"product_cat-cbr-on","9":"first","10":"instock","11":"virtual","12":"sold-individually","13":"taxable","14":"purchasable","15":"product-type-simple"},"_links":{"self":[{"href":"https:\/\/cursosonline.cbr.org.br\/es\/wp-json\/wp\/v2\/product\/257","targetHints":{"allow":["GET"]}}],"collection":[{"href":"https:\/\/cursosonline.cbr.org.br\/es\/wp-json\/wp\/v2\/product"}],"about":[{"href":"https:\/\/cursosonline.cbr.org.br\/es\/wp-json\/wp\/v2\/types\/product"}],"version-history":[{"count":13,"href":"https:\/\/cursosonline.cbr.org.br\/es\/wp-json\/wp\/v2\/product\/257\/revisions"}],"predecessor-version":[{"id":33039,"href":"https:\/\/cursosonline.cbr.org.br\/es\/wp-json\/wp\/v2\/product\/257\/revisions\/33039"}],"wp:featuredmedia":[{"embeddable":true,"href":"https:\/\/cursosonline.cbr.org.br\/es\/wp-json\/wp\/v2\/media\/449"}],"wp:attachment":[{"href":"https:\/\/cursosonline.cbr.org.br\/es\/wp-json\/wp\/v2\/media?parent=257"}],"wp:term":[{"taxonomy":"product_brand","embeddable":true,"href":"https:\/\/cursosonline.cbr.org.br\/es\/wp-json\/wp\/v2\/product_brand?post=257"},{"taxonomy":"product_cat","embeddable":true,"href":"https:\/\/cursosonline.cbr.org.br\/es\/wp-json\/wp\/v2\/product_cat?post=257"},{"taxonomy":"product_tag","embeddable":true,"href":"https:\/\/cursosonline.cbr.org.br\/es\/wp-json\/wp\/v2\/product_tag?post=257"}],"curies":[{"name":"gracias","href":"https:\/\/api.w.org\/{rel}","templated":true}]}}