{"id":28372,"date":"2025-10-14T11:41:27","date_gmt":"2025-10-14T14:41:27","guid":{"rendered":"https:\/\/cursosonline.cbr.org.br\/?post_type=product&#038;p=28372"},"modified":"2026-03-12T09:45:00","modified_gmt":"2026-03-12T12:45:00","slug":"webinar-ultrassom-a-rotina-com-excelencia-ultrassonografia-em-ginecologia-e-obstetricia-outubro-2025","status":"publish","type":"product","link":"https:\/\/cursosonline.cbr.org.br\/es\/curso\/webinar-ultrassom-a-rotina-com-excelencia-ultrassonografia-em-ginecologia-e-obstetricia-outubro-2025\/","title":{"rendered":"Seminario web sobre ecograf\u00eda | Excelencia en la rutina: Ecograf\u00eda en ginecolog\u00eda y obstetricia | Octubre de 2025"},"content":{"rendered":"<div data-elementor-type=\"product-post\" data-elementor-id=\"28372\" class=\"elementor elementor-28372\" data-elementor-post-type=\"product\">\n\t\t\t\t\t\t<section class=\"elementor-section elementor-top-section elementor-element elementor-element-59d082f1 elementor-section-boxed elementor-section-height-default elementor-section-height-default\" data-id=\"59d082f1\" data-element_type=\"section\">\n\t\t\t\t\t\t<div class=\"elementor-container elementor-column-gap-default\">\n\t\t\t\t\t<div class=\"elementor-column elementor-col-100 elementor-top-column elementor-element elementor-element-1f592be0\" data-id=\"1f592be0\" data-element_type=\"column\">\n\t\t\t<div class=\"elementor-widget-wrap elementor-element-populated\">\n\t\t\t\t\t\t<div class=\"elementor-element elementor-element-68429d0 elementor-widget elementor-widget-text-editor\" data-id=\"68429d0\" data-element_type=\"widget\" data-widget_type=\"text-editor.default\">\n\t\t\t\t<div class=\"elementor-widget-container\">\n\t\t\t\t\t\t\t\t\t<p style=\"text-align: center\">Participe en esta edici\u00f3n de agosto del Webinar de Ecograf\u00eda, una serie de videoconferencias que re\u00fanen a renombrados especialistas para abordar temas de inter\u00e9s general en el campo de la ecograf\u00eda. Con duraci\u00f3n de una hora, estos webinars tienen lugar cada cuatro semanas, siempre el \u00faltimo martes del mes, de 20h a 21h (hora de Brasilia). Explore casos relevantes relacionados con el tema del d\u00eda, haga preguntas y disfrute de una interacci\u00f3n significativa, proporcionando una experiencia pr\u00e1ctica de aprendizaje. El objetivo es ofrecer un conocimiento claro y did\u00e1ctico, transmitido por expertos dedicados, promoviendo la colaboraci\u00f3n y la mejora en Radiolog\u00eda. \u00danase a nosotros en una jornada educativa, donde la experiencia de profesionales nacionales e internacionales se une en favor de la ense\u00f1anza y el desarrollo de la Radiolog\u00eda en Brasil.<\/p>\t\t\t\t\t\t\t\t<\/div>\n\t\t\t\t<\/div>\n\t\t\t\t\t<\/div>\n\t\t<\/div>\n\t\t\t\t\t<\/div>\n\t\t<\/section>\n\t\t\t\t<section class=\"elementor-section elementor-top-section elementor-element elementor-element-1291356 elementor-section-boxed elementor-section-height-default elementor-section-height-default\" data-id=\"1291356\" data-element_type=\"section\">\n\t\t\t\t\t\t<div class=\"elementor-container elementor-column-gap-default\">\n\t\t\t\t\t<div class=\"elementor-column elementor-col-100 elementor-top-column elementor-element elementor-element-ee809af\" data-id=\"ee809af\" data-element_type=\"column\">\n\t\t\t<div class=\"elementor-widget-wrap elementor-element-populated\">\n\t\t\t\t\t\t<div class=\"elementor-element elementor-element-c8f6341 elementor-widget elementor-widget-text-editor\" data-id=\"c8f6341\" data-element_type=\"widget\" data-widget_type=\"text-editor.default\">\n\t\t\t\t<div class=\"elementor-widget-container\">\n\t\t\t\t\t\t\t\t\t<p data-start=\"221\" data-end=\"387\">En este <strong>Seminario web exclusivo sobre ultrasonido<\/strong>Tendr\u00e1s la oportunidad de profundizar tus conocimientos en\u00a0<em><strong>Ecograf\u00eda ginecol\u00f3gica y obst\u00e9trica <\/strong><\/em>con tres temas esenciales para la pr\u00e1ctica cl\u00ednica:<\/p><ul data-start=\"389\" data-end=\"633\"><li data-start=\"389\" data-end=\"469\"><p data-start=\"391\" data-end=\"469\"><strong data-start=\"391\" data-end=\"443\">Malformaciones m\u00fcllerianas;<\/strong><\/p><\/li><li data-start=\"470\" data-end=\"569\"><p data-start=\"472\" data-end=\"569\"><strong data-start=\"472\" data-end=\"541\">Espectro de placenta acreta;<\/strong><\/p><\/li><li data-start=\"570\" data-end=\"633\"><p data-start=\"572\" data-end=\"633\"><strong data-start=\"572\" data-end=\"612\">Ultrasonido en la Infancia y Adolescencia.<\/strong><\/p><\/li><\/ul><p data-start=\"635\" data-end=\"846\">Mant\u00e9ngase actualizado con reconocidos expertos en el campo y comprenda c\u00f3mo el ultrasonido puede ser una herramienta valiosa en la evaluaci\u00f3n dermatol\u00f3gica, desde procedimientos cosm\u00e9ticos hasta situaciones de emergencia y oncolog\u00eda cut\u00e1nea.<\/p><p data-start=\"848\" data-end=\"971\">\u00a1No pierdas la oportunidad de ampliar tu pr\u00e1ctica y explorar las aplicaciones del ultrasonido en dermatolog\u00eda de forma pr\u00e1ctica y segura!<\/p><p><strong>GRATUITO PARA LOS MIEMBROS DE CBR<\/strong><\/p>\t\t\t\t\t\t\t\t<\/div>\n\t\t\t\t<\/div>\n\t\t\t\t\t<\/div>\n\t\t<\/div>\n\t\t\t\t\t<\/div>\n\t\t<\/section>\n\t\t\t\t<section class=\"elementor-section elementor-top-section elementor-element elementor-element-eb4f9a7 elementor-section-boxed elementor-section-height-default elementor-section-height-default\" data-id=\"eb4f9a7\" data-element_type=\"section\">\n\t\t\t\t\t\t<div class=\"elementor-container elementor-column-gap-default\">\n\t\t\t\t\t<div class=\"elementor-column elementor-col-33 elementor-top-column elementor-element elementor-element-a6d44a2\" data-id=\"a6d44a2\" data-element_type=\"column\">\n\t\t\t<div class=\"elementor-widget-wrap elementor-element-populated\">\n\t\t\t\t\t\t<div class=\"elementor-element elementor-element-bb28439 elementor-widget elementor-widget-image\" data-id=\"bb28439\" data-element_type=\"widget\" data-widget_type=\"image.default\">\n\t\t\t\t<div class=\"elementor-widget-container\">\n\t\t\t\t\t\t\t\t\t\t\t\t\t\t\t<img fetchpriority=\"high\" decoding=\"async\" width=\"800\" height=\"800\" src=\"https:\/\/cursosonline.cbr.org.br\/wp-content\/uploads\/2025\/10\/Post1_WEBINAR-ULTRASSOM_28_10-1.jpg\" class=\"attachment-large size-large wp-image-28592\" alt=\"\" srcset=\"https:\/\/cursosonline.cbr.org.br\/wp-content\/uploads\/2025\/10\/Post1_WEBINAR-ULTRASSOM_28_10-1.jpg 1000w, https:\/\/cursosonline.cbr.org.br\/wp-content\/uploads\/2025\/10\/Post1_WEBINAR-ULTRASSOM_28_10-1-300x300.jpg 300w, https:\/\/cursosonline.cbr.org.br\/wp-content\/uploads\/2025\/10\/Post1_WEBINAR-ULTRASSOM_28_10-1-150x150.jpg 150w, https:\/\/cursosonline.cbr.org.br\/wp-content\/uploads\/2025\/10\/Post1_WEBINAR-ULTRASSOM_28_10-1-768x768.jpg 768w, https:\/\/cursosonline.cbr.org.br\/wp-content\/uploads\/2025\/10\/Post1_WEBINAR-ULTRASSOM_28_10-1-12x12.jpg 12w, https:\/\/cursosonline.cbr.org.br\/wp-content\/uploads\/2025\/10\/Post1_WEBINAR-ULTRASSOM_28_10-1-600x600.jpg 600w, https:\/\/cursosonline.cbr.org.br\/wp-content\/uploads\/2025\/10\/Post1_WEBINAR-ULTRASSOM_28_10-1-100x100.jpg 100w\" sizes=\"(max-width: 800px) 100vw, 800px\" \/>\t\t\t\t\t\t\t\t\t\t\t\t\t\t\t<\/div>\n\t\t\t\t<\/div>\n\t\t\t\t\t<\/div>\n\t\t<\/div>\n\t\t\t\t<div class=\"elementor-column elementor-col-33 elementor-top-column elementor-element elementor-element-0263ec4\" data-id=\"0263ec4\" data-element_type=\"column\">\n\t\t\t<div class=\"elementor-widget-wrap elementor-element-populated\">\n\t\t\t\t\t\t<div class=\"elementor-element elementor-element-27c4594 elementor-widget elementor-widget-image\" data-id=\"27c4594\" data-element_type=\"widget\" data-widget_type=\"image.default\">\n\t\t\t\t<div class=\"elementor-widget-container\">\n\t\t\t\t\t\t\t\t\t\t\t\t\t\t\t<img decoding=\"async\" width=\"800\" height=\"800\" src=\"https:\/\/cursosonline.cbr.org.br\/wp-content\/uploads\/2025\/10\/Post2_WEBINAR-ULTRASSOM_28_10-1.jpg\" class=\"attachment-large size-large wp-image-28593\" alt=\"\" srcset=\"https:\/\/cursosonline.cbr.org.br\/wp-content\/uploads\/2025\/10\/Post2_WEBINAR-ULTRASSOM_28_10-1.jpg 1000w, https:\/\/cursosonline.cbr.org.br\/wp-content\/uploads\/2025\/10\/Post2_WEBINAR-ULTRASSOM_28_10-1-300x300.jpg 300w, https:\/\/cursosonline.cbr.org.br\/wp-content\/uploads\/2025\/10\/Post2_WEBINAR-ULTRASSOM_28_10-1-150x150.jpg 150w, https:\/\/cursosonline.cbr.org.br\/wp-content\/uploads\/2025\/10\/Post2_WEBINAR-ULTRASSOM_28_10-1-768x768.jpg 768w, https:\/\/cursosonline.cbr.org.br\/wp-content\/uploads\/2025\/10\/Post2_WEBINAR-ULTRASSOM_28_10-1-12x12.jpg 12w, https:\/\/cursosonline.cbr.org.br\/wp-content\/uploads\/2025\/10\/Post2_WEBINAR-ULTRASSOM_28_10-1-600x600.jpg 600w, https:\/\/cursosonline.cbr.org.br\/wp-content\/uploads\/2025\/10\/Post2_WEBINAR-ULTRASSOM_28_10-1-100x100.jpg 100w\" sizes=\"(max-width: 800px) 100vw, 800px\" \/>\t\t\t\t\t\t\t\t\t\t\t\t\t\t\t<\/div>\n\t\t\t\t<\/div>\n\t\t\t\t\t<\/div>\n\t\t<\/div>\n\t\t\t\t<div class=\"elementor-column elementor-col-33 elementor-top-column elementor-element elementor-element-454a713\" data-id=\"454a713\" data-element_type=\"column\">\n\t\t\t<div class=\"elementor-widget-wrap elementor-element-populated\">\n\t\t\t\t\t\t<div class=\"elementor-element elementor-element-34b4982 elementor-widget elementor-widget-image\" data-id=\"34b4982\" data-element_type=\"widget\" data-widget_type=\"image.default\">\n\t\t\t\t<div class=\"elementor-widget-container\">\n\t\t\t\t\t\t\t\t\t\t\t\t\t\t\t<img decoding=\"async\" width=\"800\" height=\"800\" src=\"https:\/\/cursosonline.cbr.org.br\/wp-content\/uploads\/2025\/10\/Post_WEBINAR-ULTRASSOM_28_10.jpg\" class=\"attachment-large size-large wp-image-28594\" alt=\"\" srcset=\"https:\/\/cursosonline.cbr.org.br\/wp-content\/uploads\/2025\/10\/Post_WEBINAR-ULTRASSOM_28_10.jpg 1000w, https:\/\/cursosonline.cbr.org.br\/wp-content\/uploads\/2025\/10\/Post_WEBINAR-ULTRASSOM_28_10-300x300.jpg 300w, https:\/\/cursosonline.cbr.org.br\/wp-content\/uploads\/2025\/10\/Post_WEBINAR-ULTRASSOM_28_10-150x150.jpg 150w, https:\/\/cursosonline.cbr.org.br\/wp-content\/uploads\/2025\/10\/Post_WEBINAR-ULTRASSOM_28_10-768x768.jpg 768w, https:\/\/cursosonline.cbr.org.br\/wp-content\/uploads\/2025\/10\/Post_WEBINAR-ULTRASSOM_28_10-12x12.jpg 12w, https:\/\/cursosonline.cbr.org.br\/wp-content\/uploads\/2025\/10\/Post_WEBINAR-ULTRASSOM_28_10-600x600.jpg 600w, https:\/\/cursosonline.cbr.org.br\/wp-content\/uploads\/2025\/10\/Post_WEBINAR-ULTRASSOM_28_10-100x100.jpg 100w\" sizes=\"(max-width: 800px) 100vw, 800px\" \/>\t\t\t\t\t\t\t\t\t\t\t\t\t\t\t<\/div>\n\t\t\t\t<\/div>\n\t\t\t\t\t<\/div>\n\t\t<\/div>\n\t\t\t\t\t<\/div>\n\t\t<\/section>\n\t\t\t\t<\/div>","protected":false},"excerpt":{"rendered":"<p data-start=\"221\" data-end=\"387\"><strong>GRATUITO PARA LOS MIEMBROS DE CBR<\/strong><\/p>\n<p data-start=\"221\" data-end=\"387\"><strong>Tema<\/strong>: <span class=\"TextRun SCXW27755926 BCX0\" lang=\"PT-BR\" xml:lang=\"PT-BR\" data-contrast=\"auto\"><span class=\"NormalTextRun SCXW27755926 BCX0\">Excelencia rutinaria: ecograf\u00eda en ginecolog\u00eda y obstetricia<\/span><\/span><\/p>\n<p data-start=\"221\" data-end=\"387\"><strong>Date:<\/strong> 28 de octubre de 2025, de 20:00 a 21:00 horas<\/p>\n<p data-start=\"221\" data-end=\"387\"><strong>En vivo, en l\u00ednea<\/strong><\/p>\n<p>&nbsp;<\/p>","protected":false},"featured_media":28469,"template":"","meta":[],"product_brand":[],"product_cat":[18,39],"product_tag":[],"class_list":{"0":"post-28372","1":"product","2":"type-product","3":"status-publish","4":"has-post-thumbnail","6":"product_cat-cbr-educa","7":"product_cat-webinar-cbr-educa","9":"first","10":"instock","11":"virtual","12":"sold-individually","13":"taxable","14":"purchasable","15":"product-type-simple"},"_links":{"self":[{"href":"https:\/\/cursosonline.cbr.org.br\/es\/wp-json\/wp\/v2\/product\/28372","targetHints":{"allow":["GET"]}}],"collection":[{"href":"https:\/\/cursosonline.cbr.org.br\/es\/wp-json\/wp\/v2\/product"}],"about":[{"href":"https:\/\/cursosonline.cbr.org.br\/es\/wp-json\/wp\/v2\/types\/product"}],"version-history":[{"count":7,"href":"https:\/\/cursosonline.cbr.org.br\/es\/wp-json\/wp\/v2\/product\/28372\/revisions"}],"predecessor-version":[{"id":33145,"href":"https:\/\/cursosonline.cbr.org.br\/es\/wp-json\/wp\/v2\/product\/28372\/revisions\/33145"}],"wp:featuredmedia":[{"embeddable":true,"href":"https:\/\/cursosonline.cbr.org.br\/es\/wp-json\/wp\/v2\/media\/28469"}],"wp:attachment":[{"href":"https:\/\/cursosonline.cbr.org.br\/es\/wp-json\/wp\/v2\/media?parent=28372"}],"wp:term":[{"taxonomy":"product_brand","embeddable":true,"href":"https:\/\/cursosonline.cbr.org.br\/es\/wp-json\/wp\/v2\/product_brand?post=28372"},{"taxonomy":"product_cat","embeddable":true,"href":"https:\/\/cursosonline.cbr.org.br\/es\/wp-json\/wp\/v2\/product_cat?post=28372"},{"taxonomy":"product_tag","embeddable":true,"href":"https:\/\/cursosonline.cbr.org.br\/es\/wp-json\/wp\/v2\/product_tag?post=28372"}],"curies":[{"name":"gracias","href":"https:\/\/api.w.org\/{rel}","templated":true}]}}