{"id":293,"date":"2023-09-04T15:48:45","date_gmt":"2023-09-04T18:48:45","guid":{"rendered":"https:\/\/cursosonline.cbr.org.br\/?post_type=product&#038;p=293"},"modified":"2026-03-10T13:05:24","modified_gmt":"2026-03-10T16:05:24","slug":"atualiza23-l-cardiologia-angiotomografia-em-medicina-interna-aquisicao-pos-processamento-e-analise","status":"publish","type":"product","link":"https:\/\/cursosonline.cbr.org.br\/es\/curso\/atualiza23-l-cardiologia-angiotomografia-em-medicina-interna-aquisicao-pos-processamento-e-analise\/","title":{"rendered":"Atualiza23 l Cardiolog\u00eda - Angiograf\u00eda por TC en medicina interna: adquisici\u00f3n, posprocesamiento y an\u00e1lisis"},"content":{"rendered":"<div data-elementor-type=\"product-post\" data-elementor-id=\"293\" class=\"elementor elementor-293\" data-elementor-post-type=\"product\">\n\t\t\t\t\t\t<section class=\"elementor-section elementor-top-section elementor-element elementor-element-fd32bc6 elementor-section-boxed elementor-section-height-default elementor-section-height-default\" data-id=\"fd32bc6\" data-element_type=\"section\">\n\t\t\t\t\t\t<div class=\"elementor-container elementor-column-gap-default\">\n\t\t\t\t\t<div class=\"elementor-column elementor-col-100 elementor-top-column elementor-element elementor-element-5a24d3e0\" data-id=\"5a24d3e0\" data-element_type=\"column\">\n\t\t\t<div class=\"elementor-widget-wrap elementor-element-populated\">\n\t\t\t\t\t\t<div class=\"elementor-element elementor-element-30b64625 elementor-widget elementor-widget-text-editor\" data-id=\"30b64625\" data-element_type=\"widget\" data-widget_type=\"text-editor.default\">\n\t\t\t\t<div class=\"elementor-widget-container\">\n\t\t\t\t\t\t\t\t\t<p><strong>Coordinadores de \u00e1rea y de curso<\/strong><\/p><table border=\"0\"><tbody><tr><td><p>Gustavo Lemos Pelandr\u00e9<\/p><p>Roberto Sasdelli Neto<\/p><\/td><\/tr><\/tbody><\/table><p>\u00a0<\/p><p><strong>Objetivos de aprendizaje<\/strong><\/p><table border=\"0\"><tbody><tr><td><ul><li>Aprenda a realizar protocolos de adquisici\u00f3n de im\u00e1genes angiogr\u00e1ficas;<\/li><li>Conozca las principales t\u00e9cnicas de posprocesamiento de im\u00e1genes de angiograf\u00eda;<\/li><li>Interpretaci\u00f3n\/evaluaci\u00f3n de la estenosis carot\u00eddea;<\/li><li>Interpretaci\u00f3n\/evaluaci\u00f3n de los s\u00edndromes a\u00f3rticos agudos;<\/li><li>\u00a0Interpretaci\u00f3n\/evaluaci\u00f3n de aneurismas a\u00f3rticos;<\/li><li>\u00a0Interpretaci\u00f3n\/evaluaci\u00f3n del traumatismo a\u00f3rtico;<\/li><li>\u00a0Interpretaci\u00f3n\/evaluaci\u00f3n de estenosis y aneurismas de miembros inferiores;<\/li><li>Interpretaci\u00f3n\/evaluaci\u00f3n de estenosis y aneurismas viscerales.<\/li><\/ul><\/td><\/tr><\/tbody><\/table><p><strong>Men\u00fa<\/strong><\/p><table border=\"0\"><tbody><tr><td><p>Este curso presenta los fundamentos de la angiotomograf\u00eda (angiotc) por imagen en diversos segmentos del cuerpo.<\/p><p>Se impartir\u00e1n conferencias sobre la adquisici\u00f3n de im\u00e1genes de angiograf\u00eda por TC y las principales t\u00e9cnicas de posprocesamiento de im\u00e1genes.<\/p><p>Se abordar\u00e1n los principales diagn\u00f3sticos en angiotc mediante an\u00e1lisis estructurados de estenosis carot\u00eddeas, s\u00edndromes a\u00f3rticos agudos, aneurismas a\u00f3rticos, traumatismos a\u00f3rticos, estenosis y aneurismas de miembros inferiores, estenosis y aneurismas viscerales.<\/p><\/td><\/tr><\/tbody><\/table>\t\t\t\t\t\t\t\t<\/div>\n\t\t\t\t<\/div>\n\t\t\t\t\t<\/div>\n\t\t<\/div>\n\t\t\t\t\t<\/div>\n\t\t<\/section>\n\t\t\t\t<\/div>","protected":false},"excerpt":{"rendered":"<p>El Atualiza23 - Circuito Nacional de Radiolog\u00eda Brasile\u00f1a se celebr\u00f3 del 31 de marzo al 2 de abril. El evento tuvo lugar en el formato online 100% con el objetivo de promover la actualizaci\u00f3n te\u00f3rica y pr\u00e1ctica de los profesionales del sector. El Atualiza23 reuni\u00f3 sociedades estatales de todo Brasil y, sin precedentes, representantes de renombradas sociedades internacionales de radiolog\u00eda, ofreciendo numerosas actividades dirigidas a radi\u00f3logos y residentes.<\/p>\n<p><strong>GRATUITO PARA LOS MIEMBROS DE LA CBR.<\/strong><\/p>","protected":false},"featured_media":294,"template":"","meta":[],"product_brand":[],"product_cat":[18,38,85],"product_tag":[],"class_list":{"0":"post-293","1":"product","2":"type-product","3":"status-publish","4":"has-post-thumbnail","6":"product_cat-cbr-educa","7":"product_cat-atualiza","8":"product_cat-atualiza23","10":"first","11":"instock","12":"virtual","13":"sold-individually","14":"taxable","15":"purchasable","16":"product-type-simple"},"_links":{"self":[{"href":"https:\/\/cursosonline.cbr.org.br\/es\/wp-json\/wp\/v2\/product\/293","targetHints":{"allow":["GET"]}}],"collection":[{"href":"https:\/\/cursosonline.cbr.org.br\/es\/wp-json\/wp\/v2\/product"}],"about":[{"href":"https:\/\/cursosonline.cbr.org.br\/es\/wp-json\/wp\/v2\/types\/product"}],"version-history":[{"count":12,"href":"https:\/\/cursosonline.cbr.org.br\/es\/wp-json\/wp\/v2\/product\/293\/revisions"}],"predecessor-version":[{"id":33023,"href":"https:\/\/cursosonline.cbr.org.br\/es\/wp-json\/wp\/v2\/product\/293\/revisions\/33023"}],"wp:featuredmedia":[{"embeddable":true,"href":"https:\/\/cursosonline.cbr.org.br\/es\/wp-json\/wp\/v2\/media\/294"}],"wp:attachment":[{"href":"https:\/\/cursosonline.cbr.org.br\/es\/wp-json\/wp\/v2\/media?parent=293"}],"wp:term":[{"taxonomy":"product_brand","embeddable":true,"href":"https:\/\/cursosonline.cbr.org.br\/es\/wp-json\/wp\/v2\/product_brand?post=293"},{"taxonomy":"product_cat","embeddable":true,"href":"https:\/\/cursosonline.cbr.org.br\/es\/wp-json\/wp\/v2\/product_cat?post=293"},{"taxonomy":"product_tag","embeddable":true,"href":"https:\/\/cursosonline.cbr.org.br\/es\/wp-json\/wp\/v2\/product_tag?post=293"}],"curies":[{"name":"gracias","href":"https:\/\/api.w.org\/{rel}","templated":true}]}}