{"id":295,"date":"2023-09-04T15:51:51","date_gmt":"2023-09-04T18:51:51","guid":{"rendered":"https:\/\/cursosonline.cbr.org.br\/?post_type=product&#038;p=295"},"modified":"2026-03-10T13:05:19","modified_gmt":"2026-03-10T16:05:19","slug":"atualiza23-l-gastrointestinal-abdome-agudo-de-a-a-z","status":"publish","type":"product","link":"https:\/\/cursosonline.cbr.org.br\/es\/curso\/atualiza23-l-gastrointestinal-abdome-agudo-de-a-a-z\/","title":{"rendered":"Atualiza23 l Gastrointestinal- Abdomen agudo: de la A a la Z"},"content":{"rendered":"<div data-elementor-type=\"product-post\" data-elementor-id=\"295\" class=\"elementor elementor-295\" data-elementor-post-type=\"product\">\n\t\t\t\t\t\t<section class=\"elementor-section elementor-top-section elementor-element elementor-element-66796d41 elementor-section-boxed elementor-section-height-default elementor-section-height-default\" data-id=\"66796d41\" data-element_type=\"section\">\n\t\t\t\t\t\t<div class=\"elementor-container elementor-column-gap-default\">\n\t\t\t\t\t<div class=\"elementor-column elementor-col-100 elementor-top-column elementor-element elementor-element-50202b0\" data-id=\"50202b0\" data-element_type=\"column\">\n\t\t\t<div class=\"elementor-widget-wrap elementor-element-populated\">\n\t\t\t\t\t\t<div class=\"elementor-element elementor-element-3cdcbd35 elementor-widget elementor-widget-text-editor\" data-id=\"3cdcbd35\" data-element_type=\"widget\" data-widget_type=\"text-editor.default\">\n\t\t\t\t<div class=\"elementor-widget-container\">\n\t\t\t\t\t\t\t\t\t<p><strong>Coordinadores de \u00e1rea y de curso<\/strong><\/p><table border=\"0\"><tbody><tr><td><p>Giuseppe D'Ippolito<\/p><p>Daniella Braz Parente<\/p><p>Adriano de Araujo Lima Liguori<\/p><\/td><\/tr><\/tbody><\/table><div>\u00a0<\/div><div class=\"elementToProof\"><strong>Apoyo de la Sociedad Internacional<\/strong><\/div><div class=\"elementToProof\">\u00a0<\/div><p><img decoding=\"async\" class=\"alignnone size-full wp-image-1139\" src=\"https:\/\/cursosonline.cbr.org.br\/wp-content\/uploads\/2023\/09\/Screenshot_30-1.png\" alt=\"\" width=\"180\" height=\"94\" \/>\u00a0<\/p><p><strong>Objetivos de aprendizaje<\/strong><\/p><table border=\"0\"><tbody><tr><td><p>Despu\u00e9s de este taller el participante ser\u00e1 capaz de:<\/p><ul><li>Diagnosticar y describir las distintas causas de abdomen agudo;<\/li><li>Identificar las complicaciones abdominales secundarias a las distintas causas de abdomen agudo;<\/li><li>Asistir al equipo en el manejo cl\u00ednico y quir\u00fargico de pacientes con abdomen agudo;<\/li><li>Diagnosticar las causas del abdomen agudo en grupos especiales (oncol\u00f3gicos, bari\u00e1tricos y ginecol\u00f3gicos);<\/li><li>Comprender los criterios determinantes de la intervenci\u00f3n quir\u00fargica.<\/li><\/ul><\/td><\/tr><\/tbody><\/table><p>\u00a0<\/p><p>\u00a0<\/p>\t\t\t\t\t\t\t\t<\/div>\n\t\t\t\t<\/div>\n\t\t\t\t\t<\/div>\n\t\t<\/div>\n\t\t\t\t\t<\/div>\n\t\t<\/section>\n\t\t\t\t<\/div>","protected":false},"excerpt":{"rendered":"<p>El Atualiza23 - Circuito Nacional de Radiolog\u00eda Brasile\u00f1a se celebr\u00f3 del 31 de marzo al 2 de abril. El evento tuvo lugar en el formato online 100% con el objetivo de promover la actualizaci\u00f3n te\u00f3rica y pr\u00e1ctica de los profesionales del sector. El Atualiza23 reuni\u00f3 sociedades estatales de todo Brasil y, sin precedentes, representantes de renombradas sociedades internacionales de radiolog\u00eda, ofreciendo numerosas actividades dirigidas a radi\u00f3logos y residentes.<\/p>\n<p><strong>GRATUITO PARA LOS MIEMBROS DE LA CBR.<\/strong><\/p>","protected":false},"featured_media":296,"template":"","meta":[],"product_brand":[],"product_cat":[18,38,85],"product_tag":[],"class_list":{"0":"post-295","1":"product","2":"type-product","3":"status-publish","4":"has-post-thumbnail","6":"product_cat-cbr-educa","7":"product_cat-atualiza","8":"product_cat-atualiza23","10":"first","11":"instock","12":"virtual","13":"sold-individually","14":"taxable","15":"purchasable","16":"product-type-simple"},"_links":{"self":[{"href":"https:\/\/cursosonline.cbr.org.br\/es\/wp-json\/wp\/v2\/product\/295","targetHints":{"allow":["GET"]}}],"collection":[{"href":"https:\/\/cursosonline.cbr.org.br\/es\/wp-json\/wp\/v2\/product"}],"about":[{"href":"https:\/\/cursosonline.cbr.org.br\/es\/wp-json\/wp\/v2\/types\/product"}],"version-history":[{"count":10,"href":"https:\/\/cursosonline.cbr.org.br\/es\/wp-json\/wp\/v2\/product\/295\/revisions"}],"predecessor-version":[{"id":33022,"href":"https:\/\/cursosonline.cbr.org.br\/es\/wp-json\/wp\/v2\/product\/295\/revisions\/33022"}],"wp:featuredmedia":[{"embeddable":true,"href":"https:\/\/cursosonline.cbr.org.br\/es\/wp-json\/wp\/v2\/media\/296"}],"wp:attachment":[{"href":"https:\/\/cursosonline.cbr.org.br\/es\/wp-json\/wp\/v2\/media?parent=295"}],"wp:term":[{"taxonomy":"product_brand","embeddable":true,"href":"https:\/\/cursosonline.cbr.org.br\/es\/wp-json\/wp\/v2\/product_brand?post=295"},{"taxonomy":"product_cat","embeddable":true,"href":"https:\/\/cursosonline.cbr.org.br\/es\/wp-json\/wp\/v2\/product_cat?post=295"},{"taxonomy":"product_tag","embeddable":true,"href":"https:\/\/cursosonline.cbr.org.br\/es\/wp-json\/wp\/v2\/product_tag?post=295"}],"curies":[{"name":"gracias","href":"https:\/\/api.w.org\/{rel}","templated":true}]}}