{"id":29936,"date":"2025-11-24T16:44:42","date_gmt":"2025-11-24T19:44:42","guid":{"rendered":"https:\/\/cursosonline.cbr.org.br\/?post_type=product&#038;p=29936"},"modified":"2026-03-12T10:21:48","modified_gmt":"2026-03-12T13:21:48","slug":"webinar-padi-areas-de-apoio-e-servicos-complementares","status":"publish","type":"product","link":"https:\/\/cursosonline.cbr.org.br\/es\/curso\/webinar-padi-areas-de-apoio-e-servicos-complementares\/","title":{"rendered":"Webinar PADI: \u00c1REAS DE APOYO Y SERVICIOS COMPLEMENTARIOS"},"content":{"rendered":"<div data-elementor-type=\"product-post\" data-elementor-id=\"29936\" class=\"elementor elementor-29936\" data-elementor-post-type=\"product\">\n\t\t\t\t\t\t<section class=\"elementor-section elementor-top-section elementor-element elementor-element-46aefda8 elementor-section-boxed elementor-section-height-default elementor-section-height-default\" data-id=\"46aefda8\" data-element_type=\"section\">\n\t\t\t\t\t\t<div class=\"elementor-container elementor-column-gap-default\">\n\t\t\t\t\t<div class=\"elementor-column elementor-col-100 elementor-top-column elementor-element elementor-element-5bbf70b3\" data-id=\"5bbf70b3\" data-element_type=\"column\">\n\t\t\t<div class=\"elementor-widget-wrap elementor-element-populated\">\n\t\t\t\t\t\t<div class=\"elementor-element elementor-element-7b2482a elementor-widget elementor-widget-image\" data-id=\"7b2482a\" data-element_type=\"widget\" data-widget_type=\"image.default\">\n\t\t\t\t<div class=\"elementor-widget-container\">\n\t\t\t\t\t\t\t\t\t\t\t\t\t\t\t<img fetchpriority=\"high\" decoding=\"async\" width=\"800\" height=\"411\" src=\"https:\/\/cursosonline.cbr.org.br\/wp-content\/uploads\/2025\/11\/Linkedin_Areas-de-apoio-e-servicos-complementares-1024x526.jpg\" class=\"attachment-large size-large wp-image-29939\" alt=\"\" srcset=\"https:\/\/cursosonline.cbr.org.br\/wp-content\/uploads\/2025\/11\/Linkedin_Areas-de-apoio-e-servicos-complementares-1024x526.jpg 1024w, https:\/\/cursosonline.cbr.org.br\/wp-content\/uploads\/2025\/11\/Linkedin_Areas-de-apoio-e-servicos-complementares-300x154.jpg 300w, https:\/\/cursosonline.cbr.org.br\/wp-content\/uploads\/2025\/11\/Linkedin_Areas-de-apoio-e-servicos-complementares-768x395.jpg 768w, https:\/\/cursosonline.cbr.org.br\/wp-content\/uploads\/2025\/11\/Linkedin_Areas-de-apoio-e-servicos-complementares-18x9.jpg 18w, https:\/\/cursosonline.cbr.org.br\/wp-content\/uploads\/2025\/11\/Linkedin_Areas-de-apoio-e-servicos-complementares-600x308.jpg 600w, https:\/\/cursosonline.cbr.org.br\/wp-content\/uploads\/2025\/11\/Linkedin_Areas-de-apoio-e-servicos-complementares.jpg 1220w\" sizes=\"(max-width: 800px) 100vw, 800px\" \/>\t\t\t\t\t\t\t\t\t\t\t\t\t\t\t<\/div>\n\t\t\t\t<\/div>\n\t\t\t\t<div class=\"elementor-element elementor-element-4e4fa272 elementor-widget__width-initial elementor-widget elementor-widget-text-editor\" data-id=\"4e4fa272\" data-element_type=\"widget\" data-widget_type=\"text-editor.default\">\n\t\t\t\t<div class=\"elementor-widget-container\">\n\t\t\t\t\t\t\t\t\t<h2>Seminario web PADI: Principio 4 \u2013 \u00c1reas de apoyo y servicios complementarios<\/h2>\n<p data-start=\"452\" data-end=\"654\">En esta reuni\u00f3n, el enfoque ser\u00e1 <strong data-start=\"482\" data-end=\"513\">exclusivamente en los cambios<\/strong> relacionados con las \u00e1reas de apoyo que sustentan la seguridad, calidad y eficiencia de los servicios de diagn\u00f3stico por im\u00e1genes, incluyendo:<\/p><ul data-start=\"656\" data-end=\"1979\">\n<li data-start=\"656\" data-end=\"898\">\n<p data-start=\"658\" data-end=\"898\"><strong data-start=\"658\" data-end=\"679\">Gesti\u00f3n de personas<\/strong>: ajustes en los criterios de dimensionamiento de equipos, procesos de reclutamiento y despido, cualificaciones profesionales, protecci\u00f3n radiol\u00f3gica, salud ocupacional, bienestar, prevenci\u00f3n del acoso y canales de denuncia;<\/p>\n<\/li>\n<li data-start=\"899\" data-end=\"1124\">\n<p data-start=\"901\" data-end=\"1124\"><strong data-start=\"901\" data-end=\"927\">Gesti\u00f3n de equipos<\/strong>: innovaciones en el ciclo de vida tecnol\u00f3gico, inventario, plan de gesti\u00f3n y mantenimiento, gesti\u00f3n de riesgos, plan de contingencia y desmantelamiento con log\u00edstica inversa y responsabilidad ambiental;<\/p>\n<\/li>\n<li data-start=\"1125\" data-end=\"1418\">\n<p data-start=\"1127\" data-end=\"1418\"><strong data-start=\"1127\" data-end=\"1169\">Gesti\u00f3n de Insumos, Productos y Servicios<\/strong>: actualizaci\u00f3n de los requisitos para la contrataci\u00f3n y calificaci\u00f3n de proveedores (incluyendo teleradiolog\u00eda y control remoto), gesti\u00f3n de inventarios, almacenamiento, servicios tercerizados, disposici\u00f3n sostenible y control estricto de medicamentos y agentes de contraste;<\/p>\n<\/li>\n<li data-start=\"1419\" data-end=\"1674\">\n<p data-start=\"1421\" data-end=\"1674\"><strong data-start=\"1421\" data-end=\"1484\">Gesti\u00f3n de Art\u00edculos, Superficies, Desinfecci\u00f3n y Esterilizaci\u00f3n<\/strong>Mejoras en la clasificaci\u00f3n de \u00e1reas, saneamiento, uso de desinfectantes, control de plagas, procesamiento de materiales y prendas de vestir, trazabilidad y requisitos para servicios subcontratados;<\/p>\n<\/li>\n<li data-start=\"1675\" data-end=\"1979\">\n<p data-start=\"1677\" data-end=\"1979\"><strong data-start=\"1677\" data-end=\"1731\">Tecnolog\u00eda de la informaci\u00f3n e inteligencia artificial<\/strong>Nuevos criterios de seguridad de la informaci\u00f3n, LGPD (Ley General de Protecci\u00f3n de Datos de Brasil), infraestructura de TI, interoperabilidad entre sistemas, monitoreo de acceso, gesti\u00f3n de proveedores de TI, validaci\u00f3n de nuevas tecnolog\u00edas y uso responsable de IA en diagn\u00f3stico por im\u00e1genes.<\/p><\/li><\/ul><p data-start=\"1981\" data-end=\"2243\"> <strong data-start=\"1984\" data-end=\"1999\">Importante:<\/strong><br data-start=\"1999\" data-end=\"2002\">\nEste seminario web tiene como objetivo <strong data-start=\"2033\" data-end=\"2118\">Presentar lo que ha cambiado en el Principio 4 entre la Versi\u00f3n 5 y la Versi\u00f3n 6 del Est\u00e1ndar PADI.<\/strong>.<br data-start=\"2119\" data-end=\"2122\">\nEste no es un curso sobre interpretaci\u00f3n de la norma ni es una capacitaci\u00f3n detallada sobre la aplicaci\u00f3n de todos los criterios.<\/p><p data-path-to-node=\"1\">\n\n\n<\/p><p data-start=\"2245\" data-end=\"2517\" data-is-last-node=\"\" data-is-only-node=\"\">Participa y conoce m\u00e1s sobre... <strong data-start=\"2279\" data-end=\"2310\">actualizaciones del Principio 4<\/strong>, Comprender c\u00f3mo los cambios impactan la gesti\u00f3n de personas, equipos, suministros, infraestructura, TI e IA, reforzando la sostenibilidad, la seguridad y el cumplimiento de los servicios de diagn\u00f3stico por im\u00e1genes.<\/p>\t\t\t\t\t\t\t\t<\/div>\n\t\t\t\t<\/div>\n\t\t\t\t\t<\/div>\n\t\t<\/div>\n\t\t\t\t\t<\/div>\n\t\t<\/section>\n\t\t\t\t<section class=\"elementor-section elementor-top-section elementor-element elementor-element-63ace1e2 elementor-section-boxed elementor-section-height-default elementor-section-height-default\" data-id=\"63ace1e2\" data-element_type=\"section\">\n\t\t\t\t\t\t<div class=\"elementor-container elementor-column-gap-default\">\n\t\t\t\t\t<div class=\"elementor-column elementor-col-33 elementor-top-column elementor-element elementor-element-60f87715\" data-id=\"60f87715\" data-element_type=\"column\">\n\t\t\t<div class=\"elementor-widget-wrap\">\n\t\t\t\t\t\t\t<\/div>\n\t\t<\/div>\n\t\t\t\t<div class=\"elementor-column elementor-col-33 elementor-top-column elementor-element elementor-element-362bc762\" data-id=\"362bc762\" data-element_type=\"column\">\n\t\t\t<div class=\"elementor-widget-wrap elementor-element-populated\">\n\t\t\t\t\t\t<div class=\"elementor-element elementor-element-7a3779c9 elementor-widget__width-initial elementor-widget elementor-widget-image\" data-id=\"7a3779c9\" data-element_type=\"widget\" data-widget_type=\"image.default\">\n\t\t\t\t<div class=\"elementor-widget-container\">\n\t\t\t\t\t\t\t\t\t\t\t\t\t\t\t\t<a href=\"https:\/\/api.whatsapp.com\/send\/?phone=5511913001416&#038;text=Ol%C3%A1%2C+Estou%20com%20d\u00favidas%20sobre%20o%20%20treinamento%20Webinar%20Padi:%20Indicadores%20em%20Diagn\u00f3stico%20por%20Imagem%20&#038;type=phone_number&#038;app_absent=0\" target=\"_blank\">\n\t\t\t\t\t\t\t<img decoding=\"async\" width=\"300\" height=\"213\" src=\"https:\/\/cursosonline.cbr.org.br\/wp-content\/uploads\/2024\/05\/whatsapp_PNG5-300x213.png\" class=\"attachment-medium size-medium wp-image-7548\" alt=\"\" srcset=\"https:\/\/cursosonline.cbr.org.br\/wp-content\/uploads\/2024\/05\/whatsapp_PNG5-300x213.png 300w, https:\/\/cursosonline.cbr.org.br\/wp-content\/uploads\/2024\/05\/whatsapp_PNG5-1024x727.png 1024w, https:\/\/cursosonline.cbr.org.br\/wp-content\/uploads\/2024\/05\/whatsapp_PNG5-768x545.png 768w, https:\/\/cursosonline.cbr.org.br\/wp-content\/uploads\/2024\/05\/whatsapp_PNG5-1536x1091.png 1536w, https:\/\/cursosonline.cbr.org.br\/wp-content\/uploads\/2024\/05\/whatsapp_PNG5-600x426.png 600w, https:\/\/cursosonline.cbr.org.br\/wp-content\/uploads\/2024\/05\/whatsapp_PNG5.png 1600w\" sizes=\"(max-width: 300px) 100vw, 300px\" \/>\t\t\t\t\t\t\t\t<\/a>\n\t\t\t\t\t\t\t\t\t\t\t\t\t\t\t<\/div>\n\t\t\t\t<\/div>\n\t\t\t\t\t<\/div>\n\t\t<\/div>\n\t\t\t\t<div class=\"elementor-column elementor-col-33 elementor-top-column elementor-element elementor-element-48e6e1fe\" data-id=\"48e6e1fe\" data-element_type=\"column\">\n\t\t\t<div class=\"elementor-widget-wrap\">\n\t\t\t\t\t\t\t<\/div>\n\t\t<\/div>\n\t\t\t\t\t<\/div>\n\t\t<\/section>\n\t\t\t\t<section class=\"elementor-section elementor-top-section elementor-element elementor-element-5770bf4c elementor-section-boxed elementor-section-height-default elementor-section-height-default\" data-id=\"5770bf4c\" data-element_type=\"section\">\n\t\t\t\t\t\t<div class=\"elementor-container elementor-column-gap-default\">\n\t\t\t\t\t<div class=\"elementor-column elementor-col-25 elementor-top-column elementor-element elementor-element-4ccfdd00\" data-id=\"4ccfdd00\" data-element_type=\"column\">\n\t\t\t<div class=\"elementor-widget-wrap\">\n\t\t\t\t\t\t\t<\/div>\n\t\t<\/div>\n\t\t\t\t<div class=\"elementor-column elementor-col-50 elementor-top-column elementor-element elementor-element-20a47362\" data-id=\"20a47362\" data-element_type=\"column\">\n\t\t\t<div class=\"elementor-widget-wrap elementor-element-populated\">\n\t\t\t\t\t\t<div class=\"elementor-element elementor-element-64243a53 elementor-widget elementor-widget-text-editor\" data-id=\"64243a53\" data-element_type=\"widget\" data-widget_type=\"text-editor.default\">\n\t\t\t\t<div class=\"elementor-widget-container\">\n\t\t\t\t\t\t\t\t\t<p style=\"text-align: center\"><strong>\u00bfDificultades para acceder a la formaci\u00f3n?<\/strong><\/p>\t\t\t\t\t\t\t\t<\/div>\n\t\t\t\t<\/div>\n\t\t\t\t\t<\/div>\n\t\t<\/div>\n\t\t\t\t<div class=\"elementor-column elementor-col-25 elementor-top-column elementor-element elementor-element-2fbe6069\" data-id=\"2fbe6069\" data-element_type=\"column\">\n\t\t\t<div class=\"elementor-widget-wrap\">\n\t\t\t\t\t\t\t<\/div>\n\t\t<\/div>\n\t\t\t\t\t<\/div>\n\t\t<\/section>\n\t\t\t\t<section class=\"elementor-section elementor-top-section elementor-element elementor-element-7354458 elementor-section-boxed elementor-section-height-default elementor-section-height-default\" data-id=\"7354458\" data-element_type=\"section\">\n\t\t\t\t\t\t<div class=\"elementor-container elementor-column-gap-default\">\n\t\t\t\t\t<div class=\"elementor-column elementor-col-100 elementor-top-column elementor-element elementor-element-47389cc\" data-id=\"47389cc\" data-element_type=\"column\">\n\t\t\t<div class=\"elementor-widget-wrap elementor-element-populated\">\n\t\t\t\t\t\t<div class=\"elementor-element elementor-element-f38790f elementor-widget elementor-widget-text-editor\" data-id=\"f38790f\" data-element_type=\"widget\" data-widget_type=\"text-editor.default\">\n\t\t\t\t<div class=\"elementor-widget-container\">\n\t\t\t\t\t\t\t\t\t<p><span style=\"color: #808080\"><em>Certificado a cambio de una tasa administrativa.<\/em><\/span><\/p>\t\t\t\t\t\t\t\t<\/div>\n\t\t\t\t<\/div>\n\t\t\t\t\t<\/div>\n\t\t<\/div>\n\t\t\t\t\t<\/div>\n\t\t<\/section>\n\t\t\t\t<section class=\"elementor-section elementor-top-section elementor-element elementor-element-e08000f elementor-section-boxed elementor-section-height-default elementor-section-height-default\" data-id=\"e08000f\" data-element_type=\"section\">\n\t\t\t\t\t\t<div class=\"elementor-container elementor-column-gap-default\">\n\t\t\t\t\t<div class=\"elementor-column elementor-col-100 elementor-top-column elementor-element elementor-element-61dcd19\" data-id=\"61dcd19\" data-element_type=\"column\">\n\t\t\t<div class=\"elementor-widget-wrap\">\n\t\t\t\t\t\t\t<\/div>\n\t\t<\/div>\n\t\t\t\t\t<\/div>\n\t\t<\/section>\n\t\t\t\t<section class=\"elementor-section elementor-top-section elementor-element elementor-element-2b7c846 elementor-section-boxed elementor-section-height-default elementor-section-height-default\" data-id=\"2b7c846\" data-element_type=\"section\">\n\t\t\t\t\t\t<div class=\"elementor-container elementor-column-gap-default\">\n\t\t\t\t\t<div class=\"elementor-column elementor-col-100 elementor-top-column elementor-element elementor-element-35668fd\" data-id=\"35668fd\" data-element_type=\"column\">\n\t\t\t<div class=\"elementor-widget-wrap\">\n\t\t\t\t\t\t\t<\/div>\n\t\t<\/div>\n\t\t\t\t\t<\/div>\n\t\t<\/section>\n\t\t\t\t<\/div>","protected":false},"excerpt":{"rendered":"<p style=\"text-align: center;\"><strong>INFORMACI\u00d3N GENERAL<br \/>\n<\/strong>Carga de trabajo: 1 hora<br \/>\n<strong>Webinar en directo | Online<\/strong><\/p>\n<div class=\"flex-shrink-0 flex flex-col relative items-end\">\n<div class=\"pt-0\">\n<div class=\"gizmo-bot-avatar flex h-8 w-8 items-center justify-center overflow-hidden rounded-full\"><\/div>\n<div style=\"text-align: left;\">\n<h2 data-start=\"353\" data-end=\"437\"><strong data-start=\"356\" data-end=\"437\">PADI WEBINAR | PRINCIPIO 4 \u2013 \u00c1reas de Apoyo y Servicios Complementarios<\/strong><\/h2>\n<p data-start=\"439\" data-end=\"702\">El seminario web PADI sobre la nueva versi\u00f3n 6 del Est\u00e1ndar \u2013 Principio 4: \u00c1reas de apoyo y servicios complementarios contin\u00faa la serie de seminarios web PADI dedicados a presentar los cambios de la versi\u00f3n 5 a la versi\u00f3n 6 del Est\u00e1ndar PADI.<\/p>\n<\/div>\n<\/div>\n<\/div>","protected":false},"featured_media":29937,"template":"","meta":[],"product_brand":[],"product_cat":[17,29],"product_tag":[],"class_list":{"0":"post-29936","1":"product","2":"type-product","3":"status-publish","4":"has-post-thumbnail","6":"product_cat-cbr-clinicas","7":"product_cat-webinars","9":"first","10":"instock","11":"virtual","12":"product-type-simple"},"_links":{"self":[{"href":"https:\/\/cursosonline.cbr.org.br\/es\/wp-json\/wp\/v2\/product\/29936","targetHints":{"allow":["GET"]}}],"collection":[{"href":"https:\/\/cursosonline.cbr.org.br\/es\/wp-json\/wp\/v2\/product"}],"about":[{"href":"https:\/\/cursosonline.cbr.org.br\/es\/wp-json\/wp\/v2\/types\/product"}],"version-history":[{"count":6,"href":"https:\/\/cursosonline.cbr.org.br\/es\/wp-json\/wp\/v2\/product\/29936\/revisions"}],"predecessor-version":[{"id":33293,"href":"https:\/\/cursosonline.cbr.org.br\/es\/wp-json\/wp\/v2\/product\/29936\/revisions\/33293"}],"wp:featuredmedia":[{"embeddable":true,"href":"https:\/\/cursosonline.cbr.org.br\/es\/wp-json\/wp\/v2\/media\/29937"}],"wp:attachment":[{"href":"https:\/\/cursosonline.cbr.org.br\/es\/wp-json\/wp\/v2\/media?parent=29936"}],"wp:term":[{"taxonomy":"product_brand","embeddable":true,"href":"https:\/\/cursosonline.cbr.org.br\/es\/wp-json\/wp\/v2\/product_brand?post=29936"},{"taxonomy":"product_cat","embeddable":true,"href":"https:\/\/cursosonline.cbr.org.br\/es\/wp-json\/wp\/v2\/product_cat?post=29936"},{"taxonomy":"product_tag","embeddable":true,"href":"https:\/\/cursosonline.cbr.org.br\/es\/wp-json\/wp\/v2\/product_tag?post=29936"}],"curies":[{"name":"gracias","href":"https:\/\/api.w.org\/{rel}","templated":true}]}}