{"id":301,"date":"2023-09-04T15:56:09","date_gmt":"2023-09-04T18:56:09","guid":{"rendered":"https:\/\/cursosonline.cbr.org.br\/?post_type=product&#038;p=301"},"modified":"2026-03-10T13:05:09","modified_gmt":"2026-03-10T16:05:09","slug":"atualiza23-l-gastrointestinal-desvendando-as-vias-biliares","status":"publish","type":"product","link":"https:\/\/cursosonline.cbr.org.br\/es\/curso\/atualiza23-l-gastrointestinal-desvendando-as-vias-biliares\/","title":{"rendered":"Atualiza23 l Gastrointestinal - Desentra\u00f1ar los conductos biliares"},"content":{"rendered":"<div data-elementor-type=\"product-post\" data-elementor-id=\"301\" class=\"elementor elementor-301\" data-elementor-post-type=\"product\">\n\t\t\t\t\t\t<section class=\"elementor-section elementor-top-section elementor-element elementor-element-6268322e elementor-section-boxed elementor-section-height-default elementor-section-height-default\" data-id=\"6268322e\" data-element_type=\"section\">\n\t\t\t\t\t\t<div class=\"elementor-container elementor-column-gap-default\">\n\t\t\t\t\t<div class=\"elementor-column elementor-col-100 elementor-top-column elementor-element elementor-element-1e51dc83\" data-id=\"1e51dc83\" data-element_type=\"column\">\n\t\t\t<div class=\"elementor-widget-wrap elementor-element-populated\">\n\t\t\t\t\t\t<div class=\"elementor-element elementor-element-6fe0ff5b elementor-widget elementor-widget-text-editor\" data-id=\"6fe0ff5b\" data-element_type=\"widget\" data-widget_type=\"text-editor.default\">\n\t\t\t\t<div class=\"elementor-widget-container\">\n\t\t\t\t\t\t\t\t\t<p><strong>Coordinadores de \u00e1rea y de curso<\/strong><\/p><table border=\"0\"><tbody><tr><td>Daniella Parente<\/td><\/tr><\/tbody><\/table><p>\u00a0<\/p><p><strong>Apoyo de la Sociedad Internacional<\/strong><\/p><p><img decoding=\"async\" class=\"alignnone size-full wp-image-1139\" src=\"https:\/\/cursosonline.cbr.org.br\/wp-content\/uploads\/2023\/09\/Screenshot_30-1.png\" alt=\"\" width=\"180\" height=\"94\" \/>\u00a0<\/p><p><strong>Objetivos de aprendizaje<\/strong><\/p><table border=\"0\"><tbody><tr><td><p>Despu\u00e9s de este taller el participante ser\u00e1 capaz de:<\/p><ul><li>Conocer la anatom\u00eda de las v\u00edas biliares, sus variaciones anat\u00f3micas y su importancia en la evaluaci\u00f3n preoperatoria;<\/li><li>Conozca las enfermedades fibropoliqu\u00edsticas del h\u00edgado, sus diagn\u00f3sticos diferenciales y lo que es importante describir en el informe;<\/li><li>Diagn\u00f3stico y estadificaci\u00f3n del colangiocarcinoma intrahep\u00e1tico, el colagiocarcinoma hiliar, el tumor papilar mucinoso de las v\u00edas biliares y el carcinoma de ves\u00edcula biliar, haciendo hincapi\u00e9 en la informaci\u00f3n esencial que debe describirse en el informe de estadificaci\u00f3n prequir\u00fargico;<\/li><li>Conocer y realizar el diagn\u00f3stico diferencial entre las distintas colangitis, colecistitis agudas y cr\u00f3nicas y sus diagn\u00f3sticos diferenciales;<\/li><li>Diagn\u00f3stico diferencial entre lesiones benignas y malignas del tracto biliar;<\/li><li>Conozca los principales procedimientos intervencionistas del tracto biliar y c\u00f3mo interpretar la TC\/RM en el contexto del periodo posterior al procedimiento;<\/li><li>Interpretaci\u00f3n de las pruebas de funci\u00f3n hep\u00e1tica en pacientes con colestasis.<\/li><\/ul><\/td><\/tr><\/tbody><\/table>\t\t\t\t\t\t\t\t<\/div>\n\t\t\t\t<\/div>\n\t\t\t\t\t<\/div>\n\t\t<\/div>\n\t\t\t\t\t<\/div>\n\t\t<\/section>\n\t\t\t\t<\/div>","protected":false},"excerpt":{"rendered":"<p>El Atualiza23 - Circuito Nacional de Radiolog\u00eda Brasile\u00f1a se celebr\u00f3 del 31 de marzo al 2 de abril. El evento tuvo lugar en el formato online 100% con el objetivo de promover la actualizaci\u00f3n te\u00f3rica y pr\u00e1ctica de los profesionales del sector. El Atualiza23 reuni\u00f3 sociedades estatales de todo Brasil y, sin precedentes, representantes de renombradas sociedades internacionales de radiolog\u00eda, ofreciendo numerosas actividades dirigidas a radi\u00f3logos y residentes.<\/p>\n<p><strong>GRATUITO PARA LOS MIEMBROS DE LA CBR.<\/strong><\/p>","protected":false},"featured_media":303,"template":"","meta":[],"product_brand":[],"product_cat":[18,38,85],"product_tag":[],"class_list":{"0":"post-301","1":"product","2":"type-product","3":"status-publish","4":"has-post-thumbnail","6":"product_cat-cbr-educa","7":"product_cat-atualiza","8":"product_cat-atualiza23","10":"first","11":"instock","12":"virtual","13":"sold-individually","14":"taxable","15":"purchasable","16":"product-type-simple"},"_links":{"self":[{"href":"https:\/\/cursosonline.cbr.org.br\/es\/wp-json\/wp\/v2\/product\/301","targetHints":{"allow":["GET"]}}],"collection":[{"href":"https:\/\/cursosonline.cbr.org.br\/es\/wp-json\/wp\/v2\/product"}],"about":[{"href":"https:\/\/cursosonline.cbr.org.br\/es\/wp-json\/wp\/v2\/types\/product"}],"version-history":[{"count":12,"href":"https:\/\/cursosonline.cbr.org.br\/es\/wp-json\/wp\/v2\/product\/301\/revisions"}],"predecessor-version":[{"id":33020,"href":"https:\/\/cursosonline.cbr.org.br\/es\/wp-json\/wp\/v2\/product\/301\/revisions\/33020"}],"wp:featuredmedia":[{"embeddable":true,"href":"https:\/\/cursosonline.cbr.org.br\/es\/wp-json\/wp\/v2\/media\/303"}],"wp:attachment":[{"href":"https:\/\/cursosonline.cbr.org.br\/es\/wp-json\/wp\/v2\/media?parent=301"}],"wp:term":[{"taxonomy":"product_brand","embeddable":true,"href":"https:\/\/cursosonline.cbr.org.br\/es\/wp-json\/wp\/v2\/product_brand?post=301"},{"taxonomy":"product_cat","embeddable":true,"href":"https:\/\/cursosonline.cbr.org.br\/es\/wp-json\/wp\/v2\/product_cat?post=301"},{"taxonomy":"product_tag","embeddable":true,"href":"https:\/\/cursosonline.cbr.org.br\/es\/wp-json\/wp\/v2\/product_tag?post=301"}],"curies":[{"name":"gracias","href":"https:\/\/api.w.org\/{rel}","templated":true}]}}