{"id":304,"date":"2023-09-04T15:59:29","date_gmt":"2023-09-04T18:59:29","guid":{"rendered":"https:\/\/cursosonline.cbr.org.br\/?post_type=product&#038;p=304"},"modified":"2026-03-10T13:05:03","modified_gmt":"2026-03-10T16:05:03","slug":"atualiza23-l-geniturinario-imagem-de-penis-e-testiculo-tudo-o-que-o-radiologista-precisa-saber","status":"publish","type":"product","link":"https:\/\/cursosonline.cbr.org.br\/es\/curso\/atualiza23-l-geniturinario-imagem-de-penis-e-testiculo-tudo-o-que-o-radiologista-precisa-saber\/","title":{"rendered":"Atualiza23 l Genitourinario- Imagen del pene y test\u00edculo: Todo lo que los radi\u00f3logos necesitan saber"},"content":{"rendered":"<div data-elementor-type=\"product-post\" data-elementor-id=\"304\" class=\"elementor elementor-304\" data-elementor-post-type=\"product\">\n\t\t\t\t\t\t<section class=\"elementor-section elementor-top-section elementor-element elementor-element-46228d1a elementor-section-boxed elementor-section-height-default elementor-section-height-default\" data-id=\"46228d1a\" data-element_type=\"section\">\n\t\t\t\t\t\t<div class=\"elementor-container elementor-column-gap-default\">\n\t\t\t\t\t<div class=\"elementor-column elementor-col-100 elementor-top-column elementor-element elementor-element-7ab34a3d\" data-id=\"7ab34a3d\" data-element_type=\"column\">\n\t\t\t<div class=\"elementor-widget-wrap elementor-element-populated\">\n\t\t\t\t\t\t<div class=\"elementor-element elementor-element-143c7c30 elementor-widget elementor-widget-text-editor\" data-id=\"143c7c30\" data-element_type=\"widget\" data-widget_type=\"text-editor.default\">\n\t\t\t\t<div class=\"elementor-widget-container\">\n\t\t\t\t\t\t\t\t\t<p><strong>Coordinadores de \u00e1rea y de curso<\/strong><\/p><table style=\"height: 136px\" border=\"0\" width=\"404\"><tbody><tr><td><p>Fernando Morbeck<\/p><p>Alice Schuch<\/p><p>Mauricio Zapparoli<\/p><\/td><\/tr><\/tbody><\/table><p>\u00a0<\/p><p><strong>Objetivos de aprendizaje<\/strong><\/p><table border=\"0\"><tbody><tr><td><p>\u00a0 \u00a0\u00a0Al finalizar este curso, los participantes ser\u00e1n capaces de:<\/p><ul><li>Conocer los protocolos y la evaluaci\u00f3n anat\u00f3mica de las resonancias magn\u00e9ticas del pene, la uretra masculina y el escroto.<\/li><li>Comprender los aspectos cl\u00ednico-patol\u00f3gicos de la evaluaci\u00f3n de la enfermedad neopl\u00e1sica primaria del pene y el test\u00edculo, as\u00ed como la evaluaci\u00f3n de la estadificaci\u00f3n sist\u00e9mica y la respuesta al tratamiento.<\/li><li>Conocer las patolog\u00edas del pene en un contexto no oncol\u00f3gico, especialmente las lesiones traum\u00e1ticas, inflamatorias e infecciosas.<\/li><li>Comprender la evaluaci\u00f3n de la infertilidad masculina, conociendo las posibles malformaciones p\u00e9lvicas.<\/li><\/ul><\/td><\/tr><\/tbody><\/table><p><strong>Men\u00fa<\/strong><\/p><table border=\"0\"><tbody><tr><td><p>Hablaremos de la evaluaci\u00f3n del pene, la uretra masculina y el escroto mediante resonancia magn\u00e9tica en el diagn\u00f3stico, la estadificaci\u00f3n y la evaluaci\u00f3n de la respuesta al tratamiento de las neoplasias.<\/p><p>Tambi\u00e9n se abordar\u00e1n las patolog\u00edas del pene en un contexto no oncol\u00f3gico y la evaluaci\u00f3n de la infertilidad masculina. El curso tendr\u00e1 un enfoque pr\u00e1ctico, a trav\u00e9s de la lectura y discusi\u00f3n de casos cl\u00ednicos guiados por expertos en la materia. Se tratar\u00e1n conceptos cl\u00ednicos y anat\u00f3micos, los requisitos de los protocolos de exploraci\u00f3n y la interpretaci\u00f3n de los hallazgos por imagen en diferentes contextos cl\u00ednicos.<\/p><p>El Hands on ir\u00e1 acompa\u00f1ado de breves lecciones -p\u00edldoras de conocimientos- disponibles con antelaci\u00f3n en la plataforma del evento.<\/p><\/td><\/tr><\/tbody><\/table><p>\u00a0<\/p>\t\t\t\t\t\t\t\t<\/div>\n\t\t\t\t<\/div>\n\t\t\t\t\t<\/div>\n\t\t<\/div>\n\t\t\t\t\t<\/div>\n\t\t<\/section>\n\t\t\t\t<\/div>","protected":false},"excerpt":{"rendered":"<p>El Atualiza23 - Circuito Nacional de Radiolog\u00eda Brasile\u00f1a se celebr\u00f3 del 31 de marzo al 2 de abril. El evento tuvo lugar en el formato online 100% con el objetivo de promover la actualizaci\u00f3n te\u00f3rica y pr\u00e1ctica de los profesionales del sector. El Atualiza23 reuni\u00f3 sociedades estatales de todo Brasil y, sin precedentes, representantes de renombradas sociedades internacionales de radiolog\u00eda, ofreciendo numerosas actividades dirigidas a radi\u00f3logos y residentes.<\/p>\n<p><strong>GRATUITO PARA LOS MIEMBROS DE LA CBR.<\/strong><\/p>","protected":false},"featured_media":305,"template":"","meta":[],"product_brand":[],"product_cat":[18,38,85],"product_tag":[],"class_list":{"0":"post-304","1":"product","2":"type-product","3":"status-publish","4":"has-post-thumbnail","6":"product_cat-cbr-educa","7":"product_cat-atualiza","8":"product_cat-atualiza23","10":"first","11":"instock","12":"virtual","13":"sold-individually","14":"taxable","15":"purchasable","16":"product-type-simple"},"_links":{"self":[{"href":"https:\/\/cursosonline.cbr.org.br\/es\/wp-json\/wp\/v2\/product\/304","targetHints":{"allow":["GET"]}}],"collection":[{"href":"https:\/\/cursosonline.cbr.org.br\/es\/wp-json\/wp\/v2\/product"}],"about":[{"href":"https:\/\/cursosonline.cbr.org.br\/es\/wp-json\/wp\/v2\/types\/product"}],"version-history":[{"count":10,"href":"https:\/\/cursosonline.cbr.org.br\/es\/wp-json\/wp\/v2\/product\/304\/revisions"}],"predecessor-version":[{"id":33019,"href":"https:\/\/cursosonline.cbr.org.br\/es\/wp-json\/wp\/v2\/product\/304\/revisions\/33019"}],"wp:featuredmedia":[{"embeddable":true,"href":"https:\/\/cursosonline.cbr.org.br\/es\/wp-json\/wp\/v2\/media\/305"}],"wp:attachment":[{"href":"https:\/\/cursosonline.cbr.org.br\/es\/wp-json\/wp\/v2\/media?parent=304"}],"wp:term":[{"taxonomy":"product_brand","embeddable":true,"href":"https:\/\/cursosonline.cbr.org.br\/es\/wp-json\/wp\/v2\/product_brand?post=304"},{"taxonomy":"product_cat","embeddable":true,"href":"https:\/\/cursosonline.cbr.org.br\/es\/wp-json\/wp\/v2\/product_cat?post=304"},{"taxonomy":"product_tag","embeddable":true,"href":"https:\/\/cursosonline.cbr.org.br\/es\/wp-json\/wp\/v2\/product_tag?post=304"}],"curies":[{"name":"gracias","href":"https:\/\/api.w.org\/{rel}","templated":true}]}}