{"id":30449,"date":"2025-12-18T13:34:49","date_gmt":"2025-12-18T16:34:49","guid":{"rendered":"https:\/\/cursosonline.cbr.org.br\/?post_type=product&#038;p=30449"},"modified":"2026-03-30T11:13:20","modified_gmt":"2026-03-30T14:13:20","slug":"2026-efetividade-do-canal-de-denuncias-do-cbr","status":"publish","type":"product","link":"https:\/\/cursosonline.cbr.org.br\/es\/curso\/2026-efetividade-do-canal-de-denuncias-do-cbr\/","title":{"rendered":"2026 \u2013 Eficacia del Canal de Denuncias de la CBR"},"content":{"rendered":"<div data-elementor-type=\"product-post\" data-elementor-id=\"30449\" class=\"elementor elementor-30449\" data-elementor-post-type=\"product\">\n\t\t\t\t\t\t<section class=\"elementor-section elementor-top-section elementor-element elementor-element-f841fd2 elementor-section-boxed elementor-section-height-default elementor-section-height-default\" data-id=\"f841fd2\" data-element_type=\"section\">\n\t\t\t\t\t\t<div class=\"elementor-container elementor-column-gap-default\">\n\t\t\t\t\t<div class=\"elementor-column elementor-col-100 elementor-top-column elementor-element elementor-element-f567e93\" data-id=\"f567e93\" data-element_type=\"column\">\n\t\t\t<div class=\"elementor-widget-wrap elementor-element-populated\">\n\t\t\t\t\t\t<div class=\"elementor-element elementor-element-a7ad047 elementor-widget elementor-widget-image\" data-id=\"a7ad047\" data-element_type=\"widget\" data-widget_type=\"image.default\">\n\t\t\t\t<div class=\"elementor-widget-container\">\n\t\t\t\t\t\t\t\t\t\t\t\t\t\t\t<img fetchpriority=\"high\" decoding=\"async\" width=\"2560\" height=\"835\" src=\"https:\/\/cursosonline.cbr.org.br\/wp-content\/uploads\/2025\/12\/WebinarABCDI_Efetividade-do-Canal-de-Denuncias-do-CBR_1362x444-scaled.jpg\" class=\"attachment-full size-full wp-image-30452\" alt=\"\" srcset=\"https:\/\/cursosonline.cbr.org.br\/wp-content\/uploads\/2025\/12\/WebinarABCDI_Efetividade-do-Canal-de-Denuncias-do-CBR_1362x444-scaled.jpg 2560w, https:\/\/cursosonline.cbr.org.br\/wp-content\/uploads\/2025\/12\/WebinarABCDI_Efetividade-do-Canal-de-Denuncias-do-CBR_1362x444-300x98.jpg 300w, https:\/\/cursosonline.cbr.org.br\/wp-content\/uploads\/2025\/12\/WebinarABCDI_Efetividade-do-Canal-de-Denuncias-do-CBR_1362x444-1024x334.jpg 1024w, https:\/\/cursosonline.cbr.org.br\/wp-content\/uploads\/2025\/12\/WebinarABCDI_Efetividade-do-Canal-de-Denuncias-do-CBR_1362x444-768x250.jpg 768w, https:\/\/cursosonline.cbr.org.br\/wp-content\/uploads\/2025\/12\/WebinarABCDI_Efetividade-do-Canal-de-Denuncias-do-CBR_1362x444-1536x501.jpg 1536w, https:\/\/cursosonline.cbr.org.br\/wp-content\/uploads\/2025\/12\/WebinarABCDI_Efetividade-do-Canal-de-Denuncias-do-CBR_1362x444-2048x668.jpg 2048w, https:\/\/cursosonline.cbr.org.br\/wp-content\/uploads\/2025\/12\/WebinarABCDI_Efetividade-do-Canal-de-Denuncias-do-CBR_1362x444-18x6.jpg 18w, https:\/\/cursosonline.cbr.org.br\/wp-content\/uploads\/2025\/12\/WebinarABCDI_Efetividade-do-Canal-de-Denuncias-do-CBR_1362x444-600x196.jpg 600w\" sizes=\"(max-width: 2560px) 100vw, 2560px\" \/>\t\t\t\t\t\t\t\t\t\t\t\t\t\t\t<\/div>\n\t\t\t\t<\/div>\n\t\t\t\t\t<\/div>\n\t\t<\/div>\n\t\t\t\t\t<\/div>\n\t\t<\/section>\n\t\t\t\t<section class=\"elementor-section elementor-top-section elementor-element elementor-element-e7c6536 elementor-section-boxed elementor-section-height-default elementor-section-height-default\" data-id=\"e7c6536\" data-element_type=\"section\">\n\t\t\t\t\t\t<div class=\"elementor-container elementor-column-gap-default\">\n\t\t\t\t\t<div class=\"elementor-column elementor-col-100 elementor-top-column elementor-element elementor-element-299a00f\" data-id=\"299a00f\" data-element_type=\"column\">\n\t\t\t<div class=\"elementor-widget-wrap elementor-element-populated\">\n\t\t\t\t\t\t<div class=\"elementor-element elementor-element-30640d7 elementor-widget__width-initial elementor-widget elementor-widget-heading\" data-id=\"30640d7\" data-element_type=\"widget\" data-widget_type=\"heading.default\">\n\t\t\t\t<div class=\"elementor-widget-container\">\n\t\t\t\t\t<h2 class=\"elementor-heading-title elementor-size-default\"><b>OBJETIVO<\/b><\/h2>\t\t\t\t<\/div>\n\t\t\t\t<\/div>\n\t\t\t\t<div class=\"elementor-element elementor-element-48a0f8a elementor-widget elementor-widget-text-editor\" data-id=\"48a0f8a\" data-element_type=\"widget\" data-widget_type=\"text-editor.default\">\n\t\t\t\t<div class=\"elementor-widget-container\">\n\t\t\t\t\t\t\t\t\t<p>\u00a0<\/p><p>El seminario web ABCDI tiene como objetivo discutir... <strong>Eficacia del canal de denuncias del Colegio Brasile\u00f1o de Radiolog\u00eda (CBR)<\/strong>, Destacando su importancia como instrumento de transparencia, \u00e9tica y fortalecimiento institucional. La propuesta es presentar c\u00f3mo este canal contribuye a:<\/p><ul><li><p>\ud83d\udee1\ufe0f <strong>Garant\u00eda de integridad profesional<\/strong>, garantizando que las pr\u00e1cticas inapropiadas se identifiquen y se traten de manera responsable.<\/p><\/li><li><p>\ud83d\udce2 <strong>Amplificando la voz de los radi\u00f3logos y el personal.<\/strong>, ofreciendo un espacio seguro para manifestaciones y denuncias.<\/p><\/li><li><p>\u2696\ufe0f <strong>Promoviendo la \u00e9tica y el cumplimiento.<\/strong>, reforzando el compromiso del CBR con altos est\u00e1ndares de conducta.<\/p><\/li><li><p>\ud83d\udd0d <strong>Monitoreo y mejora continua<\/strong>, permitiendo evaluar el canal y mejorar su efectividad.<\/p><\/li><\/ul><p>Al final, los participantes comprender\u00e1n c\u00f3mo el canal de denuncias fortalece la confianza en la instituci\u00f3n, promueve un entorno profesional m\u00e1s justo y contribuye a... <strong>Aumentando el valor de la radiolog\u00eda en Brasil<\/strong><\/p>\t\t\t\t\t\t\t\t<\/div>\n\t\t\t\t<\/div>\n\t\t\t\t\t<\/div>\n\t\t<\/div>\n\t\t\t\t\t<\/div>\n\t\t<\/section>\n\t\t\t\t<section class=\"elementor-section elementor-top-section elementor-element elementor-element-5002be31 elementor-section-boxed elementor-section-height-default elementor-section-height-default\" data-id=\"5002be31\" data-element_type=\"section\">\n\t\t\t\t\t\t<div class=\"elementor-container elementor-column-gap-default\">\n\t\t\t\t\t<div class=\"elementor-column elementor-col-100 elementor-top-column elementor-element elementor-element-5fdbe665\" data-id=\"5fdbe665\" data-element_type=\"column\">\n\t\t\t<div class=\"elementor-widget-wrap elementor-element-populated\">\n\t\t\t\t\t\t<div class=\"elementor-element elementor-element-7bb7364 elementor-widget__width-initial elementor-widget elementor-widget-heading\" data-id=\"7bb7364\" data-element_type=\"widget\" data-widget_type=\"heading.default\">\n\t\t\t\t<div class=\"elementor-widget-container\">\n\t\t\t\t\t<h2 class=\"elementor-heading-title elementor-size-default\"><b>MODERADORES<\/b><\/h2>\t\t\t\t<\/div>\n\t\t\t\t<\/div>\n\t\t\t\t\t<\/div>\n\t\t<\/div>\n\t\t\t\t\t<\/div>\n\t\t<\/section>\n\t\t\t\t<section class=\"elementor-section elementor-top-section elementor-element elementor-element-67a14d2 elementor-section-boxed elementor-section-height-default elementor-section-height-default\" data-id=\"67a14d2\" data-element_type=\"section\">\n\t\t\t\t\t\t<div class=\"elementor-container elementor-column-gap-default\">\n\t\t\t\t\t<div class=\"elementor-column elementor-col-100 elementor-top-column elementor-element elementor-element-644e68c\" data-id=\"644e68c\" data-element_type=\"column\">\n\t\t\t<div class=\"elementor-widget-wrap elementor-element-populated\">\n\t\t\t\t\t\t<section class=\"elementor-section elementor-inner-section elementor-element elementor-element-7b951c6 elementor-section-boxed elementor-section-height-default elementor-section-height-default\" data-id=\"7b951c6\" data-element_type=\"section\">\n\t\t\t\t\t\t<div class=\"elementor-container elementor-column-gap-default\">\n\t\t\t\t\t<div class=\"elementor-column elementor-col-50 elementor-inner-column elementor-element elementor-element-c06173b\" data-id=\"c06173b\" data-element_type=\"column\">\n\t\t\t<div class=\"elementor-widget-wrap elementor-element-populated\">\n\t\t\t\t\t\t<div class=\"elementor-element elementor-element-f8cca28 elementor-widget__width-initial elementor-widget elementor-widget-image\" data-id=\"f8cca28\" data-element_type=\"widget\" data-widget_type=\"image.default\">\n\t\t\t\t<div class=\"elementor-widget-container\">\n\t\t\t\t\t\t\t\t\t\t\t\t\t\t\t<img decoding=\"async\" width=\"200\" height=\"200\" src=\"https:\/\/cursosonline.cbr.org.br\/wp-content\/uploads\/2025\/07\/Dr.-Ricardo-e1759761567151.png\" class=\"attachment-medium size-medium wp-image-23966\" alt=\"\" \/>\t\t\t\t\t\t\t\t\t\t\t\t\t\t\t<\/div>\n\t\t\t\t<\/div>\n\t\t\t\t\t<\/div>\n\t\t<\/div>\n\t\t\t\t<div class=\"elementor-column elementor-col-50 elementor-inner-column elementor-element elementor-element-6f9f42a\" data-id=\"6f9f42a\" data-element_type=\"column\">\n\t\t\t<div class=\"elementor-widget-wrap elementor-element-populated\">\n\t\t\t\t\t\t<div class=\"elementor-element elementor-element-8257ba2 elementor-widget elementor-widget-text-editor\" data-id=\"8257ba2\" data-element_type=\"widget\" data-widget_type=\"text-editor.default\">\n\t\t\t\t<div class=\"elementor-widget-container\">\n\t\t\t\t\t\t\t\t\t<p><strong style=\"color: #222222;font-size: 16px\">Dr. Ricardo Rocha<br \/><\/strong>Director de ABCDI (2025\/2026), M\u00e9dico graduado por la Universidad Federal de Cear\u00e1 en 1997, Residencia m\u00e9dica en radiolog\u00eda y diagn\u00f3stico por imagen en el complejo hospitalario de Mandaqui - S\u00e3o Paulo SP, Postgrado en radiolog\u00eda de cabeza y cuello y neurorradiolog\u00eda en IES\/FAMETRO, Ex vicepresidente y director de defensa profesional de SOCEARA, Director de SINDESSEC y Coordinador del departamento de imagen de la asociaci\u00f3n de hospitales de Cear\u00e1.<\/p>\t\t\t\t\t\t\t\t<\/div>\n\t\t\t\t<\/div>\n\t\t\t\t\t<\/div>\n\t\t<\/div>\n\t\t\t\t\t<\/div>\n\t\t<\/section>\n\t\t\t\t<section class=\"elementor-section elementor-inner-section elementor-element elementor-element-cb23b88 elementor-section-boxed elementor-section-height-default elementor-section-height-default\" data-id=\"cb23b88\" data-element_type=\"section\">\n\t\t\t\t\t\t<div class=\"elementor-container elementor-column-gap-default\">\n\t\t\t\t\t<div class=\"elementor-column elementor-col-50 elementor-inner-column elementor-element elementor-element-8786511\" data-id=\"8786511\" data-element_type=\"column\">\n\t\t\t<div class=\"elementor-widget-wrap elementor-element-populated\">\n\t\t\t\t\t\t<div class=\"elementor-element elementor-element-96dd01b elementor-widget__width-initial elementor-widget elementor-widget-image\" data-id=\"96dd01b\" data-element_type=\"widget\" data-widget_type=\"image.default\">\n\t\t\t\t<div class=\"elementor-widget-container\">\n\t\t\t\t\t\t\t\t\t\t\t\t\t\t\t<img decoding=\"async\" width=\"300\" height=\"300\" src=\"https:\/\/cursosonline.cbr.org.br\/wp-content\/uploads\/2025\/02\/Dr.-Marcelo-Montandon-2-300x300.png\" class=\"attachment-medium size-medium wp-image-23275\" alt=\"\" srcset=\"https:\/\/cursosonline.cbr.org.br\/wp-content\/uploads\/2025\/02\/Dr.-Marcelo-Montandon-2-300x300.png 300w, https:\/\/cursosonline.cbr.org.br\/wp-content\/uploads\/2025\/02\/Dr.-Marcelo-Montandon-2-150x150.png 150w, https:\/\/cursosonline.cbr.org.br\/wp-content\/uploads\/2025\/02\/Dr.-Marcelo-Montandon-2-768x768.png 768w, https:\/\/cursosonline.cbr.org.br\/wp-content\/uploads\/2025\/02\/Dr.-Marcelo-Montandon-2-12x12.png 12w, https:\/\/cursosonline.cbr.org.br\/wp-content\/uploads\/2025\/02\/Dr.-Marcelo-Montandon-2-600x600.png 600w, https:\/\/cursosonline.cbr.org.br\/wp-content\/uploads\/2025\/02\/Dr.-Marcelo-Montandon-2-100x100.png 100w, https:\/\/cursosonline.cbr.org.br\/wp-content\/uploads\/2025\/02\/Dr.-Marcelo-Montandon-2-e1759760144893.png 200w\" sizes=\"(max-width: 300px) 100vw, 300px\" \/>\t\t\t\t\t\t\t\t\t\t\t\t\t\t\t<\/div>\n\t\t\t\t<\/div>\n\t\t\t\t\t<\/div>\n\t\t<\/div>\n\t\t\t\t<div class=\"elementor-column elementor-col-50 elementor-inner-column elementor-element elementor-element-33001e4\" data-id=\"33001e4\" data-element_type=\"column\">\n\t\t\t<div class=\"elementor-widget-wrap elementor-element-populated\">\n\t\t\t\t\t\t<div class=\"elementor-element elementor-element-960d426 elementor-widget elementor-widget-text-editor\" data-id=\"960d426\" data-element_type=\"widget\" data-widget_type=\"text-editor.default\">\n\t\t\t\t<div class=\"elementor-widget-container\">\n\t\t\t\t\t\t\t\t\t<p class=\"cvGsUA direction-ltr align-start para-style-body\"><strong>Dr. Marcelo Laur<br \/><\/strong><span style=\"font-family: inherit;\">Licenciado en Medicina por la Universidad Estatal de R\u00edo de Janeiro (UERJ), Residencia M\u00e9dica en el Hospital de Cl\u00ednicas de la Facultad de Medicina de Ribeir\u00e3o Preto de la Universidad de S\u00e3o Paulo (FMRP-USP), T\u00edtulo de Especialista en Radiodiagn\u00f3stico conferido por la Asociaci\u00f3n M\u00e9dica Brasile\u00f1a, T\u00edtulo de Especialista en Ultrasonograf\u00eda conferido por la Asociaci\u00f3n M\u00e9dica Brasile\u00f1a, Director de Defensa Profesional del Colegio Brasile\u00f1o de Radiolog\u00eda y Diagn\u00f3stico por la Imagen (2025\/2026), Ex Director de ABCDI (2024\/2025) y Director de SINDIMAGEM (Uni\u00f3n de cl\u00ednicas radiol\u00f3gicas del estado de Goi\u00e1s).<\/span><\/p>\t\t\t\t\t\t\t\t<\/div>\n\t\t\t\t<\/div>\n\t\t\t\t\t<\/div>\n\t\t<\/div>\n\t\t\t\t\t<\/div>\n\t\t<\/section>\n\t\t\t\t\t<\/div>\n\t\t<\/div>\n\t\t\t\t\t<\/div>\n\t\t<\/section>\n\t\t\t\t<section class=\"elementor-section elementor-top-section elementor-element elementor-element-41d034d elementor-section-boxed elementor-section-height-default elementor-section-height-default\" data-id=\"41d034d\" data-element_type=\"section\">\n\t\t\t\t\t\t<div class=\"elementor-container elementor-column-gap-default\">\n\t\t\t\t\t<div class=\"elementor-column elementor-col-100 elementor-top-column elementor-element elementor-element-64763e1\" data-id=\"64763e1\" data-element_type=\"column\">\n\t\t\t<div class=\"elementor-widget-wrap elementor-element-populated\">\n\t\t\t\t\t\t<div class=\"elementor-element elementor-element-4041317 elementor-widget__width-initial elementor-widget elementor-widget-heading\" data-id=\"4041317\" data-element_type=\"widget\" data-widget_type=\"heading.default\">\n\t\t\t\t<div class=\"elementor-widget-container\">\n\t\t\t\t\t<h2 class=\"elementor-heading-title elementor-size-default\"><b>VOCERO<\/b><\/h2>\t\t\t\t<\/div>\n\t\t\t\t<\/div>\n\t\t\t\t\t<\/div>\n\t\t<\/div>\n\t\t\t\t\t<\/div>\n\t\t<\/section>\n\t\t\t\t<section class=\"elementor-section elementor-top-section elementor-element elementor-element-fa0e69a elementor-section-boxed elementor-section-height-default elementor-section-height-default\" data-id=\"fa0e69a\" data-element_type=\"section\">\n\t\t\t\t\t\t<div class=\"elementor-container elementor-column-gap-default\">\n\t\t\t\t\t<div class=\"elementor-column elementor-col-100 elementor-top-column elementor-element elementor-element-2070e45\" data-id=\"2070e45\" data-element_type=\"column\">\n\t\t\t<div class=\"elementor-widget-wrap elementor-element-populated\">\n\t\t\t\t\t\t<section class=\"elementor-section elementor-inner-section elementor-element elementor-element-6dc40ff elementor-section-boxed elementor-section-height-default elementor-section-height-default\" data-id=\"6dc40ff\" data-element_type=\"section\">\n\t\t\t\t\t\t<div class=\"elementor-container elementor-column-gap-default\">\n\t\t\t\t\t<div class=\"elementor-column elementor-col-50 elementor-inner-column elementor-element elementor-element-e455957\" data-id=\"e455957\" data-element_type=\"column\">\n\t\t\t<div class=\"elementor-widget-wrap elementor-element-populated\">\n\t\t\t\t\t\t<div class=\"elementor-element elementor-element-ff1fe2e elementor-widget__width-initial elementor-widget elementor-widget-image\" data-id=\"ff1fe2e\" data-element_type=\"widget\" data-widget_type=\"image.default\">\n\t\t\t\t<div class=\"elementor-widget-container\">\n\t\t\t\t\t\t\t\t\t\t\t\t\t\t\t<img loading=\"lazy\" decoding=\"async\" width=\"300\" height=\"300\" src=\"https:\/\/cursosonline.cbr.org.br\/wp-content\/uploads\/2025\/12\/Nova-matriz-para-os-Webinares-210-mm-\u00d7-290-mm-Canva-300x300.png\" class=\"attachment-medium size-medium wp-image-33834\" alt=\"\" srcset=\"https:\/\/cursosonline.cbr.org.br\/wp-content\/uploads\/2025\/12\/Nova-matriz-para-os-Webinares-210-mm-\u00d7-290-mm-Canva-300x300.png 300w, https:\/\/cursosonline.cbr.org.br\/wp-content\/uploads\/2025\/12\/Nova-matriz-para-os-Webinares-210-mm-\u00d7-290-mm-Canva-150x150.png 150w, https:\/\/cursosonline.cbr.org.br\/wp-content\/uploads\/2025\/12\/Nova-matriz-para-os-Webinares-210-mm-\u00d7-290-mm-Canva-768x768.png 768w, https:\/\/cursosonline.cbr.org.br\/wp-content\/uploads\/2025\/12\/Nova-matriz-para-os-Webinares-210-mm-\u00d7-290-mm-Canva-12x12.png 12w, https:\/\/cursosonline.cbr.org.br\/wp-content\/uploads\/2025\/12\/Nova-matriz-para-os-Webinares-210-mm-\u00d7-290-mm-Canva-600x600.png 600w, https:\/\/cursosonline.cbr.org.br\/wp-content\/uploads\/2025\/12\/Nova-matriz-para-os-Webinares-210-mm-\u00d7-290-mm-Canva-100x100.png 100w, https:\/\/cursosonline.cbr.org.br\/wp-content\/uploads\/2025\/12\/Nova-matriz-para-os-Webinares-210-mm-\u00d7-290-mm-Canva.png 1000w\" sizes=\"(max-width: 300px) 100vw, 300px\" \/>\t\t\t\t\t\t\t\t\t\t\t\t\t\t\t<\/div>\n\t\t\t\t<\/div>\n\t\t\t\t\t<\/div>\n\t\t<\/div>\n\t\t\t\t<div class=\"elementor-column elementor-col-50 elementor-inner-column elementor-element elementor-element-7b3a9cc\" data-id=\"7b3a9cc\" data-element_type=\"column\">\n\t\t\t<div class=\"elementor-widget-wrap elementor-element-populated\">\n\t\t\t\t\t\t<div class=\"elementor-element elementor-element-a950aba elementor-widget elementor-widget-text-editor\" data-id=\"a950aba\" data-element_type=\"widget\" data-widget_type=\"text-editor.default\">\n\t\t\t\t<div class=\"elementor-widget-container\">\n\t\t\t\t\t\t\t\t\t<p class=\"cvGsUA direction-ltr align-start para-style-body\"><strong>Dr. Val\u00e9rio Ribeiro<br \/><\/strong>Asesor jur\u00eddico del Colegio Brasile\u00f1o de Radiolog\u00eda (CBR) y de m\u00e1s de 30 entidades m\u00e9dicas en todo el pa\u00eds, abogado con m\u00e1s de 3 d\u00e9cadas de experiencia en el sector sanitario, autor del libro &quot;C\u00f3digo M\u00e9dico: Legislaci\u00f3n Sanitaria en Brasil&quot;, director ejecutivo de la Plataforma M\u00e9dico Seguro y profesor del curso de posgrado de la FIA Business School.<\/p>\t\t\t\t\t\t\t\t<\/div>\n\t\t\t\t<\/div>\n\t\t\t\t\t<\/div>\n\t\t<\/div>\n\t\t\t\t\t<\/div>\n\t\t<\/section>\n\t\t\t\t\t<\/div>\n\t\t<\/div>\n\t\t\t\t\t<\/div>\n\t\t<\/section>\n\t\t\t\t<section class=\"elementor-section elementor-top-section elementor-element elementor-element-7237256 elementor-section-boxed elementor-section-height-default elementor-section-height-default\" data-id=\"7237256\" data-element_type=\"section\">\n\t\t\t\t\t\t<div class=\"elementor-container elementor-column-gap-default\">\n\t\t\t\t\t<div class=\"elementor-column elementor-col-100 elementor-top-column elementor-element elementor-element-a88b4a7\" data-id=\"a88b4a7\" data-element_type=\"column\">\n\t\t\t<div class=\"elementor-widget-wrap elementor-element-populated\">\n\t\t\t\t\t\t<div class=\"elementor-element elementor-element-3d72a1f elementor-widget elementor-widget-image\" data-id=\"3d72a1f\" data-element_type=\"widget\" data-widget_type=\"image.default\">\n\t\t\t\t<div class=\"elementor-widget-container\">\n\t\t\t\t\t\t\t\t\t\t\t\t\t\t\t<img loading=\"lazy\" decoding=\"async\" width=\"600\" height=\"80\" src=\"https:\/\/cursosonline.cbr.org.br\/wp-content\/uploads\/2025\/12\/Design-sem-nome-2.png\" class=\"attachment-large size-large wp-image-30741\" alt=\"\" srcset=\"https:\/\/cursosonline.cbr.org.br\/wp-content\/uploads\/2025\/12\/Design-sem-nome-2.png 600w, https:\/\/cursosonline.cbr.org.br\/wp-content\/uploads\/2025\/12\/Design-sem-nome-2-300x40.png 300w, https:\/\/cursosonline.cbr.org.br\/wp-content\/uploads\/2025\/12\/Design-sem-nome-2-18x2.png 18w\" sizes=\"(max-width: 600px) 100vw, 600px\" \/>\t\t\t\t\t\t\t\t\t\t\t\t\t\t\t<\/div>\n\t\t\t\t<\/div>\n\t\t\t\t\t<\/div>\n\t\t<\/div>\n\t\t\t\t\t<\/div>\n\t\t<\/section>\n\t\t\t\t<\/div>","protected":false},"excerpt":{"rendered":"<h3>INFORMACI\u00d3N GENERAL<\/h3>\n<h5><span style=\"color: #003366;\"><strong>Inscripci\u00f3n gratuita para miembros de CBR o ABCDI al corriente de sus cuotas.<\/strong><\/span><\/h5>\n<p>&nbsp;<\/p>\n<h5><strong>Formato: <\/strong>En l\u00ednea<strong><br \/>\nCarga de trabajo:<\/strong> 1h30<\/h5>","protected":false},"featured_media":30450,"template":"","meta":[],"product_brand":[],"product_cat":[15,37,76],"product_tag":[51,55,60],"class_list":{"0":"post-30449","1":"product","2":"type-product","3":"status-publish","4":"has-post-thumbnail","6":"product_cat-uncategorized","7":"product_cat-abcdi","8":"product_cat-webinarsabcdi","9":"product_tag-abcdi","10":"product_tag-cbr-clinicas","11":"product_tag-gestao","13":"first","14":"instock","15":"virtual","16":"taxable","17":"purchasable","18":"product-type-simple"},"_links":{"self":[{"href":"https:\/\/cursosonline.cbr.org.br\/es\/wp-json\/wp\/v2\/product\/30449","targetHints":{"allow":["GET"]}}],"collection":[{"href":"https:\/\/cursosonline.cbr.org.br\/es\/wp-json\/wp\/v2\/product"}],"about":[{"href":"https:\/\/cursosonline.cbr.org.br\/es\/wp-json\/wp\/v2\/types\/product"}],"version-history":[{"count":28,"href":"https:\/\/cursosonline.cbr.org.br\/es\/wp-json\/wp\/v2\/product\/30449\/revisions"}],"predecessor-version":[{"id":34065,"href":"https:\/\/cursosonline.cbr.org.br\/es\/wp-json\/wp\/v2\/product\/30449\/revisions\/34065"}],"wp:featuredmedia":[{"embeddable":true,"href":"https:\/\/cursosonline.cbr.org.br\/es\/wp-json\/wp\/v2\/media\/30450"}],"wp:attachment":[{"href":"https:\/\/cursosonline.cbr.org.br\/es\/wp-json\/wp\/v2\/media?parent=30449"}],"wp:term":[{"taxonomy":"product_brand","embeddable":true,"href":"https:\/\/cursosonline.cbr.org.br\/es\/wp-json\/wp\/v2\/product_brand?post=30449"},{"taxonomy":"product_cat","embeddable":true,"href":"https:\/\/cursosonline.cbr.org.br\/es\/wp-json\/wp\/v2\/product_cat?post=30449"},{"taxonomy":"product_tag","embeddable":true,"href":"https:\/\/cursosonline.cbr.org.br\/es\/wp-json\/wp\/v2\/product_tag?post=30449"}],"curies":[{"name":"gracias","href":"https:\/\/api.w.org\/{rel}","templated":true}]}}