{"id":30461,"date":"2025-12-18T14:59:49","date_gmt":"2025-12-18T17:59:49","guid":{"rendered":"https:\/\/cursosonline.cbr.org.br\/?post_type=product&#038;p=30461"},"modified":"2026-03-27T13:49:19","modified_gmt":"2026-03-27T16:49:19","slug":"2026-reforma-tributaria-de-saude-para-clinicas","status":"publish","type":"product","link":"https:\/\/cursosonline.cbr.org.br\/es\/curso\/2026-reforma-tributaria-de-saude-para-clinicas\/","title":{"rendered":"2026 \u2013 Reforma fiscal para las cl\u00ednicas de salud"},"content":{"rendered":"<div data-elementor-type=\"product-post\" data-elementor-id=\"30461\" class=\"elementor elementor-30461\" data-elementor-post-type=\"product\">\n\t\t\t\t\t\t<section class=\"elementor-section elementor-top-section elementor-element elementor-element-f841fd2 elementor-section-boxed elementor-section-height-default elementor-section-height-default\" data-id=\"f841fd2\" data-element_type=\"section\">\n\t\t\t\t\t\t<div class=\"elementor-container elementor-column-gap-default\">\n\t\t\t\t\t<div class=\"elementor-column elementor-col-100 elementor-top-column elementor-element elementor-element-f567e93\" data-id=\"f567e93\" data-element_type=\"column\">\n\t\t\t<div class=\"elementor-widget-wrap elementor-element-populated\">\n\t\t\t\t\t\t<div class=\"elementor-element elementor-element-645b93d elementor-widget elementor-widget-image\" data-id=\"645b93d\" data-element_type=\"widget\" data-widget_type=\"image.default\">\n\t\t\t\t<div class=\"elementor-widget-container\">\n\t\t\t\t\t\t\t\t\t\t\t\t\t\t\t<img fetchpriority=\"high\" decoding=\"async\" width=\"2560\" height=\"835\" src=\"https:\/\/cursosonline.cbr.org.br\/wp-content\/uploads\/2025\/12\/WebinarABCDI_Reforma-Tributaria_1362x444-scaled.jpg\" class=\"attachment-full size-full wp-image-30474\" alt=\"\" srcset=\"https:\/\/cursosonline.cbr.org.br\/wp-content\/uploads\/2025\/12\/WebinarABCDI_Reforma-Tributaria_1362x444-scaled.jpg 2560w, https:\/\/cursosonline.cbr.org.br\/wp-content\/uploads\/2025\/12\/WebinarABCDI_Reforma-Tributaria_1362x444-300x98.jpg 300w, https:\/\/cursosonline.cbr.org.br\/wp-content\/uploads\/2025\/12\/WebinarABCDI_Reforma-Tributaria_1362x444-1024x334.jpg 1024w, https:\/\/cursosonline.cbr.org.br\/wp-content\/uploads\/2025\/12\/WebinarABCDI_Reforma-Tributaria_1362x444-768x250.jpg 768w, https:\/\/cursosonline.cbr.org.br\/wp-content\/uploads\/2025\/12\/WebinarABCDI_Reforma-Tributaria_1362x444-1536x501.jpg 1536w, https:\/\/cursosonline.cbr.org.br\/wp-content\/uploads\/2025\/12\/WebinarABCDI_Reforma-Tributaria_1362x444-2048x668.jpg 2048w, https:\/\/cursosonline.cbr.org.br\/wp-content\/uploads\/2025\/12\/WebinarABCDI_Reforma-Tributaria_1362x444-18x6.jpg 18w, https:\/\/cursosonline.cbr.org.br\/wp-content\/uploads\/2025\/12\/WebinarABCDI_Reforma-Tributaria_1362x444-600x196.jpg 600w\" sizes=\"(max-width: 2560px) 100vw, 2560px\" \/>\t\t\t\t\t\t\t\t\t\t\t\t\t\t\t<\/div>\n\t\t\t\t<\/div>\n\t\t\t\t\t<\/div>\n\t\t<\/div>\n\t\t\t\t\t<\/div>\n\t\t<\/section>\n\t\t\t\t<section class=\"elementor-section elementor-top-section elementor-element elementor-element-e7c6536 elementor-section-boxed elementor-section-height-default elementor-section-height-default\" data-id=\"e7c6536\" data-element_type=\"section\">\n\t\t\t\t\t\t<div class=\"elementor-container elementor-column-gap-default\">\n\t\t\t\t\t<div class=\"elementor-column elementor-col-100 elementor-top-column elementor-element elementor-element-299a00f\" data-id=\"299a00f\" data-element_type=\"column\">\n\t\t\t<div class=\"elementor-widget-wrap elementor-element-populated\">\n\t\t\t\t\t\t<div class=\"elementor-element elementor-element-30640d7 elementor-widget__width-initial elementor-widget elementor-widget-heading\" data-id=\"30640d7\" data-element_type=\"widget\" data-widget_type=\"heading.default\">\n\t\t\t\t<div class=\"elementor-widget-container\">\n\t\t\t\t\t<h2 class=\"elementor-heading-title elementor-size-default\"><b>OBJETIVO<\/b><\/h2>\t\t\t\t<\/div>\n\t\t\t\t<\/div>\n\t\t\t\t<div class=\"elementor-element elementor-element-48a0f8a elementor-widget elementor-widget-text-editor\" data-id=\"48a0f8a\" data-element_type=\"widget\" data-widget_type=\"text-editor.default\">\n\t\t\t\t<div class=\"elementor-widget-container\">\n\t\t\t\t\t\t\t\t\t<p>\u00a0<\/p><p>El seminario web ABCDI tiene como objetivo aclarar los puntos principales de <strong>Reforma fiscal centrada en el sector salud.<\/strong>, centr\u00e1ndose en las implicaciones pr\u00e1cticas para las cl\u00ednicas m\u00e9dicas y radiol\u00f3gicas. El objetivo es ofrecer una visi\u00f3n general de c\u00f3mo los cambios legislativos pueden afectar:<\/p><ul><li><p>\ud83d\udcb0 <strong>Gesti\u00f3n financiera y fiscal<\/strong> desde las cl\u00ednicas, destacando nuevos esquemas de contribuci\u00f3n y posibles ajustes necesarios.<\/p><\/li><li><p>\ud83d\udcd1 <strong>Planificaci\u00f3n estrat\u00e9gica<\/strong>, con directrices para adaptarse a las nuevas reglas y mitigar riesgos.<\/p><\/li><li><p>\ud83c\udfe5 <strong>Sostenibilidad de los servicios de salud<\/strong>, considerando los costos operativos y los reembolsos a los pacientes.<\/p><\/li><li><p>\ud83d\udd0d <strong>Toma de decisiones empresariales<\/strong>, apoyando a los directivos en la reorganizaci\u00f3n corporativa y en la definici\u00f3n de futuras inversiones.<\/p><\/li><\/ul><p>Al finalizar, los participantes tendr\u00e1n una comprensi\u00f3n clara de los desaf\u00edos y oportunidades que trae consigo la Reforma Tributaria, as\u00ed como herramientas pr\u00e1cticas para... <strong>Adapte sus cl\u00ednicas de forma segura, eficiente y sostenible.<\/strong>.<\/p>\t\t\t\t\t\t\t\t<\/div>\n\t\t\t\t<\/div>\n\t\t\t\t\t<\/div>\n\t\t<\/div>\n\t\t\t\t\t<\/div>\n\t\t<\/section>\n\t\t\t\t<section class=\"elementor-section elementor-top-section elementor-element elementor-element-5002be31 elementor-section-boxed elementor-section-height-default elementor-section-height-default\" data-id=\"5002be31\" data-element_type=\"section\">\n\t\t\t\t\t\t<div class=\"elementor-container elementor-column-gap-default\">\n\t\t\t\t\t<div class=\"elementor-column elementor-col-100 elementor-top-column elementor-element elementor-element-5fdbe665\" data-id=\"5fdbe665\" data-element_type=\"column\">\n\t\t\t<div class=\"elementor-widget-wrap elementor-element-populated\">\n\t\t\t\t\t\t<div class=\"elementor-element elementor-element-7bb7364 elementor-widget__width-initial elementor-widget elementor-widget-heading\" data-id=\"7bb7364\" data-element_type=\"widget\" data-widget_type=\"heading.default\">\n\t\t\t\t<div class=\"elementor-widget-container\">\n\t\t\t\t\t<h2 class=\"elementor-heading-title elementor-size-default\"><b>MODERADORES<\/b><\/h2>\t\t\t\t<\/div>\n\t\t\t\t<\/div>\n\t\t\t\t\t<\/div>\n\t\t<\/div>\n\t\t\t\t\t<\/div>\n\t\t<\/section>\n\t\t\t\t<section class=\"elementor-section elementor-top-section elementor-element elementor-element-67a14d2 elementor-section-boxed elementor-section-height-default elementor-section-height-default\" data-id=\"67a14d2\" data-element_type=\"section\">\n\t\t\t\t\t\t<div class=\"elementor-container elementor-column-gap-default\">\n\t\t\t\t\t<div class=\"elementor-column elementor-col-100 elementor-top-column elementor-element elementor-element-644e68c\" data-id=\"644e68c\" data-element_type=\"column\">\n\t\t\t<div class=\"elementor-widget-wrap elementor-element-populated\">\n\t\t\t\t\t\t<section class=\"elementor-section elementor-inner-section elementor-element elementor-element-7b951c6 elementor-section-boxed elementor-section-height-default elementor-section-height-default\" data-id=\"7b951c6\" data-element_type=\"section\">\n\t\t\t\t\t\t<div class=\"elementor-container elementor-column-gap-default\">\n\t\t\t\t\t<div class=\"elementor-column elementor-col-50 elementor-inner-column elementor-element elementor-element-c06173b\" data-id=\"c06173b\" data-element_type=\"column\">\n\t\t\t<div class=\"elementor-widget-wrap elementor-element-populated\">\n\t\t\t\t\t\t<div class=\"elementor-element elementor-element-f8cca28 elementor-widget__width-initial elementor-widget elementor-widget-image\" data-id=\"f8cca28\" data-element_type=\"widget\" data-widget_type=\"image.default\">\n\t\t\t\t<div class=\"elementor-widget-container\">\n\t\t\t\t\t\t\t\t\t\t\t\t\t\t\t<img decoding=\"async\" width=\"200\" height=\"200\" src=\"https:\/\/cursosonline.cbr.org.br\/wp-content\/uploads\/2025\/07\/Dr.-Ricardo-e1759761567151.png\" class=\"attachment-medium size-medium wp-image-23966\" alt=\"\" \/>\t\t\t\t\t\t\t\t\t\t\t\t\t\t\t<\/div>\n\t\t\t\t<\/div>\n\t\t\t\t\t<\/div>\n\t\t<\/div>\n\t\t\t\t<div class=\"elementor-column elementor-col-50 elementor-inner-column elementor-element elementor-element-6f9f42a\" data-id=\"6f9f42a\" data-element_type=\"column\">\n\t\t\t<div class=\"elementor-widget-wrap elementor-element-populated\">\n\t\t\t\t\t\t<div class=\"elementor-element elementor-element-8257ba2 elementor-widget elementor-widget-text-editor\" data-id=\"8257ba2\" data-element_type=\"widget\" data-widget_type=\"text-editor.default\">\n\t\t\t\t<div class=\"elementor-widget-container\">\n\t\t\t\t\t\t\t\t\t<p><strong style=\"color: #222222;font-size: 16px\">Dr. Ricardo Rocha<br \/><\/strong>Director de ABCDI (2025\/2026), M\u00e9dico graduado por la Universidad Federal de Cear\u00e1 en 1997, Residencia m\u00e9dica en radiolog\u00eda y diagn\u00f3stico por imagen en el complejo hospitalario de Mandaqui - S\u00e3o Paulo SP, Postgrado en radiolog\u00eda de cabeza y cuello y neurorradiolog\u00eda en IES\/FAMETRO, Ex vicepresidente y director de defensa profesional de SOCEARA, Director de SINDESSEC y Coordinador del departamento de imagen de la asociaci\u00f3n de hospitales de Cear\u00e1.<\/p>\t\t\t\t\t\t\t\t<\/div>\n\t\t\t\t<\/div>\n\t\t\t\t\t<\/div>\n\t\t<\/div>\n\t\t\t\t\t<\/div>\n\t\t<\/section>\n\t\t\t\t<section class=\"elementor-section elementor-inner-section elementor-element elementor-element-cb23b88 elementor-section-boxed elementor-section-height-default elementor-section-height-default\" data-id=\"cb23b88\" data-element_type=\"section\">\n\t\t\t\t\t\t<div class=\"elementor-container elementor-column-gap-default\">\n\t\t\t\t\t<div class=\"elementor-column elementor-col-50 elementor-inner-column elementor-element elementor-element-8786511\" data-id=\"8786511\" data-element_type=\"column\">\n\t\t\t<div class=\"elementor-widget-wrap elementor-element-populated\">\n\t\t\t\t\t\t<div class=\"elementor-element elementor-element-96dd01b elementor-widget__width-initial elementor-widget elementor-widget-image\" data-id=\"96dd01b\" data-element_type=\"widget\" data-widget_type=\"image.default\">\n\t\t\t\t<div class=\"elementor-widget-container\">\n\t\t\t\t\t\t\t\t\t\t\t\t\t\t\t<img decoding=\"async\" width=\"300\" height=\"300\" src=\"https:\/\/cursosonline.cbr.org.br\/wp-content\/uploads\/2025\/02\/Dr.-Marcelo-Montandon-2-300x300.png\" class=\"attachment-medium size-medium wp-image-23275\" alt=\"\" srcset=\"https:\/\/cursosonline.cbr.org.br\/wp-content\/uploads\/2025\/02\/Dr.-Marcelo-Montandon-2-300x300.png 300w, https:\/\/cursosonline.cbr.org.br\/wp-content\/uploads\/2025\/02\/Dr.-Marcelo-Montandon-2-150x150.png 150w, https:\/\/cursosonline.cbr.org.br\/wp-content\/uploads\/2025\/02\/Dr.-Marcelo-Montandon-2-768x768.png 768w, https:\/\/cursosonline.cbr.org.br\/wp-content\/uploads\/2025\/02\/Dr.-Marcelo-Montandon-2-12x12.png 12w, https:\/\/cursosonline.cbr.org.br\/wp-content\/uploads\/2025\/02\/Dr.-Marcelo-Montandon-2-600x600.png 600w, https:\/\/cursosonline.cbr.org.br\/wp-content\/uploads\/2025\/02\/Dr.-Marcelo-Montandon-2-100x100.png 100w, https:\/\/cursosonline.cbr.org.br\/wp-content\/uploads\/2025\/02\/Dr.-Marcelo-Montandon-2-e1759760144893.png 200w\" sizes=\"(max-width: 300px) 100vw, 300px\" \/>\t\t\t\t\t\t\t\t\t\t\t\t\t\t\t<\/div>\n\t\t\t\t<\/div>\n\t\t\t\t\t<\/div>\n\t\t<\/div>\n\t\t\t\t<div class=\"elementor-column elementor-col-50 elementor-inner-column elementor-element elementor-element-33001e4\" data-id=\"33001e4\" data-element_type=\"column\">\n\t\t\t<div class=\"elementor-widget-wrap elementor-element-populated\">\n\t\t\t\t\t\t<div class=\"elementor-element elementor-element-960d426 elementor-widget elementor-widget-text-editor\" data-id=\"960d426\" data-element_type=\"widget\" data-widget_type=\"text-editor.default\">\n\t\t\t\t<div class=\"elementor-widget-container\">\n\t\t\t\t\t\t\t\t\t<p class=\"cvGsUA direction-ltr align-start para-style-body\"><strong>Dr. Marcelo Laur<br \/><\/strong><span style=\"font-family: inherit\">Licenciado en Medicina por la Universidad Estatal de R\u00edo de Janeiro (UERJ), Residencia M\u00e9dica en el Hospital de Cl\u00ednicas de la Facultad de Medicina de Ribeir\u00e3o Preto de la Universidad de S\u00e3o Paulo (FMRP-USP), T\u00edtulo de Especialista en Radiodiagn\u00f3stico conferido por la Asociaci\u00f3n M\u00e9dica Brasile\u00f1a, T\u00edtulo de Especialista en Ultrasonograf\u00eda conferido por la Asociaci\u00f3n M\u00e9dica Brasile\u00f1a, Director de Defensa Profesional del Colegio Brasile\u00f1o de Radiolog\u00eda y Diagn\u00f3stico por la Imagen (2025\/2026), Ex Director de ABCDI (2024\/2025) y Director de SINDIMAGEM (Uni\u00f3n de cl\u00ednicas radiol\u00f3gicas del estado de Goi\u00e1s).<\/span><\/p>\t\t\t\t\t\t\t\t<\/div>\n\t\t\t\t<\/div>\n\t\t\t\t\t<\/div>\n\t\t<\/div>\n\t\t\t\t\t<\/div>\n\t\t<\/section>\n\t\t\t\t\t<\/div>\n\t\t<\/div>\n\t\t\t\t\t<\/div>\n\t\t<\/section>\n\t\t\t\t<section class=\"elementor-section elementor-top-section elementor-element elementor-element-41d034d elementor-section-boxed elementor-section-height-default elementor-section-height-default\" data-id=\"41d034d\" data-element_type=\"section\">\n\t\t\t\t\t\t<div class=\"elementor-container elementor-column-gap-default\">\n\t\t\t\t\t<div class=\"elementor-column elementor-col-100 elementor-top-column elementor-element elementor-element-64763e1\" data-id=\"64763e1\" data-element_type=\"column\">\n\t\t\t<div class=\"elementor-widget-wrap elementor-element-populated\">\n\t\t\t\t\t\t<div class=\"elementor-element elementor-element-4041317 elementor-widget__width-initial elementor-widget elementor-widget-heading\" data-id=\"4041317\" data-element_type=\"widget\" data-widget_type=\"heading.default\">\n\t\t\t\t<div class=\"elementor-widget-container\">\n\t\t\t\t\t<h2 class=\"elementor-heading-title elementor-size-default\"><b>VOCERO<\/b><\/h2>\t\t\t\t<\/div>\n\t\t\t\t<\/div>\n\t\t\t\t\t<\/div>\n\t\t<\/div>\n\t\t\t\t\t<\/div>\n\t\t<\/section>\n\t\t\t\t<section class=\"elementor-section elementor-top-section elementor-element elementor-element-fa0e69a elementor-section-boxed elementor-section-height-default elementor-section-height-default\" data-id=\"fa0e69a\" data-element_type=\"section\">\n\t\t\t\t\t\t<div class=\"elementor-container elementor-column-gap-default\">\n\t\t\t\t\t<div class=\"elementor-column elementor-col-100 elementor-top-column elementor-element elementor-element-2070e45\" data-id=\"2070e45\" data-element_type=\"column\">\n\t\t\t<div class=\"elementor-widget-wrap elementor-element-populated\">\n\t\t\t\t\t\t<section class=\"elementor-section elementor-inner-section elementor-element elementor-element-6dc40ff elementor-section-boxed elementor-section-height-default elementor-section-height-default\" data-id=\"6dc40ff\" data-element_type=\"section\">\n\t\t\t\t\t\t<div class=\"elementor-container elementor-column-gap-default\">\n\t\t\t\t\t<div class=\"elementor-column elementor-col-50 elementor-inner-column elementor-element elementor-element-e455957\" data-id=\"e455957\" data-element_type=\"column\">\n\t\t\t<div class=\"elementor-widget-wrap elementor-element-populated\">\n\t\t\t\t\t\t<div class=\"elementor-element elementor-element-ff1fe2e elementor-widget__width-initial elementor-widget elementor-widget-image\" data-id=\"ff1fe2e\" data-element_type=\"widget\" data-widget_type=\"image.default\">\n\t\t\t\t<div class=\"elementor-widget-container\">\n\t\t\t\t\t\t\t\t\t\t\t\t\t\t\t<img loading=\"lazy\" decoding=\"async\" width=\"184\" height=\"148\" src=\"https:\/\/cursosonline.cbr.org.br\/wp-content\/uploads\/2025\/12\/download-1.png\" class=\"attachment-medium size-medium wp-image-30442\" alt=\"\" srcset=\"https:\/\/cursosonline.cbr.org.br\/wp-content\/uploads\/2025\/12\/download-1.png 184w, https:\/\/cursosonline.cbr.org.br\/wp-content\/uploads\/2025\/12\/download-1-15x12.png 15w\" sizes=\"(max-width: 184px) 100vw, 184px\" \/>\t\t\t\t\t\t\t\t\t\t\t\t\t\t\t<\/div>\n\t\t\t\t<\/div>\n\t\t\t\t\t<\/div>\n\t\t<\/div>\n\t\t\t\t<div class=\"elementor-column elementor-col-50 elementor-inner-column elementor-element elementor-element-7b3a9cc\" data-id=\"7b3a9cc\" data-element_type=\"column\">\n\t\t\t<div class=\"elementor-widget-wrap elementor-element-populated\">\n\t\t\t\t\t\t<div class=\"elementor-element elementor-element-60c5ac5 elementor-widget elementor-widget-text-editor\" data-id=\"60c5ac5\" data-element_type=\"widget\" data-widget_type=\"text-editor.default\">\n\t\t\t\t<div class=\"elementor-widget-container\">\n\t\t\t\t\t\t\t\t\t<h3 class=\"cvGsUA direction-ltr align-start para-style-body\"><span style=\"color: #808080\">Pr\u00f3ximamente habr\u00e1 m\u00e1s informaci\u00f3n.<\/span><\/h3>\t\t\t\t\t\t\t\t<\/div>\n\t\t\t\t<\/div>\n\t\t\t\t\t<\/div>\n\t\t<\/div>\n\t\t\t\t\t<\/div>\n\t\t<\/section>\n\t\t\t\t\t<\/div>\n\t\t<\/div>\n\t\t\t\t\t<\/div>\n\t\t<\/section>\n\t\t\t\t<\/div>","protected":false},"excerpt":{"rendered":"<h3>INFORMACI\u00d3N GENERAL<\/h3>\n<h5><span style=\"color: #003366;\"><strong>Inscripci\u00f3n gratuita para miembros de CBR o ABCDI al corriente de sus cuotas.<\/strong><\/span><\/h5>\n<p>&nbsp;<\/p>\n<h5><strong>Formato: <\/strong>En l\u00ednea<strong><br \/>\nCarga de trabajo:<\/strong> 1h30<\/h5>","protected":false},"featured_media":30472,"template":"","meta":[],"product_brand":[],"product_cat":[15,37,76],"product_tag":[51,55,60],"class_list":{"0":"post-30461","1":"product","2":"type-product","3":"status-publish","4":"has-post-thumbnail","6":"product_cat-uncategorized","7":"product_cat-abcdi","8":"product_cat-webinarsabcdi","9":"product_tag-abcdi","10":"product_tag-cbr-clinicas","11":"product_tag-gestao","13":"first","14":"instock","15":"virtual","16":"taxable","17":"purchasable","18":"product-type-simple"},"_links":{"self":[{"href":"https:\/\/cursosonline.cbr.org.br\/es\/wp-json\/wp\/v2\/product\/30461","targetHints":{"allow":["GET"]}}],"collection":[{"href":"https:\/\/cursosonline.cbr.org.br\/es\/wp-json\/wp\/v2\/product"}],"about":[{"href":"https:\/\/cursosonline.cbr.org.br\/es\/wp-json\/wp\/v2\/types\/product"}],"version-history":[{"count":19,"href":"https:\/\/cursosonline.cbr.org.br\/es\/wp-json\/wp\/v2\/product\/30461\/revisions"}],"predecessor-version":[{"id":34066,"href":"https:\/\/cursosonline.cbr.org.br\/es\/wp-json\/wp\/v2\/product\/30461\/revisions\/34066"}],"wp:featuredmedia":[{"embeddable":true,"href":"https:\/\/cursosonline.cbr.org.br\/es\/wp-json\/wp\/v2\/media\/30472"}],"wp:attachment":[{"href":"https:\/\/cursosonline.cbr.org.br\/es\/wp-json\/wp\/v2\/media?parent=30461"}],"wp:term":[{"taxonomy":"product_brand","embeddable":true,"href":"https:\/\/cursosonline.cbr.org.br\/es\/wp-json\/wp\/v2\/product_brand?post=30461"},{"taxonomy":"product_cat","embeddable":true,"href":"https:\/\/cursosonline.cbr.org.br\/es\/wp-json\/wp\/v2\/product_cat?post=30461"},{"taxonomy":"product_tag","embeddable":true,"href":"https:\/\/cursosonline.cbr.org.br\/es\/wp-json\/wp\/v2\/product_tag?post=30461"}],"curies":[{"name":"gracias","href":"https:\/\/api.w.org\/{rel}","templated":true}]}}