{"id":306,"date":"2023-09-04T16:02:25","date_gmt":"2023-09-04T19:02:25","guid":{"rendered":"https:\/\/cursosonline.cbr.org.br\/?post_type=product&#038;p=306"},"modified":"2026-03-10T13:04:56","modified_gmt":"2026-03-10T16:04:56","slug":"atualiza23-l-geniturinario-lesoes-focais-renais-um-guia-pratico-para-radiologistas","status":"publish","type":"product","link":"https:\/\/cursosonline.cbr.org.br\/es\/curso\/atualiza23-l-geniturinario-lesoes-focais-renais-um-guia-pratico-para-radiologistas\/","title":{"rendered":"Atualiza23 l Genitourinario - Lesiones focales renales: gu\u00eda pr\u00e1ctica para radi\u00f3logos"},"content":{"rendered":"<div data-elementor-type=\"product-post\" data-elementor-id=\"306\" class=\"elementor elementor-306\" data-elementor-post-type=\"product\">\n\t\t\t\t\t\t<section class=\"elementor-section elementor-top-section elementor-element elementor-element-120a747b elementor-section-boxed elementor-section-height-default elementor-section-height-default\" data-id=\"120a747b\" data-element_type=\"section\">\n\t\t\t\t\t\t<div class=\"elementor-container elementor-column-gap-default\">\n\t\t\t\t\t<div class=\"elementor-column elementor-col-100 elementor-top-column elementor-element elementor-element-1242774b\" data-id=\"1242774b\" data-element_type=\"column\">\n\t\t\t<div class=\"elementor-widget-wrap elementor-element-populated\">\n\t\t\t\t\t\t<div class=\"elementor-element elementor-element-1f5a8ec9 elementor-widget elementor-widget-text-editor\" data-id=\"1f5a8ec9\" data-element_type=\"widget\" data-widget_type=\"text-editor.default\">\n\t\t\t\t<div class=\"elementor-widget-container\">\n\t\t\t\t\t\t\t\t\t<p><strong>Coordinadores de \u00e1rea y de curso<\/strong><\/p><table border=\"0\"><tbody><tr><td><p>Ronaldo Baroni<\/p><p>Fernando Morbeck<\/p><p>Mauricio Zapparoli<\/p><\/td><\/tr><\/tbody><\/table><p>\u00a0<\/p><p><strong>Objetivos de aprendizaje<\/strong><\/p><table border=\"0\"><tbody><tr><td><p>\u00a0 \u00a0 \u00a0\u00a0Al finalizar este curso, los participantes ser\u00e1n capaces de:<\/p><ul><li>Comprender los principales conceptos y los \u00faltimos avances relacionados con la estratificaci\u00f3n del riesgo de las lesiones qu\u00edsticas y la predicci\u00f3n histol\u00f3gica de las lesiones s\u00f3lidas del par\u00e9nquima renal.<\/li><li>Comprender c\u00f3mo deben estadificarse los tumores del par\u00e9nquima renal y sus implicaciones terap\u00e9uticas.<\/li><li>Conozca las principales opciones de tratamiento para las lesiones renales focales y comprenda c\u00f3mo debe realizarse la evaluaci\u00f3n posterior al tratamiento.<\/li><\/ul><\/td><\/tr><\/tbody><\/table><div>\u00a0<\/div><div class=\"elementToProof\"><strong>Men\u00fa<\/strong><\/div><div class=\"elementToProof\"><div>\u00a0<\/div><\/div><table border=\"0\"><tbody><tr><td><p>Discutiremos la evaluaci\u00f3n por imagen de las lesiones renales qu\u00edsticas y s\u00f3lidas.<\/p><p>El curso tendr\u00e1 un enfoque pr\u00e1ctico, con la lectura y discusi\u00f3n de casos cl\u00ednicos guiados por expertos en la materia, abarcando la actualizaci\u00f3n de la clasificaci\u00f3n de Bosniak (2019), la predicci\u00f3n histol\u00f3gica y el diagn\u00f3stico diferencial de las lesiones renales s\u00f3lidas, la estadificaci\u00f3n y la evaluaci\u00f3n pre y postratamiento.<\/p><p>Las pr\u00e1cticas ir\u00e1n acompa\u00f1adas de breves lecciones -p\u00edldoras de conocimientos- disponibles con antelaci\u00f3n en la plataforma del evento.<\/p><\/td><\/tr><\/tbody><\/table><p>\u00a0<\/p>\t\t\t\t\t\t\t\t<\/div>\n\t\t\t\t<\/div>\n\t\t\t\t\t<\/div>\n\t\t<\/div>\n\t\t\t\t\t<\/div>\n\t\t<\/section>\n\t\t\t\t<\/div>","protected":false},"excerpt":{"rendered":"<p>El Atualiza23 - Circuito Nacional de Radiolog\u00eda Brasile\u00f1a se celebr\u00f3 del 31 de marzo al 2 de abril. El evento tuvo lugar en el formato online 100% con el objetivo de promover la actualizaci\u00f3n te\u00f3rica y pr\u00e1ctica de los profesionales del sector. El Atualiza23 reuni\u00f3 sociedades estatales de todo Brasil y, sin precedentes, representantes de renombradas sociedades internacionales de radiolog\u00eda, ofreciendo numerosas actividades dirigidas a radi\u00f3logos y residentes.<\/p>\n<p><strong>GRATUITO PARA LOS MIEMBROS DE LA CBR.<\/strong><\/p>","protected":false},"featured_media":307,"template":"","meta":[],"product_brand":[],"product_cat":[18,38,85],"product_tag":[],"class_list":{"0":"post-306","1":"product","2":"type-product","3":"status-publish","4":"has-post-thumbnail","6":"product_cat-cbr-educa","7":"product_cat-atualiza","8":"product_cat-atualiza23","10":"first","11":"instock","12":"virtual","13":"sold-individually","14":"taxable","15":"purchasable","16":"product-type-simple"},"_links":{"self":[{"href":"https:\/\/cursosonline.cbr.org.br\/es\/wp-json\/wp\/v2\/product\/306","targetHints":{"allow":["GET"]}}],"collection":[{"href":"https:\/\/cursosonline.cbr.org.br\/es\/wp-json\/wp\/v2\/product"}],"about":[{"href":"https:\/\/cursosonline.cbr.org.br\/es\/wp-json\/wp\/v2\/types\/product"}],"version-history":[{"count":10,"href":"https:\/\/cursosonline.cbr.org.br\/es\/wp-json\/wp\/v2\/product\/306\/revisions"}],"predecessor-version":[{"id":33018,"href":"https:\/\/cursosonline.cbr.org.br\/es\/wp-json\/wp\/v2\/product\/306\/revisions\/33018"}],"wp:featuredmedia":[{"embeddable":true,"href":"https:\/\/cursosonline.cbr.org.br\/es\/wp-json\/wp\/v2\/media\/307"}],"wp:attachment":[{"href":"https:\/\/cursosonline.cbr.org.br\/es\/wp-json\/wp\/v2\/media?parent=306"}],"wp:term":[{"taxonomy":"product_brand","embeddable":true,"href":"https:\/\/cursosonline.cbr.org.br\/es\/wp-json\/wp\/v2\/product_brand?post=306"},{"taxonomy":"product_cat","embeddable":true,"href":"https:\/\/cursosonline.cbr.org.br\/es\/wp-json\/wp\/v2\/product_cat?post=306"},{"taxonomy":"product_tag","embeddable":true,"href":"https:\/\/cursosonline.cbr.org.br\/es\/wp-json\/wp\/v2\/product_tag?post=306"}],"curies":[{"name":"gracias","href":"https:\/\/api.w.org\/{rel}","templated":true}]}}