{"id":310,"date":"2023-09-04T16:06:12","date_gmt":"2023-09-04T19:06:12","guid":{"rendered":"https:\/\/cursosonline.cbr.org.br\/?post_type=product&#038;p=310"},"modified":"2026-03-10T13:04:46","modified_gmt":"2026-03-10T16:04:46","slug":"atualiza23-l-mama-mamografia-e-suas-evolucoes-tecnologicas","status":"publish","type":"product","link":"https:\/\/cursosonline.cbr.org.br\/es\/curso\/atualiza23-l-mama-mamografia-e-suas-evolucoes-tecnologicas\/","title":{"rendered":"Atualiza23 l Mama - Mamograf\u00eda y sus avances tecnol\u00f3gicos"},"content":{"rendered":"<div data-elementor-type=\"product-post\" data-elementor-id=\"310\" class=\"elementor elementor-310\" data-elementor-post-type=\"product\">\n\t\t\t\t\t\t<section class=\"elementor-section elementor-top-section elementor-element elementor-element-865ec95 elementor-section-boxed elementor-section-height-default elementor-section-height-default\" data-id=\"865ec95\" data-element_type=\"section\">\n\t\t\t\t\t\t<div class=\"elementor-container elementor-column-gap-default\">\n\t\t\t\t\t<div class=\"elementor-column elementor-col-100 elementor-top-column elementor-element elementor-element-2fde6911\" data-id=\"2fde6911\" data-element_type=\"column\">\n\t\t\t<div class=\"elementor-widget-wrap elementor-element-populated\">\n\t\t\t\t\t\t<div class=\"elementor-element elementor-element-6f2149e1 elementor-widget elementor-widget-text-editor\" data-id=\"6f2149e1\" data-element_type=\"widget\" data-widget_type=\"text-editor.default\">\n\t\t\t\t<div class=\"elementor-widget-container\">\n\t\t\t\t\t\t\t\t\t<p><strong>Coordinadores de \u00e1rea y de curso<\/strong><\/p><table border=\"0\"><tbody><tr><td><p>Ivie Braga de Paula<\/p><p>Beatriz Maranh\u00e3o<\/p><\/td><\/tr><\/tbody><\/table><p>\u00a0<\/p><p><strong>Apoyo de la Sociedad Internacional<\/strong><\/p><p><img decoding=\"async\" class=\"alignnone size-full wp-image-1120\" src=\"https:\/\/cursosonline.cbr.org.br\/wp-content\/uploads\/2023\/09\/Screenshot_40.png\" alt=\"\" width=\"232\" height=\"181\" \/><\/p><p><strong>Objetivos de aprendizaje<\/strong><\/p><table border=\"0\"><tbody><tr><td><p>Contextualizar el uso de la tomos\u00edntesis y la mamograf\u00eda de contraste en el cribado y el diagn\u00f3stico, as\u00ed como la mamograf\u00eda digital, discutiendo las formas de optimizar la t\u00e9cnica de examen, describiendo los hallazgos y la conducta seg\u00fan bi-rads, demostrando las dificultades en la pr\u00e1ctica cl\u00ednica, como los artefactos y los principales errores, as\u00ed como revisando los conceptos y la conducta en calcificaciones, n\u00f3dulos, asimetr\u00edas y distorsi\u00f3n arquitect\u00f3nica.<\/p><p>Adem\u00e1s, el curso incluir\u00e1 consejos sobre c\u00f3mo implantar auditor\u00edas de resultados en servicios de diagn\u00f3stico por imagen de cualquier tama\u00f1o, lo que constituye un paso importante para garantizar la calidad de la atenci\u00f3n.<\/p><\/td><\/tr><\/tbody><\/table><p>\u00a0<\/p><p><strong>Men\u00fa<\/strong><\/p><table border=\"0\"><tbody><tr><td><p>El curso consistir\u00e1 en lecciones pregrabadas con temas y contenidos para su uso en la pr\u00e1ctica cl\u00ednica.<\/p><p>El curso La mamograf\u00eda y su evoluci\u00f3n repasa las principales lesiones identificadas por mamograf\u00eda y abordar\u00e1 cuestiones pr\u00e1cticas sobre la tomos\u00edntesis y la mamograf\u00eda de contraste. Tambi\u00e9n tratar\u00e1 el papel de la inteligencia artificial en el diagn\u00f3stico de las lesiones mamarias y en el cribado, as\u00ed como las formas de auditor\u00eda.<\/p><p>Al final del curso, el alumno habr\u00e1 revisado los principales temas de la mamograf\u00eda a la luz de los nuevos m\u00e9todos de obtenci\u00f3n de im\u00e1genes y de la inteligencia artificial.<\/p><\/td><\/tr><\/tbody><\/table><p>\u00a0<\/p>\t\t\t\t\t\t\t\t<\/div>\n\t\t\t\t<\/div>\n\t\t\t\t\t<\/div>\n\t\t<\/div>\n\t\t\t\t\t<\/div>\n\t\t<\/section>\n\t\t\t\t<\/div>","protected":false},"excerpt":{"rendered":"<p>El Atualiza23 - Circuito Nacional de Radiolog\u00eda Brasile\u00f1a se celebr\u00f3 del 31 de marzo al 2 de abril. El evento tuvo lugar en el formato online 100% con el objetivo de promover la actualizaci\u00f3n te\u00f3rica y pr\u00e1ctica de los profesionales del sector. El Atualiza23 reuni\u00f3 sociedades estatales de todo Brasil y, sin precedentes, representantes de renombradas sociedades internacionales de radiolog\u00eda, ofreciendo numerosas actividades dirigidas a radi\u00f3logos y residentes.<\/p>\n<p><strong>GRATUITO PARA LOS MIEMBROS DE LA CBR.<\/strong><\/p>","protected":false},"featured_media":312,"template":"","meta":[],"product_brand":[],"product_cat":[18,38,85],"product_tag":[],"class_list":{"0":"post-310","1":"product","2":"type-product","3":"status-publish","4":"has-post-thumbnail","6":"product_cat-cbr-educa","7":"product_cat-atualiza","8":"product_cat-atualiza23","10":"first","11":"instock","12":"virtual","13":"sold-individually","14":"taxable","15":"purchasable","16":"product-type-simple"},"_links":{"self":[{"href":"https:\/\/cursosonline.cbr.org.br\/es\/wp-json\/wp\/v2\/product\/310","targetHints":{"allow":["GET"]}}],"collection":[{"href":"https:\/\/cursosonline.cbr.org.br\/es\/wp-json\/wp\/v2\/product"}],"about":[{"href":"https:\/\/cursosonline.cbr.org.br\/es\/wp-json\/wp\/v2\/types\/product"}],"version-history":[{"count":10,"href":"https:\/\/cursosonline.cbr.org.br\/es\/wp-json\/wp\/v2\/product\/310\/revisions"}],"predecessor-version":[{"id":33016,"href":"https:\/\/cursosonline.cbr.org.br\/es\/wp-json\/wp\/v2\/product\/310\/revisions\/33016"}],"wp:featuredmedia":[{"embeddable":true,"href":"https:\/\/cursosonline.cbr.org.br\/es\/wp-json\/wp\/v2\/media\/312"}],"wp:attachment":[{"href":"https:\/\/cursosonline.cbr.org.br\/es\/wp-json\/wp\/v2\/media?parent=310"}],"wp:term":[{"taxonomy":"product_brand","embeddable":true,"href":"https:\/\/cursosonline.cbr.org.br\/es\/wp-json\/wp\/v2\/product_brand?post=310"},{"taxonomy":"product_cat","embeddable":true,"href":"https:\/\/cursosonline.cbr.org.br\/es\/wp-json\/wp\/v2\/product_cat?post=310"},{"taxonomy":"product_tag","embeddable":true,"href":"https:\/\/cursosonline.cbr.org.br\/es\/wp-json\/wp\/v2\/product_tag?post=310"}],"curies":[{"name":"gracias","href":"https:\/\/api.w.org\/{rel}","templated":true}]}}