{"id":313,"date":"2023-09-04T16:08:00","date_gmt":"2023-09-04T19:08:00","guid":{"rendered":"https:\/\/cursosonline.cbr.org.br\/?post_type=product&#038;p=313"},"modified":"2026-03-10T13:04:42","modified_gmt":"2026-03-10T16:04:42","slug":"atualiza23-l-mama-ressonancia-magnetica-das-mamas-inovacoes-e-dificuldades","status":"publish","type":"product","link":"https:\/\/cursosonline.cbr.org.br\/es\/curso\/atualiza23-l-mama-ressonancia-magnetica-das-mamas-inovacoes-e-dificuldades\/","title":{"rendered":"Atualiza23 l Mama - Resonancia magn\u00e9tica de la mama: innovaciones y dificultades"},"content":{"rendered":"<div data-elementor-type=\"product-post\" data-elementor-id=\"313\" class=\"elementor elementor-313\" data-elementor-post-type=\"product\">\n\t\t\t\t\t\t<section class=\"elementor-section elementor-top-section elementor-element elementor-element-4c608f13 elementor-section-boxed elementor-section-height-default elementor-section-height-default\" data-id=\"4c608f13\" data-element_type=\"section\">\n\t\t\t\t\t\t<div class=\"elementor-container elementor-column-gap-default\">\n\t\t\t\t\t<div class=\"elementor-column elementor-col-100 elementor-top-column elementor-element elementor-element-2227404e\" data-id=\"2227404e\" data-element_type=\"column\">\n\t\t\t<div class=\"elementor-widget-wrap elementor-element-populated\">\n\t\t\t\t\t\t<div class=\"elementor-element elementor-element-18753630 elementor-widget elementor-widget-text-editor\" data-id=\"18753630\" data-element_type=\"widget\" data-widget_type=\"text-editor.default\">\n\t\t\t\t<div class=\"elementor-widget-container\">\n\t\t\t\t\t\t\t\t\t<p><strong>Coordinadores de \u00e1rea y de curso<\/strong><\/p><table border=\"0\"><tbody><tr><td><p>Ivie Braga de Paula<\/p><p>Beatriz Maranh\u00e3o<\/p><\/td><\/tr><\/tbody><\/table><p>\u00a0<\/p><p><strong>Apoyo de la Sociedad Internacional<\/strong><\/p><p><img decoding=\"async\" class=\"alignnone size-full wp-image-1120\" src=\"https:\/\/cursosonline.cbr.org.br\/wp-content\/uploads\/2023\/09\/Screenshot_40.png\" alt=\"\" width=\"232\" height=\"181\" \/><\/p><div class=\"elementToProof\"><strong>Objetivos de aprendizaje<\/strong><\/div><div class=\"elementToProof\">\u00a0<\/div><table border=\"0\"><tbody><tr><td><p>Proporcionar al participante conocimientos pr\u00e1cticos y te\u00f3ricos sobre las principales lesiones mamarias observadas en RM, sus descriptores, diagn\u00f3sticos diferenciales y valores predictivos, as\u00ed como la conducta recomendada seg\u00fan BI-RADS.<\/p><p>Tambi\u00e9n revisamos la t\u00e9cnica de examen y su evoluci\u00f3n, especialmente en lo que respecta a las nuevas secuencias y protocolos que pueden generar ex\u00e1menes de mayor calidad en menos tiempo, mejorando el rendimiento de la t\u00e9cnica.<\/p><p>Tambi\u00e9n reconocen los errores de interpretaci\u00f3n m\u00e1s frecuentes y las formas de evitarlos, con el fin de mejorar la pr\u00e1ctica diaria.<\/p><\/td><\/tr><\/tbody><\/table><p><strong>Men\u00fa<\/strong><\/p><table border=\"0\"><tbody><tr><td><p>El curso se compone de clases te\u00f3ricas y pr\u00e1cticas que abarcan los principales temas de la evaluaci\u00f3n por imagen de la mama mediante resonancia magn\u00e9tica, desde la t\u00e9cnica de examen hasta c\u00f3mo describir, clasificar y definir el comportamiento, siempre con un enfoque pr\u00e1ctico dirigido a mejorar la calidad del examen.<\/p><p>Tambi\u00e9n aborda el diagn\u00f3stico diferencial y los valores predictivos de los principales hallazgos, adem\u00e1s de discutir las principales causas de errores de interpretaci\u00f3n y las formas de documentar un examen de alta calidad.<\/p><p>En la parte interactiva, se discutir\u00e1n casos pr\u00e1cticos, con profesores altamente cualificados que aportar\u00e1n su experiencia, debatiendo los principales problemas y soluciones, a trav\u00e9s de la interacci\u00f3n directa con los estudiantes.<\/p><\/td><\/tr><\/tbody><\/table>\t\t\t\t\t\t\t\t<\/div>\n\t\t\t\t<\/div>\n\t\t\t\t\t<\/div>\n\t\t<\/div>\n\t\t\t\t\t<\/div>\n\t\t<\/section>\n\t\t\t\t<\/div>","protected":false},"excerpt":{"rendered":"<p>El Atualiza23 - Circuito Nacional de Radiolog\u00eda Brasile\u00f1a se celebr\u00f3 del 31 de marzo al 2 de abril. El evento tuvo lugar en el formato online 100% con el objetivo de promover la actualizaci\u00f3n te\u00f3rica y pr\u00e1ctica de los profesionales del sector. El Atualiza23 reuni\u00f3 sociedades estatales de todo Brasil y, sin precedentes, representantes de renombradas sociedades internacionales de radiolog\u00eda, ofreciendo numerosas actividades dirigidas a radi\u00f3logos y residentes.<\/p>\n<p><strong>GRATUITO PARA LOS MIEMBROS DE LA CBR.<\/strong><\/p>","protected":false},"featured_media":314,"template":"","meta":[],"product_brand":[],"product_cat":[18,38,85],"product_tag":[],"class_list":{"0":"post-313","1":"product","2":"type-product","3":"status-publish","4":"has-post-thumbnail","6":"product_cat-cbr-educa","7":"product_cat-atualiza","8":"product_cat-atualiza23","10":"first","11":"instock","12":"virtual","13":"sold-individually","14":"taxable","15":"purchasable","16":"product-type-simple"},"_links":{"self":[{"href":"https:\/\/cursosonline.cbr.org.br\/es\/wp-json\/wp\/v2\/product\/313","targetHints":{"allow":["GET"]}}],"collection":[{"href":"https:\/\/cursosonline.cbr.org.br\/es\/wp-json\/wp\/v2\/product"}],"about":[{"href":"https:\/\/cursosonline.cbr.org.br\/es\/wp-json\/wp\/v2\/types\/product"}],"version-history":[{"count":10,"href":"https:\/\/cursosonline.cbr.org.br\/es\/wp-json\/wp\/v2\/product\/313\/revisions"}],"predecessor-version":[{"id":33015,"href":"https:\/\/cursosonline.cbr.org.br\/es\/wp-json\/wp\/v2\/product\/313\/revisions\/33015"}],"wp:featuredmedia":[{"embeddable":true,"href":"https:\/\/cursosonline.cbr.org.br\/es\/wp-json\/wp\/v2\/media\/314"}],"wp:attachment":[{"href":"https:\/\/cursosonline.cbr.org.br\/es\/wp-json\/wp\/v2\/media?parent=313"}],"wp:term":[{"taxonomy":"product_brand","embeddable":true,"href":"https:\/\/cursosonline.cbr.org.br\/es\/wp-json\/wp\/v2\/product_brand?post=313"},{"taxonomy":"product_cat","embeddable":true,"href":"https:\/\/cursosonline.cbr.org.br\/es\/wp-json\/wp\/v2\/product_cat?post=313"},{"taxonomy":"product_tag","embeddable":true,"href":"https:\/\/cursosonline.cbr.org.br\/es\/wp-json\/wp\/v2\/product_tag?post=313"}],"curies":[{"name":"gracias","href":"https:\/\/api.w.org\/{rel}","templated":true}]}}