{"id":315,"date":"2023-09-04T16:10:03","date_gmt":"2023-09-04T19:10:03","guid":{"rendered":"https:\/\/cursosonline.cbr.org.br\/?post_type=product&#038;p=315"},"modified":"2026-03-10T13:04:37","modified_gmt":"2026-03-10T16:04:37","slug":"atualiza23-l-mama-ultrassonografia-mamaria-melhorando-a-performance-na-vida-real","status":"publish","type":"product","link":"https:\/\/cursosonline.cbr.org.br\/es\/curso\/atualiza23-l-mama-ultrassonografia-mamaria-melhorando-a-performance-na-vida-real\/","title":{"rendered":"Atualiza23 l Mama - Ecograf\u00eda mamaria: mejorar el rendimiento en la vida real"},"content":{"rendered":"<div data-elementor-type=\"product-post\" data-elementor-id=\"315\" class=\"elementor elementor-315\" data-elementor-post-type=\"product\">\n\t\t\t\t\t\t<section class=\"elementor-section elementor-top-section elementor-element elementor-element-2addcd2d elementor-section-boxed elementor-section-height-default elementor-section-height-default\" data-id=\"2addcd2d\" data-element_type=\"section\">\n\t\t\t\t\t\t<div class=\"elementor-container elementor-column-gap-default\">\n\t\t\t\t\t<div class=\"elementor-column elementor-col-100 elementor-top-column elementor-element elementor-element-74ad1f44\" data-id=\"74ad1f44\" data-element_type=\"column\">\n\t\t\t<div class=\"elementor-widget-wrap elementor-element-populated\">\n\t\t\t\t\t\t<div class=\"elementor-element elementor-element-3ed7ce9f elementor-widget elementor-widget-text-editor\" data-id=\"3ed7ce9f\" data-element_type=\"widget\" data-widget_type=\"text-editor.default\">\n\t\t\t\t<div class=\"elementor-widget-container\">\n\t\t\t\t\t\t\t\t\t<p><strong>Coordinadores de \u00e1rea y de curso<\/strong><\/p><table border=\"0\"><tbody><tr><td><p>Luciano de Paula<\/p><p>Beatriz Maranh\u00e3o<\/p><\/td><\/tr><\/tbody><\/table><p>\u00a0<\/p><p><strong>Apoyo de la Sociedad Internacional<\/strong><\/p><p><img decoding=\"async\" class=\"alignnone size-full wp-image-1120\" src=\"https:\/\/cursosonline.cbr.org.br\/wp-content\/uploads\/2023\/09\/Screenshot_40.png\" alt=\"\" width=\"232\" height=\"181\" \/><\/p><p>\u00a0<\/p><p><strong>Objetivos de aprendizaje<\/strong><\/p><table border=\"0\"><tbody><tr><td>Proporcionar a los ecografistas generales y a los especializados en im\u00e1genes mamarias conocimientos y estrategias para mejorar su rendimiento y reducir la probabilidad de errores en su pr\u00e1ctica diaria.<\/td><\/tr><\/tbody><\/table><p>\u00a0<\/p><p><strong>Men\u00fa<\/strong><\/p><table border=\"0\"><tbody><tr><td><p>El curso consistir\u00e1 en lecciones pregrabadas con temas y contenidos para su uso en la pr\u00e1ctica cl\u00ednica.<\/p><p>Adem\u00e1s, se discutir\u00e1 el estado actual de algunos avances tecnol\u00f3gicos.<\/p><p>Adem\u00e1s de las conferencias, el curso consistir\u00e1 en debates de casos en directo con la participaci\u00f3n de profesores experimentados.<\/p><\/td><\/tr><\/tbody><\/table><p>\u00a0<\/p>\t\t\t\t\t\t\t\t<\/div>\n\t\t\t\t<\/div>\n\t\t\t\t\t<\/div>\n\t\t<\/div>\n\t\t\t\t\t<\/div>\n\t\t<\/section>\n\t\t\t\t<\/div>","protected":false},"excerpt":{"rendered":"<p>El Atualiza23 - Circuito Nacional de Radiolog\u00eda Brasile\u00f1a se celebr\u00f3 del 31 de marzo al 2 de abril. El evento tuvo lugar en el formato online 100% con el objetivo de promover la actualizaci\u00f3n te\u00f3rica y pr\u00e1ctica de los profesionales del sector. El Atualiza23 reuni\u00f3 sociedades estatales de todo Brasil y, sin precedentes, representantes de renombradas sociedades internacionales de radiolog\u00eda, ofreciendo numerosas actividades dirigidas a radi\u00f3logos y residentes.<\/p>\n<p>GRATUITO PARA LOS MIEMBROS DE LA CBR.<\/p>","protected":false},"featured_media":317,"template":"","meta":[],"product_brand":[],"product_cat":[18,38,85],"product_tag":[],"class_list":{"0":"post-315","1":"product","2":"type-product","3":"status-publish","4":"has-post-thumbnail","6":"product_cat-cbr-educa","7":"product_cat-atualiza","8":"product_cat-atualiza23","10":"first","11":"instock","12":"virtual","13":"sold-individually","14":"taxable","15":"purchasable","16":"product-type-simple"},"_links":{"self":[{"href":"https:\/\/cursosonline.cbr.org.br\/es\/wp-json\/wp\/v2\/product\/315","targetHints":{"allow":["GET"]}}],"collection":[{"href":"https:\/\/cursosonline.cbr.org.br\/es\/wp-json\/wp\/v2\/product"}],"about":[{"href":"https:\/\/cursosonline.cbr.org.br\/es\/wp-json\/wp\/v2\/types\/product"}],"version-history":[{"count":10,"href":"https:\/\/cursosonline.cbr.org.br\/es\/wp-json\/wp\/v2\/product\/315\/revisions"}],"predecessor-version":[{"id":33014,"href":"https:\/\/cursosonline.cbr.org.br\/es\/wp-json\/wp\/v2\/product\/315\/revisions\/33014"}],"wp:featuredmedia":[{"embeddable":true,"href":"https:\/\/cursosonline.cbr.org.br\/es\/wp-json\/wp\/v2\/media\/317"}],"wp:attachment":[{"href":"https:\/\/cursosonline.cbr.org.br\/es\/wp-json\/wp\/v2\/media?parent=315"}],"wp:term":[{"taxonomy":"product_brand","embeddable":true,"href":"https:\/\/cursosonline.cbr.org.br\/es\/wp-json\/wp\/v2\/product_brand?post=315"},{"taxonomy":"product_cat","embeddable":true,"href":"https:\/\/cursosonline.cbr.org.br\/es\/wp-json\/wp\/v2\/product_cat?post=315"},{"taxonomy":"product_tag","embeddable":true,"href":"https:\/\/cursosonline.cbr.org.br\/es\/wp-json\/wp\/v2\/product_tag?post=315"}],"curies":[{"name":"gracias","href":"https:\/\/api.w.org\/{rel}","templated":true}]}}