{"id":322,"date":"2023-09-04T16:14:24","date_gmt":"2023-09-04T19:14:24","guid":{"rendered":"https:\/\/cursosonline.cbr.org.br\/?post_type=product&#038;p=322"},"modified":"2026-03-10T13:04:27","modified_gmt":"2026-03-10T16:04:27","slug":"atualiza23-l-msk-rm-de-corpo-inteiro-em-msk-o-que-todo-radiologista-precisa-saber","status":"publish","type":"product","link":"https:\/\/cursosonline.cbr.org.br\/es\/curso\/atualiza23-l-msk-rm-de-corpo-inteiro-em-msk-o-que-todo-radiologista-precisa-saber\/","title":{"rendered":"Atualiza23 l Musculoesquel\u00e9tico - Resonancia magn\u00e9tica de cuerpo entero en MSK: lo que todo radi\u00f3logo necesita saber"},"content":{"rendered":"<div data-elementor-type=\"product-post\" data-elementor-id=\"322\" class=\"elementor elementor-322\" data-elementor-post-type=\"product\">\n\t\t\t\t\t\t<section class=\"elementor-section elementor-top-section elementor-element elementor-element-683b17cb elementor-section-boxed elementor-section-height-default elementor-section-height-default\" data-id=\"683b17cb\" data-element_type=\"section\">\n\t\t\t\t\t\t<div class=\"elementor-container elementor-column-gap-default\">\n\t\t\t\t\t<div class=\"elementor-column elementor-col-100 elementor-top-column elementor-element elementor-element-226001d9\" data-id=\"226001d9\" data-element_type=\"column\">\n\t\t\t<div class=\"elementor-widget-wrap elementor-element-populated\">\n\t\t\t\t\t\t<div class=\"elementor-element elementor-element-5769a498 elementor-widget elementor-widget-text-editor\" data-id=\"5769a498\" data-element_type=\"widget\" data-widget_type=\"text-editor.default\">\n\t\t\t\t<div class=\"elementor-widget-container\">\n\t\t\t\t\t\t\t\t\t<p><strong>Coordinadores de \u00e1rea y de curso<\/strong><\/p><table border=\"0\"><tbody><tr><td><p>Aline Serfaty<\/p><p>Francisco Abaet\u00e9 das Chagas Neto<\/p><p>Marcelo Bordalo Rodrigues<\/p><\/td><\/tr><\/tbody><\/table><p>\u00a0<\/p><p><strong>Objetivos de aprendizaje<\/strong><\/p><table border=\"0\"><tbody><tr><td><p>Al finalizar este curso, los participantes ser\u00e1n capaces de:<\/p><ul><li>Familiarizarse con la interpretaci\u00f3n de im\u00e1genes de resonancia magn\u00e9tica (IRM) de cuerpo entero;<\/li><li>Interpretaci\u00f3n de las pruebas de imagen por RM relacionadas con la evaluaci\u00f3n de las miopat\u00edas;<\/li><li>Interpretaci\u00f3n de pruebas de imagen por RM relacionadas con la evaluaci\u00f3n de enfermedades inflamatorias;<\/li><li>Interpretaci\u00f3n de pruebas de imagen por resonancia magn\u00e9tica relacionadas con el crmo;<\/li><li>Interpretaci\u00f3n de las pruebas de imagen por RM relacionadas con la sarcopenia;<\/li><li>Conozca los aspectos relevantes que deben destacarse en los informes de estos ex\u00e1menes.<\/li><\/ul><\/td><\/tr><\/tbody><\/table><p><strong>Men\u00fa<\/strong><\/p><table border=\"0\"><tbody><tr><td><p>El objetivo de este curso es debatir los aspectos de imagen de la resonancia magn\u00e9tica de cuerpo entero (RMTC).<\/p><p>Se impartir\u00e1n conferencias sobre los principales hallazgos de imagen en miopat\u00edas, enfermedades inflamatorias, crup y sarcopenia mediante RMNc, con especial atenci\u00f3n a las cuestiones cl\u00ednicamente relevantes y a los nuevos avances en el diagn\u00f3stico.<\/p><p>Antes del d\u00eda del curso interactivo en vivo y en l\u00ednea, los alumnos recibir\u00e1n conferencias y una serie de casos con sus respectivos ex\u00e1menes de imagen en la plataforma dicom. El d\u00eda del curso en vivo, los casos se evaluar\u00e1n y discutir\u00e1n de forma interactiva con los participantes, centr\u00e1ndose en los puntos clave para preparar el informe.<\/p><\/td><\/tr><\/tbody><\/table>\t\t\t\t\t\t\t\t<\/div>\n\t\t\t\t<\/div>\n\t\t\t\t\t<\/div>\n\t\t<\/div>\n\t\t\t\t\t<\/div>\n\t\t<\/section>\n\t\t\t\t<\/div>","protected":false},"excerpt":{"rendered":"<p>El Atualiza23 - Circuito Nacional de Radiolog\u00eda Brasile\u00f1a se celebr\u00f3 del 31 de marzo al 2 de abril. El evento tuvo lugar en el formato online 100% con el objetivo de promover la actualizaci\u00f3n te\u00f3rica y pr\u00e1ctica de los profesionales del sector. El Atualiza23 reuni\u00f3 sociedades estatales de todo Brasil y, sin precedentes, representantes de renombradas sociedades internacionales de radiolog\u00eda, ofreciendo numerosas actividades dirigidas a radi\u00f3logos y residentes.<\/p>\n<p><strong>GRATUITO PARA LOS MIEMBROS DE LA CBR.<\/strong><\/p>","protected":false},"featured_media":323,"template":"","meta":[],"product_brand":[],"product_cat":[18,38,85],"product_tag":[],"class_list":{"0":"post-322","1":"product","2":"type-product","3":"status-publish","4":"has-post-thumbnail","6":"product_cat-cbr-educa","7":"product_cat-atualiza","8":"product_cat-atualiza23","10":"first","11":"instock","12":"virtual","13":"sold-individually","14":"taxable","15":"purchasable","16":"product-type-simple"},"_links":{"self":[{"href":"https:\/\/cursosonline.cbr.org.br\/es\/wp-json\/wp\/v2\/product\/322","targetHints":{"allow":["GET"]}}],"collection":[{"href":"https:\/\/cursosonline.cbr.org.br\/es\/wp-json\/wp\/v2\/product"}],"about":[{"href":"https:\/\/cursosonline.cbr.org.br\/es\/wp-json\/wp\/v2\/types\/product"}],"version-history":[{"count":11,"href":"https:\/\/cursosonline.cbr.org.br\/es\/wp-json\/wp\/v2\/product\/322\/revisions"}],"predecessor-version":[{"id":33012,"href":"https:\/\/cursosonline.cbr.org.br\/es\/wp-json\/wp\/v2\/product\/322\/revisions\/33012"}],"wp:featuredmedia":[{"embeddable":true,"href":"https:\/\/cursosonline.cbr.org.br\/es\/wp-json\/wp\/v2\/media\/323"}],"wp:attachment":[{"href":"https:\/\/cursosonline.cbr.org.br\/es\/wp-json\/wp\/v2\/media?parent=322"}],"wp:term":[{"taxonomy":"product_brand","embeddable":true,"href":"https:\/\/cursosonline.cbr.org.br\/es\/wp-json\/wp\/v2\/product_brand?post=322"},{"taxonomy":"product_cat","embeddable":true,"href":"https:\/\/cursosonline.cbr.org.br\/es\/wp-json\/wp\/v2\/product_cat?post=322"},{"taxonomy":"product_tag","embeddable":true,"href":"https:\/\/cursosonline.cbr.org.br\/es\/wp-json\/wp\/v2\/product_tag?post=322"}],"curies":[{"name":"gracias","href":"https:\/\/api.w.org\/{rel}","templated":true}]}}